{"id":9832,"date":"2026-04-24T12:47:06","date_gmt":"2026-04-24T09:47:06","guid":{"rendered":"https:\/\/larissajewellery.com\/?post_type=product&#038;p=9832"},"modified":"2026-04-24T12:47:06","modified_gmt":"2026-04-24T09:47:06","slug":"rose-kucuk-sahmeran","status":"publish","type":"product","link":"https:\/\/larissajewellery.com\/en\/product\/rose-kucuk-sahmeran\/","title":{"rendered":"Rose K\u00fc\u00e7\u00fck \u015eahmeran"},"content":{"rendered":"<p>14 K Gold<br \/>\nP\u0131rlanta: 0.02 ct (F-VS)<\/p>","protected":false},"excerpt":{"rendered":"<p>14 Ayar Alt\u0131n P\u0131rlanta: 0.02 ct (F-VS)<\/p>","protected":false},"featured_media":9833,"comment_status":"closed","ping_status":"closed","template":"","meta":[],"product_brand":[],"product_cat":[190,235],"product_tag":[],"class_list":{"0":"post-9832","1":"product","2":"type-product","3":"status-publish","4":"has-post-thumbnail","6":"product_cat-sahmeran","7":"product_cat-yeni","9":"first","10":"instock","11":"shipping-taxable","12":"purchasable","13":"product-type-simple"},"yoast_head":"<!-- This site is optimized with the Yoast SEO plugin v27.2 - https:\/\/yoast.com\/product\/yoast-seo-wordpress\/ -->\n<title>Rose K\u00fc\u00e7\u00fck \u015eahmeran | Larissa Jewellery<\/title>\n<meta name=\"robots\" content=\"index, follow, max-snippet:-1, max-image-preview:large, max-video-preview:-1\" \/>\n<link rel=\"canonical\" href=\"https:\/\/larissajewellery.com\/en\/product\/rose-kucuk-sahmeran\/\" \/>\n<meta property=\"og:locale\" content=\"en_US\" \/>\n<meta property=\"og:type\" content=\"article\" \/>\n<meta property=\"og:title\" content=\"Rose K\u00fc\u00e7\u00fck \u015eahmeran | Larissa Jewellery\" \/>\n<meta property=\"og:description\" content=\"14 Ayar Alt\u0131n P\u0131rlanta: 0.02 ct (F-VS)\" \/>\n<meta property=\"og:url\" content=\"https:\/\/larissajewellery.com\/en\/product\/rose-kucuk-sahmeran\/\" \/>\n<meta property=\"og:site_name\" content=\"Larissa Jewellery\" \/>\n<meta property=\"og:image\" content=\"http:\/\/larissajewellery.com\/wp-content\/uploads\/2026\/04\/PCS013-scaled.jpg\" \/>\n\t<meta property=\"og:image:width\" content=\"1707\" \/>\n\t<meta property=\"og:image:height\" content=\"2560\" \/>\n\t<meta property=\"og:image:type\" content=\"image\/jpeg\" \/>\n<meta name=\"twitter:card\" content=\"summary_large_image\" \/>\n<meta name=\"twitter:label1\" content=\"Est. reading time\" \/>\n\t<meta name=\"twitter:data1\" content=\"1 minute\" \/>\n<script type=\"application\/ld+json\" class=\"yoast-schema-graph\">{\"@context\":\"https:\/\/schema.org\",\"@graph\":[{\"@type\":\"WebPage\",\"@id\":\"https:\/\/larissajewellery.com\/product\/rose-kucuk-sahmeran\/\",\"url\":\"https:\/\/larissajewellery.com\/product\/rose-kucuk-sahmeran\/\",\"name\":\"Rose K\u00fc\u00e7\u00fck \u015eahmeran | Larissa Jewellery\",\"isPartOf\":{\"@id\":\"https:\/\/larissajewellery.com\/#website\"},\"primaryImageOfPage\":{\"@id\":\"https:\/\/larissajewellery.com\/product\/rose-kucuk-sahmeran\/#primaryimage\"},\"image\":{\"@id\":\"https:\/\/larissajewellery.com\/product\/rose-kucuk-sahmeran\/#primaryimage\"},\"thumbnailUrl\":\"https:\/\/larissajewellery.com\/wp-content\/uploads\/2026\/04\/PCS013-scaled.jpg\",\"datePublished\":\"2026-04-24T09:47:06+00:00\",\"breadcrumb\":{\"@id\":\"https:\/\/larissajewellery.com\/product\/rose-kucuk-sahmeran\/#breadcrumb\"},\"inLanguage\":\"en-US\",\"potentialAction\":[{\"@type\":\"ReadAction\",\"target\":[\"https:\/\/larissajewellery.com\/product\/rose-kucuk-sahmeran\/\"]}]},{\"@type\":\"ImageObject\",\"inLanguage\":\"en-US\",\"@id\":\"https:\/\/larissajewellery.com\/product\/rose-kucuk-sahmeran\/#primaryimage\",\"url\":\"https:\/\/larissajewellery.com\/wp-content\/uploads\/2026\/04\/PCS013-scaled.jpg\",\"contentUrl\":\"https:\/\/larissajewellery.com\/wp-content\/uploads\/2026\/04\/PCS013-scaled.jpg\",\"width\":1707,\"height\":2560},{\"@type\":\"BreadcrumbList\",\"@id\":\"https:\/\/larissajewellery.com\/product\/rose-kucuk-sahmeran\/#breadcrumb\",\"itemListElement\":[{\"@type\":\"ListItem\",\"position\":1,\"name\":\"Home\",\"item\":\"https:\/\/larissajewellery.com\/\"},{\"@type\":\"ListItem\",\"position\":2,\"name\":\"Kategoriler\",\"item\":\"https:\/\/larissajewellery.com\/en\/magaza\/\"},{\"@type\":\"ListItem\",\"position\":3,\"name\":\"Rose K\u00fc\u00e7\u00fck \u015eahmeran\"}]},{\"@type\":\"WebSite\",\"@id\":\"https:\/\/larissajewellery.com\/#website\",\"url\":\"https:\/\/larissajewellery.com\/\",\"name\":\"Larissa Jewellery\",\"description\":\"Save Your Memories\",\"potentialAction\":[{\"@type\":\"SearchAction\",\"target\":{\"@type\":\"EntryPoint\",\"urlTemplate\":\"https:\/\/larissajewellery.com\/?s={search_term_string}\"},\"query-input\":{\"@type\":\"PropertyValueSpecification\",\"valueRequired\":true,\"valueName\":\"search_term_string\"}}],\"inLanguage\":\"en-US\"}]}<\/script>\n<!-- \/ Yoast SEO plugin. -->","yoast_head_json":{"title":"Rose K\u00fc\u00e7\u00fck \u015eahmeran | Larissa Jewellery","robots":{"index":"index","follow":"follow","max-snippet":"max-snippet:-1","max-image-preview":"max-image-preview:large","max-video-preview":"max-video-preview:-1"},"canonical":"https:\/\/larissajewellery.com\/en\/product\/rose-kucuk-sahmeran\/","og_locale":"en_US","og_type":"article","og_title":"Rose K\u00fc\u00e7\u00fck \u015eahmeran | Larissa Jewellery","og_description":"14 Ayar Alt\u0131n P\u0131rlanta: 0.02 ct (F-VS)","og_url":"https:\/\/larissajewellery.com\/en\/product\/rose-kucuk-sahmeran\/","og_site_name":"Larissa Jewellery","og_image":[{"width":1707,"height":2560,"url":"http:\/\/larissajewellery.com\/wp-content\/uploads\/2026\/04\/PCS013-scaled.jpg","type":"image\/jpeg"}],"twitter_card":"summary_large_image","twitter_misc":{"Est. reading time":"1 minute"},"schema":{"@context":"https:\/\/schema.org","@graph":[{"@type":"WebPage","@id":"https:\/\/larissajewellery.com\/product\/rose-kucuk-sahmeran\/","url":"https:\/\/larissajewellery.com\/product\/rose-kucuk-sahmeran\/","name":"Rose K\u00fc\u00e7\u00fck \u015eahmeran | Larissa Jewellery","isPartOf":{"@id":"https:\/\/larissajewellery.com\/#website"},"primaryImageOfPage":{"@id":"https:\/\/larissajewellery.com\/product\/rose-kucuk-sahmeran\/#primaryimage"},"image":{"@id":"https:\/\/larissajewellery.com\/product\/rose-kucuk-sahmeran\/#primaryimage"},"thumbnailUrl":"https:\/\/larissajewellery.com\/wp-content\/uploads\/2026\/04\/PCS013-scaled.jpg","datePublished":"2026-04-24T09:47:06+00:00","breadcrumb":{"@id":"https:\/\/larissajewellery.com\/product\/rose-kucuk-sahmeran\/#breadcrumb"},"inLanguage":"en-US","potentialAction":[{"@type":"ReadAction","target":["https:\/\/larissajewellery.com\/product\/rose-kucuk-sahmeran\/"]}]},{"@type":"ImageObject","inLanguage":"en-US","@id":"https:\/\/larissajewellery.com\/product\/rose-kucuk-sahmeran\/#primaryimage","url":"https:\/\/larissajewellery.com\/wp-content\/uploads\/2026\/04\/PCS013-scaled.jpg","contentUrl":"https:\/\/larissajewellery.com\/wp-content\/uploads\/2026\/04\/PCS013-scaled.jpg","width":1707,"height":2560},{"@type":"BreadcrumbList","@id":"https:\/\/larissajewellery.com\/product\/rose-kucuk-sahmeran\/#breadcrumb","itemListElement":[{"@type":"ListItem","position":1,"name":"Home","item":"https:\/\/larissajewellery.com\/"},{"@type":"ListItem","position":2,"name":"Kategoriler","item":"https:\/\/larissajewellery.com\/en\/magaza\/"},{"@type":"ListItem","position":3,"name":"Rose K\u00fc\u00e7\u00fck \u015eahmeran"}]},{"@type":"WebSite","@id":"https:\/\/larissajewellery.com\/#website","url":"https:\/\/larissajewellery.com\/","name":"Larissa Jewelery","description":"Save Your Memories","potentialAction":[{"@type":"SearchAction","target":{"@type":"EntryPoint","urlTemplate":"https:\/\/larissajewellery.com\/?s={search_term_string}"},"query-input":{"@type":"PropertyValueSpecification","valueRequired":true,"valueName":"search_term_string"}}],"inLanguage":"en-US"}]}},"_links":{"self":[{"href":"https:\/\/larissajewellery.com\/en\/wp-json\/wp\/v2\/product\/9832","targetHints":{"allow":["GET"]}}],"collection":[{"href":"https:\/\/larissajewellery.com\/en\/wp-json\/wp\/v2\/product"}],"about":[{"href":"https:\/\/larissajewellery.com\/en\/wp-json\/wp\/v2\/types\/product"}],"replies":[{"embeddable":true,"href":"https:\/\/larissajewellery.com\/en\/wp-json\/wp\/v2\/comments?post=9832"}],"wp:featuredmedia":[{"embeddable":true,"href":"https:\/\/larissajewellery.com\/en\/wp-json\/wp\/v2\/media\/9833"}],"wp:attachment":[{"href":"https:\/\/larissajewellery.com\/en\/wp-json\/wp\/v2\/media?parent=9832"}],"wp:term":[{"taxonomy":"product_brand","embeddable":true,"href":"https:\/\/larissajewellery.com\/en\/wp-json\/wp\/v2\/product_brand?post=9832"},{"taxonomy":"product_cat","embeddable":true,"href":"https:\/\/larissajewellery.com\/en\/wp-json\/wp\/v2\/product_cat?post=9832"},{"taxonomy":"product_tag","embeddable":true,"href":"https:\/\/larissajewellery.com\/en\/wp-json\/wp\/v2\/product_tag?post=9832"}],"curies":[{"name":"wp","href":"https:\/\/api.w.org\/{rel}","templated":true}]}}