{"id":9828,"date":"2026-04-24T12:44:47","date_gmt":"2026-04-24T09:44:47","guid":{"rendered":"https:\/\/larissajewellery.com\/?post_type=product&#038;p=9828"},"modified":"2026-04-24T12:45:29","modified_gmt":"2026-04-24T09:45:29","slug":"rose-buyuk-sahmeran","status":"publish","type":"product","link":"https:\/\/larissajewellery.com\/en\/product\/rose-buyuk-sahmeran\/","title":{"rendered":"Rose B\u00fcy\u00fck \u015eahmeran"},"content":{"rendered":"<p>14 K Gold<br \/>\nP\u0131rlanta: 0.02 ct (F-VS)<\/p>\n<p>&nbsp;<\/p>","protected":false},"excerpt":{"rendered":"<p>\u00c7i\u00e7ek Desenli P\u0131rlantal\u0131 \u015eahmeran<\/p>","protected":false},"featured_media":9829,"comment_status":"closed","ping_status":"closed","template":"","meta":[],"product_brand":[],"product_cat":[190,235],"product_tag":[],"class_list":{"0":"post-9828","1":"product","2":"type-product","3":"status-publish","4":"has-post-thumbnail","6":"product_cat-sahmeran","7":"product_cat-yeni","9":"first","10":"instock","11":"shipping-taxable","12":"purchasable","13":"product-type-simple"},"yoast_head":"<!-- This site is optimized with the Yoast SEO plugin v27.2 - https:\/\/yoast.com\/product\/yoast-seo-wordpress\/ -->\n<title>Rose B\u00fcy\u00fck \u015eahmeran | Larissa Jewellery<\/title>\n<meta name=\"robots\" content=\"index, follow, max-snippet:-1, max-image-preview:large, max-video-preview:-1\" \/>\n<link rel=\"canonical\" href=\"https:\/\/larissajewellery.com\/en\/product\/rose-buyuk-sahmeran\/\" \/>\n<meta property=\"og:locale\" content=\"en_US\" \/>\n<meta property=\"og:type\" content=\"article\" \/>\n<meta property=\"og:title\" content=\"Rose B\u00fcy\u00fck \u015eahmeran | Larissa Jewellery\" \/>\n<meta property=\"og:description\" content=\"\u00c7i\u00e7ek Desenli P\u0131rlantal\u0131 \u015eahmeran\" \/>\n<meta property=\"og:url\" content=\"https:\/\/larissajewellery.com\/en\/product\/rose-buyuk-sahmeran\/\" \/>\n<meta property=\"og:site_name\" content=\"Larissa Jewellery\" \/>\n<meta property=\"article:modified_time\" content=\"2026-04-24T09:45:29+00:00\" \/>\n<meta property=\"og:image\" content=\"http:\/\/larissajewellery.com\/wp-content\/uploads\/2026\/04\/PCS012-scaled.jpg\" \/>\n\t<meta property=\"og:image:width\" content=\"1707\" \/>\n\t<meta property=\"og:image:height\" content=\"2560\" \/>\n\t<meta property=\"og:image:type\" content=\"image\/jpeg\" \/>\n<meta name=\"twitter:card\" content=\"summary_large_image\" \/>\n<meta name=\"twitter:label1\" content=\"Est. reading time\" \/>\n\t<meta name=\"twitter:data1\" content=\"1 minute\" \/>\n<script type=\"application\/ld+json\" class=\"yoast-schema-graph\">{\"@context\":\"https:\/\/schema.org\",\"@graph\":[{\"@type\":\"WebPage\",\"@id\":\"https:\/\/larissajewellery.com\/product\/rose-buyuk-sahmeran\/\",\"url\":\"https:\/\/larissajewellery.com\/product\/rose-buyuk-sahmeran\/\",\"name\":\"Rose B\u00fcy\u00fck \u015eahmeran | Larissa Jewellery\",\"isPartOf\":{\"@id\":\"https:\/\/larissajewellery.com\/#website\"},\"primaryImageOfPage\":{\"@id\":\"https:\/\/larissajewellery.com\/product\/rose-buyuk-sahmeran\/#primaryimage\"},\"image\":{\"@id\":\"https:\/\/larissajewellery.com\/product\/rose-buyuk-sahmeran\/#primaryimage\"},\"thumbnailUrl\":\"https:\/\/larissajewellery.com\/wp-content\/uploads\/2026\/04\/PCS012-scaled.jpg\",\"datePublished\":\"2026-04-24T09:44:47+00:00\",\"dateModified\":\"2026-04-24T09:45:29+00:00\",\"breadcrumb\":{\"@id\":\"https:\/\/larissajewellery.com\/product\/rose-buyuk-sahmeran\/#breadcrumb\"},\"inLanguage\":\"en-US\",\"potentialAction\":[{\"@type\":\"ReadAction\",\"target\":[\"https:\/\/larissajewellery.com\/product\/rose-buyuk-sahmeran\/\"]}]},{\"@type\":\"ImageObject\",\"inLanguage\":\"en-US\",\"@id\":\"https:\/\/larissajewellery.com\/product\/rose-buyuk-sahmeran\/#primaryimage\",\"url\":\"https:\/\/larissajewellery.com\/wp-content\/uploads\/2026\/04\/PCS012-scaled.jpg\",\"contentUrl\":\"https:\/\/larissajewellery.com\/wp-content\/uploads\/2026\/04\/PCS012-scaled.jpg\",\"width\":1707,\"height\":2560},{\"@type\":\"BreadcrumbList\",\"@id\":\"https:\/\/larissajewellery.com\/product\/rose-buyuk-sahmeran\/#breadcrumb\",\"itemListElement\":[{\"@type\":\"ListItem\",\"position\":1,\"name\":\"Home\",\"item\":\"https:\/\/larissajewellery.com\/\"},{\"@type\":\"ListItem\",\"position\":2,\"name\":\"Kategoriler\",\"item\":\"https:\/\/larissajewellery.com\/en\/magaza\/\"},{\"@type\":\"ListItem\",\"position\":3,\"name\":\"Rose B\u00fcy\u00fck \u015eahmeran\"}]},{\"@type\":\"WebSite\",\"@id\":\"https:\/\/larissajewellery.com\/#website\",\"url\":\"https:\/\/larissajewellery.com\/\",\"name\":\"Larissa Jewellery\",\"description\":\"Save Your Memories\",\"potentialAction\":[{\"@type\":\"SearchAction\",\"target\":{\"@type\":\"EntryPoint\",\"urlTemplate\":\"https:\/\/larissajewellery.com\/?s={search_term_string}\"},\"query-input\":{\"@type\":\"PropertyValueSpecification\",\"valueRequired\":true,\"valueName\":\"search_term_string\"}}],\"inLanguage\":\"en-US\"}]}<\/script>\n<!-- \/ Yoast SEO plugin. -->","yoast_head_json":{"title":"Rose B\u00fcy\u00fck \u015eahmeran | Larissa Jewellery","robots":{"index":"index","follow":"follow","max-snippet":"max-snippet:-1","max-image-preview":"max-image-preview:large","max-video-preview":"max-video-preview:-1"},"canonical":"https:\/\/larissajewellery.com\/en\/product\/rose-buyuk-sahmeran\/","og_locale":"en_US","og_type":"article","og_title":"Rose B\u00fcy\u00fck \u015eahmeran | Larissa Jewellery","og_description":"\u00c7i\u00e7ek Desenli P\u0131rlantal\u0131 \u015eahmeran","og_url":"https:\/\/larissajewellery.com\/en\/product\/rose-buyuk-sahmeran\/","og_site_name":"Larissa Jewellery","article_modified_time":"2026-04-24T09:45:29+00:00","og_image":[{"width":1707,"height":2560,"url":"http:\/\/larissajewellery.com\/wp-content\/uploads\/2026\/04\/PCS012-scaled.jpg","type":"image\/jpeg"}],"twitter_card":"summary_large_image","twitter_misc":{"Est. reading time":"1 minute"},"schema":{"@context":"https:\/\/schema.org","@graph":[{"@type":"WebPage","@id":"https:\/\/larissajewellery.com\/product\/rose-buyuk-sahmeran\/","url":"https:\/\/larissajewellery.com\/product\/rose-buyuk-sahmeran\/","name":"Rose B\u00fcy\u00fck \u015eahmeran | Larissa Jewellery","isPartOf":{"@id":"https:\/\/larissajewellery.com\/#website"},"primaryImageOfPage":{"@id":"https:\/\/larissajewellery.com\/product\/rose-buyuk-sahmeran\/#primaryimage"},"image":{"@id":"https:\/\/larissajewellery.com\/product\/rose-buyuk-sahmeran\/#primaryimage"},"thumbnailUrl":"https:\/\/larissajewellery.com\/wp-content\/uploads\/2026\/04\/PCS012-scaled.jpg","datePublished":"2026-04-24T09:44:47+00:00","dateModified":"2026-04-24T09:45:29+00:00","breadcrumb":{"@id":"https:\/\/larissajewellery.com\/product\/rose-buyuk-sahmeran\/#breadcrumb"},"inLanguage":"en-US","potentialAction":[{"@type":"ReadAction","target":["https:\/\/larissajewellery.com\/product\/rose-buyuk-sahmeran\/"]}]},{"@type":"ImageObject","inLanguage":"en-US","@id":"https:\/\/larissajewellery.com\/product\/rose-buyuk-sahmeran\/#primaryimage","url":"https:\/\/larissajewellery.com\/wp-content\/uploads\/2026\/04\/PCS012-scaled.jpg","contentUrl":"https:\/\/larissajewellery.com\/wp-content\/uploads\/2026\/04\/PCS012-scaled.jpg","width":1707,"height":2560},{"@type":"BreadcrumbList","@id":"https:\/\/larissajewellery.com\/product\/rose-buyuk-sahmeran\/#breadcrumb","itemListElement":[{"@type":"ListItem","position":1,"name":"Home","item":"https:\/\/larissajewellery.com\/"},{"@type":"ListItem","position":2,"name":"Kategoriler","item":"https:\/\/larissajewellery.com\/en\/magaza\/"},{"@type":"ListItem","position":3,"name":"Rose B\u00fcy\u00fck \u015eahmeran"}]},{"@type":"WebSite","@id":"https:\/\/larissajewellery.com\/#website","url":"https:\/\/larissajewellery.com\/","name":"Larissa Jewelery","description":"Save Your Memories","potentialAction":[{"@type":"SearchAction","target":{"@type":"EntryPoint","urlTemplate":"https:\/\/larissajewellery.com\/?s={search_term_string}"},"query-input":{"@type":"PropertyValueSpecification","valueRequired":true,"valueName":"search_term_string"}}],"inLanguage":"en-US"}]}},"_links":{"self":[{"href":"https:\/\/larissajewellery.com\/en\/wp-json\/wp\/v2\/product\/9828","targetHints":{"allow":["GET"]}}],"collection":[{"href":"https:\/\/larissajewellery.com\/en\/wp-json\/wp\/v2\/product"}],"about":[{"href":"https:\/\/larissajewellery.com\/en\/wp-json\/wp\/v2\/types\/product"}],"replies":[{"embeddable":true,"href":"https:\/\/larissajewellery.com\/en\/wp-json\/wp\/v2\/comments?post=9828"}],"wp:featuredmedia":[{"embeddable":true,"href":"https:\/\/larissajewellery.com\/en\/wp-json\/wp\/v2\/media\/9829"}],"wp:attachment":[{"href":"https:\/\/larissajewellery.com\/en\/wp-json\/wp\/v2\/media?parent=9828"}],"wp:term":[{"taxonomy":"product_brand","embeddable":true,"href":"https:\/\/larissajewellery.com\/en\/wp-json\/wp\/v2\/product_brand?post=9828"},{"taxonomy":"product_cat","embeddable":true,"href":"https:\/\/larissajewellery.com\/en\/wp-json\/wp\/v2\/product_cat?post=9828"},{"taxonomy":"product_tag","embeddable":true,"href":"https:\/\/larissajewellery.com\/en\/wp-json\/wp\/v2\/product_tag?post=9828"}],"curies":[{"name":"wp","href":"https:\/\/api.w.org\/{rel}","templated":true}]}}