{"id":9826,"date":"2026-04-23T15:53:57","date_gmt":"2026-04-23T12:53:57","guid":{"rendered":"https:\/\/larissajewellery.com\/?post_type=product&#038;p=9826"},"modified":"2026-04-23T15:54:38","modified_gmt":"2026-04-23T12:54:38","slug":"more-than-a-letter-medium","status":"publish","type":"product","link":"https:\/\/larissajewellery.com\/en\/product\/more-than-a-letter-medium\/","title":{"rendered":"More Than a Letter- Medium"},"content":{"rendered":"<p>So you always carry the person's name that gets you excited when you hear it, the person you love or a letter that means a lot to you.<br \/>\nB\u00fcy\u00fck boy kalp madalyonumuza en fazla 2 harf s\u0131\u011fmaktad\u0131r.<\/p>\n<p>L\u00fctfen \u201cMore Than a Letter\u201d kolye i\u00e7in ki\u015fiselle\u015ftirmek istedi\u011finiz ve \u00fczerine yaz\u0131lmas\u0131n\u0131 istedi\u011finiz harfleri, ileti\u015fim kutusundan veya info@larissajewellery.com adresinden bize iletiniz.<\/p>\n<p>14 K Gold<\/p>\n<p>Diamond: 0.07 ct (F-G\/ VS-SI)<\/p>\n<p>*Harfler \u00fczerindeki p\u0131rlantalar, sipari\u015fe g\u00f6re de\u011fi\u015fiklik g\u00f6stermektedir. Verilen bilgi sadece g\u00f6rsel i\u00e7in ge\u00e7erlidir.<\/p>\n<p>&nbsp;<\/p>","protected":false},"excerpt":{"rendered":"<p>Ad\u0131n\u0131 duydu\u011funuzda size an\u0131lar\u0131n\u0131z\u0131 hat\u0131rlatan ki\u015finin harfini, sevdi\u011finiz ki\u015finin ba\u015f harfini veya sizin i\u00e7in anlam\u0131 olan herhangi bir harfi boynunuzda ta\u015f\u0131y\u0131n. B\u00fcy\u00fck boy kalp madalyonumuza en fazla 2 harf s\u0131\u011fmaktad\u0131r. L\u00fctfen \u201cMore Than a Letter\u201d kolye i\u00e7in ki\u015fiselle\u015ftirmek istedi\u011finiz ve \u00fczerine yaz\u0131lmas\u0131n\u0131 istedi\u011finiz harfleri, ileti\u015fim kutusundan veya info@larissajewellery.com adresinden bize iletiniz. 14 Ayar Alt\u0131n P\u0131rlanta: [&hellip;]<\/p>\n","protected":false},"featured_media":9827,"comment_status":"closed","ping_status":"closed","template":"","meta":[],"product_brand":[],"product_cat":[177,183],"product_tag":[],"class_list":{"0":"post-9826","1":"product","2":"type-product","3":"status-publish","4":"has-post-thumbnail","6":"product_cat-madalyonlar","7":"product_cat-orta-boy-madalyonlar","9":"first","10":"instock","11":"shipping-taxable","12":"purchasable","13":"product-type-simple"},"yoast_head":"<!-- This site is optimized with the Yoast SEO plugin v27.2 - https:\/\/yoast.com\/product\/yoast-seo-wordpress\/ -->\n<title>More Than a Letter- Medium | Larissa Jewellery<\/title>\n<meta name=\"robots\" content=\"index, follow, max-snippet:-1, max-image-preview:large, max-video-preview:-1\" \/>\n<link rel=\"canonical\" href=\"https:\/\/larissajewellery.com\/en\/product\/more-than-a-letter-medium\/\" \/>\n<meta property=\"og:locale\" content=\"en_US\" \/>\n<meta property=\"og:type\" content=\"article\" \/>\n<meta property=\"og:title\" content=\"More Than a Letter- Medium | Larissa Jewellery\" \/>\n<meta property=\"og:description\" content=\"Ad\u0131n\u0131 duydu\u011funuzda size an\u0131lar\u0131n\u0131z\u0131 hat\u0131rlatan ki\u015finin harfini, sevdi\u011finiz ki\u015finin ba\u015f harfini veya sizin i\u00e7in anlam\u0131 olan herhangi bir harfi boynunuzda ta\u015f\u0131y\u0131n. B\u00fcy\u00fck boy kalp madalyonumuza en fazla 2 harf s\u0131\u011fmaktad\u0131r. L\u00fctfen \u201cMore Than a Letter\u201d kolye i\u00e7in ki\u015fiselle\u015ftirmek istedi\u011finiz ve \u00fczerine yaz\u0131lmas\u0131n\u0131 istedi\u011finiz harfleri, ileti\u015fim kutusundan veya info@larissajewellery.com adresinden bize iletiniz. 14 Ayar Alt\u0131n P\u0131rlanta: [&hellip;]\" \/>\n<meta property=\"og:url\" content=\"https:\/\/larissajewellery.com\/en\/product\/more-than-a-letter-medium\/\" \/>\n<meta property=\"og:site_name\" content=\"Larissa Jewellery\" \/>\n<meta property=\"article:modified_time\" content=\"2026-04-23T12:54:38+00:00\" \/>\n<meta property=\"og:image\" content=\"http:\/\/larissajewellery.com\/wp-content\/uploads\/2026\/04\/PCM009.png\" \/>\n\t<meta property=\"og:image:width\" content=\"928\" \/>\n\t<meta property=\"og:image:height\" content=\"586\" \/>\n\t<meta property=\"og:image:type\" content=\"image\/png\" \/>\n<meta name=\"twitter:card\" content=\"summary_large_image\" \/>\n<meta name=\"twitter:label1\" content=\"Est. reading time\" \/>\n\t<meta name=\"twitter:data1\" content=\"1 minute\" \/>\n<script type=\"application\/ld+json\" class=\"yoast-schema-graph\">{\"@context\":\"https:\/\/schema.org\",\"@graph\":[{\"@type\":\"WebPage\",\"@id\":\"https:\/\/larissajewellery.com\/product\/more-than-a-letter-medium\/\",\"url\":\"https:\/\/larissajewellery.com\/product\/more-than-a-letter-medium\/\",\"name\":\"More Than a Letter- Medium | Larissa Jewellery\",\"isPartOf\":{\"@id\":\"https:\/\/larissajewellery.com\/#website\"},\"primaryImageOfPage\":{\"@id\":\"https:\/\/larissajewellery.com\/product\/more-than-a-letter-medium\/#primaryimage\"},\"image\":{\"@id\":\"https:\/\/larissajewellery.com\/product\/more-than-a-letter-medium\/#primaryimage\"},\"thumbnailUrl\":\"https:\/\/larissajewellery.com\/wp-content\/uploads\/2026\/04\/PCM009.png\",\"datePublished\":\"2026-04-23T12:53:57+00:00\",\"dateModified\":\"2026-04-23T12:54:38+00:00\",\"breadcrumb\":{\"@id\":\"https:\/\/larissajewellery.com\/product\/more-than-a-letter-medium\/#breadcrumb\"},\"inLanguage\":\"en-US\",\"potentialAction\":[{\"@type\":\"ReadAction\",\"target\":[\"https:\/\/larissajewellery.com\/product\/more-than-a-letter-medium\/\"]}]},{\"@type\":\"ImageObject\",\"inLanguage\":\"en-US\",\"@id\":\"https:\/\/larissajewellery.com\/product\/more-than-a-letter-medium\/#primaryimage\",\"url\":\"https:\/\/larissajewellery.com\/wp-content\/uploads\/2026\/04\/PCM009.png\",\"contentUrl\":\"https:\/\/larissajewellery.com\/wp-content\/uploads\/2026\/04\/PCM009.png\",\"width\":928,\"height\":586},{\"@type\":\"BreadcrumbList\",\"@id\":\"https:\/\/larissajewellery.com\/product\/more-than-a-letter-medium\/#breadcrumb\",\"itemListElement\":[{\"@type\":\"ListItem\",\"position\":1,\"name\":\"Home\",\"item\":\"https:\/\/larissajewellery.com\/\"},{\"@type\":\"ListItem\",\"position\":2,\"name\":\"Kategoriler\",\"item\":\"https:\/\/larissajewellery.com\/en\/magaza\/\"},{\"@type\":\"ListItem\",\"position\":3,\"name\":\"More Than a Letter- Medium\"}]},{\"@type\":\"WebSite\",\"@id\":\"https:\/\/larissajewellery.com\/#website\",\"url\":\"https:\/\/larissajewellery.com\/\",\"name\":\"Larissa Jewellery\",\"description\":\"Save Your Memories\",\"potentialAction\":[{\"@type\":\"SearchAction\",\"target\":{\"@type\":\"EntryPoint\",\"urlTemplate\":\"https:\/\/larissajewellery.com\/?s={search_term_string}\"},\"query-input\":{\"@type\":\"PropertyValueSpecification\",\"valueRequired\":true,\"valueName\":\"search_term_string\"}}],\"inLanguage\":\"en-US\"}]}<\/script>\n<!-- \/ Yoast SEO plugin. -->","yoast_head_json":{"title":"More Than a Letter- Medium | Larissa Jewellery","robots":{"index":"index","follow":"follow","max-snippet":"max-snippet:-1","max-image-preview":"max-image-preview:large","max-video-preview":"max-video-preview:-1"},"canonical":"https:\/\/larissajewellery.com\/en\/product\/more-than-a-letter-medium\/","og_locale":"en_US","og_type":"article","og_title":"More Than a Letter- Medium | Larissa Jewellery","og_description":"Ad\u0131n\u0131 duydu\u011funuzda size an\u0131lar\u0131n\u0131z\u0131 hat\u0131rlatan ki\u015finin harfini, sevdi\u011finiz ki\u015finin ba\u015f harfini veya sizin i\u00e7in anlam\u0131 olan herhangi bir harfi boynunuzda ta\u015f\u0131y\u0131n. B\u00fcy\u00fck boy kalp madalyonumuza en fazla 2 harf s\u0131\u011fmaktad\u0131r. L\u00fctfen \u201cMore Than a Letter\u201d kolye i\u00e7in ki\u015fiselle\u015ftirmek istedi\u011finiz ve \u00fczerine yaz\u0131lmas\u0131n\u0131 istedi\u011finiz harfleri, ileti\u015fim kutusundan veya info@larissajewellery.com adresinden bize iletiniz. 14 Ayar Alt\u0131n P\u0131rlanta: [&hellip;]","og_url":"https:\/\/larissajewellery.com\/en\/product\/more-than-a-letter-medium\/","og_site_name":"Larissa Jewellery","article_modified_time":"2026-04-23T12:54:38+00:00","og_image":[{"width":928,"height":586,"url":"http:\/\/larissajewellery.com\/wp-content\/uploads\/2026\/04\/PCM009.png","type":"image\/png"}],"twitter_card":"summary_large_image","twitter_misc":{"Est. reading time":"1 minute"},"schema":{"@context":"https:\/\/schema.org","@graph":[{"@type":"WebPage","@id":"https:\/\/larissajewellery.com\/product\/more-than-a-letter-medium\/","url":"https:\/\/larissajewellery.com\/product\/more-than-a-letter-medium\/","name":"More Than a Letter- Medium | Larissa Jewellery","isPartOf":{"@id":"https:\/\/larissajewellery.com\/#website"},"primaryImageOfPage":{"@id":"https:\/\/larissajewellery.com\/product\/more-than-a-letter-medium\/#primaryimage"},"image":{"@id":"https:\/\/larissajewellery.com\/product\/more-than-a-letter-medium\/#primaryimage"},"thumbnailUrl":"https:\/\/larissajewellery.com\/wp-content\/uploads\/2026\/04\/PCM009.png","datePublished":"2026-04-23T12:53:57+00:00","dateModified":"2026-04-23T12:54:38+00:00","breadcrumb":{"@id":"https:\/\/larissajewellery.com\/product\/more-than-a-letter-medium\/#breadcrumb"},"inLanguage":"en-US","potentialAction":[{"@type":"ReadAction","target":["https:\/\/larissajewellery.com\/product\/more-than-a-letter-medium\/"]}]},{"@type":"ImageObject","inLanguage":"en-US","@id":"https:\/\/larissajewellery.com\/product\/more-than-a-letter-medium\/#primaryimage","url":"https:\/\/larissajewellery.com\/wp-content\/uploads\/2026\/04\/PCM009.png","contentUrl":"https:\/\/larissajewellery.com\/wp-content\/uploads\/2026\/04\/PCM009.png","width":928,"height":586},{"@type":"BreadcrumbList","@id":"https:\/\/larissajewellery.com\/product\/more-than-a-letter-medium\/#breadcrumb","itemListElement":[{"@type":"ListItem","position":1,"name":"Home","item":"https:\/\/larissajewellery.com\/"},{"@type":"ListItem","position":2,"name":"Kategoriler","item":"https:\/\/larissajewellery.com\/en\/magaza\/"},{"@type":"ListItem","position":3,"name":"More Than a Letter- Medium"}]},{"@type":"WebSite","@id":"https:\/\/larissajewellery.com\/#website","url":"https:\/\/larissajewellery.com\/","name":"Larissa Jewelery","description":"Save Your Memories","potentialAction":[{"@type":"SearchAction","target":{"@type":"EntryPoint","urlTemplate":"https:\/\/larissajewellery.com\/?s={search_term_string}"},"query-input":{"@type":"PropertyValueSpecification","valueRequired":true,"valueName":"search_term_string"}}],"inLanguage":"en-US"}]}},"_links":{"self":[{"href":"https:\/\/larissajewellery.com\/en\/wp-json\/wp\/v2\/product\/9826","targetHints":{"allow":["GET"]}}],"collection":[{"href":"https:\/\/larissajewellery.com\/en\/wp-json\/wp\/v2\/product"}],"about":[{"href":"https:\/\/larissajewellery.com\/en\/wp-json\/wp\/v2\/types\/product"}],"replies":[{"embeddable":true,"href":"https:\/\/larissajewellery.com\/en\/wp-json\/wp\/v2\/comments?post=9826"}],"wp:featuredmedia":[{"embeddable":true,"href":"https:\/\/larissajewellery.com\/en\/wp-json\/wp\/v2\/media\/9827"}],"wp:attachment":[{"href":"https:\/\/larissajewellery.com\/en\/wp-json\/wp\/v2\/media?parent=9826"}],"wp:term":[{"taxonomy":"product_brand","embeddable":true,"href":"https:\/\/larissajewellery.com\/en\/wp-json\/wp\/v2\/product_brand?post=9826"},{"taxonomy":"product_cat","embeddable":true,"href":"https:\/\/larissajewellery.com\/en\/wp-json\/wp\/v2\/product_cat?post=9826"},{"taxonomy":"product_tag","embeddable":true,"href":"https:\/\/larissajewellery.com\/en\/wp-json\/wp\/v2\/product_tag?post=9826"}],"curies":[{"name":"wp","href":"https:\/\/api.w.org\/{rel}","templated":true}]}}