{"id":9758,"date":"2026-04-10T17:41:43","date_gmt":"2026-04-10T14:41:43","guid":{"rendered":"https:\/\/larissajewellery.com\/?post_type=product&#038;p=9758"},"modified":"2026-04-10T17:43:51","modified_gmt":"2026-04-10T14:43:51","slug":"hic-unutmam","status":"publish","type":"product","link":"https:\/\/larissajewellery.com\/en\/product\/hic-unutmam\/","title":{"rendered":"Hi\u00e7 Unutmam"},"content":{"rendered":"<p>Zamanda donmu\u015f iki zambak.<br \/>\nBiri ge\u00e7mi\u015f i\u00e7in,<br \/>\nbiri gelecek i\u00e7in.<br \/>\nDaha \u00e7ok parlamak i\u00e7in de\u011fil,<br \/>\ni\u00e7indeki an\u0131y\u0131 korumak i\u00e7in \u00e7er\u00e7evelendi.<br \/>\nKalbe yak\u0131n ta\u015f\u0131n\u0131r,<br \/>\n\u00e7\u00fcnk\u00fc baz\u0131 hik\u00e2yeler hi\u00e7 silinmez. P\u0131rlanta: 0,14 ct. (F-VS)<\/p>","protected":false},"excerpt":{"rendered":"<p>Hi\u00e7 unutamad\u0131\u011f\u0131n, s\u0131ms\u0131k\u0131 sar\u0131lmak istedi\u011fin o anlar i\u00e7in<\/p>","protected":false},"featured_media":9252,"comment_status":"closed","ping_status":"closed","template":"","meta":[],"product_brand":[],"product_cat":[180,247],"product_tag":[],"class_list":{"0":"post-9758","1":"product","2":"type-product","3":"status-publish","4":"has-post-thumbnail","6":"product_cat-anilarinizi-saklayin","7":"product_cat-anlar-hatiralar","9":"first","10":"instock","11":"shipping-taxable","12":"purchasable","13":"product-type-variable"},"yoast_head":"<!-- This site is optimized with the Yoast SEO plugin v27.2 - https:\/\/yoast.com\/product\/yoast-seo-wordpress\/ -->\n<title>Hi\u00e7 Unutmam | Larissa Jewellery<\/title>\n<meta name=\"robots\" content=\"index, follow, max-snippet:-1, max-image-preview:large, max-video-preview:-1\" \/>\n<link rel=\"canonical\" href=\"https:\/\/larissajewellery.com\/en\/product\/hic-unutmam\/\" \/>\n<meta property=\"og:locale\" content=\"en_US\" \/>\n<meta property=\"og:type\" content=\"article\" \/>\n<meta property=\"og:title\" content=\"Hi\u00e7 Unutmam | Larissa Jewellery\" \/>\n<meta property=\"og:description\" content=\"Hi\u00e7 unutamad\u0131\u011f\u0131n, s\u0131ms\u0131k\u0131 sar\u0131lmak istedi\u011fin o anlar i\u00e7in\" \/>\n<meta property=\"og:url\" content=\"https:\/\/larissajewellery.com\/en\/product\/hic-unutmam\/\" \/>\n<meta property=\"og:site_name\" content=\"Larissa Jewellery\" \/>\n<meta property=\"article:modified_time\" content=\"2026-04-10T14:43:51+00:00\" \/>\n<meta property=\"og:image\" content=\"http:\/\/larissajewellery.com\/wp-content\/uploads\/2026\/03\/PCM076-scaled.jpg\" \/>\n\t<meta property=\"og:image:width\" content=\"2560\" \/>\n\t<meta property=\"og:image:height\" content=\"1991\" \/>\n\t<meta property=\"og:image:type\" content=\"image\/jpeg\" \/>\n<meta name=\"twitter:card\" content=\"summary_large_image\" \/>\n<meta name=\"twitter:label1\" content=\"Est. reading time\" \/>\n\t<meta name=\"twitter:data1\" content=\"1 minute\" \/>\n<script type=\"application\/ld+json\" class=\"yoast-schema-graph\">{\"@context\":\"https:\/\/schema.org\",\"@graph\":[{\"@type\":\"WebPage\",\"@id\":\"https:\/\/larissajewellery.com\/product\/hic-unutmam\/\",\"url\":\"https:\/\/larissajewellery.com\/product\/hic-unutmam\/\",\"name\":\"Hi\u00e7 Unutmam | Larissa Jewellery\",\"isPartOf\":{\"@id\":\"https:\/\/larissajewellery.com\/#website\"},\"primaryImageOfPage\":{\"@id\":\"https:\/\/larissajewellery.com\/product\/hic-unutmam\/#primaryimage\"},\"image\":{\"@id\":\"https:\/\/larissajewellery.com\/product\/hic-unutmam\/#primaryimage\"},\"thumbnailUrl\":\"https:\/\/larissajewellery.com\/wp-content\/uploads\/2026\/03\/PCM076-scaled.jpg\",\"datePublished\":\"2026-04-10T14:41:43+00:00\",\"dateModified\":\"2026-04-10T14:43:51+00:00\",\"breadcrumb\":{\"@id\":\"https:\/\/larissajewellery.com\/product\/hic-unutmam\/#breadcrumb\"},\"inLanguage\":\"en-US\",\"potentialAction\":[{\"@type\":\"ReadAction\",\"target\":[\"https:\/\/larissajewellery.com\/product\/hic-unutmam\/\"]}]},{\"@type\":\"ImageObject\",\"inLanguage\":\"en-US\",\"@id\":\"https:\/\/larissajewellery.com\/product\/hic-unutmam\/#primaryimage\",\"url\":\"https:\/\/larissajewellery.com\/wp-content\/uploads\/2026\/03\/PCM076-scaled.jpg\",\"contentUrl\":\"https:\/\/larissajewellery.com\/wp-content\/uploads\/2026\/03\/PCM076-scaled.jpg\",\"width\":2560,\"height\":1991},{\"@type\":\"BreadcrumbList\",\"@id\":\"https:\/\/larissajewellery.com\/product\/hic-unutmam\/#breadcrumb\",\"itemListElement\":[{\"@type\":\"ListItem\",\"position\":1,\"name\":\"Home\",\"item\":\"https:\/\/larissajewellery.com\/\"},{\"@type\":\"ListItem\",\"position\":2,\"name\":\"Kategoriler\",\"item\":\"https:\/\/larissajewellery.com\/en\/magaza\/\"},{\"@type\":\"ListItem\",\"position\":3,\"name\":\"Hi\u00e7 Unutmam\"}]},{\"@type\":\"WebSite\",\"@id\":\"https:\/\/larissajewellery.com\/#website\",\"url\":\"https:\/\/larissajewellery.com\/\",\"name\":\"Larissa Jewellery\",\"description\":\"Save Your Memories\",\"potentialAction\":[{\"@type\":\"SearchAction\",\"target\":{\"@type\":\"EntryPoint\",\"urlTemplate\":\"https:\/\/larissajewellery.com\/?s={search_term_string}\"},\"query-input\":{\"@type\":\"PropertyValueSpecification\",\"valueRequired\":true,\"valueName\":\"search_term_string\"}}],\"inLanguage\":\"en-US\"}]}<\/script>\n<!-- \/ Yoast SEO plugin. -->","yoast_head_json":{"title":"Hi\u00e7 Unutmam | Larissa Jewellery","robots":{"index":"index","follow":"follow","max-snippet":"max-snippet:-1","max-image-preview":"max-image-preview:large","max-video-preview":"max-video-preview:-1"},"canonical":"https:\/\/larissajewellery.com\/en\/product\/hic-unutmam\/","og_locale":"en_US","og_type":"article","og_title":"Hi\u00e7 Unutmam | Larissa Jewellery","og_description":"Hi\u00e7 unutamad\u0131\u011f\u0131n, s\u0131ms\u0131k\u0131 sar\u0131lmak istedi\u011fin o anlar i\u00e7in","og_url":"https:\/\/larissajewellery.com\/en\/product\/hic-unutmam\/","og_site_name":"Larissa Jewellery","article_modified_time":"2026-04-10T14:43:51+00:00","og_image":[{"width":2560,"height":1991,"url":"http:\/\/larissajewellery.com\/wp-content\/uploads\/2026\/03\/PCM076-scaled.jpg","type":"image\/jpeg"}],"twitter_card":"summary_large_image","twitter_misc":{"Est. reading time":"1 minute"},"schema":{"@context":"https:\/\/schema.org","@graph":[{"@type":"WebPage","@id":"https:\/\/larissajewellery.com\/product\/hic-unutmam\/","url":"https:\/\/larissajewellery.com\/product\/hic-unutmam\/","name":"Hi\u00e7 Unutmam | Larissa Jewellery","isPartOf":{"@id":"https:\/\/larissajewellery.com\/#website"},"primaryImageOfPage":{"@id":"https:\/\/larissajewellery.com\/product\/hic-unutmam\/#primaryimage"},"image":{"@id":"https:\/\/larissajewellery.com\/product\/hic-unutmam\/#primaryimage"},"thumbnailUrl":"https:\/\/larissajewellery.com\/wp-content\/uploads\/2026\/03\/PCM076-scaled.jpg","datePublished":"2026-04-10T14:41:43+00:00","dateModified":"2026-04-10T14:43:51+00:00","breadcrumb":{"@id":"https:\/\/larissajewellery.com\/product\/hic-unutmam\/#breadcrumb"},"inLanguage":"en-US","potentialAction":[{"@type":"ReadAction","target":["https:\/\/larissajewellery.com\/product\/hic-unutmam\/"]}]},{"@type":"ImageObject","inLanguage":"en-US","@id":"https:\/\/larissajewellery.com\/product\/hic-unutmam\/#primaryimage","url":"https:\/\/larissajewellery.com\/wp-content\/uploads\/2026\/03\/PCM076-scaled.jpg","contentUrl":"https:\/\/larissajewellery.com\/wp-content\/uploads\/2026\/03\/PCM076-scaled.jpg","width":2560,"height":1991},{"@type":"BreadcrumbList","@id":"https:\/\/larissajewellery.com\/product\/hic-unutmam\/#breadcrumb","itemListElement":[{"@type":"ListItem","position":1,"name":"Home","item":"https:\/\/larissajewellery.com\/"},{"@type":"ListItem","position":2,"name":"Kategoriler","item":"https:\/\/larissajewellery.com\/en\/magaza\/"},{"@type":"ListItem","position":3,"name":"Hi\u00e7 Unutmam"}]},{"@type":"WebSite","@id":"https:\/\/larissajewellery.com\/#website","url":"https:\/\/larissajewellery.com\/","name":"Larissa Jewelery","description":"Save Your Memories","potentialAction":[{"@type":"SearchAction","target":{"@type":"EntryPoint","urlTemplate":"https:\/\/larissajewellery.com\/?s={search_term_string}"},"query-input":{"@type":"PropertyValueSpecification","valueRequired":true,"valueName":"search_term_string"}}],"inLanguage":"en-US"}]}},"_links":{"self":[{"href":"https:\/\/larissajewellery.com\/en\/wp-json\/wp\/v2\/product\/9758","targetHints":{"allow":["GET"]}}],"collection":[{"href":"https:\/\/larissajewellery.com\/en\/wp-json\/wp\/v2\/product"}],"about":[{"href":"https:\/\/larissajewellery.com\/en\/wp-json\/wp\/v2\/types\/product"}],"replies":[{"embeddable":true,"href":"https:\/\/larissajewellery.com\/en\/wp-json\/wp\/v2\/comments?post=9758"}],"wp:featuredmedia":[{"embeddable":true,"href":"https:\/\/larissajewellery.com\/en\/wp-json\/wp\/v2\/media\/9252"}],"wp:attachment":[{"href":"https:\/\/larissajewellery.com\/en\/wp-json\/wp\/v2\/media?parent=9758"}],"wp:term":[{"taxonomy":"product_brand","embeddable":true,"href":"https:\/\/larissajewellery.com\/en\/wp-json\/wp\/v2\/product_brand?post=9758"},{"taxonomy":"product_cat","embeddable":true,"href":"https:\/\/larissajewellery.com\/en\/wp-json\/wp\/v2\/product_cat?post=9758"},{"taxonomy":"product_tag","embeddable":true,"href":"https:\/\/larissajewellery.com\/en\/wp-json\/wp\/v2\/product_tag?post=9758"}],"curies":[{"name":"wp","href":"https:\/\/api.w.org\/{rel}","templated":true}]}}