{"id":9756,"date":"2026-04-10T17:31:28","date_gmt":"2026-04-10T14:31:28","guid":{"rendered":"https:\/\/larissajewellery.com\/?post_type=product&#038;p=9756"},"modified":"2026-04-10T17:39:46","modified_gmt":"2026-04-10T14:39:46","slug":"gozumun-nuru","status":"publish","type":"product","link":"https:\/\/larissajewellery.com\/en\/product\/gozumun-nuru\/","title":{"rendered":"G\u00f6z\u00fcm\u00fcn Nuru"},"content":{"rendered":"<p>Bu kolyenin merkezindeki yuvarlak form, tamamlanm\u0131\u015fl\u0131\u011f\u0131 ve b\u00fct\u00fcnl\u00fc\u011f\u00fc simgeler. \u00dczerindeki harfler ise bir hik\u00e2yenin ba\u015flang\u0131c\u0131d\u0131r; belki bir isim, belki bir an\u0131, belki de sadece sana ait bir anlam. Alt k\u0131s\u0131mdaki zarif detay ise g\u00f6z bebe\u011fini temsil eder\u2026 \u00c7\u00fcnk\u00fc baz\u0131 insanlar, baz\u0131 anlar ger\u00e7ekten \u201cg\u00f6z\u00fcn\u00fcn i\u00e7i gibi\u201d saklan\u0131r.<\/p>\n<p>14 Ayar Alt\u0131n ve P\u0131rlanta: 0.17 ct (F-VS)<\/p>\n<p>Madalyon \u00c7ap\u0131: 2.30 cm<br \/>\nZincir Uzunlu\u011fu: 50 cm civar\u0131d\u0131r.<\/p>\n<p>&nbsp;<\/p>","protected":false},"excerpt":{"rendered":"<p>Kalbinin her daim en \u00f6zel yerinde olan ki\u015fiye, ki\u015filere<\/p>","protected":false},"featured_media":9306,"comment_status":"closed","ping_status":"closed","template":"","meta":[],"product_brand":[],"product_cat":[180,247,243],"product_tag":[],"class_list":{"0":"post-9756","1":"product","2":"type-product","3":"status-publish","4":"has-post-thumbnail","6":"product_cat-anilarinizi-saklayin","7":"product_cat-anlar-hatiralar","8":"product_cat-ask-baglilik","10":"first","11":"instock","12":"shipping-taxable","13":"purchasable","14":"product-type-simple"},"yoast_head":"<!-- This site is optimized with the Yoast SEO plugin v27.2 - https:\/\/yoast.com\/product\/yoast-seo-wordpress\/ -->\n<title>G\u00f6z\u00fcm\u00fcn Nuru | Larissa Jewellery<\/title>\n<meta name=\"robots\" content=\"index, follow, max-snippet:-1, max-image-preview:large, max-video-preview:-1\" \/>\n<link rel=\"canonical\" href=\"https:\/\/larissajewellery.com\/en\/product\/gozumun-nuru\/\" \/>\n<meta property=\"og:locale\" content=\"en_US\" \/>\n<meta property=\"og:type\" content=\"article\" \/>\n<meta property=\"og:title\" content=\"G\u00f6z\u00fcm\u00fcn Nuru | Larissa Jewellery\" \/>\n<meta property=\"og:description\" content=\"Kalbinin her daim en \u00f6zel yerinde olan ki\u015fiye, ki\u015filere\" \/>\n<meta property=\"og:url\" content=\"https:\/\/larissajewellery.com\/en\/product\/gozumun-nuru\/\" \/>\n<meta property=\"og:site_name\" content=\"Larissa Jewellery\" \/>\n<meta property=\"article:modified_time\" content=\"2026-04-10T14:39:46+00:00\" \/>\n<meta property=\"og:image\" content=\"http:\/\/larissajewellery.com\/wp-content\/uploads\/2026\/03\/Untitled-design.png\" \/>\n\t<meta property=\"og:image:width\" content=\"2000\" \/>\n\t<meta property=\"og:image:height\" content=\"2000\" \/>\n\t<meta property=\"og:image:type\" content=\"image\/png\" \/>\n<meta name=\"twitter:card\" content=\"summary_large_image\" \/>\n<meta name=\"twitter:label1\" content=\"Est. reading time\" \/>\n\t<meta name=\"twitter:data1\" content=\"1 minute\" \/>\n<script type=\"application\/ld+json\" class=\"yoast-schema-graph\">{\"@context\":\"https:\/\/schema.org\",\"@graph\":[{\"@type\":\"WebPage\",\"@id\":\"https:\/\/larissajewellery.com\/product\/gozumun-nuru\/\",\"url\":\"https:\/\/larissajewellery.com\/product\/gozumun-nuru\/\",\"name\":\"G\u00f6z\u00fcm\u00fcn Nuru | Larissa Jewellery\",\"isPartOf\":{\"@id\":\"https:\/\/larissajewellery.com\/#website\"},\"primaryImageOfPage\":{\"@id\":\"https:\/\/larissajewellery.com\/product\/gozumun-nuru\/#primaryimage\"},\"image\":{\"@id\":\"https:\/\/larissajewellery.com\/product\/gozumun-nuru\/#primaryimage\"},\"thumbnailUrl\":\"https:\/\/larissajewellery.com\/wp-content\/uploads\/2026\/03\/Untitled-design.png\",\"datePublished\":\"2026-04-10T14:31:28+00:00\",\"dateModified\":\"2026-04-10T14:39:46+00:00\",\"breadcrumb\":{\"@id\":\"https:\/\/larissajewellery.com\/product\/gozumun-nuru\/#breadcrumb\"},\"inLanguage\":\"en-US\",\"potentialAction\":[{\"@type\":\"ReadAction\",\"target\":[\"https:\/\/larissajewellery.com\/product\/gozumun-nuru\/\"]}]},{\"@type\":\"ImageObject\",\"inLanguage\":\"en-US\",\"@id\":\"https:\/\/larissajewellery.com\/product\/gozumun-nuru\/#primaryimage\",\"url\":\"https:\/\/larissajewellery.com\/wp-content\/uploads\/2026\/03\/Untitled-design.png\",\"contentUrl\":\"https:\/\/larissajewellery.com\/wp-content\/uploads\/2026\/03\/Untitled-design.png\",\"width\":2000,\"height\":2000},{\"@type\":\"BreadcrumbList\",\"@id\":\"https:\/\/larissajewellery.com\/product\/gozumun-nuru\/#breadcrumb\",\"itemListElement\":[{\"@type\":\"ListItem\",\"position\":1,\"name\":\"Home\",\"item\":\"https:\/\/larissajewellery.com\/\"},{\"@type\":\"ListItem\",\"position\":2,\"name\":\"Kategoriler\",\"item\":\"https:\/\/larissajewellery.com\/en\/magaza\/\"},{\"@type\":\"ListItem\",\"position\":3,\"name\":\"G\u00f6z\u00fcm\u00fcn Nuru\"}]},{\"@type\":\"WebSite\",\"@id\":\"https:\/\/larissajewellery.com\/#website\",\"url\":\"https:\/\/larissajewellery.com\/\",\"name\":\"Larissa Jewellery\",\"description\":\"Save Your Memories\",\"potentialAction\":[{\"@type\":\"SearchAction\",\"target\":{\"@type\":\"EntryPoint\",\"urlTemplate\":\"https:\/\/larissajewellery.com\/?s={search_term_string}\"},\"query-input\":{\"@type\":\"PropertyValueSpecification\",\"valueRequired\":true,\"valueName\":\"search_term_string\"}}],\"inLanguage\":\"en-US\"}]}<\/script>\n<!-- \/ Yoast SEO plugin. -->","yoast_head_json":{"title":"G\u00f6z\u00fcm\u00fcn Nuru | Larissa Jewellery","robots":{"index":"index","follow":"follow","max-snippet":"max-snippet:-1","max-image-preview":"max-image-preview:large","max-video-preview":"max-video-preview:-1"},"canonical":"https:\/\/larissajewellery.com\/en\/product\/gozumun-nuru\/","og_locale":"en_US","og_type":"article","og_title":"G\u00f6z\u00fcm\u00fcn Nuru | Larissa Jewellery","og_description":"Kalbinin her daim en \u00f6zel yerinde olan ki\u015fiye, ki\u015filere","og_url":"https:\/\/larissajewellery.com\/en\/product\/gozumun-nuru\/","og_site_name":"Larissa Jewellery","article_modified_time":"2026-04-10T14:39:46+00:00","og_image":[{"width":2000,"height":2000,"url":"http:\/\/larissajewellery.com\/wp-content\/uploads\/2026\/03\/Untitled-design.png","type":"image\/png"}],"twitter_card":"summary_large_image","twitter_misc":{"Est. reading time":"1 minute"},"schema":{"@context":"https:\/\/schema.org","@graph":[{"@type":"WebPage","@id":"https:\/\/larissajewellery.com\/product\/gozumun-nuru\/","url":"https:\/\/larissajewellery.com\/product\/gozumun-nuru\/","name":"G\u00f6z\u00fcm\u00fcn Nuru | Larissa Jewellery","isPartOf":{"@id":"https:\/\/larissajewellery.com\/#website"},"primaryImageOfPage":{"@id":"https:\/\/larissajewellery.com\/product\/gozumun-nuru\/#primaryimage"},"image":{"@id":"https:\/\/larissajewellery.com\/product\/gozumun-nuru\/#primaryimage"},"thumbnailUrl":"https:\/\/larissajewellery.com\/wp-content\/uploads\/2026\/03\/Untitled-design.png","datePublished":"2026-04-10T14:31:28+00:00","dateModified":"2026-04-10T14:39:46+00:00","breadcrumb":{"@id":"https:\/\/larissajewellery.com\/product\/gozumun-nuru\/#breadcrumb"},"inLanguage":"en-US","potentialAction":[{"@type":"ReadAction","target":["https:\/\/larissajewellery.com\/product\/gozumun-nuru\/"]}]},{"@type":"ImageObject","inLanguage":"en-US","@id":"https:\/\/larissajewellery.com\/product\/gozumun-nuru\/#primaryimage","url":"https:\/\/larissajewellery.com\/wp-content\/uploads\/2026\/03\/Untitled-design.png","contentUrl":"https:\/\/larissajewellery.com\/wp-content\/uploads\/2026\/03\/Untitled-design.png","width":2000,"height":2000},{"@type":"BreadcrumbList","@id":"https:\/\/larissajewellery.com\/product\/gozumun-nuru\/#breadcrumb","itemListElement":[{"@type":"ListItem","position":1,"name":"Home","item":"https:\/\/larissajewellery.com\/"},{"@type":"ListItem","position":2,"name":"Kategoriler","item":"https:\/\/larissajewellery.com\/en\/magaza\/"},{"@type":"ListItem","position":3,"name":"G\u00f6z\u00fcm\u00fcn Nuru"}]},{"@type":"WebSite","@id":"https:\/\/larissajewellery.com\/#website","url":"https:\/\/larissajewellery.com\/","name":"Larissa Jewelery","description":"Save Your Memories","potentialAction":[{"@type":"SearchAction","target":{"@type":"EntryPoint","urlTemplate":"https:\/\/larissajewellery.com\/?s={search_term_string}"},"query-input":{"@type":"PropertyValueSpecification","valueRequired":true,"valueName":"search_term_string"}}],"inLanguage":"en-US"}]}},"_links":{"self":[{"href":"https:\/\/larissajewellery.com\/en\/wp-json\/wp\/v2\/product\/9756","targetHints":{"allow":["GET"]}}],"collection":[{"href":"https:\/\/larissajewellery.com\/en\/wp-json\/wp\/v2\/product"}],"about":[{"href":"https:\/\/larissajewellery.com\/en\/wp-json\/wp\/v2\/types\/product"}],"replies":[{"embeddable":true,"href":"https:\/\/larissajewellery.com\/en\/wp-json\/wp\/v2\/comments?post=9756"}],"wp:featuredmedia":[{"embeddable":true,"href":"https:\/\/larissajewellery.com\/en\/wp-json\/wp\/v2\/media\/9306"}],"wp:attachment":[{"href":"https:\/\/larissajewellery.com\/en\/wp-json\/wp\/v2\/media?parent=9756"}],"wp:term":[{"taxonomy":"product_brand","embeddable":true,"href":"https:\/\/larissajewellery.com\/en\/wp-json\/wp\/v2\/product_brand?post=9756"},{"taxonomy":"product_cat","embeddable":true,"href":"https:\/\/larissajewellery.com\/en\/wp-json\/wp\/v2\/product_cat?post=9756"},{"taxonomy":"product_tag","embeddable":true,"href":"https:\/\/larissajewellery.com\/en\/wp-json\/wp\/v2\/product_tag?post=9756"}],"curies":[{"name":"wp","href":"https:\/\/api.w.org\/{rel}","templated":true}]}}