{"id":9755,"date":"2026-04-10T17:28:55","date_gmt":"2026-04-10T14:28:55","guid":{"rendered":"https:\/\/larissajewellery.com\/?post_type=product&#038;p=9755"},"modified":"2026-04-10T17:29:54","modified_gmt":"2026-04-10T14:29:54","slug":"kendi-yolum","status":"publish","type":"product","link":"https:\/\/larissajewellery.com\/en\/product\/kendi-yolum\/","title":{"rendered":"Kendi Yolum"},"content":{"rendered":"<p>\u0130ki kalbin i\u00e7 i\u00e7e konulmas\u0131yla tasarlanm\u0131\u015ft\u0131r. Bunun sebebi; kendimizi ne kadar seversek ve kabul edersek, bize duyulan sevgi ve sayg\u0131 da ayn\u0131 oranla artacak ve b\u00fcy\u00fcyecektir.<\/p>\n<p>Bu y\u00fczden her \u015fey \u00f6nce kendini sevmekle ba\u015flar.<\/p>\n<p><strong>14 Ayar Alt\u0131n ve P\u0131rlanta: 0.18 ct (F-G\/VS-SI)<\/strong><\/p>\n<p>&nbsp;<\/p>","protected":false},"excerpt":{"rendered":"<p><strong>Ba\u015fkas\u0131na de\u011fil, kendine ait rota<\/strong><\/p>","protected":false},"featured_media":8671,"comment_status":"open","ping_status":"closed","template":"","meta":[],"product_brand":[],"product_cat":[180,246],"product_tag":[],"class_list":{"0":"post-9755","1":"product","2":"type-product","3":"status-publish","4":"has-post-thumbnail","6":"product_cat-anilarinizi-saklayin","7":"product_cat-benlik-yolculuk","9":"first","10":"instock","11":"shipping-taxable","12":"purchasable","13":"product-type-simple"},"yoast_head":"<!-- This site is optimized with the Yoast SEO plugin v27.2 - https:\/\/yoast.com\/product\/yoast-seo-wordpress\/ -->\n<title>Kendi Yolum | Larissa Jewellery<\/title>\n<meta name=\"description\" content=\"\u0130ki kalbin i\u00e7 i\u00e7e konulmas\u0131yla tasarlanm\u0131\u015ft\u0131r. 14 Ayar Alt\u0131n ve P\u0131rlanta: 0.18 ct (F-G\/VS-SI)\" \/>\n<meta name=\"robots\" content=\"index, follow, max-snippet:-1, max-image-preview:large, max-video-preview:-1\" \/>\n<link rel=\"canonical\" href=\"https:\/\/larissajewellery.com\/en\/product\/kendi-yolum\/\" \/>\n<meta property=\"og:locale\" content=\"en_US\" \/>\n<meta property=\"og:type\" content=\"article\" \/>\n<meta property=\"og:title\" content=\"Kendi Yolum | Larissa Jewellery\" \/>\n<meta property=\"og:description\" content=\"\u0130ki kalbin i\u00e7 i\u00e7e konulmas\u0131yla tasarlanm\u0131\u015ft\u0131r. 14 Ayar Alt\u0131n ve P\u0131rlanta: 0.18 ct (F-G\/VS-SI)\" \/>\n<meta property=\"og:url\" content=\"https:\/\/larissajewellery.com\/en\/product\/kendi-yolum\/\" \/>\n<meta property=\"og:site_name\" content=\"Larissa Jewellery\" \/>\n<meta property=\"article:modified_time\" content=\"2026-04-10T14:29:54+00:00\" \/>\n<meta property=\"og:image\" content=\"http:\/\/larissajewellery.com\/wp-content\/uploads\/2023\/03\/PCL030.png\" \/>\n\t<meta property=\"og:image:width\" content=\"1080\" \/>\n\t<meta property=\"og:image:height\" content=\"1080\" \/>\n\t<meta property=\"og:image:type\" content=\"image\/png\" \/>\n<meta name=\"twitter:card\" content=\"summary_large_image\" \/>\n<meta name=\"twitter:label1\" content=\"Est. reading time\" \/>\n\t<meta name=\"twitter:data1\" content=\"1 minute\" \/>\n<script type=\"application\/ld+json\" class=\"yoast-schema-graph\">{\"@context\":\"https:\/\/schema.org\",\"@graph\":[{\"@type\":\"WebPage\",\"@id\":\"https:\/\/larissajewellery.com\/product\/kendi-yolum\/\",\"url\":\"https:\/\/larissajewellery.com\/product\/kendi-yolum\/\",\"name\":\"Kendi Yolum | Larissa Jewellery\",\"isPartOf\":{\"@id\":\"https:\/\/larissajewellery.com\/#website\"},\"primaryImageOfPage\":{\"@id\":\"https:\/\/larissajewellery.com\/product\/kendi-yolum\/#primaryimage\"},\"image\":{\"@id\":\"https:\/\/larissajewellery.com\/product\/kendi-yolum\/#primaryimage\"},\"thumbnailUrl\":\"https:\/\/larissajewellery.com\/wp-content\/uploads\/2023\/03\/PCL030.png\",\"datePublished\":\"2026-04-10T14:28:55+00:00\",\"dateModified\":\"2026-04-10T14:29:54+00:00\",\"description\":\"\u0130ki kalbin i\u00e7 i\u00e7e konulmas\u0131yla tasarlanm\u0131\u015ft\u0131r. 14 Ayar Alt\u0131n ve P\u0131rlanta: 0.18 ct (F-G\/VS-SI)\",\"breadcrumb\":{\"@id\":\"https:\/\/larissajewellery.com\/product\/kendi-yolum\/#breadcrumb\"},\"inLanguage\":\"en-US\",\"potentialAction\":[{\"@type\":\"ReadAction\",\"target\":[\"https:\/\/larissajewellery.com\/product\/kendi-yolum\/\"]}]},{\"@type\":\"ImageObject\",\"inLanguage\":\"en-US\",\"@id\":\"https:\/\/larissajewellery.com\/product\/kendi-yolum\/#primaryimage\",\"url\":\"https:\/\/larissajewellery.com\/wp-content\/uploads\/2023\/03\/PCL030.png\",\"contentUrl\":\"https:\/\/larissajewellery.com\/wp-content\/uploads\/2023\/03\/PCL030.png\",\"width\":1080,\"height\":1080},{\"@type\":\"BreadcrumbList\",\"@id\":\"https:\/\/larissajewellery.com\/product\/kendi-yolum\/#breadcrumb\",\"itemListElement\":[{\"@type\":\"ListItem\",\"position\":1,\"name\":\"Home\",\"item\":\"https:\/\/larissajewellery.com\/\"},{\"@type\":\"ListItem\",\"position\":2,\"name\":\"Kategoriler\",\"item\":\"https:\/\/larissajewellery.com\/en\/magaza\/\"},{\"@type\":\"ListItem\",\"position\":3,\"name\":\"Kendi Yolum\"}]},{\"@type\":\"WebSite\",\"@id\":\"https:\/\/larissajewellery.com\/#website\",\"url\":\"https:\/\/larissajewellery.com\/\",\"name\":\"Larissa Jewellery\",\"description\":\"Save Your Memories\",\"potentialAction\":[{\"@type\":\"SearchAction\",\"target\":{\"@type\":\"EntryPoint\",\"urlTemplate\":\"https:\/\/larissajewellery.com\/?s={search_term_string}\"},\"query-input\":{\"@type\":\"PropertyValueSpecification\",\"valueRequired\":true,\"valueName\":\"search_term_string\"}}],\"inLanguage\":\"en-US\"}]}<\/script>\n<!-- \/ Yoast SEO plugin. -->","yoast_head_json":{"title":"Kendi Yolum | Larissa Jewellery","description":"\u0130ki kalbin i\u00e7 i\u00e7e konulmas\u0131yla tasarlanm\u0131\u015ft\u0131r. 14 Ayar Alt\u0131n ve P\u0131rlanta: 0.18 ct (F-G\/VS-SI)","robots":{"index":"index","follow":"follow","max-snippet":"max-snippet:-1","max-image-preview":"max-image-preview:large","max-video-preview":"max-video-preview:-1"},"canonical":"https:\/\/larissajewellery.com\/en\/product\/kendi-yolum\/","og_locale":"en_US","og_type":"article","og_title":"Kendi Yolum | Larissa Jewellery","og_description":"\u0130ki kalbin i\u00e7 i\u00e7e konulmas\u0131yla tasarlanm\u0131\u015ft\u0131r. 14 Ayar Alt\u0131n ve P\u0131rlanta: 0.18 ct (F-G\/VS-SI)","og_url":"https:\/\/larissajewellery.com\/en\/product\/kendi-yolum\/","og_site_name":"Larissa Jewellery","article_modified_time":"2026-04-10T14:29:54+00:00","og_image":[{"width":1080,"height":1080,"url":"http:\/\/larissajewellery.com\/wp-content\/uploads\/2023\/03\/PCL030.png","type":"image\/png"}],"twitter_card":"summary_large_image","twitter_misc":{"Est. reading time":"1 minute"},"schema":{"@context":"https:\/\/schema.org","@graph":[{"@type":"WebPage","@id":"https:\/\/larissajewellery.com\/product\/kendi-yolum\/","url":"https:\/\/larissajewellery.com\/product\/kendi-yolum\/","name":"Kendi Yolum | Larissa Jewellery","isPartOf":{"@id":"https:\/\/larissajewellery.com\/#website"},"primaryImageOfPage":{"@id":"https:\/\/larissajewellery.com\/product\/kendi-yolum\/#primaryimage"},"image":{"@id":"https:\/\/larissajewellery.com\/product\/kendi-yolum\/#primaryimage"},"thumbnailUrl":"https:\/\/larissajewellery.com\/wp-content\/uploads\/2023\/03\/PCL030.png","datePublished":"2026-04-10T14:28:55+00:00","dateModified":"2026-04-10T14:29:54+00:00","description":"\u0130ki kalbin i\u00e7 i\u00e7e konulmas\u0131yla tasarlanm\u0131\u015ft\u0131r. 14 Ayar Alt\u0131n ve P\u0131rlanta: 0.18 ct (F-G\/VS-SI)","breadcrumb":{"@id":"https:\/\/larissajewellery.com\/product\/kendi-yolum\/#breadcrumb"},"inLanguage":"en-US","potentialAction":[{"@type":"ReadAction","target":["https:\/\/larissajewellery.com\/product\/kendi-yolum\/"]}]},{"@type":"ImageObject","inLanguage":"en-US","@id":"https:\/\/larissajewellery.com\/product\/kendi-yolum\/#primaryimage","url":"https:\/\/larissajewellery.com\/wp-content\/uploads\/2023\/03\/PCL030.png","contentUrl":"https:\/\/larissajewellery.com\/wp-content\/uploads\/2023\/03\/PCL030.png","width":1080,"height":1080},{"@type":"BreadcrumbList","@id":"https:\/\/larissajewellery.com\/product\/kendi-yolum\/#breadcrumb","itemListElement":[{"@type":"ListItem","position":1,"name":"Home","item":"https:\/\/larissajewellery.com\/"},{"@type":"ListItem","position":2,"name":"Kategoriler","item":"https:\/\/larissajewellery.com\/en\/magaza\/"},{"@type":"ListItem","position":3,"name":"Kendi Yolum"}]},{"@type":"WebSite","@id":"https:\/\/larissajewellery.com\/#website","url":"https:\/\/larissajewellery.com\/","name":"Larissa Jewelery","description":"Save Your Memories","potentialAction":[{"@type":"SearchAction","target":{"@type":"EntryPoint","urlTemplate":"https:\/\/larissajewellery.com\/?s={search_term_string}"},"query-input":{"@type":"PropertyValueSpecification","valueRequired":true,"valueName":"search_term_string"}}],"inLanguage":"en-US"}]}},"_links":{"self":[{"href":"https:\/\/larissajewellery.com\/en\/wp-json\/wp\/v2\/product\/9755","targetHints":{"allow":["GET"]}}],"collection":[{"href":"https:\/\/larissajewellery.com\/en\/wp-json\/wp\/v2\/product"}],"about":[{"href":"https:\/\/larissajewellery.com\/en\/wp-json\/wp\/v2\/types\/product"}],"replies":[{"embeddable":true,"href":"https:\/\/larissajewellery.com\/en\/wp-json\/wp\/v2\/comments?post=9755"}],"wp:featuredmedia":[{"embeddable":true,"href":"https:\/\/larissajewellery.com\/en\/wp-json\/wp\/v2\/media\/8671"}],"wp:attachment":[{"href":"https:\/\/larissajewellery.com\/en\/wp-json\/wp\/v2\/media?parent=9755"}],"wp:term":[{"taxonomy":"product_brand","embeddable":true,"href":"https:\/\/larissajewellery.com\/en\/wp-json\/wp\/v2\/product_brand?post=9755"},{"taxonomy":"product_cat","embeddable":true,"href":"https:\/\/larissajewellery.com\/en\/wp-json\/wp\/v2\/product_cat?post=9755"},{"taxonomy":"product_tag","embeddable":true,"href":"https:\/\/larissajewellery.com\/en\/wp-json\/wp\/v2\/product_tag?post=9755"}],"curies":[{"name":"wp","href":"https:\/\/api.w.org\/{rel}","templated":true}]}}