{"id":9735,"date":"2026-04-10T14:57:55","date_gmt":"2026-04-10T11:57:55","guid":{"rendered":"https:\/\/larissajewellery.com\/?post_type=product&#038;p=9735"},"modified":"2026-04-10T14:59:51","modified_gmt":"2026-04-10T11:59:51","slug":"dun-gibi","status":"publish","type":"product","link":"https:\/\/larissajewellery.com\/en\/product\/dun-gibi\/","title":{"rendered":"D\u00fcn Gibi"},"content":{"rendered":"<p>Ye\u015fil renk detay\u0131 ve p\u0131rlantalar sayesinde \u0131\u015f\u0131l \u0131\u015f\u0131l par\u0131ldayan madalyonumuz.<\/p>\n<p>14 Ayar Alt\u0131n ve P\u0131rlanta: 0.45 ct (F-G\/VS-SI)<\/p>\n<p>&nbsp;<\/p>\n<p>\u0130stedi\u011finiz mine rengini yukar\u0131daki se\u00e7eneklerden olu\u015fturabilirsiniz. Listede olmayan mine renklerinden tercih etmek isterseniz, info@larissajewellery.com mail adresinden bize ula\u015fabilirsiniz.<\/p>","protected":false},"excerpt":{"rendered":"<p><strong>Hala ayn\u0131 s\u0131cakl\u0131kta hissettiren o anlar\u0131 saklamak i\u00e7in<\/strong><\/p>","protected":false},"featured_media":8646,"comment_status":"open","ping_status":"closed","template":"","meta":[],"product_brand":[],"product_cat":[180,247],"product_tag":[],"class_list":{"0":"post-9735","1":"product","2":"type-product","3":"status-publish","4":"has-post-thumbnail","6":"product_cat-anilarinizi-saklayin","7":"product_cat-anlar-hatiralar","9":"first","10":"instock","11":"shipping-taxable","12":"purchasable","13":"product-type-variable"},"yoast_head":"<!-- This site is optimized with the Yoast SEO plugin v27.2 - https:\/\/yoast.com\/product\/yoast-seo-wordpress\/ -->\n<title>D\u00fcn Gibi | Larissa Jewellery<\/title>\n<meta name=\"description\" content=\"Ye\u015fil renk detay\u0131 ve p\u0131rlantalar sayesinde \u0131\u015f\u0131l \u0131\u015f\u0131l par\u0131ldayan madalyonumuz.14 Ayar Alt\u0131n ve P\u0131rlanta: 0.45 ct (F-G\/VS-SI)\" \/>\n<meta name=\"robots\" content=\"index, follow, max-snippet:-1, max-image-preview:large, max-video-preview:-1\" \/>\n<link rel=\"canonical\" href=\"https:\/\/larissajewellery.com\/en\/product\/dun-gibi\/\" \/>\n<meta property=\"og:locale\" content=\"en_US\" \/>\n<meta property=\"og:type\" content=\"article\" \/>\n<meta property=\"og:title\" content=\"D\u00fcn Gibi | Larissa Jewellery\" \/>\n<meta property=\"og:description\" content=\"Ye\u015fil renk detay\u0131 ve p\u0131rlantalar sayesinde \u0131\u015f\u0131l \u0131\u015f\u0131l par\u0131ldayan madalyonumuz.14 Ayar Alt\u0131n ve P\u0131rlanta: 0.45 ct (F-G\/VS-SI)\" \/>\n<meta property=\"og:url\" content=\"https:\/\/larissajewellery.com\/en\/product\/dun-gibi\/\" \/>\n<meta property=\"og:site_name\" content=\"Larissa Jewellery\" \/>\n<meta property=\"article:modified_time\" content=\"2026-04-10T11:59:51+00:00\" \/>\n<meta property=\"og:image\" content=\"http:\/\/larissajewellery.com\/wp-content\/uploads\/2023\/03\/PCL017-scaled.jpg\" \/>\n\t<meta property=\"og:image:width\" content=\"2560\" \/>\n\t<meta property=\"og:image:height\" content=\"1703\" \/>\n\t<meta property=\"og:image:type\" content=\"image\/jpeg\" \/>\n<meta name=\"twitter:card\" content=\"summary_large_image\" \/>\n<meta name=\"twitter:label1\" content=\"Est. reading time\" \/>\n\t<meta name=\"twitter:data1\" content=\"1 minute\" \/>\n<script type=\"application\/ld+json\" class=\"yoast-schema-graph\">{\"@context\":\"https:\/\/schema.org\",\"@graph\":[{\"@type\":\"WebPage\",\"@id\":\"https:\/\/larissajewellery.com\/product\/dun-gibi\/\",\"url\":\"https:\/\/larissajewellery.com\/product\/dun-gibi\/\",\"name\":\"D\u00fcn Gibi | Larissa Jewellery\",\"isPartOf\":{\"@id\":\"https:\/\/larissajewellery.com\/#website\"},\"primaryImageOfPage\":{\"@id\":\"https:\/\/larissajewellery.com\/product\/dun-gibi\/#primaryimage\"},\"image\":{\"@id\":\"https:\/\/larissajewellery.com\/product\/dun-gibi\/#primaryimage\"},\"thumbnailUrl\":\"https:\/\/larissajewellery.com\/wp-content\/uploads\/2023\/03\/PCL017-scaled.jpg\",\"datePublished\":\"2026-04-10T11:57:55+00:00\",\"dateModified\":\"2026-04-10T11:59:51+00:00\",\"description\":\"Ye\u015fil renk detay\u0131 ve p\u0131rlantalar sayesinde \u0131\u015f\u0131l \u0131\u015f\u0131l par\u0131ldayan madalyonumuz.14 Ayar Alt\u0131n ve P\u0131rlanta: 0.45 ct (F-G\/VS-SI)\",\"breadcrumb\":{\"@id\":\"https:\/\/larissajewellery.com\/product\/dun-gibi\/#breadcrumb\"},\"inLanguage\":\"en-US\",\"potentialAction\":[{\"@type\":\"ReadAction\",\"target\":[\"https:\/\/larissajewellery.com\/product\/dun-gibi\/\"]}]},{\"@type\":\"ImageObject\",\"inLanguage\":\"en-US\",\"@id\":\"https:\/\/larissajewellery.com\/product\/dun-gibi\/#primaryimage\",\"url\":\"https:\/\/larissajewellery.com\/wp-content\/uploads\/2023\/03\/PCL017-scaled.jpg\",\"contentUrl\":\"https:\/\/larissajewellery.com\/wp-content\/uploads\/2023\/03\/PCL017-scaled.jpg\",\"width\":2560,\"height\":1703},{\"@type\":\"BreadcrumbList\",\"@id\":\"https:\/\/larissajewellery.com\/product\/dun-gibi\/#breadcrumb\",\"itemListElement\":[{\"@type\":\"ListItem\",\"position\":1,\"name\":\"Home\",\"item\":\"https:\/\/larissajewellery.com\/\"},{\"@type\":\"ListItem\",\"position\":2,\"name\":\"Kategoriler\",\"item\":\"https:\/\/larissajewellery.com\/en\/magaza\/\"},{\"@type\":\"ListItem\",\"position\":3,\"name\":\"D\u00fcn Gibi\"}]},{\"@type\":\"WebSite\",\"@id\":\"https:\/\/larissajewellery.com\/#website\",\"url\":\"https:\/\/larissajewellery.com\/\",\"name\":\"Larissa Jewellery\",\"description\":\"Save Your Memories\",\"potentialAction\":[{\"@type\":\"SearchAction\",\"target\":{\"@type\":\"EntryPoint\",\"urlTemplate\":\"https:\/\/larissajewellery.com\/?s={search_term_string}\"},\"query-input\":{\"@type\":\"PropertyValueSpecification\",\"valueRequired\":true,\"valueName\":\"search_term_string\"}}],\"inLanguage\":\"en-US\"}]}<\/script>\n<!-- \/ Yoast SEO plugin. -->","yoast_head_json":{"title":"D\u00fcn Gibi | Larissa Jewellery","description":"Ye\u015fil renk detay\u0131 ve p\u0131rlantalar sayesinde \u0131\u015f\u0131l \u0131\u015f\u0131l par\u0131ldayan madalyonumuz.14 Ayar Alt\u0131n ve P\u0131rlanta: 0.45 ct (F-G\/VS-SI)","robots":{"index":"index","follow":"follow","max-snippet":"max-snippet:-1","max-image-preview":"max-image-preview:large","max-video-preview":"max-video-preview:-1"},"canonical":"https:\/\/larissajewellery.com\/en\/product\/dun-gibi\/","og_locale":"en_US","og_type":"article","og_title":"D\u00fcn Gibi | Larissa Jewellery","og_description":"Ye\u015fil renk detay\u0131 ve p\u0131rlantalar sayesinde \u0131\u015f\u0131l \u0131\u015f\u0131l par\u0131ldayan madalyonumuz.14 Ayar Alt\u0131n ve P\u0131rlanta: 0.45 ct (F-G\/VS-SI)","og_url":"https:\/\/larissajewellery.com\/en\/product\/dun-gibi\/","og_site_name":"Larissa Jewellery","article_modified_time":"2026-04-10T11:59:51+00:00","og_image":[{"width":2560,"height":1703,"url":"http:\/\/larissajewellery.com\/wp-content\/uploads\/2023\/03\/PCL017-scaled.jpg","type":"image\/jpeg"}],"twitter_card":"summary_large_image","twitter_misc":{"Est. reading time":"1 minute"},"schema":{"@context":"https:\/\/schema.org","@graph":[{"@type":"WebPage","@id":"https:\/\/larissajewellery.com\/product\/dun-gibi\/","url":"https:\/\/larissajewellery.com\/product\/dun-gibi\/","name":"D\u00fcn Gibi | Larissa Jewellery","isPartOf":{"@id":"https:\/\/larissajewellery.com\/#website"},"primaryImageOfPage":{"@id":"https:\/\/larissajewellery.com\/product\/dun-gibi\/#primaryimage"},"image":{"@id":"https:\/\/larissajewellery.com\/product\/dun-gibi\/#primaryimage"},"thumbnailUrl":"https:\/\/larissajewellery.com\/wp-content\/uploads\/2023\/03\/PCL017-scaled.jpg","datePublished":"2026-04-10T11:57:55+00:00","dateModified":"2026-04-10T11:59:51+00:00","description":"Ye\u015fil renk detay\u0131 ve p\u0131rlantalar sayesinde \u0131\u015f\u0131l \u0131\u015f\u0131l par\u0131ldayan madalyonumuz.14 Ayar Alt\u0131n ve P\u0131rlanta: 0.45 ct (F-G\/VS-SI)","breadcrumb":{"@id":"https:\/\/larissajewellery.com\/product\/dun-gibi\/#breadcrumb"},"inLanguage":"en-US","potentialAction":[{"@type":"ReadAction","target":["https:\/\/larissajewellery.com\/product\/dun-gibi\/"]}]},{"@type":"ImageObject","inLanguage":"en-US","@id":"https:\/\/larissajewellery.com\/product\/dun-gibi\/#primaryimage","url":"https:\/\/larissajewellery.com\/wp-content\/uploads\/2023\/03\/PCL017-scaled.jpg","contentUrl":"https:\/\/larissajewellery.com\/wp-content\/uploads\/2023\/03\/PCL017-scaled.jpg","width":2560,"height":1703},{"@type":"BreadcrumbList","@id":"https:\/\/larissajewellery.com\/product\/dun-gibi\/#breadcrumb","itemListElement":[{"@type":"ListItem","position":1,"name":"Home","item":"https:\/\/larissajewellery.com\/"},{"@type":"ListItem","position":2,"name":"Kategoriler","item":"https:\/\/larissajewellery.com\/en\/magaza\/"},{"@type":"ListItem","position":3,"name":"D\u00fcn Gibi"}]},{"@type":"WebSite","@id":"https:\/\/larissajewellery.com\/#website","url":"https:\/\/larissajewellery.com\/","name":"Larissa Jewelery","description":"Save Your Memories","potentialAction":[{"@type":"SearchAction","target":{"@type":"EntryPoint","urlTemplate":"https:\/\/larissajewellery.com\/?s={search_term_string}"},"query-input":{"@type":"PropertyValueSpecification","valueRequired":true,"valueName":"search_term_string"}}],"inLanguage":"en-US"}]}},"_links":{"self":[{"href":"https:\/\/larissajewellery.com\/en\/wp-json\/wp\/v2\/product\/9735","targetHints":{"allow":["GET"]}}],"collection":[{"href":"https:\/\/larissajewellery.com\/en\/wp-json\/wp\/v2\/product"}],"about":[{"href":"https:\/\/larissajewellery.com\/en\/wp-json\/wp\/v2\/types\/product"}],"replies":[{"embeddable":true,"href":"https:\/\/larissajewellery.com\/en\/wp-json\/wp\/v2\/comments?post=9735"}],"wp:featuredmedia":[{"embeddable":true,"href":"https:\/\/larissajewellery.com\/en\/wp-json\/wp\/v2\/media\/8646"}],"wp:attachment":[{"href":"https:\/\/larissajewellery.com\/en\/wp-json\/wp\/v2\/media?parent=9735"}],"wp:term":[{"taxonomy":"product_brand","embeddable":true,"href":"https:\/\/larissajewellery.com\/en\/wp-json\/wp\/v2\/product_brand?post=9735"},{"taxonomy":"product_cat","embeddable":true,"href":"https:\/\/larissajewellery.com\/en\/wp-json\/wp\/v2\/product_cat?post=9735"},{"taxonomy":"product_tag","embeddable":true,"href":"https:\/\/larissajewellery.com\/en\/wp-json\/wp\/v2\/product_tag?post=9735"}],"curies":[{"name":"wp","href":"https:\/\/api.w.org\/{rel}","templated":true}]}}