{"id":9724,"date":"2026-04-10T14:26:03","date_gmt":"2026-04-10T11:26:03","guid":{"rendered":"https:\/\/larissajewellery.com\/?post_type=product&#038;p=9724"},"modified":"2026-04-10T14:27:00","modified_gmt":"2026-04-10T11:27:00","slug":"kiz-kardeslik","status":"publish","type":"product","link":"https:\/\/larissajewellery.com\/en\/product\/kiz-kardeslik\/","title":{"rendered":"K\u0131z Karde\u015flik"},"content":{"rendered":"<p>Kabartmal\u0131 \u00e7i\u00e7eklerden olu\u015fan, diledi\u011finiz renk se\u00e7eneklerine g\u00f6re \u00f6zel olarak da \u00fcretebilece\u011fimiz harf kolye.<\/p>\n<p>14 K Gold<\/p>\n<p>Diamond: 0.03 ct (F-G\/ VS-SI)<\/p>\n<p>Diledi\u011finiz harf ve mine rengini yukar\u0131dan se\u00e7ebilir, listede olmayan mine renkleri i\u00e7in bize ula\u015fabilirsiniz.<\/p>\n<p>Sipari\u015finizi i\u00e7inize sinecek \u015fekilde olu\u015fturmak, detaylar \u00fczerinde konu\u015fabilmek i\u00e7in info@larissajewellery.com adresine mail atabilirsiniz.<\/p>","protected":false},"excerpt":{"rendered":"<p>Kalple kurulan en g\u00fc\u00e7l\u00fc ba\u011f i\u00e7in<\/p>","protected":false},"featured_media":8616,"comment_status":"open","ping_status":"closed","template":"","meta":[],"product_brand":[],"product_cat":[180,245],"product_tag":[],"class_list":{"0":"post-9724","1":"product","2":"type-product","3":"status-publish","4":"has-post-thumbnail","6":"product_cat-anilarinizi-saklayin","7":"product_cat-dostluk-baglar","9":"first","10":"instock","11":"shipping-taxable","12":"purchasable","13":"product-type-variable"},"yoast_head":"<!-- This site is optimized with the Yoast SEO plugin v27.2 - https:\/\/yoast.com\/product\/yoast-seo-wordpress\/ -->\n<title>K\u0131z Karde\u015flik | Larissa Jewellery<\/title>\n<meta name=\"robots\" content=\"index, follow, max-snippet:-1, max-image-preview:large, max-video-preview:-1\" \/>\n<link rel=\"canonical\" href=\"https:\/\/larissajewellery.com\/en\/product\/kiz-kardeslik\/\" \/>\n<meta property=\"og:locale\" content=\"en_US\" \/>\n<meta property=\"og:type\" content=\"article\" \/>\n<meta property=\"og:title\" content=\"K\u0131z Karde\u015flik | Larissa Jewellery\" \/>\n<meta property=\"og:description\" content=\"Kalple kurulan en g\u00fc\u00e7l\u00fc ba\u011f i\u00e7in\" \/>\n<meta property=\"og:url\" content=\"https:\/\/larissajewellery.com\/en\/product\/kiz-kardeslik\/\" \/>\n<meta property=\"og:site_name\" content=\"Larissa Jewellery\" \/>\n<meta property=\"article:modified_time\" content=\"2026-04-10T11:27:00+00:00\" \/>\n<meta property=\"og:image\" content=\"http:\/\/larissajewellery.com\/wp-content\/uploads\/2023\/03\/PLC002-scaled.jpg\" \/>\n\t<meta property=\"og:image:width\" content=\"2560\" \/>\n\t<meta property=\"og:image:height\" content=\"1703\" \/>\n\t<meta property=\"og:image:type\" content=\"image\/jpeg\" \/>\n<meta name=\"twitter:card\" content=\"summary_large_image\" \/>\n<meta name=\"twitter:label1\" content=\"Est. reading time\" \/>\n\t<meta name=\"twitter:data1\" content=\"1 minute\" \/>\n<script type=\"application\/ld+json\" class=\"yoast-schema-graph\">{\"@context\":\"https:\/\/schema.org\",\"@graph\":[{\"@type\":\"WebPage\",\"@id\":\"https:\/\/larissajewellery.com\/product\/kiz-kardeslik\/\",\"url\":\"https:\/\/larissajewellery.com\/product\/kiz-kardeslik\/\",\"name\":\"K\u0131z Karde\u015flik | Larissa Jewellery\",\"isPartOf\":{\"@id\":\"https:\/\/larissajewellery.com\/#website\"},\"primaryImageOfPage\":{\"@id\":\"https:\/\/larissajewellery.com\/product\/kiz-kardeslik\/#primaryimage\"},\"image\":{\"@id\":\"https:\/\/larissajewellery.com\/product\/kiz-kardeslik\/#primaryimage\"},\"thumbnailUrl\":\"https:\/\/larissajewellery.com\/wp-content\/uploads\/2023\/03\/PLC002-scaled.jpg\",\"datePublished\":\"2026-04-10T11:26:03+00:00\",\"dateModified\":\"2026-04-10T11:27:00+00:00\",\"breadcrumb\":{\"@id\":\"https:\/\/larissajewellery.com\/product\/kiz-kardeslik\/#breadcrumb\"},\"inLanguage\":\"en-US\",\"potentialAction\":[{\"@type\":\"ReadAction\",\"target\":[\"https:\/\/larissajewellery.com\/product\/kiz-kardeslik\/\"]}]},{\"@type\":\"ImageObject\",\"inLanguage\":\"en-US\",\"@id\":\"https:\/\/larissajewellery.com\/product\/kiz-kardeslik\/#primaryimage\",\"url\":\"https:\/\/larissajewellery.com\/wp-content\/uploads\/2023\/03\/PLC002-scaled.jpg\",\"contentUrl\":\"https:\/\/larissajewellery.com\/wp-content\/uploads\/2023\/03\/PLC002-scaled.jpg\",\"width\":2560,\"height\":1703},{\"@type\":\"BreadcrumbList\",\"@id\":\"https:\/\/larissajewellery.com\/product\/kiz-kardeslik\/#breadcrumb\",\"itemListElement\":[{\"@type\":\"ListItem\",\"position\":1,\"name\":\"Home\",\"item\":\"https:\/\/larissajewellery.com\/\"},{\"@type\":\"ListItem\",\"position\":2,\"name\":\"Kategoriler\",\"item\":\"https:\/\/larissajewellery.com\/en\/magaza\/\"},{\"@type\":\"ListItem\",\"position\":3,\"name\":\"K\u0131z Karde\u015flik\"}]},{\"@type\":\"WebSite\",\"@id\":\"https:\/\/larissajewellery.com\/#website\",\"url\":\"https:\/\/larissajewellery.com\/\",\"name\":\"Larissa Jewellery\",\"description\":\"Save Your Memories\",\"potentialAction\":[{\"@type\":\"SearchAction\",\"target\":{\"@type\":\"EntryPoint\",\"urlTemplate\":\"https:\/\/larissajewellery.com\/?s={search_term_string}\"},\"query-input\":{\"@type\":\"PropertyValueSpecification\",\"valueRequired\":true,\"valueName\":\"search_term_string\"}}],\"inLanguage\":\"en-US\"}]}<\/script>\n<!-- \/ Yoast SEO plugin. -->","yoast_head_json":{"title":"K\u0131z Karde\u015flik | Larissa Jewellery","robots":{"index":"index","follow":"follow","max-snippet":"max-snippet:-1","max-image-preview":"max-image-preview:large","max-video-preview":"max-video-preview:-1"},"canonical":"https:\/\/larissajewellery.com\/en\/product\/kiz-kardeslik\/","og_locale":"en_US","og_type":"article","og_title":"K\u0131z Karde\u015flik | Larissa Jewellery","og_description":"Kalple kurulan en g\u00fc\u00e7l\u00fc ba\u011f i\u00e7in","og_url":"https:\/\/larissajewellery.com\/en\/product\/kiz-kardeslik\/","og_site_name":"Larissa Jewellery","article_modified_time":"2026-04-10T11:27:00+00:00","og_image":[{"width":2560,"height":1703,"url":"http:\/\/larissajewellery.com\/wp-content\/uploads\/2023\/03\/PLC002-scaled.jpg","type":"image\/jpeg"}],"twitter_card":"summary_large_image","twitter_misc":{"Est. reading time":"1 minute"},"schema":{"@context":"https:\/\/schema.org","@graph":[{"@type":"WebPage","@id":"https:\/\/larissajewellery.com\/product\/kiz-kardeslik\/","url":"https:\/\/larissajewellery.com\/product\/kiz-kardeslik\/","name":"K\u0131z Karde\u015flik | Larissa Jewellery","isPartOf":{"@id":"https:\/\/larissajewellery.com\/#website"},"primaryImageOfPage":{"@id":"https:\/\/larissajewellery.com\/product\/kiz-kardeslik\/#primaryimage"},"image":{"@id":"https:\/\/larissajewellery.com\/product\/kiz-kardeslik\/#primaryimage"},"thumbnailUrl":"https:\/\/larissajewellery.com\/wp-content\/uploads\/2023\/03\/PLC002-scaled.jpg","datePublished":"2026-04-10T11:26:03+00:00","dateModified":"2026-04-10T11:27:00+00:00","breadcrumb":{"@id":"https:\/\/larissajewellery.com\/product\/kiz-kardeslik\/#breadcrumb"},"inLanguage":"en-US","potentialAction":[{"@type":"ReadAction","target":["https:\/\/larissajewellery.com\/product\/kiz-kardeslik\/"]}]},{"@type":"ImageObject","inLanguage":"en-US","@id":"https:\/\/larissajewellery.com\/product\/kiz-kardeslik\/#primaryimage","url":"https:\/\/larissajewellery.com\/wp-content\/uploads\/2023\/03\/PLC002-scaled.jpg","contentUrl":"https:\/\/larissajewellery.com\/wp-content\/uploads\/2023\/03\/PLC002-scaled.jpg","width":2560,"height":1703},{"@type":"BreadcrumbList","@id":"https:\/\/larissajewellery.com\/product\/kiz-kardeslik\/#breadcrumb","itemListElement":[{"@type":"ListItem","position":1,"name":"Home","item":"https:\/\/larissajewellery.com\/"},{"@type":"ListItem","position":2,"name":"Kategoriler","item":"https:\/\/larissajewellery.com\/en\/magaza\/"},{"@type":"ListItem","position":3,"name":"K\u0131z Karde\u015flik"}]},{"@type":"WebSite","@id":"https:\/\/larissajewellery.com\/#website","url":"https:\/\/larissajewellery.com\/","name":"Larissa Jewelery","description":"Save Your Memories","potentialAction":[{"@type":"SearchAction","target":{"@type":"EntryPoint","urlTemplate":"https:\/\/larissajewellery.com\/?s={search_term_string}"},"query-input":{"@type":"PropertyValueSpecification","valueRequired":true,"valueName":"search_term_string"}}],"inLanguage":"en-US"}]}},"_links":{"self":[{"href":"https:\/\/larissajewellery.com\/en\/wp-json\/wp\/v2\/product\/9724","targetHints":{"allow":["GET"]}}],"collection":[{"href":"https:\/\/larissajewellery.com\/en\/wp-json\/wp\/v2\/product"}],"about":[{"href":"https:\/\/larissajewellery.com\/en\/wp-json\/wp\/v2\/types\/product"}],"replies":[{"embeddable":true,"href":"https:\/\/larissajewellery.com\/en\/wp-json\/wp\/v2\/comments?post=9724"}],"wp:featuredmedia":[{"embeddable":true,"href":"https:\/\/larissajewellery.com\/en\/wp-json\/wp\/v2\/media\/8616"}],"wp:attachment":[{"href":"https:\/\/larissajewellery.com\/en\/wp-json\/wp\/v2\/media?parent=9724"}],"wp:term":[{"taxonomy":"product_brand","embeddable":true,"href":"https:\/\/larissajewellery.com\/en\/wp-json\/wp\/v2\/product_brand?post=9724"},{"taxonomy":"product_cat","embeddable":true,"href":"https:\/\/larissajewellery.com\/en\/wp-json\/wp\/v2\/product_cat?post=9724"},{"taxonomy":"product_tag","embeddable":true,"href":"https:\/\/larissajewellery.com\/en\/wp-json\/wp\/v2\/product_tag?post=9724"}],"curies":[{"name":"wp","href":"https:\/\/api.w.org\/{rel}","templated":true}]}}