{"id":9723,"date":"2026-04-10T14:09:23","date_gmt":"2026-04-10T11:09:23","guid":{"rendered":"https:\/\/larissajewellery.com\/?post_type=product&#038;p=9723"},"modified":"2026-04-10T14:25:35","modified_gmt":"2026-04-10T11:25:35","slug":"huzur","status":"publish","type":"product","link":"https:\/\/larissajewellery.com\/en\/product\/huzur\/","title":{"rendered":"Huzur"},"content":{"rendered":"<p>Mountain bluebirds symbolize peace and joy in many cultures and we were inspired by them in the creation of this medallion. It reminds us to live the little moments to the fullest and just enjoy the ride.<\/p>\n<p>Our products are made upon order, in any color. Please contact us at info@larissajewellery.com or use the contact form to communicate any specialization you may want.<\/p>\n<p>14K Gold &amp; Diamonds<\/p>\n<p>Diamond: 0.18 ct (F-G\/ VS-SI)<\/p>","protected":false},"excerpt":{"rendered":"<p>Ya\u015fan\u0131lan huzurlu anlar\u0131 hat\u0131rlamak i\u00e7in<\/p>","protected":false},"featured_media":8214,"comment_status":"open","ping_status":"closed","template":"","meta":[],"product_brand":[],"product_cat":[180,247],"product_tag":[],"class_list":{"0":"post-9723","1":"product","2":"type-product","3":"status-publish","4":"has-post-thumbnail","6":"product_cat-anilarinizi-saklayin","7":"product_cat-anlar-hatiralar","9":"first","10":"instock","11":"shipping-taxable","12":"purchasable","13":"product-type-simple"},"yoast_head":"<!-- This site is optimized with the Yoast SEO plugin v27.2 - https:\/\/yoast.com\/product\/yoast-seo-wordpress\/ -->\n<title>Huzur | Larissa Jewellery<\/title>\n<meta name=\"description\" content=\"\u0130lham\u0131n\u0131 mavi \u00e7atal kuyruk ku\u015fundan alan bu madalyonumuz, \u00e7o\u011fu k\u00fclt\u00fcrde huzuru ve ne\u015feyi sembolize etmesiyle bilinir.\" \/>\n<meta name=\"robots\" content=\"index, follow, max-snippet:-1, max-image-preview:large, max-video-preview:-1\" \/>\n<link rel=\"canonical\" href=\"https:\/\/larissajewellery.com\/en\/product\/huzur\/\" \/>\n<meta property=\"og:locale\" content=\"en_US\" \/>\n<meta property=\"og:type\" content=\"article\" \/>\n<meta property=\"og:title\" content=\"Huzur | Larissa Jewellery\" \/>\n<meta property=\"og:description\" content=\"\u0130lham\u0131n\u0131 mavi \u00e7atal kuyruk ku\u015fundan alan bu madalyonumuz, \u00e7o\u011fu k\u00fclt\u00fcrde huzuru ve ne\u015feyi sembolize etmesiyle bilinir.\" \/>\n<meta property=\"og:url\" content=\"https:\/\/larissajewellery.com\/en\/product\/huzur\/\" \/>\n<meta property=\"og:site_name\" content=\"Larissa Jewellery\" \/>\n<meta property=\"article:modified_time\" content=\"2026-04-10T11:25:35+00:00\" \/>\n<meta property=\"og:image\" content=\"http:\/\/larissajewellery.com\/wp-content\/uploads\/2022\/01\/8538FD92-4142-497C-9982-76B0A12C5F20-scaled.jpeg\" \/>\n\t<meta property=\"og:image:width\" content=\"2560\" \/>\n\t<meta property=\"og:image:height\" content=\"1703\" \/>\n\t<meta property=\"og:image:type\" content=\"image\/jpeg\" \/>\n<meta name=\"twitter:card\" content=\"summary_large_image\" \/>\n<meta name=\"twitter:label1\" content=\"Est. reading time\" \/>\n\t<meta name=\"twitter:data1\" content=\"1 minute\" \/>\n<script type=\"application\/ld+json\" class=\"yoast-schema-graph\">{\"@context\":\"https:\/\/schema.org\",\"@graph\":[{\"@type\":\"WebPage\",\"@id\":\"https:\/\/larissajewellery.com\/product\/huzur\/\",\"url\":\"https:\/\/larissajewellery.com\/product\/huzur\/\",\"name\":\"Huzur | Larissa Jewellery\",\"isPartOf\":{\"@id\":\"https:\/\/larissajewellery.com\/#website\"},\"primaryImageOfPage\":{\"@id\":\"https:\/\/larissajewellery.com\/product\/huzur\/#primaryimage\"},\"image\":{\"@id\":\"https:\/\/larissajewellery.com\/product\/huzur\/#primaryimage\"},\"thumbnailUrl\":\"https:\/\/larissajewellery.com\/wp-content\/uploads\/2022\/01\/8538FD92-4142-497C-9982-76B0A12C5F20-scaled.jpeg\",\"datePublished\":\"2026-04-10T11:09:23+00:00\",\"dateModified\":\"2026-04-10T11:25:35+00:00\",\"description\":\"\u0130lham\u0131n\u0131 mavi \u00e7atal kuyruk ku\u015fundan alan bu madalyonumuz, \u00e7o\u011fu k\u00fclt\u00fcrde huzuru ve ne\u015feyi sembolize etmesiyle bilinir.\",\"breadcrumb\":{\"@id\":\"https:\/\/larissajewellery.com\/product\/huzur\/#breadcrumb\"},\"inLanguage\":\"en-US\",\"potentialAction\":[{\"@type\":\"ReadAction\",\"target\":[\"https:\/\/larissajewellery.com\/product\/huzur\/\"]}]},{\"@type\":\"ImageObject\",\"inLanguage\":\"en-US\",\"@id\":\"https:\/\/larissajewellery.com\/product\/huzur\/#primaryimage\",\"url\":\"https:\/\/larissajewellery.com\/wp-content\/uploads\/2022\/01\/8538FD92-4142-497C-9982-76B0A12C5F20-scaled.jpeg\",\"contentUrl\":\"https:\/\/larissajewellery.com\/wp-content\/uploads\/2022\/01\/8538FD92-4142-497C-9982-76B0A12C5F20-scaled.jpeg\",\"width\":2560,\"height\":1703},{\"@type\":\"BreadcrumbList\",\"@id\":\"https:\/\/larissajewellery.com\/product\/huzur\/#breadcrumb\",\"itemListElement\":[{\"@type\":\"ListItem\",\"position\":1,\"name\":\"Home\",\"item\":\"https:\/\/larissajewellery.com\/\"},{\"@type\":\"ListItem\",\"position\":2,\"name\":\"Kategoriler\",\"item\":\"https:\/\/larissajewellery.com\/en\/magaza\/\"},{\"@type\":\"ListItem\",\"position\":3,\"name\":\"Huzur\"}]},{\"@type\":\"WebSite\",\"@id\":\"https:\/\/larissajewellery.com\/#website\",\"url\":\"https:\/\/larissajewellery.com\/\",\"name\":\"Larissa Jewellery\",\"description\":\"Save Your Memories\",\"potentialAction\":[{\"@type\":\"SearchAction\",\"target\":{\"@type\":\"EntryPoint\",\"urlTemplate\":\"https:\/\/larissajewellery.com\/?s={search_term_string}\"},\"query-input\":{\"@type\":\"PropertyValueSpecification\",\"valueRequired\":true,\"valueName\":\"search_term_string\"}}],\"inLanguage\":\"en-US\"}]}<\/script>\n<!-- \/ Yoast SEO plugin. -->","yoast_head_json":{"title":"Huzur | Larissa Jewellery","description":"\u0130lham\u0131n\u0131 mavi \u00e7atal kuyruk ku\u015fundan alan bu madalyonumuz, \u00e7o\u011fu k\u00fclt\u00fcrde huzuru ve ne\u015feyi sembolize etmesiyle bilinir.","robots":{"index":"index","follow":"follow","max-snippet":"max-snippet:-1","max-image-preview":"max-image-preview:large","max-video-preview":"max-video-preview:-1"},"canonical":"https:\/\/larissajewellery.com\/en\/product\/huzur\/","og_locale":"en_US","og_type":"article","og_title":"Huzur | Larissa Jewellery","og_description":"\u0130lham\u0131n\u0131 mavi \u00e7atal kuyruk ku\u015fundan alan bu madalyonumuz, \u00e7o\u011fu k\u00fclt\u00fcrde huzuru ve ne\u015feyi sembolize etmesiyle bilinir.","og_url":"https:\/\/larissajewellery.com\/en\/product\/huzur\/","og_site_name":"Larissa Jewellery","article_modified_time":"2026-04-10T11:25:35+00:00","og_image":[{"width":2560,"height":1703,"url":"http:\/\/larissajewellery.com\/wp-content\/uploads\/2022\/01\/8538FD92-4142-497C-9982-76B0A12C5F20-scaled.jpeg","type":"image\/jpeg"}],"twitter_card":"summary_large_image","twitter_misc":{"Est. reading time":"1 minute"},"schema":{"@context":"https:\/\/schema.org","@graph":[{"@type":"WebPage","@id":"https:\/\/larissajewellery.com\/product\/huzur\/","url":"https:\/\/larissajewellery.com\/product\/huzur\/","name":"Huzur | Larissa Jewellery","isPartOf":{"@id":"https:\/\/larissajewellery.com\/#website"},"primaryImageOfPage":{"@id":"https:\/\/larissajewellery.com\/product\/huzur\/#primaryimage"},"image":{"@id":"https:\/\/larissajewellery.com\/product\/huzur\/#primaryimage"},"thumbnailUrl":"https:\/\/larissajewellery.com\/wp-content\/uploads\/2022\/01\/8538FD92-4142-497C-9982-76B0A12C5F20-scaled.jpeg","datePublished":"2026-04-10T11:09:23+00:00","dateModified":"2026-04-10T11:25:35+00:00","description":"\u0130lham\u0131n\u0131 mavi \u00e7atal kuyruk ku\u015fundan alan bu madalyonumuz, \u00e7o\u011fu k\u00fclt\u00fcrde huzuru ve ne\u015feyi sembolize etmesiyle bilinir.","breadcrumb":{"@id":"https:\/\/larissajewellery.com\/product\/huzur\/#breadcrumb"},"inLanguage":"en-US","potentialAction":[{"@type":"ReadAction","target":["https:\/\/larissajewellery.com\/product\/huzur\/"]}]},{"@type":"ImageObject","inLanguage":"en-US","@id":"https:\/\/larissajewellery.com\/product\/huzur\/#primaryimage","url":"https:\/\/larissajewellery.com\/wp-content\/uploads\/2022\/01\/8538FD92-4142-497C-9982-76B0A12C5F20-scaled.jpeg","contentUrl":"https:\/\/larissajewellery.com\/wp-content\/uploads\/2022\/01\/8538FD92-4142-497C-9982-76B0A12C5F20-scaled.jpeg","width":2560,"height":1703},{"@type":"BreadcrumbList","@id":"https:\/\/larissajewellery.com\/product\/huzur\/#breadcrumb","itemListElement":[{"@type":"ListItem","position":1,"name":"Home","item":"https:\/\/larissajewellery.com\/"},{"@type":"ListItem","position":2,"name":"Kategoriler","item":"https:\/\/larissajewellery.com\/en\/magaza\/"},{"@type":"ListItem","position":3,"name":"Huzur"}]},{"@type":"WebSite","@id":"https:\/\/larissajewellery.com\/#website","url":"https:\/\/larissajewellery.com\/","name":"Larissa Jewelery","description":"Save Your Memories","potentialAction":[{"@type":"SearchAction","target":{"@type":"EntryPoint","urlTemplate":"https:\/\/larissajewellery.com\/?s={search_term_string}"},"query-input":{"@type":"PropertyValueSpecification","valueRequired":true,"valueName":"search_term_string"}}],"inLanguage":"en-US"}]}},"_links":{"self":[{"href":"https:\/\/larissajewellery.com\/en\/wp-json\/wp\/v2\/product\/9723","targetHints":{"allow":["GET"]}}],"collection":[{"href":"https:\/\/larissajewellery.com\/en\/wp-json\/wp\/v2\/product"}],"about":[{"href":"https:\/\/larissajewellery.com\/en\/wp-json\/wp\/v2\/types\/product"}],"replies":[{"embeddable":true,"href":"https:\/\/larissajewellery.com\/en\/wp-json\/wp\/v2\/comments?post=9723"}],"wp:featuredmedia":[{"embeddable":true,"href":"https:\/\/larissajewellery.com\/en\/wp-json\/wp\/v2\/media\/8214"}],"wp:attachment":[{"href":"https:\/\/larissajewellery.com\/en\/wp-json\/wp\/v2\/media?parent=9723"}],"wp:term":[{"taxonomy":"product_brand","embeddable":true,"href":"https:\/\/larissajewellery.com\/en\/wp-json\/wp\/v2\/product_brand?post=9723"},{"taxonomy":"product_cat","embeddable":true,"href":"https:\/\/larissajewellery.com\/en\/wp-json\/wp\/v2\/product_cat?post=9723"},{"taxonomy":"product_tag","embeddable":true,"href":"https:\/\/larissajewellery.com\/en\/wp-json\/wp\/v2\/product_tag?post=9723"}],"curies":[{"name":"wp","href":"https:\/\/api.w.org\/{rel}","templated":true}]}}