{"id":9711,"date":"2026-04-09T16:41:10","date_gmt":"2026-04-09T13:41:10","guid":{"rendered":"https:\/\/larissajewellery.com\/?post_type=product&#038;p=9711"},"modified":"2026-04-09T16:47:20","modified_gmt":"2026-04-09T13:47:20","slug":"nesiller","status":"publish","type":"product","link":"https:\/\/larissajewellery.com\/en\/product\/nesiller\/","title":{"rendered":"Nesiller"},"content":{"rendered":"<p>Zaman ge\u00e7mez katman katman a\u00e7\u0131l\u0131r.<\/p>\n<p>Ortada tam a\u00e7m\u0131\u015f bir g\u00fcl,<br \/>\n\u00e7evresinde onun ya\u015fad\u0131\u011f\u0131 her an\u0131 ta\u015f\u0131yan bir daire.<\/p>\n<p>Her detay\u0131 f\u0131s\u0131ldar:<br \/>\nnereden geldi\u011fimiz,<br \/>\nve neyi ileri ta\u015f\u0131d\u0131\u011f\u0131m\u0131z.<\/p>\n<p>Bloom of Time,<br \/>\nge\u00e7mi\u015f, \u015fimdi ve gelece\u011fin bulu\u015ftu\u011fu,<br \/>\nher an\u0131n\u0131n yerini buldu\u011fu bir hat\u0131rad\u0131r.<\/p>\n<p>P\u0131rlanta: 0,18 ct. Damla 0,02 ct. Yuvarlak (F-VS)<\/p>\n<p>Charm \u00fczerine diledi\u011finiz harfleri ve tarihi ekleyebiliriz. L\u00fctfen detayl\u0131 bilgi i\u00e7in bizimle ileti\u015fime ge\u00e7iniz.<\/p>","protected":false},"excerpt":{"rendered":"<p>Ge\u00e7mi\u015ften gelen, gelece\u011fe b\u0131rak\u0131lan g\u00f6r\u00fcnmez bir ba\u011f<\/p>","protected":false},"featured_media":9343,"comment_status":"closed","ping_status":"closed","template":"","meta":[],"product_brand":[],"product_cat":[244],"product_tag":[],"class_list":{"0":"post-9711","1":"product","2":"type-product","3":"status-publish","4":"has-post-thumbnail","6":"product_cat-aile-kokler","8":"first","9":"instock","10":"shipping-taxable","11":"purchasable","12":"product-type-variable"},"yoast_head":"<!-- This site is optimized with the Yoast SEO plugin v27.2 - https:\/\/yoast.com\/product\/yoast-seo-wordpress\/ -->\n<title>Nesiller | Larissa Jewellery<\/title>\n<meta name=\"robots\" content=\"index, follow, max-snippet:-1, max-image-preview:large, max-video-preview:-1\" \/>\n<link rel=\"canonical\" href=\"https:\/\/larissajewellery.com\/en\/product\/nesiller\/\" \/>\n<meta property=\"og:locale\" content=\"en_US\" \/>\n<meta property=\"og:type\" content=\"article\" \/>\n<meta property=\"og:title\" content=\"Nesiller | Larissa Jewellery\" \/>\n<meta property=\"og:description\" content=\"Ge\u00e7mi\u015ften gelen, gelece\u011fe b\u0131rak\u0131lan g\u00f6r\u00fcnmez bir ba\u011f\" \/>\n<meta property=\"og:url\" content=\"https:\/\/larissajewellery.com\/en\/product\/nesiller\/\" \/>\n<meta property=\"og:site_name\" content=\"Larissa Jewellery\" \/>\n<meta property=\"article:modified_time\" content=\"2026-04-09T13:47:20+00:00\" \/>\n<meta property=\"og:image\" content=\"http:\/\/larissajewellery.com\/wp-content\/uploads\/2026\/04\/PCM074-scaled.jpg\" \/>\n\t<meta property=\"og:image:width\" content=\"2560\" \/>\n\t<meta property=\"og:image:height\" content=\"1991\" \/>\n\t<meta property=\"og:image:type\" content=\"image\/jpeg\" \/>\n<meta name=\"twitter:card\" content=\"summary_large_image\" \/>\n<meta name=\"twitter:label1\" content=\"Est. reading time\" \/>\n\t<meta name=\"twitter:data1\" content=\"1 minute\" \/>\n<script type=\"application\/ld+json\" class=\"yoast-schema-graph\">{\"@context\":\"https:\/\/schema.org\",\"@graph\":[{\"@type\":\"WebPage\",\"@id\":\"https:\/\/larissajewellery.com\/product\/nesiller\/\",\"url\":\"https:\/\/larissajewellery.com\/product\/nesiller\/\",\"name\":\"Nesiller | Larissa Jewellery\",\"isPartOf\":{\"@id\":\"https:\/\/larissajewellery.com\/#website\"},\"primaryImageOfPage\":{\"@id\":\"https:\/\/larissajewellery.com\/product\/nesiller\/#primaryimage\"},\"image\":{\"@id\":\"https:\/\/larissajewellery.com\/product\/nesiller\/#primaryimage\"},\"thumbnailUrl\":\"https:\/\/larissajewellery.com\/wp-content\/uploads\/2026\/04\/PCM074-scaled.jpg\",\"datePublished\":\"2026-04-09T13:41:10+00:00\",\"dateModified\":\"2026-04-09T13:47:20+00:00\",\"breadcrumb\":{\"@id\":\"https:\/\/larissajewellery.com\/product\/nesiller\/#breadcrumb\"},\"inLanguage\":\"en-US\",\"potentialAction\":[{\"@type\":\"ReadAction\",\"target\":[\"https:\/\/larissajewellery.com\/product\/nesiller\/\"]}]},{\"@type\":\"ImageObject\",\"inLanguage\":\"en-US\",\"@id\":\"https:\/\/larissajewellery.com\/product\/nesiller\/#primaryimage\",\"url\":\"https:\/\/larissajewellery.com\/wp-content\/uploads\/2026\/04\/PCM074-scaled.jpg\",\"contentUrl\":\"https:\/\/larissajewellery.com\/wp-content\/uploads\/2026\/04\/PCM074-scaled.jpg\",\"width\":2560,\"height\":1991},{\"@type\":\"BreadcrumbList\",\"@id\":\"https:\/\/larissajewellery.com\/product\/nesiller\/#breadcrumb\",\"itemListElement\":[{\"@type\":\"ListItem\",\"position\":1,\"name\":\"Home\",\"item\":\"https:\/\/larissajewellery.com\/\"},{\"@type\":\"ListItem\",\"position\":2,\"name\":\"Kategoriler\",\"item\":\"https:\/\/larissajewellery.com\/en\/magaza\/\"},{\"@type\":\"ListItem\",\"position\":3,\"name\":\"Nesiller\"}]},{\"@type\":\"WebSite\",\"@id\":\"https:\/\/larissajewellery.com\/#website\",\"url\":\"https:\/\/larissajewellery.com\/\",\"name\":\"Larissa Jewellery\",\"description\":\"Save Your Memories\",\"potentialAction\":[{\"@type\":\"SearchAction\",\"target\":{\"@type\":\"EntryPoint\",\"urlTemplate\":\"https:\/\/larissajewellery.com\/?s={search_term_string}\"},\"query-input\":{\"@type\":\"PropertyValueSpecification\",\"valueRequired\":true,\"valueName\":\"search_term_string\"}}],\"inLanguage\":\"en-US\"}]}<\/script>\n<!-- \/ Yoast SEO plugin. -->","yoast_head_json":{"title":"Nesiller | Larissa Jewellery","robots":{"index":"index","follow":"follow","max-snippet":"max-snippet:-1","max-image-preview":"max-image-preview:large","max-video-preview":"max-video-preview:-1"},"canonical":"https:\/\/larissajewellery.com\/en\/product\/nesiller\/","og_locale":"en_US","og_type":"article","og_title":"Nesiller | Larissa Jewellery","og_description":"Ge\u00e7mi\u015ften gelen, gelece\u011fe b\u0131rak\u0131lan g\u00f6r\u00fcnmez bir ba\u011f","og_url":"https:\/\/larissajewellery.com\/en\/product\/nesiller\/","og_site_name":"Larissa Jewellery","article_modified_time":"2026-04-09T13:47:20+00:00","og_image":[{"width":2560,"height":1991,"url":"http:\/\/larissajewellery.com\/wp-content\/uploads\/2026\/04\/PCM074-scaled.jpg","type":"image\/jpeg"}],"twitter_card":"summary_large_image","twitter_misc":{"Est. reading time":"1 minute"},"schema":{"@context":"https:\/\/schema.org","@graph":[{"@type":"WebPage","@id":"https:\/\/larissajewellery.com\/product\/nesiller\/","url":"https:\/\/larissajewellery.com\/product\/nesiller\/","name":"Nesiller | Larissa Jewellery","isPartOf":{"@id":"https:\/\/larissajewellery.com\/#website"},"primaryImageOfPage":{"@id":"https:\/\/larissajewellery.com\/product\/nesiller\/#primaryimage"},"image":{"@id":"https:\/\/larissajewellery.com\/product\/nesiller\/#primaryimage"},"thumbnailUrl":"https:\/\/larissajewellery.com\/wp-content\/uploads\/2026\/04\/PCM074-scaled.jpg","datePublished":"2026-04-09T13:41:10+00:00","dateModified":"2026-04-09T13:47:20+00:00","breadcrumb":{"@id":"https:\/\/larissajewellery.com\/product\/nesiller\/#breadcrumb"},"inLanguage":"en-US","potentialAction":[{"@type":"ReadAction","target":["https:\/\/larissajewellery.com\/product\/nesiller\/"]}]},{"@type":"ImageObject","inLanguage":"en-US","@id":"https:\/\/larissajewellery.com\/product\/nesiller\/#primaryimage","url":"https:\/\/larissajewellery.com\/wp-content\/uploads\/2026\/04\/PCM074-scaled.jpg","contentUrl":"https:\/\/larissajewellery.com\/wp-content\/uploads\/2026\/04\/PCM074-scaled.jpg","width":2560,"height":1991},{"@type":"BreadcrumbList","@id":"https:\/\/larissajewellery.com\/product\/nesiller\/#breadcrumb","itemListElement":[{"@type":"ListItem","position":1,"name":"Home","item":"https:\/\/larissajewellery.com\/"},{"@type":"ListItem","position":2,"name":"Kategoriler","item":"https:\/\/larissajewellery.com\/en\/magaza\/"},{"@type":"ListItem","position":3,"name":"Nesiller"}]},{"@type":"WebSite","@id":"https:\/\/larissajewellery.com\/#website","url":"https:\/\/larissajewellery.com\/","name":"Larissa Jewelery","description":"Save Your Memories","potentialAction":[{"@type":"SearchAction","target":{"@type":"EntryPoint","urlTemplate":"https:\/\/larissajewellery.com\/?s={search_term_string}"},"query-input":{"@type":"PropertyValueSpecification","valueRequired":true,"valueName":"search_term_string"}}],"inLanguage":"en-US"}]}},"_links":{"self":[{"href":"https:\/\/larissajewellery.com\/en\/wp-json\/wp\/v2\/product\/9711","targetHints":{"allow":["GET"]}}],"collection":[{"href":"https:\/\/larissajewellery.com\/en\/wp-json\/wp\/v2\/product"}],"about":[{"href":"https:\/\/larissajewellery.com\/en\/wp-json\/wp\/v2\/types\/product"}],"replies":[{"embeddable":true,"href":"https:\/\/larissajewellery.com\/en\/wp-json\/wp\/v2\/comments?post=9711"}],"wp:featuredmedia":[{"embeddable":true,"href":"https:\/\/larissajewellery.com\/en\/wp-json\/wp\/v2\/media\/9343"}],"wp:attachment":[{"href":"https:\/\/larissajewellery.com\/en\/wp-json\/wp\/v2\/media?parent=9711"}],"wp:term":[{"taxonomy":"product_brand","embeddable":true,"href":"https:\/\/larissajewellery.com\/en\/wp-json\/wp\/v2\/product_brand?post=9711"},{"taxonomy":"product_cat","embeddable":true,"href":"https:\/\/larissajewellery.com\/en\/wp-json\/wp\/v2\/product_cat?post=9711"},{"taxonomy":"product_tag","embeddable":true,"href":"https:\/\/larissajewellery.com\/en\/wp-json\/wp\/v2\/product_tag?post=9711"}],"curies":[{"name":"wp","href":"https:\/\/api.w.org\/{rel}","templated":true}]}}