{"id":9710,"date":"2026-04-09T16:29:04","date_gmt":"2026-04-09T13:29:04","guid":{"rendered":"https:\/\/larissajewellery.com\/?post_type=product&#038;p=9710"},"modified":"2026-04-09T16:29:45","modified_gmt":"2026-04-09T13:29:45","slug":"ruh-esim","status":"publish","type":"product","link":"https:\/\/larissajewellery.com\/en\/product\/ruh-esim\/","title":{"rendered":"Ruh E\u015fim"},"content":{"rendered":"<p>The moon that lights up the sky in the night and the sun that warms us inside in the morning meets in this medallion. Designed to soothe your mind with the moon and warm your soul with the sun.<\/p>\n<p>Our products are made upon order, in any color. Please contact us at info@larissajewellery.com or use the contact form to communicate any specialization you may want.<\/p>\n<p>14 K Gold<\/p>\n<p>Diamond: 0.13 ct (F-G \/ VS-SI)<\/p>","protected":false},"excerpt":{"rendered":"<p>Kalabal\u0131klar i\u00e7inde seni bulan ve hep yan\u0131nda kalan<\/p>","protected":false},"featured_media":8218,"comment_status":"open","ping_status":"closed","template":"","meta":[],"product_brand":[],"product_cat":[243],"product_tag":[],"class_list":{"0":"post-9710","1":"product","2":"type-product","3":"status-publish","4":"has-post-thumbnail","6":"product_cat-ask-baglilik","8":"first","9":"instock","10":"shipping-taxable","11":"purchasable","12":"product-type-simple"},"yoast_head":"<!-- This site is optimized with the Yoast SEO plugin v27.2 - https:\/\/yoast.com\/product\/yoast-seo-wordpress\/ -->\n<title>Ruh E\u015fim | Larissa Jewellery<\/title>\n<meta name=\"description\" content=\"Gecenin karanl\u0131\u011f\u0131nda parlayan ay ve g\u00fcnd\u00fczleri s\u0131cakl\u0131\u011f\u0131yla i\u00e7imizi \u0131s\u0131tan g\u00fcne\u015f madalyonumuz.\" \/>\n<meta name=\"robots\" content=\"index, follow, max-snippet:-1, max-image-preview:large, max-video-preview:-1\" \/>\n<link rel=\"canonical\" href=\"https:\/\/larissajewellery.com\/en\/product\/ruh-esim\/\" \/>\n<meta property=\"og:locale\" content=\"en_US\" \/>\n<meta property=\"og:type\" content=\"article\" \/>\n<meta property=\"og:title\" content=\"Ruh E\u015fim | Larissa Jewellery\" \/>\n<meta property=\"og:description\" content=\"Gecenin karanl\u0131\u011f\u0131nda parlayan ay ve g\u00fcnd\u00fczleri s\u0131cakl\u0131\u011f\u0131yla i\u00e7imizi \u0131s\u0131tan g\u00fcne\u015f madalyonumuz.\" \/>\n<meta property=\"og:url\" content=\"https:\/\/larissajewellery.com\/en\/product\/ruh-esim\/\" \/>\n<meta property=\"og:site_name\" content=\"Larissa Jewellery\" \/>\n<meta property=\"article:modified_time\" content=\"2026-04-09T13:29:45+00:00\" \/>\n<meta property=\"og:image\" content=\"http:\/\/larissajewellery.com\/wp-content\/uploads\/2022\/01\/0D3147D1-0B0F-4FD1-8910-39B06FFA92B0-scaled.jpeg\" \/>\n\t<meta property=\"og:image:width\" content=\"2560\" \/>\n\t<meta property=\"og:image:height\" content=\"1703\" \/>\n\t<meta property=\"og:image:type\" content=\"image\/jpeg\" \/>\n<meta name=\"twitter:card\" content=\"summary_large_image\" \/>\n<meta name=\"twitter:label1\" content=\"Est. reading time\" \/>\n\t<meta name=\"twitter:data1\" content=\"1 minute\" \/>\n<script type=\"application\/ld+json\" class=\"yoast-schema-graph\">{\"@context\":\"https:\/\/schema.org\",\"@graph\":[{\"@type\":\"WebPage\",\"@id\":\"https:\/\/larissajewellery.com\/product\/ruh-esim\/\",\"url\":\"https:\/\/larissajewellery.com\/product\/ruh-esim\/\",\"name\":\"Ruh E\u015fim | Larissa Jewellery\",\"isPartOf\":{\"@id\":\"https:\/\/larissajewellery.com\/#website\"},\"primaryImageOfPage\":{\"@id\":\"https:\/\/larissajewellery.com\/product\/ruh-esim\/#primaryimage\"},\"image\":{\"@id\":\"https:\/\/larissajewellery.com\/product\/ruh-esim\/#primaryimage\"},\"thumbnailUrl\":\"https:\/\/larissajewellery.com\/wp-content\/uploads\/2022\/01\/0D3147D1-0B0F-4FD1-8910-39B06FFA92B0-scaled.jpeg\",\"datePublished\":\"2026-04-09T13:29:04+00:00\",\"dateModified\":\"2026-04-09T13:29:45+00:00\",\"description\":\"Gecenin karanl\u0131\u011f\u0131nda parlayan ay ve g\u00fcnd\u00fczleri s\u0131cakl\u0131\u011f\u0131yla i\u00e7imizi \u0131s\u0131tan g\u00fcne\u015f madalyonumuz.\",\"breadcrumb\":{\"@id\":\"https:\/\/larissajewellery.com\/product\/ruh-esim\/#breadcrumb\"},\"inLanguage\":\"en-US\",\"potentialAction\":[{\"@type\":\"ReadAction\",\"target\":[\"https:\/\/larissajewellery.com\/product\/ruh-esim\/\"]}]},{\"@type\":\"ImageObject\",\"inLanguage\":\"en-US\",\"@id\":\"https:\/\/larissajewellery.com\/product\/ruh-esim\/#primaryimage\",\"url\":\"https:\/\/larissajewellery.com\/wp-content\/uploads\/2022\/01\/0D3147D1-0B0F-4FD1-8910-39B06FFA92B0-scaled.jpeg\",\"contentUrl\":\"https:\/\/larissajewellery.com\/wp-content\/uploads\/2022\/01\/0D3147D1-0B0F-4FD1-8910-39B06FFA92B0-scaled.jpeg\",\"width\":2560,\"height\":1703},{\"@type\":\"BreadcrumbList\",\"@id\":\"https:\/\/larissajewellery.com\/product\/ruh-esim\/#breadcrumb\",\"itemListElement\":[{\"@type\":\"ListItem\",\"position\":1,\"name\":\"Home\",\"item\":\"https:\/\/larissajewellery.com\/\"},{\"@type\":\"ListItem\",\"position\":2,\"name\":\"Kategoriler\",\"item\":\"https:\/\/larissajewellery.com\/en\/magaza\/\"},{\"@type\":\"ListItem\",\"position\":3,\"name\":\"Ruh E\u015fim\"}]},{\"@type\":\"WebSite\",\"@id\":\"https:\/\/larissajewellery.com\/#website\",\"url\":\"https:\/\/larissajewellery.com\/\",\"name\":\"Larissa Jewellery\",\"description\":\"Save Your Memories\",\"potentialAction\":[{\"@type\":\"SearchAction\",\"target\":{\"@type\":\"EntryPoint\",\"urlTemplate\":\"https:\/\/larissajewellery.com\/?s={search_term_string}\"},\"query-input\":{\"@type\":\"PropertyValueSpecification\",\"valueRequired\":true,\"valueName\":\"search_term_string\"}}],\"inLanguage\":\"en-US\"}]}<\/script>\n<!-- \/ Yoast SEO plugin. -->","yoast_head_json":{"title":"Ruh E\u015fim | Larissa Jewellery","description":"Gecenin karanl\u0131\u011f\u0131nda parlayan ay ve g\u00fcnd\u00fczleri s\u0131cakl\u0131\u011f\u0131yla i\u00e7imizi \u0131s\u0131tan g\u00fcne\u015f madalyonumuz.","robots":{"index":"index","follow":"follow","max-snippet":"max-snippet:-1","max-image-preview":"max-image-preview:large","max-video-preview":"max-video-preview:-1"},"canonical":"https:\/\/larissajewellery.com\/en\/product\/ruh-esim\/","og_locale":"en_US","og_type":"article","og_title":"Ruh E\u015fim | Larissa Jewellery","og_description":"Gecenin karanl\u0131\u011f\u0131nda parlayan ay ve g\u00fcnd\u00fczleri s\u0131cakl\u0131\u011f\u0131yla i\u00e7imizi \u0131s\u0131tan g\u00fcne\u015f madalyonumuz.","og_url":"https:\/\/larissajewellery.com\/en\/product\/ruh-esim\/","og_site_name":"Larissa Jewellery","article_modified_time":"2026-04-09T13:29:45+00:00","og_image":[{"width":2560,"height":1703,"url":"http:\/\/larissajewellery.com\/wp-content\/uploads\/2022\/01\/0D3147D1-0B0F-4FD1-8910-39B06FFA92B0-scaled.jpeg","type":"image\/jpeg"}],"twitter_card":"summary_large_image","twitter_misc":{"Est. reading time":"1 minute"},"schema":{"@context":"https:\/\/schema.org","@graph":[{"@type":"WebPage","@id":"https:\/\/larissajewellery.com\/product\/ruh-esim\/","url":"https:\/\/larissajewellery.com\/product\/ruh-esim\/","name":"Ruh E\u015fim | Larissa Jewellery","isPartOf":{"@id":"https:\/\/larissajewellery.com\/#website"},"primaryImageOfPage":{"@id":"https:\/\/larissajewellery.com\/product\/ruh-esim\/#primaryimage"},"image":{"@id":"https:\/\/larissajewellery.com\/product\/ruh-esim\/#primaryimage"},"thumbnailUrl":"https:\/\/larissajewellery.com\/wp-content\/uploads\/2022\/01\/0D3147D1-0B0F-4FD1-8910-39B06FFA92B0-scaled.jpeg","datePublished":"2026-04-09T13:29:04+00:00","dateModified":"2026-04-09T13:29:45+00:00","description":"Gecenin karanl\u0131\u011f\u0131nda parlayan ay ve g\u00fcnd\u00fczleri s\u0131cakl\u0131\u011f\u0131yla i\u00e7imizi \u0131s\u0131tan g\u00fcne\u015f madalyonumuz.","breadcrumb":{"@id":"https:\/\/larissajewellery.com\/product\/ruh-esim\/#breadcrumb"},"inLanguage":"en-US","potentialAction":[{"@type":"ReadAction","target":["https:\/\/larissajewellery.com\/product\/ruh-esim\/"]}]},{"@type":"ImageObject","inLanguage":"en-US","@id":"https:\/\/larissajewellery.com\/product\/ruh-esim\/#primaryimage","url":"https:\/\/larissajewellery.com\/wp-content\/uploads\/2022\/01\/0D3147D1-0B0F-4FD1-8910-39B06FFA92B0-scaled.jpeg","contentUrl":"https:\/\/larissajewellery.com\/wp-content\/uploads\/2022\/01\/0D3147D1-0B0F-4FD1-8910-39B06FFA92B0-scaled.jpeg","width":2560,"height":1703},{"@type":"BreadcrumbList","@id":"https:\/\/larissajewellery.com\/product\/ruh-esim\/#breadcrumb","itemListElement":[{"@type":"ListItem","position":1,"name":"Home","item":"https:\/\/larissajewellery.com\/"},{"@type":"ListItem","position":2,"name":"Kategoriler","item":"https:\/\/larissajewellery.com\/en\/magaza\/"},{"@type":"ListItem","position":3,"name":"Ruh E\u015fim"}]},{"@type":"WebSite","@id":"https:\/\/larissajewellery.com\/#website","url":"https:\/\/larissajewellery.com\/","name":"Larissa Jewelery","description":"Save Your Memories","potentialAction":[{"@type":"SearchAction","target":{"@type":"EntryPoint","urlTemplate":"https:\/\/larissajewellery.com\/?s={search_term_string}"},"query-input":{"@type":"PropertyValueSpecification","valueRequired":true,"valueName":"search_term_string"}}],"inLanguage":"en-US"}]}},"_links":{"self":[{"href":"https:\/\/larissajewellery.com\/en\/wp-json\/wp\/v2\/product\/9710","targetHints":{"allow":["GET"]}}],"collection":[{"href":"https:\/\/larissajewellery.com\/en\/wp-json\/wp\/v2\/product"}],"about":[{"href":"https:\/\/larissajewellery.com\/en\/wp-json\/wp\/v2\/types\/product"}],"replies":[{"embeddable":true,"href":"https:\/\/larissajewellery.com\/en\/wp-json\/wp\/v2\/comments?post=9710"}],"wp:featuredmedia":[{"embeddable":true,"href":"https:\/\/larissajewellery.com\/en\/wp-json\/wp\/v2\/media\/8218"}],"wp:attachment":[{"href":"https:\/\/larissajewellery.com\/en\/wp-json\/wp\/v2\/media?parent=9710"}],"wp:term":[{"taxonomy":"product_brand","embeddable":true,"href":"https:\/\/larissajewellery.com\/en\/wp-json\/wp\/v2\/product_brand?post=9710"},{"taxonomy":"product_cat","embeddable":true,"href":"https:\/\/larissajewellery.com\/en\/wp-json\/wp\/v2\/product_cat?post=9710"},{"taxonomy":"product_tag","embeddable":true,"href":"https:\/\/larissajewellery.com\/en\/wp-json\/wp\/v2\/product_tag?post=9710"}],"curies":[{"name":"wp","href":"https:\/\/api.w.org\/{rel}","templated":true}]}}