{"id":9709,"date":"2026-04-09T16:27:16","date_gmt":"2026-04-09T13:27:16","guid":{"rendered":"https:\/\/larissajewellery.com\/?post_type=product&#038;p=9709"},"modified":"2026-04-09T16:28:13","modified_gmt":"2026-04-09T13:28:13","slug":"kesfetmek-kirmizi","status":"publish","type":"product","link":"https:\/\/larissajewellery.com\/en\/product\/kesfetmek-kirmizi\/","title":{"rendered":"Ke\u015ffetmek- K\u0131rm\u0131z\u0131"},"content":{"rendered":"<p>Our medallion represents exploring yourself. \"aut viam inveniam aut faciam\" is written on the back which means \"I'll either find a way or make a way\" in Latin. So you can remind yourself that exploring yourself is a process and that there are multiple ways.<\/p>\n<p>Our products are made upon order, it is special for you and can be made in any color. Please contact us at info@larissajewellery.com or use the contact form to communicate any specialization you may want.<\/p>\n<p>14 K Gold<\/p>\n<p>Diamond: 0.05 ct (F-G\/VS-SI)<\/p>","protected":false},"excerpt":{"rendered":"<p>Kendini ke\u015ffetme yoluna \u00e7\u0131kan ki\u015filer i\u00e7in<\/p>","protected":false},"featured_media":7875,"comment_status":"open","ping_status":"closed","template":"","meta":[],"product_brand":[],"product_cat":[246],"product_tag":[],"class_list":{"0":"post-9709","1":"product","2":"type-product","3":"status-publish","4":"has-post-thumbnail","6":"product_cat-benlik-yolculuk","8":"first","9":"instock","10":"shipping-taxable","11":"purchasable","12":"product-type-simple"},"yoast_head":"<!-- This site is optimized with the Yoast SEO plugin v27.2 - https:\/\/yoast.com\/product\/yoast-seo-wordpress\/ -->\n<title>Ke\u015ffetmek- K\u0131rm\u0131z\u0131 | Larissa Jewellery<\/title>\n<meta name=\"description\" content=\"\u00dcr\u00fcnlerimiz sipari\u015f \u00fczerine yap\u0131ld\u0131\u011f\u0131 i\u00e7in, madalyonumuz istenilen renkte ki\u015fiye \u00f6zel olarak haz\u0131rlanabilmektedir.\u00a0\" \/>\n<meta name=\"robots\" content=\"index, follow, max-snippet:-1, max-image-preview:large, max-video-preview:-1\" \/>\n<link rel=\"canonical\" href=\"https:\/\/larissajewellery.com\/en\/product\/kesfetmek-kirmizi\/\" \/>\n<meta property=\"og:locale\" content=\"en_US\" \/>\n<meta property=\"og:type\" content=\"article\" \/>\n<meta property=\"og:title\" content=\"Ke\u015ffetmek- K\u0131rm\u0131z\u0131 | Larissa Jewellery\" \/>\n<meta property=\"og:description\" content=\"\u00dcr\u00fcnlerimiz sipari\u015f \u00fczerine yap\u0131ld\u0131\u011f\u0131 i\u00e7in, madalyonumuz istenilen renkte ki\u015fiye \u00f6zel olarak haz\u0131rlanabilmektedir.\u00a0\" \/>\n<meta property=\"og:url\" content=\"https:\/\/larissajewellery.com\/en\/product\/kesfetmek-kirmizi\/\" \/>\n<meta property=\"og:site_name\" content=\"Larissa Jewellery\" \/>\n<meta property=\"article:modified_time\" content=\"2026-04-09T13:28:13+00:00\" \/>\n<meta property=\"og:image\" content=\"http:\/\/larissajewellery.com\/wp-content\/uploads\/2022\/01\/0MA_0644-scaled.jpg\" \/>\n\t<meta property=\"og:image:width\" content=\"2560\" \/>\n\t<meta property=\"og:image:height\" content=\"1703\" \/>\n\t<meta property=\"og:image:type\" content=\"image\/jpeg\" \/>\n<meta name=\"twitter:card\" content=\"summary_large_image\" \/>\n<meta name=\"twitter:label1\" content=\"Est. reading time\" \/>\n\t<meta name=\"twitter:data1\" content=\"1 minute\" \/>\n<script type=\"application\/ld+json\" class=\"yoast-schema-graph\">{\"@context\":\"https:\/\/schema.org\",\"@graph\":[{\"@type\":\"WebPage\",\"@id\":\"https:\/\/larissajewellery.com\/product\/kesfetmek-kirmizi\/\",\"url\":\"https:\/\/larissajewellery.com\/product\/kesfetmek-kirmizi\/\",\"name\":\"Ke\u015ffetmek- K\u0131rm\u0131z\u0131 | Larissa Jewellery\",\"isPartOf\":{\"@id\":\"https:\/\/larissajewellery.com\/#website\"},\"primaryImageOfPage\":{\"@id\":\"https:\/\/larissajewellery.com\/product\/kesfetmek-kirmizi\/#primaryimage\"},\"image\":{\"@id\":\"https:\/\/larissajewellery.com\/product\/kesfetmek-kirmizi\/#primaryimage\"},\"thumbnailUrl\":\"https:\/\/larissajewellery.com\/wp-content\/uploads\/2022\/01\/0MA_0644-scaled.jpg\",\"datePublished\":\"2026-04-09T13:27:16+00:00\",\"dateModified\":\"2026-04-09T13:28:13+00:00\",\"description\":\"\u00dcr\u00fcnlerimiz sipari\u015f \u00fczerine yap\u0131ld\u0131\u011f\u0131 i\u00e7in, madalyonumuz istenilen renkte ki\u015fiye \u00f6zel olarak haz\u0131rlanabilmektedir.\u00a0\",\"breadcrumb\":{\"@id\":\"https:\/\/larissajewellery.com\/product\/kesfetmek-kirmizi\/#breadcrumb\"},\"inLanguage\":\"en-US\",\"potentialAction\":[{\"@type\":\"ReadAction\",\"target\":[\"https:\/\/larissajewellery.com\/product\/kesfetmek-kirmizi\/\"]}]},{\"@type\":\"ImageObject\",\"inLanguage\":\"en-US\",\"@id\":\"https:\/\/larissajewellery.com\/product\/kesfetmek-kirmizi\/#primaryimage\",\"url\":\"https:\/\/larissajewellery.com\/wp-content\/uploads\/2022\/01\/0MA_0644-scaled.jpg\",\"contentUrl\":\"https:\/\/larissajewellery.com\/wp-content\/uploads\/2022\/01\/0MA_0644-scaled.jpg\",\"width\":2560,\"height\":1703},{\"@type\":\"BreadcrumbList\",\"@id\":\"https:\/\/larissajewellery.com\/product\/kesfetmek-kirmizi\/#breadcrumb\",\"itemListElement\":[{\"@type\":\"ListItem\",\"position\":1,\"name\":\"Home\",\"item\":\"https:\/\/larissajewellery.com\/\"},{\"@type\":\"ListItem\",\"position\":2,\"name\":\"Kategoriler\",\"item\":\"https:\/\/larissajewellery.com\/en\/magaza\/\"},{\"@type\":\"ListItem\",\"position\":3,\"name\":\"Ke\u015ffetmek- K\u0131rm\u0131z\u0131\"}]},{\"@type\":\"WebSite\",\"@id\":\"https:\/\/larissajewellery.com\/#website\",\"url\":\"https:\/\/larissajewellery.com\/\",\"name\":\"Larissa Jewellery\",\"description\":\"Save Your Memories\",\"potentialAction\":[{\"@type\":\"SearchAction\",\"target\":{\"@type\":\"EntryPoint\",\"urlTemplate\":\"https:\/\/larissajewellery.com\/?s={search_term_string}\"},\"query-input\":{\"@type\":\"PropertyValueSpecification\",\"valueRequired\":true,\"valueName\":\"search_term_string\"}}],\"inLanguage\":\"en-US\"}]}<\/script>\n<!-- \/ Yoast SEO plugin. -->","yoast_head_json":{"title":"Ke\u015ffetmek- K\u0131rm\u0131z\u0131 | Larissa Jewellery","description":"\u00dcr\u00fcnlerimiz sipari\u015f \u00fczerine yap\u0131ld\u0131\u011f\u0131 i\u00e7in, madalyonumuz istenilen renkte ki\u015fiye \u00f6zel olarak haz\u0131rlanabilmektedir.\u00a0","robots":{"index":"index","follow":"follow","max-snippet":"max-snippet:-1","max-image-preview":"max-image-preview:large","max-video-preview":"max-video-preview:-1"},"canonical":"https:\/\/larissajewellery.com\/en\/product\/kesfetmek-kirmizi\/","og_locale":"en_US","og_type":"article","og_title":"Ke\u015ffetmek- K\u0131rm\u0131z\u0131 | Larissa Jewellery","og_description":"\u00dcr\u00fcnlerimiz sipari\u015f \u00fczerine yap\u0131ld\u0131\u011f\u0131 i\u00e7in, madalyonumuz istenilen renkte ki\u015fiye \u00f6zel olarak haz\u0131rlanabilmektedir.\u00a0","og_url":"https:\/\/larissajewellery.com\/en\/product\/kesfetmek-kirmizi\/","og_site_name":"Larissa Jewellery","article_modified_time":"2026-04-09T13:28:13+00:00","og_image":[{"width":2560,"height":1703,"url":"http:\/\/larissajewellery.com\/wp-content\/uploads\/2022\/01\/0MA_0644-scaled.jpg","type":"image\/jpeg"}],"twitter_card":"summary_large_image","twitter_misc":{"Est. reading time":"1 minute"},"schema":{"@context":"https:\/\/schema.org","@graph":[{"@type":"WebPage","@id":"https:\/\/larissajewellery.com\/product\/kesfetmek-kirmizi\/","url":"https:\/\/larissajewellery.com\/product\/kesfetmek-kirmizi\/","name":"Ke\u015ffetmek- K\u0131rm\u0131z\u0131 | Larissa Jewellery","isPartOf":{"@id":"https:\/\/larissajewellery.com\/#website"},"primaryImageOfPage":{"@id":"https:\/\/larissajewellery.com\/product\/kesfetmek-kirmizi\/#primaryimage"},"image":{"@id":"https:\/\/larissajewellery.com\/product\/kesfetmek-kirmizi\/#primaryimage"},"thumbnailUrl":"https:\/\/larissajewellery.com\/wp-content\/uploads\/2022\/01\/0MA_0644-scaled.jpg","datePublished":"2026-04-09T13:27:16+00:00","dateModified":"2026-04-09T13:28:13+00:00","description":"\u00dcr\u00fcnlerimiz sipari\u015f \u00fczerine yap\u0131ld\u0131\u011f\u0131 i\u00e7in, madalyonumuz istenilen renkte ki\u015fiye \u00f6zel olarak haz\u0131rlanabilmektedir.\u00a0","breadcrumb":{"@id":"https:\/\/larissajewellery.com\/product\/kesfetmek-kirmizi\/#breadcrumb"},"inLanguage":"en-US","potentialAction":[{"@type":"ReadAction","target":["https:\/\/larissajewellery.com\/product\/kesfetmek-kirmizi\/"]}]},{"@type":"ImageObject","inLanguage":"en-US","@id":"https:\/\/larissajewellery.com\/product\/kesfetmek-kirmizi\/#primaryimage","url":"https:\/\/larissajewellery.com\/wp-content\/uploads\/2022\/01\/0MA_0644-scaled.jpg","contentUrl":"https:\/\/larissajewellery.com\/wp-content\/uploads\/2022\/01\/0MA_0644-scaled.jpg","width":2560,"height":1703},{"@type":"BreadcrumbList","@id":"https:\/\/larissajewellery.com\/product\/kesfetmek-kirmizi\/#breadcrumb","itemListElement":[{"@type":"ListItem","position":1,"name":"Home","item":"https:\/\/larissajewellery.com\/"},{"@type":"ListItem","position":2,"name":"Kategoriler","item":"https:\/\/larissajewellery.com\/en\/magaza\/"},{"@type":"ListItem","position":3,"name":"Ke\u015ffetmek- K\u0131rm\u0131z\u0131"}]},{"@type":"WebSite","@id":"https:\/\/larissajewellery.com\/#website","url":"https:\/\/larissajewellery.com\/","name":"Larissa Jewelery","description":"Save Your Memories","potentialAction":[{"@type":"SearchAction","target":{"@type":"EntryPoint","urlTemplate":"https:\/\/larissajewellery.com\/?s={search_term_string}"},"query-input":{"@type":"PropertyValueSpecification","valueRequired":true,"valueName":"search_term_string"}}],"inLanguage":"en-US"}]}},"_links":{"self":[{"href":"https:\/\/larissajewellery.com\/en\/wp-json\/wp\/v2\/product\/9709","targetHints":{"allow":["GET"]}}],"collection":[{"href":"https:\/\/larissajewellery.com\/en\/wp-json\/wp\/v2\/product"}],"about":[{"href":"https:\/\/larissajewellery.com\/en\/wp-json\/wp\/v2\/types\/product"}],"replies":[{"embeddable":true,"href":"https:\/\/larissajewellery.com\/en\/wp-json\/wp\/v2\/comments?post=9709"}],"wp:featuredmedia":[{"embeddable":true,"href":"https:\/\/larissajewellery.com\/en\/wp-json\/wp\/v2\/media\/7875"}],"wp:attachment":[{"href":"https:\/\/larissajewellery.com\/en\/wp-json\/wp\/v2\/media?parent=9709"}],"wp:term":[{"taxonomy":"product_brand","embeddable":true,"href":"https:\/\/larissajewellery.com\/en\/wp-json\/wp\/v2\/product_brand?post=9709"},{"taxonomy":"product_cat","embeddable":true,"href":"https:\/\/larissajewellery.com\/en\/wp-json\/wp\/v2\/product_cat?post=9709"},{"taxonomy":"product_tag","embeddable":true,"href":"https:\/\/larissajewellery.com\/en\/wp-json\/wp\/v2\/product_tag?post=9709"}],"curies":[{"name":"wp","href":"https:\/\/api.w.org\/{rel}","templated":true}]}}