{"id":9704,"date":"2026-04-09T15:52:29","date_gmt":"2026-04-09T12:52:29","guid":{"rendered":"https:\/\/larissajewellery.com\/?post_type=product&#038;p=9704"},"modified":"2026-04-09T15:53:50","modified_gmt":"2026-04-09T12:53:50","slug":"zamanla","status":"publish","type":"product","link":"https:\/\/larissajewellery.com\/en\/product\/zamanla\/","title":{"rendered":"Zamanla"},"content":{"rendered":"<p>The diamonds on our medallion that we call 'True Self' represents our memories. Our memories define who we are, so what makes this piece very special is that it reminds everyone something different.<\/p>\n<p>Please contact us at info@larissajewellery.com to communicate any specializations you may want.<\/p>\n<p>14 K Gold<\/p>\n<p>Diamond: 0.08 ct (F-G\/VS-SI)<\/p>","protected":false},"excerpt":{"rendered":"<p>Baz\u0131 anlar her zaman seninle kal\u0131r, ileride nesilden nesile aktarmak isteyece\u011finiz t\u00fcm an\u0131lar i\u00e7in<\/p>","protected":false},"featured_media":8230,"comment_status":"open","ping_status":"closed","template":"","meta":[],"product_brand":[],"product_cat":[247],"product_tag":[],"class_list":{"0":"post-9704","1":"product","2":"type-product","3":"status-publish","4":"has-post-thumbnail","6":"product_cat-anlar-hatiralar","8":"first","9":"instock","10":"shipping-taxable","11":"purchasable","12":"product-type-simple"},"yoast_head":"<!-- This site is optimized with the Yoast SEO plugin v27.2 - https:\/\/yoast.com\/product\/yoast-seo-wordpress\/ -->\n<title>Zamanla | Larissa Jewellery<\/title>\n<meta name=\"description\" content=\"True self ad\u0131n\u0131 verdi\u011fimiz madalyonumuzda her bir p\u0131rlanta bir an\u0131y\u0131 temsil etmektedir. An\u0131lar\u0131m\u0131z, bizi biz yapan ya\u015fanm\u0131\u015fl\u0131klard\u0131r.\" \/>\n<meta name=\"robots\" content=\"index, follow, max-snippet:-1, max-image-preview:large, max-video-preview:-1\" \/>\n<link rel=\"canonical\" href=\"https:\/\/larissajewellery.com\/en\/product\/zamanla\/\" \/>\n<meta property=\"og:locale\" content=\"en_US\" \/>\n<meta property=\"og:type\" content=\"article\" \/>\n<meta property=\"og:title\" content=\"Zamanla | Larissa Jewellery\" \/>\n<meta property=\"og:description\" content=\"True self ad\u0131n\u0131 verdi\u011fimiz madalyonumuzda her bir p\u0131rlanta bir an\u0131y\u0131 temsil etmektedir. An\u0131lar\u0131m\u0131z, bizi biz yapan ya\u015fanm\u0131\u015fl\u0131klard\u0131r.\" \/>\n<meta property=\"og:url\" content=\"https:\/\/larissajewellery.com\/en\/product\/zamanla\/\" \/>\n<meta property=\"og:site_name\" content=\"Larissa Jewellery\" \/>\n<meta property=\"article:modified_time\" content=\"2026-04-09T12:53:50+00:00\" \/>\n<meta property=\"og:image\" content=\"http:\/\/larissajewellery.com\/wp-content\/uploads\/2022\/01\/AAB34F82-A20F-4A5C-ABE9-E348CB332C77-scaled.jpeg\" \/>\n\t<meta property=\"og:image:width\" content=\"2560\" \/>\n\t<meta property=\"og:image:height\" content=\"1703\" \/>\n\t<meta property=\"og:image:type\" content=\"image\/jpeg\" \/>\n<meta name=\"twitter:card\" content=\"summary_large_image\" \/>\n<meta name=\"twitter:label1\" content=\"Est. reading time\" \/>\n\t<meta name=\"twitter:data1\" content=\"1 minute\" \/>\n<script type=\"application\/ld+json\" class=\"yoast-schema-graph\">{\"@context\":\"https:\/\/schema.org\",\"@graph\":[{\"@type\":\"WebPage\",\"@id\":\"https:\/\/larissajewellery.com\/product\/zamanla\/\",\"url\":\"https:\/\/larissajewellery.com\/product\/zamanla\/\",\"name\":\"Zamanla | Larissa Jewellery\",\"isPartOf\":{\"@id\":\"https:\/\/larissajewellery.com\/#website\"},\"primaryImageOfPage\":{\"@id\":\"https:\/\/larissajewellery.com\/product\/zamanla\/#primaryimage\"},\"image\":{\"@id\":\"https:\/\/larissajewellery.com\/product\/zamanla\/#primaryimage\"},\"thumbnailUrl\":\"https:\/\/larissajewellery.com\/wp-content\/uploads\/2022\/01\/AAB34F82-A20F-4A5C-ABE9-E348CB332C77-scaled.jpeg\",\"datePublished\":\"2026-04-09T12:52:29+00:00\",\"dateModified\":\"2026-04-09T12:53:50+00:00\",\"description\":\"True self ad\u0131n\u0131 verdi\u011fimiz madalyonumuzda her bir p\u0131rlanta bir an\u0131y\u0131 temsil etmektedir. An\u0131lar\u0131m\u0131z, bizi biz yapan ya\u015fanm\u0131\u015fl\u0131klard\u0131r.\",\"breadcrumb\":{\"@id\":\"https:\/\/larissajewellery.com\/product\/zamanla\/#breadcrumb\"},\"inLanguage\":\"en-US\",\"potentialAction\":[{\"@type\":\"ReadAction\",\"target\":[\"https:\/\/larissajewellery.com\/product\/zamanla\/\"]}]},{\"@type\":\"ImageObject\",\"inLanguage\":\"en-US\",\"@id\":\"https:\/\/larissajewellery.com\/product\/zamanla\/#primaryimage\",\"url\":\"https:\/\/larissajewellery.com\/wp-content\/uploads\/2022\/01\/AAB34F82-A20F-4A5C-ABE9-E348CB332C77-scaled.jpeg\",\"contentUrl\":\"https:\/\/larissajewellery.com\/wp-content\/uploads\/2022\/01\/AAB34F82-A20F-4A5C-ABE9-E348CB332C77-scaled.jpeg\",\"width\":2560,\"height\":1703},{\"@type\":\"BreadcrumbList\",\"@id\":\"https:\/\/larissajewellery.com\/product\/zamanla\/#breadcrumb\",\"itemListElement\":[{\"@type\":\"ListItem\",\"position\":1,\"name\":\"Home\",\"item\":\"https:\/\/larissajewellery.com\/\"},{\"@type\":\"ListItem\",\"position\":2,\"name\":\"Kategoriler\",\"item\":\"https:\/\/larissajewellery.com\/en\/magaza\/\"},{\"@type\":\"ListItem\",\"position\":3,\"name\":\"Zamanla\"}]},{\"@type\":\"WebSite\",\"@id\":\"https:\/\/larissajewellery.com\/#website\",\"url\":\"https:\/\/larissajewellery.com\/\",\"name\":\"Larissa Jewellery\",\"description\":\"Save Your Memories\",\"potentialAction\":[{\"@type\":\"SearchAction\",\"target\":{\"@type\":\"EntryPoint\",\"urlTemplate\":\"https:\/\/larissajewellery.com\/?s={search_term_string}\"},\"query-input\":{\"@type\":\"PropertyValueSpecification\",\"valueRequired\":true,\"valueName\":\"search_term_string\"}}],\"inLanguage\":\"en-US\"}]}<\/script>\n<!-- \/ Yoast SEO plugin. -->","yoast_head_json":{"title":"Zamanla | Larissa Jewellery","description":"True self ad\u0131n\u0131 verdi\u011fimiz madalyonumuzda her bir p\u0131rlanta bir an\u0131y\u0131 temsil etmektedir. An\u0131lar\u0131m\u0131z, bizi biz yapan ya\u015fanm\u0131\u015fl\u0131klard\u0131r.","robots":{"index":"index","follow":"follow","max-snippet":"max-snippet:-1","max-image-preview":"max-image-preview:large","max-video-preview":"max-video-preview:-1"},"canonical":"https:\/\/larissajewellery.com\/en\/product\/zamanla\/","og_locale":"en_US","og_type":"article","og_title":"Zamanla | Larissa Jewellery","og_description":"True self ad\u0131n\u0131 verdi\u011fimiz madalyonumuzda her bir p\u0131rlanta bir an\u0131y\u0131 temsil etmektedir. An\u0131lar\u0131m\u0131z, bizi biz yapan ya\u015fanm\u0131\u015fl\u0131klard\u0131r.","og_url":"https:\/\/larissajewellery.com\/en\/product\/zamanla\/","og_site_name":"Larissa Jewellery","article_modified_time":"2026-04-09T12:53:50+00:00","og_image":[{"width":2560,"height":1703,"url":"http:\/\/larissajewellery.com\/wp-content\/uploads\/2022\/01\/AAB34F82-A20F-4A5C-ABE9-E348CB332C77-scaled.jpeg","type":"image\/jpeg"}],"twitter_card":"summary_large_image","twitter_misc":{"Est. reading time":"1 minute"},"schema":{"@context":"https:\/\/schema.org","@graph":[{"@type":"WebPage","@id":"https:\/\/larissajewellery.com\/product\/zamanla\/","url":"https:\/\/larissajewellery.com\/product\/zamanla\/","name":"Zamanla | Larissa Jewellery","isPartOf":{"@id":"https:\/\/larissajewellery.com\/#website"},"primaryImageOfPage":{"@id":"https:\/\/larissajewellery.com\/product\/zamanla\/#primaryimage"},"image":{"@id":"https:\/\/larissajewellery.com\/product\/zamanla\/#primaryimage"},"thumbnailUrl":"https:\/\/larissajewellery.com\/wp-content\/uploads\/2022\/01\/AAB34F82-A20F-4A5C-ABE9-E348CB332C77-scaled.jpeg","datePublished":"2026-04-09T12:52:29+00:00","dateModified":"2026-04-09T12:53:50+00:00","description":"True self ad\u0131n\u0131 verdi\u011fimiz madalyonumuzda her bir p\u0131rlanta bir an\u0131y\u0131 temsil etmektedir. An\u0131lar\u0131m\u0131z, bizi biz yapan ya\u015fanm\u0131\u015fl\u0131klard\u0131r.","breadcrumb":{"@id":"https:\/\/larissajewellery.com\/product\/zamanla\/#breadcrumb"},"inLanguage":"en-US","potentialAction":[{"@type":"ReadAction","target":["https:\/\/larissajewellery.com\/product\/zamanla\/"]}]},{"@type":"ImageObject","inLanguage":"en-US","@id":"https:\/\/larissajewellery.com\/product\/zamanla\/#primaryimage","url":"https:\/\/larissajewellery.com\/wp-content\/uploads\/2022\/01\/AAB34F82-A20F-4A5C-ABE9-E348CB332C77-scaled.jpeg","contentUrl":"https:\/\/larissajewellery.com\/wp-content\/uploads\/2022\/01\/AAB34F82-A20F-4A5C-ABE9-E348CB332C77-scaled.jpeg","width":2560,"height":1703},{"@type":"BreadcrumbList","@id":"https:\/\/larissajewellery.com\/product\/zamanla\/#breadcrumb","itemListElement":[{"@type":"ListItem","position":1,"name":"Home","item":"https:\/\/larissajewellery.com\/"},{"@type":"ListItem","position":2,"name":"Kategoriler","item":"https:\/\/larissajewellery.com\/en\/magaza\/"},{"@type":"ListItem","position":3,"name":"Zamanla"}]},{"@type":"WebSite","@id":"https:\/\/larissajewellery.com\/#website","url":"https:\/\/larissajewellery.com\/","name":"Larissa Jewelery","description":"Save Your Memories","potentialAction":[{"@type":"SearchAction","target":{"@type":"EntryPoint","urlTemplate":"https:\/\/larissajewellery.com\/?s={search_term_string}"},"query-input":{"@type":"PropertyValueSpecification","valueRequired":true,"valueName":"search_term_string"}}],"inLanguage":"en-US"}]}},"_links":{"self":[{"href":"https:\/\/larissajewellery.com\/en\/wp-json\/wp\/v2\/product\/9704","targetHints":{"allow":["GET"]}}],"collection":[{"href":"https:\/\/larissajewellery.com\/en\/wp-json\/wp\/v2\/product"}],"about":[{"href":"https:\/\/larissajewellery.com\/en\/wp-json\/wp\/v2\/types\/product"}],"replies":[{"embeddable":true,"href":"https:\/\/larissajewellery.com\/en\/wp-json\/wp\/v2\/comments?post=9704"}],"wp:featuredmedia":[{"embeddable":true,"href":"https:\/\/larissajewellery.com\/en\/wp-json\/wp\/v2\/media\/8230"}],"wp:attachment":[{"href":"https:\/\/larissajewellery.com\/en\/wp-json\/wp\/v2\/media?parent=9704"}],"wp:term":[{"taxonomy":"product_brand","embeddable":true,"href":"https:\/\/larissajewellery.com\/en\/wp-json\/wp\/v2\/product_brand?post=9704"},{"taxonomy":"product_cat","embeddable":true,"href":"https:\/\/larissajewellery.com\/en\/wp-json\/wp\/v2\/product_cat?post=9704"},{"taxonomy":"product_tag","embeddable":true,"href":"https:\/\/larissajewellery.com\/en\/wp-json\/wp\/v2\/product_tag?post=9704"}],"curies":[{"name":"wp","href":"https:\/\/api.w.org\/{rel}","templated":true}]}}