{"id":9697,"date":"2026-04-09T13:48:30","date_gmt":"2026-04-09T10:48:30","guid":{"rendered":"https:\/\/larissajewellery.com\/?post_type=product&#038;p=9697"},"modified":"2026-04-09T16:14:09","modified_gmt":"2026-04-09T13:14:09","slug":"tamamlanmis-hissetmek","status":"publish","type":"product","link":"https:\/\/larissajewellery.com\/en\/product\/tamamlanmis-hissetmek\/","title":{"rendered":"Tamamlanm\u0131\u015f Hissetmek"},"content":{"rendered":"<p>Dilerseniz size \u00f6zel bir tarihi, g\u00f6rseldeki charm\u0131m\u0131z \u00fczerine yazabiliriz.<\/p>\n<p>Please contact us at info@larissajewellery.com for any specializations you may want.<\/p>\n<p>14 K Gold<\/p>\n<p>Diamond: 0.05 ct (F-G\/VS-SI)<\/p>\n<p>&nbsp;<\/p>","protected":false},"excerpt":{"rendered":"<p>Anne olmak; tamamland\u0131\u011f\u0131n\u0131 hissetti\u011fin o ilk an i\u00e7in<\/p>","protected":false},"featured_media":8236,"comment_status":"open","ping_status":"closed","template":"","meta":[],"product_brand":[],"product_cat":[244],"product_tag":[],"class_list":{"0":"post-9697","1":"product","2":"type-product","3":"status-publish","4":"has-post-thumbnail","6":"product_cat-aile-kokler","8":"first","9":"instock","10":"shipping-taxable","11":"purchasable","12":"product-type-variable"},"yoast_head":"<!-- This site is optimized with the Yoast SEO plugin v27.2 - https:\/\/yoast.com\/product\/yoast-seo-wordpress\/ -->\n<title>Tamamlanm\u0131\u015f Hissetmek | Larissa Jewellery<\/title>\n<meta name=\"description\" content=\"G\u00fcne\u015f ve ay her zaman birbirini tamamlayan iki sembold\u00fcr. G\u00fcne\u015f; enerjisi ile ay ise sakinli\u011fi ile bilinir.\u00a0\" \/>\n<meta name=\"robots\" content=\"index, follow, max-snippet:-1, max-image-preview:large, max-video-preview:-1\" \/>\n<link rel=\"canonical\" href=\"https:\/\/larissajewellery.com\/en\/product\/tamamlanmis-hissetmek\/\" \/>\n<meta property=\"og:locale\" content=\"en_US\" \/>\n<meta property=\"og:type\" content=\"article\" \/>\n<meta property=\"og:title\" content=\"Tamamlanm\u0131\u015f Hissetmek | Larissa Jewellery\" \/>\n<meta property=\"og:description\" content=\"G\u00fcne\u015f ve ay her zaman birbirini tamamlayan iki sembold\u00fcr. G\u00fcne\u015f; enerjisi ile ay ise sakinli\u011fi ile bilinir.\u00a0\" \/>\n<meta property=\"og:url\" content=\"https:\/\/larissajewellery.com\/en\/product\/tamamlanmis-hissetmek\/\" \/>\n<meta property=\"og:site_name\" content=\"Larissa Jewellery\" \/>\n<meta property=\"article:modified_time\" content=\"2026-04-09T13:14:09+00:00\" \/>\n<meta property=\"og:image\" content=\"http:\/\/larissajewellery.com\/wp-content\/uploads\/2022\/01\/EB7112A5-E7E4-4A57-9615-119659C9BE69-scaled.jpeg\" \/>\n\t<meta property=\"og:image:width\" content=\"2560\" \/>\n\t<meta property=\"og:image:height\" content=\"1703\" \/>\n\t<meta property=\"og:image:type\" content=\"image\/jpeg\" \/>\n<meta name=\"twitter:card\" content=\"summary_large_image\" \/>\n<meta name=\"twitter:label1\" content=\"Est. reading time\" \/>\n\t<meta name=\"twitter:data1\" content=\"1 minute\" \/>\n<script type=\"application\/ld+json\" class=\"yoast-schema-graph\">{\"@context\":\"https:\/\/schema.org\",\"@graph\":[{\"@type\":\"WebPage\",\"@id\":\"https:\/\/larissajewellery.com\/product\/tamamlanmis-hissetmek\/\",\"url\":\"https:\/\/larissajewellery.com\/product\/tamamlanmis-hissetmek\/\",\"name\":\"Tamamlanm\u0131\u015f Hissetmek | Larissa Jewellery\",\"isPartOf\":{\"@id\":\"https:\/\/larissajewellery.com\/#website\"},\"primaryImageOfPage\":{\"@id\":\"https:\/\/larissajewellery.com\/product\/tamamlanmis-hissetmek\/#primaryimage\"},\"image\":{\"@id\":\"https:\/\/larissajewellery.com\/product\/tamamlanmis-hissetmek\/#primaryimage\"},\"thumbnailUrl\":\"https:\/\/larissajewellery.com\/wp-content\/uploads\/2022\/01\/EB7112A5-E7E4-4A57-9615-119659C9BE69-scaled.jpeg\",\"datePublished\":\"2026-04-09T10:48:30+00:00\",\"dateModified\":\"2026-04-09T13:14:09+00:00\",\"description\":\"G\u00fcne\u015f ve ay her zaman birbirini tamamlayan iki sembold\u00fcr. G\u00fcne\u015f; enerjisi ile ay ise sakinli\u011fi ile bilinir.\u00a0\",\"breadcrumb\":{\"@id\":\"https:\/\/larissajewellery.com\/product\/tamamlanmis-hissetmek\/#breadcrumb\"},\"inLanguage\":\"en-US\",\"potentialAction\":[{\"@type\":\"ReadAction\",\"target\":[\"https:\/\/larissajewellery.com\/product\/tamamlanmis-hissetmek\/\"]}]},{\"@type\":\"ImageObject\",\"inLanguage\":\"en-US\",\"@id\":\"https:\/\/larissajewellery.com\/product\/tamamlanmis-hissetmek\/#primaryimage\",\"url\":\"https:\/\/larissajewellery.com\/wp-content\/uploads\/2022\/01\/EB7112A5-E7E4-4A57-9615-119659C9BE69-scaled.jpeg\",\"contentUrl\":\"https:\/\/larissajewellery.com\/wp-content\/uploads\/2022\/01\/EB7112A5-E7E4-4A57-9615-119659C9BE69-scaled.jpeg\",\"width\":2560,\"height\":1703},{\"@type\":\"BreadcrumbList\",\"@id\":\"https:\/\/larissajewellery.com\/product\/tamamlanmis-hissetmek\/#breadcrumb\",\"itemListElement\":[{\"@type\":\"ListItem\",\"position\":1,\"name\":\"Home\",\"item\":\"https:\/\/larissajewellery.com\/\"},{\"@type\":\"ListItem\",\"position\":2,\"name\":\"Kategoriler\",\"item\":\"https:\/\/larissajewellery.com\/en\/magaza\/\"},{\"@type\":\"ListItem\",\"position\":3,\"name\":\"Tamamlanm\u0131\u015f Hissetmek\"}]},{\"@type\":\"WebSite\",\"@id\":\"https:\/\/larissajewellery.com\/#website\",\"url\":\"https:\/\/larissajewellery.com\/\",\"name\":\"Larissa Jewellery\",\"description\":\"Save Your Memories\",\"potentialAction\":[{\"@type\":\"SearchAction\",\"target\":{\"@type\":\"EntryPoint\",\"urlTemplate\":\"https:\/\/larissajewellery.com\/?s={search_term_string}\"},\"query-input\":{\"@type\":\"PropertyValueSpecification\",\"valueRequired\":true,\"valueName\":\"search_term_string\"}}],\"inLanguage\":\"en-US\"}]}<\/script>\n<!-- \/ Yoast SEO plugin. -->","yoast_head_json":{"title":"Tamamlanm\u0131\u015f Hissetmek | Larissa Jewellery","description":"G\u00fcne\u015f ve ay her zaman birbirini tamamlayan iki sembold\u00fcr. G\u00fcne\u015f; enerjisi ile ay ise sakinli\u011fi ile bilinir.\u00a0","robots":{"index":"index","follow":"follow","max-snippet":"max-snippet:-1","max-image-preview":"max-image-preview:large","max-video-preview":"max-video-preview:-1"},"canonical":"https:\/\/larissajewellery.com\/en\/product\/tamamlanmis-hissetmek\/","og_locale":"en_US","og_type":"article","og_title":"Tamamlanm\u0131\u015f Hissetmek | Larissa Jewellery","og_description":"G\u00fcne\u015f ve ay her zaman birbirini tamamlayan iki sembold\u00fcr. G\u00fcne\u015f; enerjisi ile ay ise sakinli\u011fi ile bilinir.\u00a0","og_url":"https:\/\/larissajewellery.com\/en\/product\/tamamlanmis-hissetmek\/","og_site_name":"Larissa Jewellery","article_modified_time":"2026-04-09T13:14:09+00:00","og_image":[{"width":2560,"height":1703,"url":"http:\/\/larissajewellery.com\/wp-content\/uploads\/2022\/01\/EB7112A5-E7E4-4A57-9615-119659C9BE69-scaled.jpeg","type":"image\/jpeg"}],"twitter_card":"summary_large_image","twitter_misc":{"Est. reading time":"1 minute"},"schema":{"@context":"https:\/\/schema.org","@graph":[{"@type":"WebPage","@id":"https:\/\/larissajewellery.com\/product\/tamamlanmis-hissetmek\/","url":"https:\/\/larissajewellery.com\/product\/tamamlanmis-hissetmek\/","name":"Tamamlanm\u0131\u015f Hissetmek | Larissa Jewellery","isPartOf":{"@id":"https:\/\/larissajewellery.com\/#website"},"primaryImageOfPage":{"@id":"https:\/\/larissajewellery.com\/product\/tamamlanmis-hissetmek\/#primaryimage"},"image":{"@id":"https:\/\/larissajewellery.com\/product\/tamamlanmis-hissetmek\/#primaryimage"},"thumbnailUrl":"https:\/\/larissajewellery.com\/wp-content\/uploads\/2022\/01\/EB7112A5-E7E4-4A57-9615-119659C9BE69-scaled.jpeg","datePublished":"2026-04-09T10:48:30+00:00","dateModified":"2026-04-09T13:14:09+00:00","description":"G\u00fcne\u015f ve ay her zaman birbirini tamamlayan iki sembold\u00fcr. G\u00fcne\u015f; enerjisi ile ay ise sakinli\u011fi ile bilinir.\u00a0","breadcrumb":{"@id":"https:\/\/larissajewellery.com\/product\/tamamlanmis-hissetmek\/#breadcrumb"},"inLanguage":"en-US","potentialAction":[{"@type":"ReadAction","target":["https:\/\/larissajewellery.com\/product\/tamamlanmis-hissetmek\/"]}]},{"@type":"ImageObject","inLanguage":"en-US","@id":"https:\/\/larissajewellery.com\/product\/tamamlanmis-hissetmek\/#primaryimage","url":"https:\/\/larissajewellery.com\/wp-content\/uploads\/2022\/01\/EB7112A5-E7E4-4A57-9615-119659C9BE69-scaled.jpeg","contentUrl":"https:\/\/larissajewellery.com\/wp-content\/uploads\/2022\/01\/EB7112A5-E7E4-4A57-9615-119659C9BE69-scaled.jpeg","width":2560,"height":1703},{"@type":"BreadcrumbList","@id":"https:\/\/larissajewellery.com\/product\/tamamlanmis-hissetmek\/#breadcrumb","itemListElement":[{"@type":"ListItem","position":1,"name":"Home","item":"https:\/\/larissajewellery.com\/"},{"@type":"ListItem","position":2,"name":"Kategoriler","item":"https:\/\/larissajewellery.com\/en\/magaza\/"},{"@type":"ListItem","position":3,"name":"Tamamlanm\u0131\u015f Hissetmek"}]},{"@type":"WebSite","@id":"https:\/\/larissajewellery.com\/#website","url":"https:\/\/larissajewellery.com\/","name":"Larissa Jewelery","description":"Save Your Memories","potentialAction":[{"@type":"SearchAction","target":{"@type":"EntryPoint","urlTemplate":"https:\/\/larissajewellery.com\/?s={search_term_string}"},"query-input":{"@type":"PropertyValueSpecification","valueRequired":true,"valueName":"search_term_string"}}],"inLanguage":"en-US"}]}},"_links":{"self":[{"href":"https:\/\/larissajewellery.com\/en\/wp-json\/wp\/v2\/product\/9697","targetHints":{"allow":["GET"]}}],"collection":[{"href":"https:\/\/larissajewellery.com\/en\/wp-json\/wp\/v2\/product"}],"about":[{"href":"https:\/\/larissajewellery.com\/en\/wp-json\/wp\/v2\/types\/product"}],"replies":[{"embeddable":true,"href":"https:\/\/larissajewellery.com\/en\/wp-json\/wp\/v2\/comments?post=9697"}],"wp:featuredmedia":[{"embeddable":true,"href":"https:\/\/larissajewellery.com\/en\/wp-json\/wp\/v2\/media\/8236"}],"wp:attachment":[{"href":"https:\/\/larissajewellery.com\/en\/wp-json\/wp\/v2\/media?parent=9697"}],"wp:term":[{"taxonomy":"product_brand","embeddable":true,"href":"https:\/\/larissajewellery.com\/en\/wp-json\/wp\/v2\/product_brand?post=9697"},{"taxonomy":"product_cat","embeddable":true,"href":"https:\/\/larissajewellery.com\/en\/wp-json\/wp\/v2\/product_cat?post=9697"},{"taxonomy":"product_tag","embeddable":true,"href":"https:\/\/larissajewellery.com\/en\/wp-json\/wp\/v2\/product_tag?post=9697"}],"curies":[{"name":"wp","href":"https:\/\/api.w.org\/{rel}","templated":true}]}}