{"id":9696,"date":"2026-04-09T13:46:04","date_gmt":"2026-04-09T10:46:04","guid":{"rendered":"https:\/\/larissajewellery.com\/?post_type=product&#038;p=9696"},"modified":"2026-04-09T13:47:32","modified_gmt":"2026-04-09T10:47:32","slug":"yeniden","status":"publish","type":"product","link":"https:\/\/larissajewellery.com\/en\/product\/yeniden\/","title":{"rendered":"Yeniden"},"content":{"rendered":"<p>The arrow symbolizes strength and resistance. With the stars around it, it is designed to lead us the way at times when we may feel lost. But we should remember that we are never truly lost, we only need a little guidance sometimes.<\/p>\n<p>Please contact us at info@larissajewellery.com to communicate any specializations you may want.<\/p>\n<p>14 K Gold<\/p>\n<p>Diamond: 0.08 ct (F-G\/VS-SI)<\/p>","protected":false},"excerpt":{"rendered":"<p>Yolunu kaybetti\u011fini d\u00fc\u015f\u00fcnd\u00fc\u011f\u00fcn o anlarda yeniden yolunu \u00e7izebilmen i\u00e7in<\/p>","protected":false},"featured_media":8063,"comment_status":"open","ping_status":"closed","template":"","meta":[],"product_brand":[],"product_cat":[246],"product_tag":[],"class_list":{"0":"post-9696","1":"product","2":"type-product","3":"status-publish","4":"has-post-thumbnail","6":"product_cat-benlik-yolculuk","8":"first","9":"instock","10":"shipping-taxable","11":"purchasable","12":"product-type-simple"},"yoast_head":"<!-- This site is optimized with the Yoast SEO plugin v27.2 - https:\/\/yoast.com\/product\/yoast-seo-wordpress\/ -->\n<title>Yeniden | Larissa Jewellery<\/title>\n<meta name=\"description\" content=\"Ok, her zaman daha iyiye gitmeyi i\u015faret eder. Asl\u0131nda hi\u00e7bir zaman kay\u0131p de\u011filizdir, sadece bazen yol g\u00f6sterilmesine ihtiya\u00e7 duyar\u0131z.\" \/>\n<meta name=\"robots\" content=\"index, follow, max-snippet:-1, max-image-preview:large, max-video-preview:-1\" \/>\n<link rel=\"canonical\" href=\"https:\/\/larissajewellery.com\/en\/product\/yeniden\/\" \/>\n<meta property=\"og:locale\" content=\"en_US\" \/>\n<meta property=\"og:type\" content=\"article\" \/>\n<meta property=\"og:title\" content=\"Yeniden | Larissa Jewellery\" \/>\n<meta property=\"og:description\" content=\"Ok, her zaman daha iyiye gitmeyi i\u015faret eder. Asl\u0131nda hi\u00e7bir zaman kay\u0131p de\u011filizdir, sadece bazen yol g\u00f6sterilmesine ihtiya\u00e7 duyar\u0131z.\" \/>\n<meta property=\"og:url\" content=\"https:\/\/larissajewellery.com\/en\/product\/yeniden\/\" \/>\n<meta property=\"og:site_name\" content=\"Larissa Jewellery\" \/>\n<meta property=\"article:modified_time\" content=\"2026-04-09T10:47:32+00:00\" \/>\n<meta property=\"og:image\" content=\"http:\/\/larissajewellery.com\/wp-content\/uploads\/2022\/01\/D410E133-7686-46FC-A4CD-ED3C6EE8CED2-scaled.jpeg\" \/>\n\t<meta property=\"og:image:width\" content=\"2560\" \/>\n\t<meta property=\"og:image:height\" content=\"1703\" \/>\n\t<meta property=\"og:image:type\" content=\"image\/jpeg\" \/>\n<meta name=\"twitter:card\" content=\"summary_large_image\" \/>\n<meta name=\"twitter:label1\" content=\"Est. reading time\" \/>\n\t<meta name=\"twitter:data1\" content=\"1 minute\" \/>\n<script type=\"application\/ld+json\" class=\"yoast-schema-graph\">{\"@context\":\"https:\/\/schema.org\",\"@graph\":[{\"@type\":\"WebPage\",\"@id\":\"https:\/\/larissajewellery.com\/product\/yeniden\/\",\"url\":\"https:\/\/larissajewellery.com\/product\/yeniden\/\",\"name\":\"Yeniden | Larissa Jewellery\",\"isPartOf\":{\"@id\":\"https:\/\/larissajewellery.com\/#website\"},\"primaryImageOfPage\":{\"@id\":\"https:\/\/larissajewellery.com\/product\/yeniden\/#primaryimage\"},\"image\":{\"@id\":\"https:\/\/larissajewellery.com\/product\/yeniden\/#primaryimage\"},\"thumbnailUrl\":\"https:\/\/larissajewellery.com\/wp-content\/uploads\/2022\/01\/D410E133-7686-46FC-A4CD-ED3C6EE8CED2-scaled.jpeg\",\"datePublished\":\"2026-04-09T10:46:04+00:00\",\"dateModified\":\"2026-04-09T10:47:32+00:00\",\"description\":\"Ok, her zaman daha iyiye gitmeyi i\u015faret eder. Asl\u0131nda hi\u00e7bir zaman kay\u0131p de\u011filizdir, sadece bazen yol g\u00f6sterilmesine ihtiya\u00e7 duyar\u0131z.\",\"breadcrumb\":{\"@id\":\"https:\/\/larissajewellery.com\/product\/yeniden\/#breadcrumb\"},\"inLanguage\":\"en-US\",\"potentialAction\":[{\"@type\":\"ReadAction\",\"target\":[\"https:\/\/larissajewellery.com\/product\/yeniden\/\"]}]},{\"@type\":\"ImageObject\",\"inLanguage\":\"en-US\",\"@id\":\"https:\/\/larissajewellery.com\/product\/yeniden\/#primaryimage\",\"url\":\"https:\/\/larissajewellery.com\/wp-content\/uploads\/2022\/01\/D410E133-7686-46FC-A4CD-ED3C6EE8CED2-scaled.jpeg\",\"contentUrl\":\"https:\/\/larissajewellery.com\/wp-content\/uploads\/2022\/01\/D410E133-7686-46FC-A4CD-ED3C6EE8CED2-scaled.jpeg\",\"width\":2560,\"height\":1703},{\"@type\":\"BreadcrumbList\",\"@id\":\"https:\/\/larissajewellery.com\/product\/yeniden\/#breadcrumb\",\"itemListElement\":[{\"@type\":\"ListItem\",\"position\":1,\"name\":\"Home\",\"item\":\"https:\/\/larissajewellery.com\/\"},{\"@type\":\"ListItem\",\"position\":2,\"name\":\"Kategoriler\",\"item\":\"https:\/\/larissajewellery.com\/en\/magaza\/\"},{\"@type\":\"ListItem\",\"position\":3,\"name\":\"Yeniden\"}]},{\"@type\":\"WebSite\",\"@id\":\"https:\/\/larissajewellery.com\/#website\",\"url\":\"https:\/\/larissajewellery.com\/\",\"name\":\"Larissa Jewellery\",\"description\":\"Save Your Memories\",\"potentialAction\":[{\"@type\":\"SearchAction\",\"target\":{\"@type\":\"EntryPoint\",\"urlTemplate\":\"https:\/\/larissajewellery.com\/?s={search_term_string}\"},\"query-input\":{\"@type\":\"PropertyValueSpecification\",\"valueRequired\":true,\"valueName\":\"search_term_string\"}}],\"inLanguage\":\"en-US\"}]}<\/script>\n<!-- \/ Yoast SEO plugin. -->","yoast_head_json":{"title":"Yeniden | Larissa Jewellery","description":"Ok, her zaman daha iyiye gitmeyi i\u015faret eder. Asl\u0131nda hi\u00e7bir zaman kay\u0131p de\u011filizdir, sadece bazen yol g\u00f6sterilmesine ihtiya\u00e7 duyar\u0131z.","robots":{"index":"index","follow":"follow","max-snippet":"max-snippet:-1","max-image-preview":"max-image-preview:large","max-video-preview":"max-video-preview:-1"},"canonical":"https:\/\/larissajewellery.com\/en\/product\/yeniden\/","og_locale":"en_US","og_type":"article","og_title":"Yeniden | Larissa Jewellery","og_description":"Ok, her zaman daha iyiye gitmeyi i\u015faret eder. Asl\u0131nda hi\u00e7bir zaman kay\u0131p de\u011filizdir, sadece bazen yol g\u00f6sterilmesine ihtiya\u00e7 duyar\u0131z.","og_url":"https:\/\/larissajewellery.com\/en\/product\/yeniden\/","og_site_name":"Larissa Jewellery","article_modified_time":"2026-04-09T10:47:32+00:00","og_image":[{"width":2560,"height":1703,"url":"http:\/\/larissajewellery.com\/wp-content\/uploads\/2022\/01\/D410E133-7686-46FC-A4CD-ED3C6EE8CED2-scaled.jpeg","type":"image\/jpeg"}],"twitter_card":"summary_large_image","twitter_misc":{"Est. reading time":"1 minute"},"schema":{"@context":"https:\/\/schema.org","@graph":[{"@type":"WebPage","@id":"https:\/\/larissajewellery.com\/product\/yeniden\/","url":"https:\/\/larissajewellery.com\/product\/yeniden\/","name":"Yeniden | Larissa Jewellery","isPartOf":{"@id":"https:\/\/larissajewellery.com\/#website"},"primaryImageOfPage":{"@id":"https:\/\/larissajewellery.com\/product\/yeniden\/#primaryimage"},"image":{"@id":"https:\/\/larissajewellery.com\/product\/yeniden\/#primaryimage"},"thumbnailUrl":"https:\/\/larissajewellery.com\/wp-content\/uploads\/2022\/01\/D410E133-7686-46FC-A4CD-ED3C6EE8CED2-scaled.jpeg","datePublished":"2026-04-09T10:46:04+00:00","dateModified":"2026-04-09T10:47:32+00:00","description":"Ok, her zaman daha iyiye gitmeyi i\u015faret eder. Asl\u0131nda hi\u00e7bir zaman kay\u0131p de\u011filizdir, sadece bazen yol g\u00f6sterilmesine ihtiya\u00e7 duyar\u0131z.","breadcrumb":{"@id":"https:\/\/larissajewellery.com\/product\/yeniden\/#breadcrumb"},"inLanguage":"en-US","potentialAction":[{"@type":"ReadAction","target":["https:\/\/larissajewellery.com\/product\/yeniden\/"]}]},{"@type":"ImageObject","inLanguage":"en-US","@id":"https:\/\/larissajewellery.com\/product\/yeniden\/#primaryimage","url":"https:\/\/larissajewellery.com\/wp-content\/uploads\/2022\/01\/D410E133-7686-46FC-A4CD-ED3C6EE8CED2-scaled.jpeg","contentUrl":"https:\/\/larissajewellery.com\/wp-content\/uploads\/2022\/01\/D410E133-7686-46FC-A4CD-ED3C6EE8CED2-scaled.jpeg","width":2560,"height":1703},{"@type":"BreadcrumbList","@id":"https:\/\/larissajewellery.com\/product\/yeniden\/#breadcrumb","itemListElement":[{"@type":"ListItem","position":1,"name":"Home","item":"https:\/\/larissajewellery.com\/"},{"@type":"ListItem","position":2,"name":"Kategoriler","item":"https:\/\/larissajewellery.com\/en\/magaza\/"},{"@type":"ListItem","position":3,"name":"Yeniden"}]},{"@type":"WebSite","@id":"https:\/\/larissajewellery.com\/#website","url":"https:\/\/larissajewellery.com\/","name":"Larissa Jewelery","description":"Save Your Memories","potentialAction":[{"@type":"SearchAction","target":{"@type":"EntryPoint","urlTemplate":"https:\/\/larissajewellery.com\/?s={search_term_string}"},"query-input":{"@type":"PropertyValueSpecification","valueRequired":true,"valueName":"search_term_string"}}],"inLanguage":"en-US"}]}},"_links":{"self":[{"href":"https:\/\/larissajewellery.com\/en\/wp-json\/wp\/v2\/product\/9696","targetHints":{"allow":["GET"]}}],"collection":[{"href":"https:\/\/larissajewellery.com\/en\/wp-json\/wp\/v2\/product"}],"about":[{"href":"https:\/\/larissajewellery.com\/en\/wp-json\/wp\/v2\/types\/product"}],"replies":[{"embeddable":true,"href":"https:\/\/larissajewellery.com\/en\/wp-json\/wp\/v2\/comments?post=9696"}],"wp:featuredmedia":[{"embeddable":true,"href":"https:\/\/larissajewellery.com\/en\/wp-json\/wp\/v2\/media\/8063"}],"wp:attachment":[{"href":"https:\/\/larissajewellery.com\/en\/wp-json\/wp\/v2\/media?parent=9696"}],"wp:term":[{"taxonomy":"product_brand","embeddable":true,"href":"https:\/\/larissajewellery.com\/en\/wp-json\/wp\/v2\/product_brand?post=9696"},{"taxonomy":"product_cat","embeddable":true,"href":"https:\/\/larissajewellery.com\/en\/wp-json\/wp\/v2\/product_cat?post=9696"},{"taxonomy":"product_tag","embeddable":true,"href":"https:\/\/larissajewellery.com\/en\/wp-json\/wp\/v2\/product_tag?post=9696"}],"curies":[{"name":"wp","href":"https:\/\/api.w.org\/{rel}","templated":true}]}}