{"id":9300,"date":"2026-03-31T15:16:30","date_gmt":"2026-03-31T12:16:30","guid":{"rendered":"https:\/\/larissajewellery.com\/?post_type=product&#038;p=9300"},"modified":"2026-03-31T16:34:12","modified_gmt":"2026-03-31T13:34:12","slug":"14-ayar-pirlantali-cicekli-harfli-siyah-kolye","status":"publish","type":"product","link":"https:\/\/larissajewellery.com\/en\/product\/14-ayar-pirlantali-cicekli-harfli-siyah-kolye\/","title":{"rendered":"Bloom Within Letters Mineli Kolye"},"content":{"rendered":"<div class=\"flex max-w-full flex-col gap-4 grow\">\n<div class=\"min-h-8 text-message relative flex w-full flex-col items-end gap-2 text-start break-words whitespace-normal outline-none keyboard-focused:focus-ring [.text-message+&amp;]:mt-1\" dir=\"auto\" tabindex=\"0\" data-message-author-role=\"assistant\" data-message-id=\"598dd725-a488-44d4-967e-be0068c5a7c3\" data-message-model-slug=\"gpt-5-3\" data-turn-start-message=\"true\">\n<div class=\"flex w-full flex-col gap-1 empty:hidden\">\n<div class=\"markdown prose dark:prose-invert w-full wrap-break-word light markdown-new-styling\">\n<p data-start=\"126\" data-end=\"189\">Baz\u0131 hik\u00e2yeler, bir isimle ba\u015flar ve zamanla anlam kazan\u0131r.<\/p>\n<p data-start=\"408\" data-end=\"548\"><em data-start=\"408\" data-end=\"430\">Bloom Within Letters<\/em>, harflerin i\u00e7inde \u00e7i\u00e7ek a\u00e7mak demektir.<\/p>\n<p data-start=\"408\" data-end=\"548\">Bir ismin, bir an\u0131n\u0131n ya da bir duygunun zamanla b\u00fcy\u00fcy\u00fcp derinle\u015fmesi gibi\u2026<\/p>\n<p data-start=\"191\" data-end=\"288\">\u0130ki \u00e7i\u00e7ek, a\u00e7\u0131lm\u0131\u015f anlar\u0131 temsil eder; ya\u015fanm\u0131\u015f, hissedilmi\u015f ve art\u0131k sana ait olan hik\u00e2yeleri\u2026<\/p>\n<p data-start=\"290\" data-end=\"406\">Ortadaki harfler ise bu hik\u00e2yeye kimli\u011fini verir.<\/p>\n<p data-start=\"550\" data-end=\"619\" data-is-last-node=\"\" data-is-only-node=\"\">Bu kolye, sana ait olan\u0131n, en sade haliyle \u00e7i\u00e7ek a\u00e7t\u0131\u011f\u0131 o an\u0131 ta\u015f\u0131r.\u201d<\/p>\n<\/div>\n<\/div>\n<\/div>\n<\/div>\n<div class=\"z-0 flex min-h-[46px] justify-start\">14 Ayar Alt\u0131n ve P\u0131rlanta: 0.06 ct (F-VS)<\/div>\n","protected":false},"excerpt":{"rendered":"<p>14 Ayar Alt\u0131n P\u0131rlantal\u0131 \u00c7i\u00e7ek Kolye<\/p>","protected":false},"featured_media":9299,"comment_status":"closed","ping_status":"closed","template":"","meta":[],"product_brand":[],"product_cat":[177,183,235],"product_tag":[],"class_list":{"0":"post-9300","1":"product","2":"type-product","3":"status-publish","4":"has-post-thumbnail","6":"product_cat-madalyonlar","7":"product_cat-orta-boy-madalyonlar","8":"product_cat-yeni","10":"first","11":"instock","12":"shipping-taxable","13":"purchasable","14":"product-type-simple"},"yoast_head":"<!-- This site is optimized with the Yoast SEO plugin v27.2 - https:\/\/yoast.com\/product\/yoast-seo-wordpress\/ -->\n<title>Bloom Within Letters Mineli Kolye | Larissa Jewellery<\/title>\n<meta name=\"robots\" content=\"index, follow, max-snippet:-1, max-image-preview:large, max-video-preview:-1\" \/>\n<link rel=\"canonical\" href=\"https:\/\/larissajewellery.com\/en\/product\/14-ayar-pirlantali-cicekli-harfli-siyah-kolye\/\" \/>\n<meta property=\"og:locale\" content=\"en_US\" \/>\n<meta property=\"og:type\" content=\"article\" \/>\n<meta property=\"og:title\" content=\"Bloom Within Letters Mineli Kolye | Larissa Jewellery\" \/>\n<meta property=\"og:description\" content=\"14 Ayar Alt\u0131n P\u0131rlantal\u0131 \u00c7i\u00e7ek Kolye\" \/>\n<meta property=\"og:url\" content=\"https:\/\/larissajewellery.com\/en\/product\/14-ayar-pirlantali-cicekli-harfli-siyah-kolye\/\" \/>\n<meta property=\"og:site_name\" content=\"Larissa Jewellery\" \/>\n<meta property=\"article:modified_time\" content=\"2026-03-31T13:34:12+00:00\" \/>\n<meta property=\"og:image\" content=\"http:\/\/larissajewellery.com\/wp-content\/uploads\/2026\/03\/PCM065-scaled.jpg\" \/>\n\t<meta property=\"og:image:width\" content=\"2560\" \/>\n\t<meta property=\"og:image:height\" content=\"1991\" \/>\n\t<meta property=\"og:image:type\" content=\"image\/jpeg\" \/>\n<meta name=\"twitter:card\" content=\"summary_large_image\" \/>\n<meta name=\"twitter:label1\" content=\"Est. reading time\" \/>\n\t<meta name=\"twitter:data1\" content=\"1 minute\" \/>\n<script type=\"application\/ld+json\" class=\"yoast-schema-graph\">{\"@context\":\"https:\/\/schema.org\",\"@graph\":[{\"@type\":\"WebPage\",\"@id\":\"https:\/\/larissajewellery.com\/product\/14-ayar-pirlantali-cicekli-harfli-siyah-kolye\/\",\"url\":\"https:\/\/larissajewellery.com\/product\/14-ayar-pirlantali-cicekli-harfli-siyah-kolye\/\",\"name\":\"Bloom Within Letters Mineli Kolye | Larissa Jewellery\",\"isPartOf\":{\"@id\":\"https:\/\/larissajewellery.com\/#website\"},\"primaryImageOfPage\":{\"@id\":\"https:\/\/larissajewellery.com\/product\/14-ayar-pirlantali-cicekli-harfli-siyah-kolye\/#primaryimage\"},\"image\":{\"@id\":\"https:\/\/larissajewellery.com\/product\/14-ayar-pirlantali-cicekli-harfli-siyah-kolye\/#primaryimage\"},\"thumbnailUrl\":\"https:\/\/larissajewellery.com\/wp-content\/uploads\/2026\/03\/PCM065-scaled.jpg\",\"datePublished\":\"2026-03-31T12:16:30+00:00\",\"dateModified\":\"2026-03-31T13:34:12+00:00\",\"breadcrumb\":{\"@id\":\"https:\/\/larissajewellery.com\/product\/14-ayar-pirlantali-cicekli-harfli-siyah-kolye\/#breadcrumb\"},\"inLanguage\":\"en-US\",\"potentialAction\":[{\"@type\":\"ReadAction\",\"target\":[\"https:\/\/larissajewellery.com\/product\/14-ayar-pirlantali-cicekli-harfli-siyah-kolye\/\"]}]},{\"@type\":\"ImageObject\",\"inLanguage\":\"en-US\",\"@id\":\"https:\/\/larissajewellery.com\/product\/14-ayar-pirlantali-cicekli-harfli-siyah-kolye\/#primaryimage\",\"url\":\"https:\/\/larissajewellery.com\/wp-content\/uploads\/2026\/03\/PCM065-scaled.jpg\",\"contentUrl\":\"https:\/\/larissajewellery.com\/wp-content\/uploads\/2026\/03\/PCM065-scaled.jpg\",\"width\":2560,\"height\":1991},{\"@type\":\"BreadcrumbList\",\"@id\":\"https:\/\/larissajewellery.com\/product\/14-ayar-pirlantali-cicekli-harfli-siyah-kolye\/#breadcrumb\",\"itemListElement\":[{\"@type\":\"ListItem\",\"position\":1,\"name\":\"Home\",\"item\":\"https:\/\/larissajewellery.com\/\"},{\"@type\":\"ListItem\",\"position\":2,\"name\":\"Kategoriler\",\"item\":\"https:\/\/larissajewellery.com\/en\/magaza\/\"},{\"@type\":\"ListItem\",\"position\":3,\"name\":\"Bloom Within Letters Mineli Kolye\"}]},{\"@type\":\"WebSite\",\"@id\":\"https:\/\/larissajewellery.com\/#website\",\"url\":\"https:\/\/larissajewellery.com\/\",\"name\":\"Larissa Jewellery\",\"description\":\"Save Your Memories\",\"potentialAction\":[{\"@type\":\"SearchAction\",\"target\":{\"@type\":\"EntryPoint\",\"urlTemplate\":\"https:\/\/larissajewellery.com\/?s={search_term_string}\"},\"query-input\":{\"@type\":\"PropertyValueSpecification\",\"valueRequired\":true,\"valueName\":\"search_term_string\"}}],\"inLanguage\":\"en-US\"}]}<\/script>\n<!-- \/ Yoast SEO plugin. -->","yoast_head_json":{"title":"Bloom Within Letters Mineli Kolye | Larissa Jewellery","robots":{"index":"index","follow":"follow","max-snippet":"max-snippet:-1","max-image-preview":"max-image-preview:large","max-video-preview":"max-video-preview:-1"},"canonical":"https:\/\/larissajewellery.com\/en\/product\/14-ayar-pirlantali-cicekli-harfli-siyah-kolye\/","og_locale":"en_US","og_type":"article","og_title":"Bloom Within Letters Mineli Kolye | Larissa Jewellery","og_description":"14 Ayar Alt\u0131n P\u0131rlantal\u0131 \u00c7i\u00e7ek Kolye","og_url":"https:\/\/larissajewellery.com\/en\/product\/14-ayar-pirlantali-cicekli-harfli-siyah-kolye\/","og_site_name":"Larissa Jewellery","article_modified_time":"2026-03-31T13:34:12+00:00","og_image":[{"width":2560,"height":1991,"url":"http:\/\/larissajewellery.com\/wp-content\/uploads\/2026\/03\/PCM065-scaled.jpg","type":"image\/jpeg"}],"twitter_card":"summary_large_image","twitter_misc":{"Est. reading time":"1 minute"},"schema":{"@context":"https:\/\/schema.org","@graph":[{"@type":"WebPage","@id":"https:\/\/larissajewellery.com\/product\/14-ayar-pirlantali-cicekli-harfli-siyah-kolye\/","url":"https:\/\/larissajewellery.com\/product\/14-ayar-pirlantali-cicekli-harfli-siyah-kolye\/","name":"Bloom Within Letters Mineli Kolye | Larissa Jewellery","isPartOf":{"@id":"https:\/\/larissajewellery.com\/#website"},"primaryImageOfPage":{"@id":"https:\/\/larissajewellery.com\/product\/14-ayar-pirlantali-cicekli-harfli-siyah-kolye\/#primaryimage"},"image":{"@id":"https:\/\/larissajewellery.com\/product\/14-ayar-pirlantali-cicekli-harfli-siyah-kolye\/#primaryimage"},"thumbnailUrl":"https:\/\/larissajewellery.com\/wp-content\/uploads\/2026\/03\/PCM065-scaled.jpg","datePublished":"2026-03-31T12:16:30+00:00","dateModified":"2026-03-31T13:34:12+00:00","breadcrumb":{"@id":"https:\/\/larissajewellery.com\/product\/14-ayar-pirlantali-cicekli-harfli-siyah-kolye\/#breadcrumb"},"inLanguage":"en-US","potentialAction":[{"@type":"ReadAction","target":["https:\/\/larissajewellery.com\/product\/14-ayar-pirlantali-cicekli-harfli-siyah-kolye\/"]}]},{"@type":"ImageObject","inLanguage":"en-US","@id":"https:\/\/larissajewellery.com\/product\/14-ayar-pirlantali-cicekli-harfli-siyah-kolye\/#primaryimage","url":"https:\/\/larissajewellery.com\/wp-content\/uploads\/2026\/03\/PCM065-scaled.jpg","contentUrl":"https:\/\/larissajewellery.com\/wp-content\/uploads\/2026\/03\/PCM065-scaled.jpg","width":2560,"height":1991},{"@type":"BreadcrumbList","@id":"https:\/\/larissajewellery.com\/product\/14-ayar-pirlantali-cicekli-harfli-siyah-kolye\/#breadcrumb","itemListElement":[{"@type":"ListItem","position":1,"name":"Home","item":"https:\/\/larissajewellery.com\/"},{"@type":"ListItem","position":2,"name":"Kategoriler","item":"https:\/\/larissajewellery.com\/en\/magaza\/"},{"@type":"ListItem","position":3,"name":"Bloom Within Letters Mineli Kolye"}]},{"@type":"WebSite","@id":"https:\/\/larissajewellery.com\/#website","url":"https:\/\/larissajewellery.com\/","name":"Larissa Jewelery","description":"Save Your Memories","potentialAction":[{"@type":"SearchAction","target":{"@type":"EntryPoint","urlTemplate":"https:\/\/larissajewellery.com\/?s={search_term_string}"},"query-input":{"@type":"PropertyValueSpecification","valueRequired":true,"valueName":"search_term_string"}}],"inLanguage":"en-US"}]}},"_links":{"self":[{"href":"https:\/\/larissajewellery.com\/en\/wp-json\/wp\/v2\/product\/9300","targetHints":{"allow":["GET"]}}],"collection":[{"href":"https:\/\/larissajewellery.com\/en\/wp-json\/wp\/v2\/product"}],"about":[{"href":"https:\/\/larissajewellery.com\/en\/wp-json\/wp\/v2\/types\/product"}],"replies":[{"embeddable":true,"href":"https:\/\/larissajewellery.com\/en\/wp-json\/wp\/v2\/comments?post=9300"}],"wp:featuredmedia":[{"embeddable":true,"href":"https:\/\/larissajewellery.com\/en\/wp-json\/wp\/v2\/media\/9299"}],"wp:attachment":[{"href":"https:\/\/larissajewellery.com\/en\/wp-json\/wp\/v2\/media?parent=9300"}],"wp:term":[{"taxonomy":"product_brand","embeddable":true,"href":"https:\/\/larissajewellery.com\/en\/wp-json\/wp\/v2\/product_brand?post=9300"},{"taxonomy":"product_cat","embeddable":true,"href":"https:\/\/larissajewellery.com\/en\/wp-json\/wp\/v2\/product_cat?post=9300"},{"taxonomy":"product_tag","embeddable":true,"href":"https:\/\/larissajewellery.com\/en\/wp-json\/wp\/v2\/product_tag?post=9300"}],"curies":[{"name":"wp","href":"https:\/\/api.w.org\/{rel}","templated":true}]}}