{"id":8987,"date":"2023-03-14T20:21:06","date_gmt":"2023-03-14T17:21:06","guid":{"rendered":"https:\/\/larissajewellery.com\/?post_type=product&#038;p=8987"},"modified":"2025-06-18T17:38:06","modified_gmt":"2025-06-18T14:38:06","slug":"yuvarlak-zincirli-koseli-kilit-zincir","status":"publish","type":"product","link":"https:\/\/larissajewellery.com\/en\/product\/yuvarlak-zincirli-koseli-kilit-zincir\/","title":{"rendered":"Yuvarlak Zincirli K\u00f6\u015feli Kilit Zincir"},"content":{"rendered":"<p>K\u00f6\u015feli a\u00e7\u0131l\u0131r kapan\u0131r kilitten ve kal\u0131n yuvarlak zincirden olu\u015fan kolye zinciri.<\/p>\n<p>Diledi\u011finiz madalyonu se\u00e7ip, sipari\u015finizi tamamlayabilirsiniz. \u0130sterseniz sadece alt\u0131n zincir olarak, isterseniz de madalyonunuz ile kullanabilirsiniz.<\/p>\n<p>\u00dcr\u00fcn\u00fcn uzunluk se\u00e7enekleri; 45-50-55 cm&#8217;dir. Diledi\u011finiz uzunlu\u011fu listeden se\u00e7ebilirsiniz.<\/p>\n<p>*G\u00f6rseldeki madalyon sadece \u00f6rnek ama\u00e7l\u0131d\u0131r. Fiyat sadece zincir ge\u00e7erlidir.<\/p>","protected":false},"excerpt":{"rendered":"<p>14 Ayar Alt\u0131n Ki\u015fiselle\u015ftirilebilir Zincir<\/p>","protected":false},"featured_media":8991,"comment_status":"open","ping_status":"closed","template":"","meta":[],"product_brand":[],"product_cat":[230],"product_tag":[],"class_list":{"0":"post-8987","1":"product","2":"type-product","3":"status-publish","4":"has-post-thumbnail","6":"product_cat-zincir-kolyeler","8":"first","9":"instock","10":"shipping-taxable","11":"purchasable","12":"product-type-variable"},"yoast_head":"<!-- This site is optimized with the Yoast SEO plugin v27.2 - https:\/\/yoast.com\/product\/yoast-seo-wordpress\/ -->\n<title>Yuvarlak Zincirli K\u00f6\u015feli Kilit Zincir | Larissa Jewellery<\/title>\n<meta name=\"robots\" content=\"index, follow, max-snippet:-1, max-image-preview:large, max-video-preview:-1\" \/>\n<link rel=\"canonical\" href=\"https:\/\/larissajewellery.com\/en\/product\/yuvarlak-zincirli-koseli-kilit-zincir\/\" \/>\n<meta property=\"og:locale\" content=\"en_US\" \/>\n<meta property=\"og:type\" content=\"article\" \/>\n<meta property=\"og:title\" content=\"Yuvarlak Zincirli K\u00f6\u015feli Kilit Zincir | Larissa Jewellery\" \/>\n<meta property=\"og:description\" content=\"14 Ayar Alt\u0131n Ki\u015fiselle\u015ftirilebilir Zincir\" \/>\n<meta property=\"og:url\" content=\"https:\/\/larissajewellery.com\/en\/product\/yuvarlak-zincirli-koseli-kilit-zincir\/\" \/>\n<meta property=\"og:site_name\" content=\"Larissa Jewellery\" \/>\n<meta property=\"article:modified_time\" content=\"2025-06-18T14:38:06+00:00\" \/>\n<meta property=\"og:image\" content=\"http:\/\/larissajewellery.com\/wp-content\/uploads\/2023\/03\/0MA_8217-scaled.jpg\" \/>\n\t<meta property=\"og:image:width\" content=\"2560\" \/>\n\t<meta property=\"og:image:height\" content=\"1707\" \/>\n\t<meta property=\"og:image:type\" content=\"image\/jpeg\" \/>\n<meta name=\"twitter:card\" content=\"summary_large_image\" \/>\n<meta name=\"twitter:label1\" content=\"Est. reading time\" \/>\n\t<meta name=\"twitter:data1\" content=\"1 minute\" \/>\n<script type=\"application\/ld+json\" class=\"yoast-schema-graph\">{\"@context\":\"https:\/\/schema.org\",\"@graph\":[{\"@type\":\"WebPage\",\"@id\":\"https:\/\/larissajewellery.com\/product\/yuvarlak-zincirli-koseli-kilit-zincir\/\",\"url\":\"https:\/\/larissajewellery.com\/product\/yuvarlak-zincirli-koseli-kilit-zincir\/\",\"name\":\"Yuvarlak Zincirli K\u00f6\u015feli Kilit Zincir | Larissa Jewellery\",\"isPartOf\":{\"@id\":\"https:\/\/larissajewellery.com\/#website\"},\"primaryImageOfPage\":{\"@id\":\"https:\/\/larissajewellery.com\/product\/yuvarlak-zincirli-koseli-kilit-zincir\/#primaryimage\"},\"image\":{\"@id\":\"https:\/\/larissajewellery.com\/product\/yuvarlak-zincirli-koseli-kilit-zincir\/#primaryimage\"},\"thumbnailUrl\":\"https:\/\/larissajewellery.com\/wp-content\/uploads\/2023\/03\/0MA_8217-scaled.jpg\",\"datePublished\":\"2023-03-14T17:21:06+00:00\",\"dateModified\":\"2025-06-18T14:38:06+00:00\",\"breadcrumb\":{\"@id\":\"https:\/\/larissajewellery.com\/product\/yuvarlak-zincirli-koseli-kilit-zincir\/#breadcrumb\"},\"inLanguage\":\"en-US\",\"potentialAction\":[{\"@type\":\"ReadAction\",\"target\":[\"https:\/\/larissajewellery.com\/product\/yuvarlak-zincirli-koseli-kilit-zincir\/\"]}]},{\"@type\":\"ImageObject\",\"inLanguage\":\"en-US\",\"@id\":\"https:\/\/larissajewellery.com\/product\/yuvarlak-zincirli-koseli-kilit-zincir\/#primaryimage\",\"url\":\"https:\/\/larissajewellery.com\/wp-content\/uploads\/2023\/03\/0MA_8217-scaled.jpg\",\"contentUrl\":\"https:\/\/larissajewellery.com\/wp-content\/uploads\/2023\/03\/0MA_8217-scaled.jpg\",\"width\":2560,\"height\":1707},{\"@type\":\"BreadcrumbList\",\"@id\":\"https:\/\/larissajewellery.com\/product\/yuvarlak-zincirli-koseli-kilit-zincir\/#breadcrumb\",\"itemListElement\":[{\"@type\":\"ListItem\",\"position\":1,\"name\":\"Home\",\"item\":\"https:\/\/larissajewellery.com\/\"},{\"@type\":\"ListItem\",\"position\":2,\"name\":\"Kategoriler\",\"item\":\"https:\/\/larissajewellery.com\/en\/magaza\/\"},{\"@type\":\"ListItem\",\"position\":3,\"name\":\"Yuvarlak Zincirli K\u00f6\u015feli Kilit Zincir\"}]},{\"@type\":\"WebSite\",\"@id\":\"https:\/\/larissajewellery.com\/#website\",\"url\":\"https:\/\/larissajewellery.com\/\",\"name\":\"Larissa Jewellery\",\"description\":\"Save Your Memories\",\"potentialAction\":[{\"@type\":\"SearchAction\",\"target\":{\"@type\":\"EntryPoint\",\"urlTemplate\":\"https:\/\/larissajewellery.com\/?s={search_term_string}\"},\"query-input\":{\"@type\":\"PropertyValueSpecification\",\"valueRequired\":true,\"valueName\":\"search_term_string\"}}],\"inLanguage\":\"en-US\"}]}<\/script>\n<!-- \/ Yoast SEO plugin. -->","yoast_head_json":{"title":"Yuvarlak Zincirli K\u00f6\u015feli Kilit Zincir | Larissa Jewellery","robots":{"index":"index","follow":"follow","max-snippet":"max-snippet:-1","max-image-preview":"max-image-preview:large","max-video-preview":"max-video-preview:-1"},"canonical":"https:\/\/larissajewellery.com\/en\/product\/yuvarlak-zincirli-koseli-kilit-zincir\/","og_locale":"en_US","og_type":"article","og_title":"Yuvarlak Zincirli K\u00f6\u015feli Kilit Zincir | Larissa Jewellery","og_description":"14 Ayar Alt\u0131n Ki\u015fiselle\u015ftirilebilir Zincir","og_url":"https:\/\/larissajewellery.com\/en\/product\/yuvarlak-zincirli-koseli-kilit-zincir\/","og_site_name":"Larissa Jewellery","article_modified_time":"2025-06-18T14:38:06+00:00","og_image":[{"width":2560,"height":1707,"url":"http:\/\/larissajewellery.com\/wp-content\/uploads\/2023\/03\/0MA_8217-scaled.jpg","type":"image\/jpeg"}],"twitter_card":"summary_large_image","twitter_misc":{"Est. reading time":"1 minute"},"schema":{"@context":"https:\/\/schema.org","@graph":[{"@type":"WebPage","@id":"https:\/\/larissajewellery.com\/product\/yuvarlak-zincirli-koseli-kilit-zincir\/","url":"https:\/\/larissajewellery.com\/product\/yuvarlak-zincirli-koseli-kilit-zincir\/","name":"Yuvarlak Zincirli K\u00f6\u015feli Kilit Zincir | Larissa Jewellery","isPartOf":{"@id":"https:\/\/larissajewellery.com\/#website"},"primaryImageOfPage":{"@id":"https:\/\/larissajewellery.com\/product\/yuvarlak-zincirli-koseli-kilit-zincir\/#primaryimage"},"image":{"@id":"https:\/\/larissajewellery.com\/product\/yuvarlak-zincirli-koseli-kilit-zincir\/#primaryimage"},"thumbnailUrl":"https:\/\/larissajewellery.com\/wp-content\/uploads\/2023\/03\/0MA_8217-scaled.jpg","datePublished":"2023-03-14T17:21:06+00:00","dateModified":"2025-06-18T14:38:06+00:00","breadcrumb":{"@id":"https:\/\/larissajewellery.com\/product\/yuvarlak-zincirli-koseli-kilit-zincir\/#breadcrumb"},"inLanguage":"en-US","potentialAction":[{"@type":"ReadAction","target":["https:\/\/larissajewellery.com\/product\/yuvarlak-zincirli-koseli-kilit-zincir\/"]}]},{"@type":"ImageObject","inLanguage":"en-US","@id":"https:\/\/larissajewellery.com\/product\/yuvarlak-zincirli-koseli-kilit-zincir\/#primaryimage","url":"https:\/\/larissajewellery.com\/wp-content\/uploads\/2023\/03\/0MA_8217-scaled.jpg","contentUrl":"https:\/\/larissajewellery.com\/wp-content\/uploads\/2023\/03\/0MA_8217-scaled.jpg","width":2560,"height":1707},{"@type":"BreadcrumbList","@id":"https:\/\/larissajewellery.com\/product\/yuvarlak-zincirli-koseli-kilit-zincir\/#breadcrumb","itemListElement":[{"@type":"ListItem","position":1,"name":"Home","item":"https:\/\/larissajewellery.com\/"},{"@type":"ListItem","position":2,"name":"Kategoriler","item":"https:\/\/larissajewellery.com\/en\/magaza\/"},{"@type":"ListItem","position":3,"name":"Yuvarlak Zincirli K\u00f6\u015feli Kilit Zincir"}]},{"@type":"WebSite","@id":"https:\/\/larissajewellery.com\/#website","url":"https:\/\/larissajewellery.com\/","name":"Larissa Jewelery","description":"Save Your Memories","potentialAction":[{"@type":"SearchAction","target":{"@type":"EntryPoint","urlTemplate":"https:\/\/larissajewellery.com\/?s={search_term_string}"},"query-input":{"@type":"PropertyValueSpecification","valueRequired":true,"valueName":"search_term_string"}}],"inLanguage":"en-US"}]}},"_links":{"self":[{"href":"https:\/\/larissajewellery.com\/en\/wp-json\/wp\/v2\/product\/8987","targetHints":{"allow":["GET"]}}],"collection":[{"href":"https:\/\/larissajewellery.com\/en\/wp-json\/wp\/v2\/product"}],"about":[{"href":"https:\/\/larissajewellery.com\/en\/wp-json\/wp\/v2\/types\/product"}],"replies":[{"embeddable":true,"href":"https:\/\/larissajewellery.com\/en\/wp-json\/wp\/v2\/comments?post=8987"}],"wp:featuredmedia":[{"embeddable":true,"href":"https:\/\/larissajewellery.com\/en\/wp-json\/wp\/v2\/media\/8991"}],"wp:attachment":[{"href":"https:\/\/larissajewellery.com\/en\/wp-json\/wp\/v2\/media?parent=8987"}],"wp:term":[{"taxonomy":"product_brand","embeddable":true,"href":"https:\/\/larissajewellery.com\/en\/wp-json\/wp\/v2\/product_brand?post=8987"},{"taxonomy":"product_cat","embeddable":true,"href":"https:\/\/larissajewellery.com\/en\/wp-json\/wp\/v2\/product_cat?post=8987"},{"taxonomy":"product_tag","embeddable":true,"href":"https:\/\/larissajewellery.com\/en\/wp-json\/wp\/v2\/product_tag?post=8987"}],"curies":[{"name":"wp","href":"https:\/\/api.w.org\/{rel}","templated":true}]}}