{"id":8953,"date":"2023-03-14T11:02:37","date_gmt":"2023-03-14T08:02:37","guid":{"rendered":"https:\/\/larissajewellery.com\/?post_type=product&#038;p=8953"},"modified":"2026-04-07T14:48:57","modified_gmt":"2026-04-07T11:48:57","slug":"one-for-all-black-pirlanta-detayli-altin-sahmeran","status":"publish","type":"product","link":"https:\/\/larissajewellery.com\/en\/product\/one-for-all-black-pirlanta-detayli-altin-sahmeran\/","title":{"rendered":"One For All Black P\u0131rlanta Detayl\u0131 Alt\u0131n \u015eahmeran"},"content":{"rendered":"<p>Tek bir p\u0131rlantadan olu\u015fan zarif \u015fahmeran. 14 Ayar Alt\u0131n P\u0131rlanta: 0.02 ct (F-G\/VS-SI)<\/p>","protected":false},"excerpt":{"rendered":"<p>14 Ayar Alt\u0131n ve P\u0131rlanta \u015eahmeran<\/p>","protected":false},"featured_media":8942,"comment_status":"open","ping_status":"closed","template":"","meta":[],"product_brand":[],"product_cat":[190],"product_tag":[],"class_list":{"0":"post-8953","1":"product","2":"type-product","3":"status-publish","4":"has-post-thumbnail","6":"product_cat-sahmeran","8":"first","9":"instock","10":"shipping-taxable","11":"purchasable","12":"product-type-simple"},"yoast_head":"<!-- This site is optimized with the Yoast SEO plugin v27.2 - https:\/\/yoast.com\/product\/yoast-seo-wordpress\/ -->\n<title>One For All Black P\u0131rlanta Detayl\u0131 Alt\u0131n \u015eahmeran | Larissa Jewellery<\/title>\n<meta name=\"description\" content=\"Tek bir p\u0131rlantadan olu\u015fan zarif \u015fahmeran. 14 Ayar Alt\u0131n P\u0131rlanta: 0.02 ct (F-G\/VS-SI)\" \/>\n<meta name=\"robots\" content=\"index, follow, max-snippet:-1, max-image-preview:large, max-video-preview:-1\" \/>\n<link rel=\"canonical\" href=\"https:\/\/larissajewellery.com\/en\/product\/one-for-all-black-pirlanta-detayli-altin-sahmeran\/\" \/>\n<meta property=\"og:locale\" content=\"en_US\" \/>\n<meta property=\"og:type\" content=\"article\" \/>\n<meta property=\"og:title\" content=\"One For All Black P\u0131rlanta Detayl\u0131 Alt\u0131n \u015eahmeran | Larissa Jewellery\" \/>\n<meta property=\"og:description\" content=\"Tek bir p\u0131rlantadan olu\u015fan zarif \u015fahmeran. 14 Ayar Alt\u0131n P\u0131rlanta: 0.02 ct (F-G\/VS-SI)\" \/>\n<meta property=\"og:url\" content=\"https:\/\/larissajewellery.com\/en\/product\/one-for-all-black-pirlanta-detayli-altin-sahmeran\/\" \/>\n<meta property=\"og:site_name\" content=\"Larissa Jewellery\" \/>\n<meta property=\"article:modified_time\" content=\"2026-04-07T11:48:57+00:00\" \/>\n<meta property=\"og:image\" content=\"http:\/\/larissajewellery.com\/wp-content\/uploads\/2023\/03\/PCS011-scaled.jpg\" \/>\n\t<meta property=\"og:image:width\" content=\"1707\" \/>\n\t<meta property=\"og:image:height\" content=\"2560\" \/>\n\t<meta property=\"og:image:type\" content=\"image\/jpeg\" \/>\n<meta name=\"twitter:card\" content=\"summary_large_image\" \/>\n<script type=\"application\/ld+json\" class=\"yoast-schema-graph\">{\"@context\":\"https:\/\/schema.org\",\"@graph\":[{\"@type\":\"WebPage\",\"@id\":\"https:\/\/larissajewellery.com\/product\/one-for-all-black-pirlanta-detayli-altin-sahmeran\/\",\"url\":\"https:\/\/larissajewellery.com\/product\/one-for-all-black-pirlanta-detayli-altin-sahmeran\/\",\"name\":\"One For All Black P\u0131rlanta Detayl\u0131 Alt\u0131n \u015eahmeran | Larissa Jewellery\",\"isPartOf\":{\"@id\":\"https:\/\/larissajewellery.com\/#website\"},\"primaryImageOfPage\":{\"@id\":\"https:\/\/larissajewellery.com\/product\/one-for-all-black-pirlanta-detayli-altin-sahmeran\/#primaryimage\"},\"image\":{\"@id\":\"https:\/\/larissajewellery.com\/product\/one-for-all-black-pirlanta-detayli-altin-sahmeran\/#primaryimage\"},\"thumbnailUrl\":\"https:\/\/larissajewellery.com\/wp-content\/uploads\/2023\/03\/PCS011-scaled.jpg\",\"datePublished\":\"2023-03-14T08:02:37+00:00\",\"dateModified\":\"2026-04-07T11:48:57+00:00\",\"description\":\"Tek bir p\u0131rlantadan olu\u015fan zarif \u015fahmeran. 14 Ayar Alt\u0131n P\u0131rlanta: 0.02 ct (F-G\/VS-SI)\",\"breadcrumb\":{\"@id\":\"https:\/\/larissajewellery.com\/product\/one-for-all-black-pirlanta-detayli-altin-sahmeran\/#breadcrumb\"},\"inLanguage\":\"en-US\",\"potentialAction\":[{\"@type\":\"ReadAction\",\"target\":[\"https:\/\/larissajewellery.com\/product\/one-for-all-black-pirlanta-detayli-altin-sahmeran\/\"]}]},{\"@type\":\"ImageObject\",\"inLanguage\":\"en-US\",\"@id\":\"https:\/\/larissajewellery.com\/product\/one-for-all-black-pirlanta-detayli-altin-sahmeran\/#primaryimage\",\"url\":\"https:\/\/larissajewellery.com\/wp-content\/uploads\/2023\/03\/PCS011-scaled.jpg\",\"contentUrl\":\"https:\/\/larissajewellery.com\/wp-content\/uploads\/2023\/03\/PCS011-scaled.jpg\",\"width\":1707,\"height\":2560},{\"@type\":\"BreadcrumbList\",\"@id\":\"https:\/\/larissajewellery.com\/product\/one-for-all-black-pirlanta-detayli-altin-sahmeran\/#breadcrumb\",\"itemListElement\":[{\"@type\":\"ListItem\",\"position\":1,\"name\":\"Home\",\"item\":\"https:\/\/larissajewellery.com\/\"},{\"@type\":\"ListItem\",\"position\":2,\"name\":\"Kategoriler\",\"item\":\"https:\/\/larissajewellery.com\/en\/magaza\/\"},{\"@type\":\"ListItem\",\"position\":3,\"name\":\"One For All Black P\u0131rlanta Detayl\u0131 Alt\u0131n \u015eahmeran\"}]},{\"@type\":\"WebSite\",\"@id\":\"https:\/\/larissajewellery.com\/#website\",\"url\":\"https:\/\/larissajewellery.com\/\",\"name\":\"Larissa Jewellery\",\"description\":\"Save Your Memories\",\"potentialAction\":[{\"@type\":\"SearchAction\",\"target\":{\"@type\":\"EntryPoint\",\"urlTemplate\":\"https:\/\/larissajewellery.com\/?s={search_term_string}\"},\"query-input\":{\"@type\":\"PropertyValueSpecification\",\"valueRequired\":true,\"valueName\":\"search_term_string\"}}],\"inLanguage\":\"en-US\"}]}<\/script>\n<!-- \/ Yoast SEO plugin. -->","yoast_head_json":{"title":"One For All Black P\u0131rlanta Detayl\u0131 Alt\u0131n \u015eahmeran | Larissa Jewellery","description":"Tek bir p\u0131rlantadan olu\u015fan zarif \u015fahmeran. 14 Ayar Alt\u0131n P\u0131rlanta: 0.02 ct (F-G\/VS-SI)","robots":{"index":"index","follow":"follow","max-snippet":"max-snippet:-1","max-image-preview":"max-image-preview:large","max-video-preview":"max-video-preview:-1"},"canonical":"https:\/\/larissajewellery.com\/en\/product\/one-for-all-black-pirlanta-detayli-altin-sahmeran\/","og_locale":"en_US","og_type":"article","og_title":"One For All Black P\u0131rlanta Detayl\u0131 Alt\u0131n \u015eahmeran | Larissa Jewellery","og_description":"Tek bir p\u0131rlantadan olu\u015fan zarif \u015fahmeran. 14 Ayar Alt\u0131n P\u0131rlanta: 0.02 ct (F-G\/VS-SI)","og_url":"https:\/\/larissajewellery.com\/en\/product\/one-for-all-black-pirlanta-detayli-altin-sahmeran\/","og_site_name":"Larissa Jewellery","article_modified_time":"2026-04-07T11:48:57+00:00","og_image":[{"width":1707,"height":2560,"url":"http:\/\/larissajewellery.com\/wp-content\/uploads\/2023\/03\/PCS011-scaled.jpg","type":"image\/jpeg"}],"twitter_card":"summary_large_image","schema":{"@context":"https:\/\/schema.org","@graph":[{"@type":"WebPage","@id":"https:\/\/larissajewellery.com\/product\/one-for-all-black-pirlanta-detayli-altin-sahmeran\/","url":"https:\/\/larissajewellery.com\/product\/one-for-all-black-pirlanta-detayli-altin-sahmeran\/","name":"One For All Black P\u0131rlanta Detayl\u0131 Alt\u0131n \u015eahmeran | Larissa Jewellery","isPartOf":{"@id":"https:\/\/larissajewellery.com\/#website"},"primaryImageOfPage":{"@id":"https:\/\/larissajewellery.com\/product\/one-for-all-black-pirlanta-detayli-altin-sahmeran\/#primaryimage"},"image":{"@id":"https:\/\/larissajewellery.com\/product\/one-for-all-black-pirlanta-detayli-altin-sahmeran\/#primaryimage"},"thumbnailUrl":"https:\/\/larissajewellery.com\/wp-content\/uploads\/2023\/03\/PCS011-scaled.jpg","datePublished":"2023-03-14T08:02:37+00:00","dateModified":"2026-04-07T11:48:57+00:00","description":"Tek bir p\u0131rlantadan olu\u015fan zarif \u015fahmeran. 14 Ayar Alt\u0131n P\u0131rlanta: 0.02 ct (F-G\/VS-SI)","breadcrumb":{"@id":"https:\/\/larissajewellery.com\/product\/one-for-all-black-pirlanta-detayli-altin-sahmeran\/#breadcrumb"},"inLanguage":"en-US","potentialAction":[{"@type":"ReadAction","target":["https:\/\/larissajewellery.com\/product\/one-for-all-black-pirlanta-detayli-altin-sahmeran\/"]}]},{"@type":"ImageObject","inLanguage":"en-US","@id":"https:\/\/larissajewellery.com\/product\/one-for-all-black-pirlanta-detayli-altin-sahmeran\/#primaryimage","url":"https:\/\/larissajewellery.com\/wp-content\/uploads\/2023\/03\/PCS011-scaled.jpg","contentUrl":"https:\/\/larissajewellery.com\/wp-content\/uploads\/2023\/03\/PCS011-scaled.jpg","width":1707,"height":2560},{"@type":"BreadcrumbList","@id":"https:\/\/larissajewellery.com\/product\/one-for-all-black-pirlanta-detayli-altin-sahmeran\/#breadcrumb","itemListElement":[{"@type":"ListItem","position":1,"name":"Home","item":"https:\/\/larissajewellery.com\/"},{"@type":"ListItem","position":2,"name":"Kategoriler","item":"https:\/\/larissajewellery.com\/en\/magaza\/"},{"@type":"ListItem","position":3,"name":"One For All Black P\u0131rlanta Detayl\u0131 Alt\u0131n \u015eahmeran"}]},{"@type":"WebSite","@id":"https:\/\/larissajewellery.com\/#website","url":"https:\/\/larissajewellery.com\/","name":"Larissa Jewelery","description":"Save Your Memories","potentialAction":[{"@type":"SearchAction","target":{"@type":"EntryPoint","urlTemplate":"https:\/\/larissajewellery.com\/?s={search_term_string}"},"query-input":{"@type":"PropertyValueSpecification","valueRequired":true,"valueName":"search_term_string"}}],"inLanguage":"en-US"}]}},"_links":{"self":[{"href":"https:\/\/larissajewellery.com\/en\/wp-json\/wp\/v2\/product\/8953","targetHints":{"allow":["GET"]}}],"collection":[{"href":"https:\/\/larissajewellery.com\/en\/wp-json\/wp\/v2\/product"}],"about":[{"href":"https:\/\/larissajewellery.com\/en\/wp-json\/wp\/v2\/types\/product"}],"replies":[{"embeddable":true,"href":"https:\/\/larissajewellery.com\/en\/wp-json\/wp\/v2\/comments?post=8953"}],"wp:featuredmedia":[{"embeddable":true,"href":"https:\/\/larissajewellery.com\/en\/wp-json\/wp\/v2\/media\/8942"}],"wp:attachment":[{"href":"https:\/\/larissajewellery.com\/en\/wp-json\/wp\/v2\/media?parent=8953"}],"wp:term":[{"taxonomy":"product_brand","embeddable":true,"href":"https:\/\/larissajewellery.com\/en\/wp-json\/wp\/v2\/product_brand?post=8953"},{"taxonomy":"product_cat","embeddable":true,"href":"https:\/\/larissajewellery.com\/en\/wp-json\/wp\/v2\/product_cat?post=8953"},{"taxonomy":"product_tag","embeddable":true,"href":"https:\/\/larissajewellery.com\/en\/wp-json\/wp\/v2\/product_tag?post=8953"}],"curies":[{"name":"wp","href":"https:\/\/api.w.org\/{rel}","templated":true}]}}