{"id":8710,"date":"2023-03-10T21:28:12","date_gmt":"2023-03-10T18:28:12","guid":{"rendered":"https:\/\/larissajewellery.com\/?post_type=product&#038;p=8710"},"modified":"2025-06-18T17:37:27","modified_gmt":"2025-06-18T14:37:27","slug":"altin-zincir-kolye","status":"publish","type":"product","link":"https:\/\/larissajewellery.com\/en\/product\/altin-zincir-kolye\/","title":{"rendered":"K\u00fc\u00e7\u00fck Boy 1 Adet Ta\u015fl\u0131 Par\u00e7al\u0131 Alt\u0131n Zincir Kolye"},"content":{"rendered":"<p>14 Ayar alt\u0131ndan olu\u015fan ve p\u0131rlantalar ile tasarlanm\u0131\u015f zincir kolye.<\/p>\n<p><strong>14 Ayar Alt\u0131n ve P\u0131rlanta: 0.36 ct (F-G\/VS-SI)<\/strong><\/p>","protected":false},"excerpt":{"rendered":"<p>14 Ayar Alt\u0131n Zincir Kolye<\/p>","protected":false},"featured_media":8711,"comment_status":"open","ping_status":"closed","template":"","meta":[],"product_brand":[],"product_cat":[229,230],"product_tag":[],"class_list":{"0":"post-8710","1":"product","2":"type-product","3":"status-publish","4":"has-post-thumbnail","6":"product_cat-kolyeler","7":"product_cat-zincir-kolyeler","9":"first","10":"instock","11":"shipping-taxable","12":"purchasable","13":"product-type-simple"},"yoast_head":"<!-- This site is optimized with the Yoast SEO plugin v27.2 - https:\/\/yoast.com\/product\/yoast-seo-wordpress\/ -->\n<title>K\u00fc\u00e7\u00fck Boy 1 Adet Ta\u015fl\u0131 Par\u00e7al\u0131 Alt\u0131n Zincir Kolye | Larissa Jewellery<\/title>\n<meta name=\"description\" content=\"14 Ayar alt\u0131ndan olu\u015fan ve p\u0131rlantalar ile tasarlanm\u0131\u015f zincir kolye.14 Ayar Alt\u0131n ve P\u0131rlanta: 0.36 ct (F-G\/VS-SI)\" \/>\n<meta name=\"robots\" content=\"index, follow, max-snippet:-1, max-image-preview:large, max-video-preview:-1\" \/>\n<link rel=\"canonical\" href=\"https:\/\/larissajewellery.com\/en\/product\/altin-zincir-kolye\/\" \/>\n<meta property=\"og:locale\" content=\"en_US\" \/>\n<meta property=\"og:type\" content=\"article\" \/>\n<meta property=\"og:title\" content=\"K\u00fc\u00e7\u00fck Boy 1 Adet Ta\u015fl\u0131 Par\u00e7al\u0131 Alt\u0131n Zincir Kolye | Larissa Jewellery\" \/>\n<meta property=\"og:description\" content=\"14 Ayar alt\u0131ndan olu\u015fan ve p\u0131rlantalar ile tasarlanm\u0131\u015f zincir kolye.14 Ayar Alt\u0131n ve P\u0131rlanta: 0.36 ct (F-G\/VS-SI)\" \/>\n<meta property=\"og:url\" content=\"https:\/\/larissajewellery.com\/en\/product\/altin-zincir-kolye\/\" \/>\n<meta property=\"og:site_name\" content=\"Larissa Jewellery\" \/>\n<meta property=\"article:modified_time\" content=\"2025-06-18T14:37:27+00:00\" \/>\n<meta property=\"og:image\" content=\"http:\/\/larissajewellery.com\/wp-content\/uploads\/2023\/03\/PCC013-scaled.jpg\" \/>\n\t<meta property=\"og:image:width\" content=\"1707\" \/>\n\t<meta property=\"og:image:height\" content=\"2560\" \/>\n\t<meta property=\"og:image:type\" content=\"image\/jpeg\" \/>\n<meta name=\"twitter:card\" content=\"summary_large_image\" \/>\n<meta name=\"twitter:label1\" content=\"Est. reading time\" \/>\n\t<meta name=\"twitter:data1\" content=\"1 minute\" \/>\n<script type=\"application\/ld+json\" class=\"yoast-schema-graph\">{\"@context\":\"https:\/\/schema.org\",\"@graph\":[{\"@type\":\"WebPage\",\"@id\":\"https:\/\/larissajewellery.com\/product\/altin-zincir-kolye\/\",\"url\":\"https:\/\/larissajewellery.com\/product\/altin-zincir-kolye\/\",\"name\":\"K\u00fc\u00e7\u00fck Boy 1 Adet Ta\u015fl\u0131 Par\u00e7al\u0131 Alt\u0131n Zincir Kolye | Larissa Jewellery\",\"isPartOf\":{\"@id\":\"https:\/\/larissajewellery.com\/#website\"},\"primaryImageOfPage\":{\"@id\":\"https:\/\/larissajewellery.com\/product\/altin-zincir-kolye\/#primaryimage\"},\"image\":{\"@id\":\"https:\/\/larissajewellery.com\/product\/altin-zincir-kolye\/#primaryimage\"},\"thumbnailUrl\":\"https:\/\/larissajewellery.com\/wp-content\/uploads\/2023\/03\/PCC013-scaled.jpg\",\"datePublished\":\"2023-03-10T18:28:12+00:00\",\"dateModified\":\"2025-06-18T14:37:27+00:00\",\"description\":\"14 Ayar alt\u0131ndan olu\u015fan ve p\u0131rlantalar ile tasarlanm\u0131\u015f zincir kolye.14 Ayar Alt\u0131n ve P\u0131rlanta: 0.36 ct (F-G\/VS-SI)\",\"breadcrumb\":{\"@id\":\"https:\/\/larissajewellery.com\/product\/altin-zincir-kolye\/#breadcrumb\"},\"inLanguage\":\"en-US\",\"potentialAction\":[{\"@type\":\"ReadAction\",\"target\":[\"https:\/\/larissajewellery.com\/product\/altin-zincir-kolye\/\"]}]},{\"@type\":\"ImageObject\",\"inLanguage\":\"en-US\",\"@id\":\"https:\/\/larissajewellery.com\/product\/altin-zincir-kolye\/#primaryimage\",\"url\":\"https:\/\/larissajewellery.com\/wp-content\/uploads\/2023\/03\/PCC013-scaled.jpg\",\"contentUrl\":\"https:\/\/larissajewellery.com\/wp-content\/uploads\/2023\/03\/PCC013-scaled.jpg\",\"width\":1707,\"height\":2560},{\"@type\":\"BreadcrumbList\",\"@id\":\"https:\/\/larissajewellery.com\/product\/altin-zincir-kolye\/#breadcrumb\",\"itemListElement\":[{\"@type\":\"ListItem\",\"position\":1,\"name\":\"Home\",\"item\":\"https:\/\/larissajewellery.com\/\"},{\"@type\":\"ListItem\",\"position\":2,\"name\":\"Kategoriler\",\"item\":\"https:\/\/larissajewellery.com\/en\/magaza\/\"},{\"@type\":\"ListItem\",\"position\":3,\"name\":\"K\u00fc\u00e7\u00fck Boy 1 Adet Ta\u015fl\u0131 Par\u00e7al\u0131 Alt\u0131n Zincir Kolye\"}]},{\"@type\":\"WebSite\",\"@id\":\"https:\/\/larissajewellery.com\/#website\",\"url\":\"https:\/\/larissajewellery.com\/\",\"name\":\"Larissa Jewellery\",\"description\":\"Save Your Memories\",\"potentialAction\":[{\"@type\":\"SearchAction\",\"target\":{\"@type\":\"EntryPoint\",\"urlTemplate\":\"https:\/\/larissajewellery.com\/?s={search_term_string}\"},\"query-input\":{\"@type\":\"PropertyValueSpecification\",\"valueRequired\":true,\"valueName\":\"search_term_string\"}}],\"inLanguage\":\"en-US\"}]}<\/script>\n<!-- \/ Yoast SEO plugin. -->","yoast_head_json":{"title":"K\u00fc\u00e7\u00fck Boy 1 Adet Ta\u015fl\u0131 Par\u00e7al\u0131 Alt\u0131n Zincir Kolye | Larissa Jewellery","description":"14 Ayar alt\u0131ndan olu\u015fan ve p\u0131rlantalar ile tasarlanm\u0131\u015f zincir kolye.14 Ayar Alt\u0131n ve P\u0131rlanta: 0.36 ct (F-G\/VS-SI)","robots":{"index":"index","follow":"follow","max-snippet":"max-snippet:-1","max-image-preview":"max-image-preview:large","max-video-preview":"max-video-preview:-1"},"canonical":"https:\/\/larissajewellery.com\/en\/product\/altin-zincir-kolye\/","og_locale":"en_US","og_type":"article","og_title":"K\u00fc\u00e7\u00fck Boy 1 Adet Ta\u015fl\u0131 Par\u00e7al\u0131 Alt\u0131n Zincir Kolye | Larissa Jewellery","og_description":"14 Ayar alt\u0131ndan olu\u015fan ve p\u0131rlantalar ile tasarlanm\u0131\u015f zincir kolye.14 Ayar Alt\u0131n ve P\u0131rlanta: 0.36 ct (F-G\/VS-SI)","og_url":"https:\/\/larissajewellery.com\/en\/product\/altin-zincir-kolye\/","og_site_name":"Larissa Jewellery","article_modified_time":"2025-06-18T14:37:27+00:00","og_image":[{"width":1707,"height":2560,"url":"http:\/\/larissajewellery.com\/wp-content\/uploads\/2023\/03\/PCC013-scaled.jpg","type":"image\/jpeg"}],"twitter_card":"summary_large_image","twitter_misc":{"Est. reading time":"1 minute"},"schema":{"@context":"https:\/\/schema.org","@graph":[{"@type":"WebPage","@id":"https:\/\/larissajewellery.com\/product\/altin-zincir-kolye\/","url":"https:\/\/larissajewellery.com\/product\/altin-zincir-kolye\/","name":"K\u00fc\u00e7\u00fck Boy 1 Adet Ta\u015fl\u0131 Par\u00e7al\u0131 Alt\u0131n Zincir Kolye | Larissa Jewellery","isPartOf":{"@id":"https:\/\/larissajewellery.com\/#website"},"primaryImageOfPage":{"@id":"https:\/\/larissajewellery.com\/product\/altin-zincir-kolye\/#primaryimage"},"image":{"@id":"https:\/\/larissajewellery.com\/product\/altin-zincir-kolye\/#primaryimage"},"thumbnailUrl":"https:\/\/larissajewellery.com\/wp-content\/uploads\/2023\/03\/PCC013-scaled.jpg","datePublished":"2023-03-10T18:28:12+00:00","dateModified":"2025-06-18T14:37:27+00:00","description":"14 Ayar alt\u0131ndan olu\u015fan ve p\u0131rlantalar ile tasarlanm\u0131\u015f zincir kolye.14 Ayar Alt\u0131n ve P\u0131rlanta: 0.36 ct (F-G\/VS-SI)","breadcrumb":{"@id":"https:\/\/larissajewellery.com\/product\/altin-zincir-kolye\/#breadcrumb"},"inLanguage":"en-US","potentialAction":[{"@type":"ReadAction","target":["https:\/\/larissajewellery.com\/product\/altin-zincir-kolye\/"]}]},{"@type":"ImageObject","inLanguage":"en-US","@id":"https:\/\/larissajewellery.com\/product\/altin-zincir-kolye\/#primaryimage","url":"https:\/\/larissajewellery.com\/wp-content\/uploads\/2023\/03\/PCC013-scaled.jpg","contentUrl":"https:\/\/larissajewellery.com\/wp-content\/uploads\/2023\/03\/PCC013-scaled.jpg","width":1707,"height":2560},{"@type":"BreadcrumbList","@id":"https:\/\/larissajewellery.com\/product\/altin-zincir-kolye\/#breadcrumb","itemListElement":[{"@type":"ListItem","position":1,"name":"Home","item":"https:\/\/larissajewellery.com\/"},{"@type":"ListItem","position":2,"name":"Kategoriler","item":"https:\/\/larissajewellery.com\/en\/magaza\/"},{"@type":"ListItem","position":3,"name":"K\u00fc\u00e7\u00fck Boy 1 Adet Ta\u015fl\u0131 Par\u00e7al\u0131 Alt\u0131n Zincir Kolye"}]},{"@type":"WebSite","@id":"https:\/\/larissajewellery.com\/#website","url":"https:\/\/larissajewellery.com\/","name":"Larissa Jewelery","description":"Save Your Memories","potentialAction":[{"@type":"SearchAction","target":{"@type":"EntryPoint","urlTemplate":"https:\/\/larissajewellery.com\/?s={search_term_string}"},"query-input":{"@type":"PropertyValueSpecification","valueRequired":true,"valueName":"search_term_string"}}],"inLanguage":"en-US"}]}},"_links":{"self":[{"href":"https:\/\/larissajewellery.com\/en\/wp-json\/wp\/v2\/product\/8710","targetHints":{"allow":["GET"]}}],"collection":[{"href":"https:\/\/larissajewellery.com\/en\/wp-json\/wp\/v2\/product"}],"about":[{"href":"https:\/\/larissajewellery.com\/en\/wp-json\/wp\/v2\/types\/product"}],"replies":[{"embeddable":true,"href":"https:\/\/larissajewellery.com\/en\/wp-json\/wp\/v2\/comments?post=8710"}],"wp:featuredmedia":[{"embeddable":true,"href":"https:\/\/larissajewellery.com\/en\/wp-json\/wp\/v2\/media\/8711"}],"wp:attachment":[{"href":"https:\/\/larissajewellery.com\/en\/wp-json\/wp\/v2\/media?parent=8710"}],"wp:term":[{"taxonomy":"product_brand","embeddable":true,"href":"https:\/\/larissajewellery.com\/en\/wp-json\/wp\/v2\/product_brand?post=8710"},{"taxonomy":"product_cat","embeddable":true,"href":"https:\/\/larissajewellery.com\/en\/wp-json\/wp\/v2\/product_cat?post=8710"},{"taxonomy":"product_tag","embeddable":true,"href":"https:\/\/larissajewellery.com\/en\/wp-json\/wp\/v2\/product_tag?post=8710"}],"curies":[{"name":"wp","href":"https:\/\/api.w.org\/{rel}","templated":true}]}}