{"id":8673,"date":"2023-03-10T10:14:14","date_gmt":"2023-03-10T07:14:14","guid":{"rendered":"https:\/\/larissajewellery.com\/?post_type=product&#038;p=8673"},"modified":"2025-06-18T17:37:30","modified_gmt":"2025-06-18T14:37:30","slug":"love-makes-us-better-pirlanta-detayli-altin-kolye","status":"publish","type":"product","link":"https:\/\/larissajewellery.com\/en\/product\/love-makes-us-better-pirlanta-detayli-altin-kolye\/","title":{"rendered":"Love Makes Us Better P\u0131rlanta Detayl\u0131 Alt\u0131n Kolye"},"content":{"rendered":"<p>Farkl\u0131 y\u00f6nlere do\u011fru gitsek bile, farkl\u0131 zamanlarda \u0131\u015f\u0131lday\u0131p, farkl\u0131 zamanlarda zorluklardan ge\u00e7sek bile; sevdiklerimizin her zaman yan\u0131nda oldu\u011fumuzu g\u00f6steren kalp madalyonumuz.<\/p>\n<p><strong>14 Ayar Alt\u0131n ve P\u0131rlanta: 0.26 ct (F-G\/VS-SI) <\/strong><\/p>","protected":false},"excerpt":{"rendered":"<p>14 Ayar Alt\u0131n ve P\u0131rlanta Kolye<\/p>","protected":false},"featured_media":8674,"comment_status":"open","ping_status":"closed","template":"","meta":[],"product_brand":[],"product_cat":[229,231],"product_tag":[],"class_list":{"0":"post-8673","1":"product","2":"type-product","3":"status-publish","4":"has-post-thumbnail","6":"product_cat-kolyeler","7":"product_cat-minimal-kolyeler","9":"first","10":"instock","11":"shipping-taxable","12":"purchasable","13":"product-type-simple"},"yoast_head":"<!-- This site is optimized with the Yoast SEO plugin v27.2 - https:\/\/yoast.com\/product\/yoast-seo-wordpress\/ -->\n<title>Love Makes Us Better P\u0131rlanta Detayl\u0131 Alt\u0131n Kolye | Larissa Jewellery<\/title>\n<meta name=\"description\" content=\"Farkl\u0131 zamanlarda \u0131\u015f\u0131lday\u0131p, farkl\u0131 zamanlarda zorluklardan ge\u00e7sek bile; sevdiklerimizin her zaman yan\u0131nda oldu\u011fumuzu g\u00f6steren kalp madalyonumuz.\" \/>\n<meta name=\"robots\" content=\"index, follow, max-snippet:-1, max-image-preview:large, max-video-preview:-1\" \/>\n<link rel=\"canonical\" href=\"https:\/\/larissajewellery.com\/en\/product\/love-makes-us-better-pirlanta-detayli-altin-kolye\/\" \/>\n<meta property=\"og:locale\" content=\"en_US\" \/>\n<meta property=\"og:type\" content=\"article\" \/>\n<meta property=\"og:title\" content=\"Love Makes Us Better P\u0131rlanta Detayl\u0131 Alt\u0131n Kolye | Larissa Jewellery\" \/>\n<meta property=\"og:description\" content=\"Farkl\u0131 zamanlarda \u0131\u015f\u0131lday\u0131p, farkl\u0131 zamanlarda zorluklardan ge\u00e7sek bile; sevdiklerimizin her zaman yan\u0131nda oldu\u011fumuzu g\u00f6steren kalp madalyonumuz.\" \/>\n<meta property=\"og:url\" content=\"https:\/\/larissajewellery.com\/en\/product\/love-makes-us-better-pirlanta-detayli-altin-kolye\/\" \/>\n<meta property=\"og:site_name\" content=\"Larissa Jewellery\" \/>\n<meta property=\"article:modified_time\" content=\"2025-06-18T14:37:30+00:00\" \/>\n<meta property=\"og:image\" content=\"http:\/\/larissajewellery.com\/wp-content\/uploads\/2023\/03\/PCM040-scaled.jpg\" \/>\n\t<meta property=\"og:image:width\" content=\"2560\" \/>\n\t<meta property=\"og:image:height\" content=\"1707\" \/>\n\t<meta property=\"og:image:type\" content=\"image\/jpeg\" \/>\n<meta name=\"twitter:card\" content=\"summary_large_image\" \/>\n<meta name=\"twitter:label1\" content=\"Est. reading time\" \/>\n\t<meta name=\"twitter:data1\" content=\"1 minute\" \/>\n<script type=\"application\/ld+json\" class=\"yoast-schema-graph\">{\"@context\":\"https:\/\/schema.org\",\"@graph\":[{\"@type\":\"WebPage\",\"@id\":\"https:\/\/larissajewellery.com\/product\/love-makes-us-better-pirlanta-detayli-altin-kolye\/\",\"url\":\"https:\/\/larissajewellery.com\/product\/love-makes-us-better-pirlanta-detayli-altin-kolye\/\",\"name\":\"Love Makes Us Better P\u0131rlanta Detayl\u0131 Alt\u0131n Kolye | Larissa Jewellery\",\"isPartOf\":{\"@id\":\"https:\/\/larissajewellery.com\/#website\"},\"primaryImageOfPage\":{\"@id\":\"https:\/\/larissajewellery.com\/product\/love-makes-us-better-pirlanta-detayli-altin-kolye\/#primaryimage\"},\"image\":{\"@id\":\"https:\/\/larissajewellery.com\/product\/love-makes-us-better-pirlanta-detayli-altin-kolye\/#primaryimage\"},\"thumbnailUrl\":\"https:\/\/larissajewellery.com\/wp-content\/uploads\/2023\/03\/PCM040-scaled.jpg\",\"datePublished\":\"2023-03-10T07:14:14+00:00\",\"dateModified\":\"2025-06-18T14:37:30+00:00\",\"description\":\"Farkl\u0131 zamanlarda \u0131\u015f\u0131lday\u0131p, farkl\u0131 zamanlarda zorluklardan ge\u00e7sek bile; sevdiklerimizin her zaman yan\u0131nda oldu\u011fumuzu g\u00f6steren kalp madalyonumuz.\",\"breadcrumb\":{\"@id\":\"https:\/\/larissajewellery.com\/product\/love-makes-us-better-pirlanta-detayli-altin-kolye\/#breadcrumb\"},\"inLanguage\":\"en-US\",\"potentialAction\":[{\"@type\":\"ReadAction\",\"target\":[\"https:\/\/larissajewellery.com\/product\/love-makes-us-better-pirlanta-detayli-altin-kolye\/\"]}]},{\"@type\":\"ImageObject\",\"inLanguage\":\"en-US\",\"@id\":\"https:\/\/larissajewellery.com\/product\/love-makes-us-better-pirlanta-detayli-altin-kolye\/#primaryimage\",\"url\":\"https:\/\/larissajewellery.com\/wp-content\/uploads\/2023\/03\/PCM040-scaled.jpg\",\"contentUrl\":\"https:\/\/larissajewellery.com\/wp-content\/uploads\/2023\/03\/PCM040-scaled.jpg\",\"width\":2560,\"height\":1707},{\"@type\":\"BreadcrumbList\",\"@id\":\"https:\/\/larissajewellery.com\/product\/love-makes-us-better-pirlanta-detayli-altin-kolye\/#breadcrumb\",\"itemListElement\":[{\"@type\":\"ListItem\",\"position\":1,\"name\":\"Home\",\"item\":\"https:\/\/larissajewellery.com\/\"},{\"@type\":\"ListItem\",\"position\":2,\"name\":\"Kategoriler\",\"item\":\"https:\/\/larissajewellery.com\/en\/magaza\/\"},{\"@type\":\"ListItem\",\"position\":3,\"name\":\"Love Makes Us Better P\u0131rlanta Detayl\u0131 Alt\u0131n Kolye\"}]},{\"@type\":\"WebSite\",\"@id\":\"https:\/\/larissajewellery.com\/#website\",\"url\":\"https:\/\/larissajewellery.com\/\",\"name\":\"Larissa Jewellery\",\"description\":\"Save Your Memories\",\"potentialAction\":[{\"@type\":\"SearchAction\",\"target\":{\"@type\":\"EntryPoint\",\"urlTemplate\":\"https:\/\/larissajewellery.com\/?s={search_term_string}\"},\"query-input\":{\"@type\":\"PropertyValueSpecification\",\"valueRequired\":true,\"valueName\":\"search_term_string\"}}],\"inLanguage\":\"en-US\"}]}<\/script>\n<!-- \/ Yoast SEO plugin. -->","yoast_head_json":{"title":"Love Makes Us Better P\u0131rlanta Detayl\u0131 Alt\u0131n Kolye | Larissa Jewellery","description":"Farkl\u0131 zamanlarda \u0131\u015f\u0131lday\u0131p, farkl\u0131 zamanlarda zorluklardan ge\u00e7sek bile; sevdiklerimizin her zaman yan\u0131nda oldu\u011fumuzu g\u00f6steren kalp madalyonumuz.","robots":{"index":"index","follow":"follow","max-snippet":"max-snippet:-1","max-image-preview":"max-image-preview:large","max-video-preview":"max-video-preview:-1"},"canonical":"https:\/\/larissajewellery.com\/en\/product\/love-makes-us-better-pirlanta-detayli-altin-kolye\/","og_locale":"en_US","og_type":"article","og_title":"Love Makes Us Better P\u0131rlanta Detayl\u0131 Alt\u0131n Kolye | Larissa Jewellery","og_description":"Farkl\u0131 zamanlarda \u0131\u015f\u0131lday\u0131p, farkl\u0131 zamanlarda zorluklardan ge\u00e7sek bile; sevdiklerimizin her zaman yan\u0131nda oldu\u011fumuzu g\u00f6steren kalp madalyonumuz.","og_url":"https:\/\/larissajewellery.com\/en\/product\/love-makes-us-better-pirlanta-detayli-altin-kolye\/","og_site_name":"Larissa Jewellery","article_modified_time":"2025-06-18T14:37:30+00:00","og_image":[{"width":2560,"height":1707,"url":"http:\/\/larissajewellery.com\/wp-content\/uploads\/2023\/03\/PCM040-scaled.jpg","type":"image\/jpeg"}],"twitter_card":"summary_large_image","twitter_misc":{"Est. reading time":"1 minute"},"schema":{"@context":"https:\/\/schema.org","@graph":[{"@type":"WebPage","@id":"https:\/\/larissajewellery.com\/product\/love-makes-us-better-pirlanta-detayli-altin-kolye\/","url":"https:\/\/larissajewellery.com\/product\/love-makes-us-better-pirlanta-detayli-altin-kolye\/","name":"Love Makes Us Better P\u0131rlanta Detayl\u0131 Alt\u0131n Kolye | Larissa Jewellery","isPartOf":{"@id":"https:\/\/larissajewellery.com\/#website"},"primaryImageOfPage":{"@id":"https:\/\/larissajewellery.com\/product\/love-makes-us-better-pirlanta-detayli-altin-kolye\/#primaryimage"},"image":{"@id":"https:\/\/larissajewellery.com\/product\/love-makes-us-better-pirlanta-detayli-altin-kolye\/#primaryimage"},"thumbnailUrl":"https:\/\/larissajewellery.com\/wp-content\/uploads\/2023\/03\/PCM040-scaled.jpg","datePublished":"2023-03-10T07:14:14+00:00","dateModified":"2025-06-18T14:37:30+00:00","description":"Farkl\u0131 zamanlarda \u0131\u015f\u0131lday\u0131p, farkl\u0131 zamanlarda zorluklardan ge\u00e7sek bile; sevdiklerimizin her zaman yan\u0131nda oldu\u011fumuzu g\u00f6steren kalp madalyonumuz.","breadcrumb":{"@id":"https:\/\/larissajewellery.com\/product\/love-makes-us-better-pirlanta-detayli-altin-kolye\/#breadcrumb"},"inLanguage":"en-US","potentialAction":[{"@type":"ReadAction","target":["https:\/\/larissajewellery.com\/product\/love-makes-us-better-pirlanta-detayli-altin-kolye\/"]}]},{"@type":"ImageObject","inLanguage":"en-US","@id":"https:\/\/larissajewellery.com\/product\/love-makes-us-better-pirlanta-detayli-altin-kolye\/#primaryimage","url":"https:\/\/larissajewellery.com\/wp-content\/uploads\/2023\/03\/PCM040-scaled.jpg","contentUrl":"https:\/\/larissajewellery.com\/wp-content\/uploads\/2023\/03\/PCM040-scaled.jpg","width":2560,"height":1707},{"@type":"BreadcrumbList","@id":"https:\/\/larissajewellery.com\/product\/love-makes-us-better-pirlanta-detayli-altin-kolye\/#breadcrumb","itemListElement":[{"@type":"ListItem","position":1,"name":"Home","item":"https:\/\/larissajewellery.com\/"},{"@type":"ListItem","position":2,"name":"Kategoriler","item":"https:\/\/larissajewellery.com\/en\/magaza\/"},{"@type":"ListItem","position":3,"name":"Love Makes Us Better P\u0131rlanta Detayl\u0131 Alt\u0131n Kolye"}]},{"@type":"WebSite","@id":"https:\/\/larissajewellery.com\/#website","url":"https:\/\/larissajewellery.com\/","name":"Larissa Jewelery","description":"Save Your Memories","potentialAction":[{"@type":"SearchAction","target":{"@type":"EntryPoint","urlTemplate":"https:\/\/larissajewellery.com\/?s={search_term_string}"},"query-input":{"@type":"PropertyValueSpecification","valueRequired":true,"valueName":"search_term_string"}}],"inLanguage":"en-US"}]}},"_links":{"self":[{"href":"https:\/\/larissajewellery.com\/en\/wp-json\/wp\/v2\/product\/8673","targetHints":{"allow":["GET"]}}],"collection":[{"href":"https:\/\/larissajewellery.com\/en\/wp-json\/wp\/v2\/product"}],"about":[{"href":"https:\/\/larissajewellery.com\/en\/wp-json\/wp\/v2\/types\/product"}],"replies":[{"embeddable":true,"href":"https:\/\/larissajewellery.com\/en\/wp-json\/wp\/v2\/comments?post=8673"}],"wp:featuredmedia":[{"embeddable":true,"href":"https:\/\/larissajewellery.com\/en\/wp-json\/wp\/v2\/media\/8674"}],"wp:attachment":[{"href":"https:\/\/larissajewellery.com\/en\/wp-json\/wp\/v2\/media?parent=8673"}],"wp:term":[{"taxonomy":"product_brand","embeddable":true,"href":"https:\/\/larissajewellery.com\/en\/wp-json\/wp\/v2\/product_brand?post=8673"},{"taxonomy":"product_cat","embeddable":true,"href":"https:\/\/larissajewellery.com\/en\/wp-json\/wp\/v2\/product_cat?post=8673"},{"taxonomy":"product_tag","embeddable":true,"href":"https:\/\/larissajewellery.com\/en\/wp-json\/wp\/v2\/product_tag?post=8673"}],"curies":[{"name":"wp","href":"https:\/\/api.w.org\/{rel}","templated":true}]}}