{"id":7849,"date":"2022-01-18T18:08:54","date_gmt":"2022-01-18T15:08:54","guid":{"rendered":"http:\/\/larissajewellery.com\/?post_type=product&#038;p=7849"},"modified":"2026-04-22T14:44:17","modified_gmt":"2026-04-22T11:44:17","slug":"spike-diamond-yuzuk","status":"publish","type":"product","link":"https:\/\/larissajewellery.com\/en\/product\/spike-diamond-yuzuk\/","title":{"rendered":"Spike Diamond Ring"},"content":{"rendered":"<p>For those who want to add a new dimension to minimalism.<br \/>\nPlease contact us at info@larissajewellery.com to tell us your ring size.<\/p>\n<p>14 K Gold<br \/>\nDiamond: 0.16 ct (F-G\/ VS-SI)<\/p>","protected":false},"excerpt":{"rendered":"<p>14K Gold Ring<\/p>","protected":false},"featured_media":8039,"comment_status":"open","ping_status":"closed","template":"","meta":[],"product_brand":[],"product_cat":[98],"product_tag":[],"class_list":{"0":"post-7849","1":"product","2":"type-product","3":"status-publish","4":"has-post-thumbnail","6":"product_cat-yuzukler","8":"first","9":"instock","10":"shipping-taxable","11":"purchasable","12":"product-type-variable"},"yoast_head":"<!-- This site is optimized with the Yoast SEO plugin v27.2 - https:\/\/yoast.com\/product\/yoast-seo-wordpress\/ -->\n<title>Spike Diamond Yuzuk | Larissa Jewellery<\/title>\n<meta name=\"description\" content=\"Minimalizme fark\u0131 bir boyut katmak isteyenlere. L\u00fctfen y\u00fcz\u00fck boyunuzu info@larissajewellery.com adresine mail yoluyla bize iletiniz.\" \/>\n<meta name=\"robots\" content=\"index, follow, max-snippet:-1, max-image-preview:large, max-video-preview:-1\" \/>\n<link rel=\"canonical\" href=\"https:\/\/larissajewellery.com\/en\/product\/spike-diamond-yuzuk\/\" \/>\n<meta property=\"og:locale\" content=\"en_US\" \/>\n<meta property=\"og:type\" content=\"article\" \/>\n<meta property=\"og:title\" content=\"Spike Diamond Yuzuk | Larissa Jewellery\" \/>\n<meta property=\"og:description\" content=\"Minimalizme fark\u0131 bir boyut katmak isteyenlere. L\u00fctfen y\u00fcz\u00fck boyunuzu info@larissajewellery.com adresine mail yoluyla bize iletiniz.\" \/>\n<meta property=\"og:url\" content=\"https:\/\/larissajewellery.com\/en\/product\/spike-diamond-yuzuk\/\" \/>\n<meta property=\"og:site_name\" content=\"Larissa Jewellery\" \/>\n<meta property=\"article:modified_time\" content=\"2026-04-22T11:44:17+00:00\" \/>\n<meta property=\"og:image\" content=\"http:\/\/larissajewellery.com\/wp-content\/uploads\/2022\/01\/1F64B4CF-8401-4758-B1A3-3059A8A92E1F-scaled.jpeg\" \/>\n\t<meta property=\"og:image:width\" content=\"2560\" \/>\n\t<meta property=\"og:image:height\" content=\"1703\" \/>\n\t<meta property=\"og:image:type\" content=\"image\/jpeg\" \/>\n<meta name=\"twitter:card\" content=\"summary_large_image\" \/>\n<meta name=\"twitter:label1\" content=\"Est. reading time\" \/>\n\t<meta name=\"twitter:data1\" content=\"1 minute\" \/>\n<script type=\"application\/ld+json\" class=\"yoast-schema-graph\">{\"@context\":\"https:\/\/schema.org\",\"@graph\":[{\"@type\":\"WebPage\",\"@id\":\"https:\/\/larissajewellery.com\/product\/spike-diamond-yuzuk\/\",\"url\":\"https:\/\/larissajewellery.com\/product\/spike-diamond-yuzuk\/\",\"name\":\"Spike Diamond Yuzuk | Larissa Jewellery\",\"isPartOf\":{\"@id\":\"https:\/\/larissajewellery.com\/#website\"},\"primaryImageOfPage\":{\"@id\":\"https:\/\/larissajewellery.com\/product\/spike-diamond-yuzuk\/#primaryimage\"},\"image\":{\"@id\":\"https:\/\/larissajewellery.com\/product\/spike-diamond-yuzuk\/#primaryimage\"},\"thumbnailUrl\":\"https:\/\/larissajewellery.com\/wp-content\/uploads\/2022\/01\/1F64B4CF-8401-4758-B1A3-3059A8A92E1F-scaled.jpeg\",\"datePublished\":\"2022-01-18T15:08:54+00:00\",\"dateModified\":\"2026-04-22T11:44:17+00:00\",\"description\":\"Minimalizme fark\u0131 bir boyut katmak isteyenlere. L\u00fctfen y\u00fcz\u00fck boyunuzu info@larissajewellery.com adresine mail yoluyla bize iletiniz.\",\"breadcrumb\":{\"@id\":\"https:\/\/larissajewellery.com\/product\/spike-diamond-yuzuk\/#breadcrumb\"},\"inLanguage\":\"en-US\",\"potentialAction\":[{\"@type\":\"ReadAction\",\"target\":[\"https:\/\/larissajewellery.com\/product\/spike-diamond-yuzuk\/\"]}]},{\"@type\":\"ImageObject\",\"inLanguage\":\"en-US\",\"@id\":\"https:\/\/larissajewellery.com\/product\/spike-diamond-yuzuk\/#primaryimage\",\"url\":\"https:\/\/larissajewellery.com\/wp-content\/uploads\/2022\/01\/1F64B4CF-8401-4758-B1A3-3059A8A92E1F-scaled.jpeg\",\"contentUrl\":\"https:\/\/larissajewellery.com\/wp-content\/uploads\/2022\/01\/1F64B4CF-8401-4758-B1A3-3059A8A92E1F-scaled.jpeg\",\"width\":2560,\"height\":1703},{\"@type\":\"BreadcrumbList\",\"@id\":\"https:\/\/larissajewellery.com\/product\/spike-diamond-yuzuk\/#breadcrumb\",\"itemListElement\":[{\"@type\":\"ListItem\",\"position\":1,\"name\":\"Home\",\"item\":\"https:\/\/larissajewellery.com\/\"},{\"@type\":\"ListItem\",\"position\":2,\"name\":\"Kategoriler\",\"item\":\"https:\/\/larissajewellery.com\/en\/magaza\/\"},{\"@type\":\"ListItem\",\"position\":3,\"name\":\"Spike Diamond Yuzuk\"}]},{\"@type\":\"WebSite\",\"@id\":\"https:\/\/larissajewellery.com\/#website\",\"url\":\"https:\/\/larissajewellery.com\/\",\"name\":\"Larissa Jewellery\",\"description\":\"Save Your Memories\",\"potentialAction\":[{\"@type\":\"SearchAction\",\"target\":{\"@type\":\"EntryPoint\",\"urlTemplate\":\"https:\/\/larissajewellery.com\/?s={search_term_string}\"},\"query-input\":{\"@type\":\"PropertyValueSpecification\",\"valueRequired\":true,\"valueName\":\"search_term_string\"}}],\"inLanguage\":\"en-US\"}]}<\/script>\n<!-- \/ Yoast SEO plugin. -->","yoast_head_json":{"title":"Spike Diamond Yuzuk | Larissa Jewellery","description":"Minimalizme fark\u0131 bir boyut katmak isteyenlere. L\u00fctfen y\u00fcz\u00fck boyunuzu info@larissajewellery.com adresine mail yoluyla bize iletiniz.","robots":{"index":"index","follow":"follow","max-snippet":"max-snippet:-1","max-image-preview":"max-image-preview:large","max-video-preview":"max-video-preview:-1"},"canonical":"https:\/\/larissajewellery.com\/en\/product\/spike-diamond-yuzuk\/","og_locale":"en_US","og_type":"article","og_title":"Spike Diamond Yuzuk | Larissa Jewellery","og_description":"Minimalizme fark\u0131 bir boyut katmak isteyenlere. L\u00fctfen y\u00fcz\u00fck boyunuzu info@larissajewellery.com adresine mail yoluyla bize iletiniz.","og_url":"https:\/\/larissajewellery.com\/en\/product\/spike-diamond-yuzuk\/","og_site_name":"Larissa Jewellery","article_modified_time":"2026-04-22T11:44:17+00:00","og_image":[{"width":2560,"height":1703,"url":"http:\/\/larissajewellery.com\/wp-content\/uploads\/2022\/01\/1F64B4CF-8401-4758-B1A3-3059A8A92E1F-scaled.jpeg","type":"image\/jpeg"}],"twitter_card":"summary_large_image","twitter_misc":{"Est. reading time":"1 minute"},"schema":{"@context":"https:\/\/schema.org","@graph":[{"@type":"WebPage","@id":"https:\/\/larissajewellery.com\/product\/spike-diamond-yuzuk\/","url":"https:\/\/larissajewellery.com\/product\/spike-diamond-yuzuk\/","name":"Spike Diamond Yuzuk | Larissa Jewellery","isPartOf":{"@id":"https:\/\/larissajewellery.com\/#website"},"primaryImageOfPage":{"@id":"https:\/\/larissajewellery.com\/product\/spike-diamond-yuzuk\/#primaryimage"},"image":{"@id":"https:\/\/larissajewellery.com\/product\/spike-diamond-yuzuk\/#primaryimage"},"thumbnailUrl":"https:\/\/larissajewellery.com\/wp-content\/uploads\/2022\/01\/1F64B4CF-8401-4758-B1A3-3059A8A92E1F-scaled.jpeg","datePublished":"2022-01-18T15:08:54+00:00","dateModified":"2026-04-22T11:44:17+00:00","description":"Minimalizme fark\u0131 bir boyut katmak isteyenlere. L\u00fctfen y\u00fcz\u00fck boyunuzu info@larissajewellery.com adresine mail yoluyla bize iletiniz.","breadcrumb":{"@id":"https:\/\/larissajewellery.com\/product\/spike-diamond-yuzuk\/#breadcrumb"},"inLanguage":"en-US","potentialAction":[{"@type":"ReadAction","target":["https:\/\/larissajewellery.com\/product\/spike-diamond-yuzuk\/"]}]},{"@type":"ImageObject","inLanguage":"en-US","@id":"https:\/\/larissajewellery.com\/product\/spike-diamond-yuzuk\/#primaryimage","url":"https:\/\/larissajewellery.com\/wp-content\/uploads\/2022\/01\/1F64B4CF-8401-4758-B1A3-3059A8A92E1F-scaled.jpeg","contentUrl":"https:\/\/larissajewellery.com\/wp-content\/uploads\/2022\/01\/1F64B4CF-8401-4758-B1A3-3059A8A92E1F-scaled.jpeg","width":2560,"height":1703},{"@type":"BreadcrumbList","@id":"https:\/\/larissajewellery.com\/product\/spike-diamond-yuzuk\/#breadcrumb","itemListElement":[{"@type":"ListItem","position":1,"name":"Home","item":"https:\/\/larissajewellery.com\/"},{"@type":"ListItem","position":2,"name":"Kategoriler","item":"https:\/\/larissajewellery.com\/en\/magaza\/"},{"@type":"ListItem","position":3,"name":"Spike Diamond Yuzuk"}]},{"@type":"WebSite","@id":"https:\/\/larissajewellery.com\/#website","url":"https:\/\/larissajewellery.com\/","name":"Larissa Jewelery","description":"Save Your Memories","potentialAction":[{"@type":"SearchAction","target":{"@type":"EntryPoint","urlTemplate":"https:\/\/larissajewellery.com\/?s={search_term_string}"},"query-input":{"@type":"PropertyValueSpecification","valueRequired":true,"valueName":"search_term_string"}}],"inLanguage":"en-US"}]}},"_links":{"self":[{"href":"https:\/\/larissajewellery.com\/en\/wp-json\/wp\/v2\/product\/7849","targetHints":{"allow":["GET"]}}],"collection":[{"href":"https:\/\/larissajewellery.com\/en\/wp-json\/wp\/v2\/product"}],"about":[{"href":"https:\/\/larissajewellery.com\/en\/wp-json\/wp\/v2\/types\/product"}],"replies":[{"embeddable":true,"href":"https:\/\/larissajewellery.com\/en\/wp-json\/wp\/v2\/comments?post=7849"}],"wp:featuredmedia":[{"embeddable":true,"href":"https:\/\/larissajewellery.com\/en\/wp-json\/wp\/v2\/media\/8039"}],"wp:attachment":[{"href":"https:\/\/larissajewellery.com\/en\/wp-json\/wp\/v2\/media?parent=7849"}],"wp:term":[{"taxonomy":"product_brand","embeddable":true,"href":"https:\/\/larissajewellery.com\/en\/wp-json\/wp\/v2\/product_brand?post=7849"},{"taxonomy":"product_cat","embeddable":true,"href":"https:\/\/larissajewellery.com\/en\/wp-json\/wp\/v2\/product_cat?post=7849"},{"taxonomy":"product_tag","embeddable":true,"href":"https:\/\/larissajewellery.com\/en\/wp-json\/wp\/v2\/product_tag?post=7849"}],"curies":[{"name":"wp","href":"https:\/\/api.w.org\/{rel}","templated":true}]}}