{"id":7837,"date":"2023-03-31T09:50:56","date_gmt":"2023-03-31T06:50:56","guid":{"rendered":"http:\/\/larissajewellery.com\/?post_type=product&#038;p=7837"},"modified":"2026-04-07T16:20:50","modified_gmt":"2026-04-07T13:20:50","slug":"small-pleasures-yuzuk","status":"publish","type":"product","link":"https:\/\/larissajewellery.com\/en\/product\/small-pleasures-yuzuk\/","title":{"rendered":"Small Pleasures Ring"},"content":{"rendered":"<p>Mountain bluebirds symbolize peace and joy in many cultures and we were inspired by them in the creation of this medallion. It reminds us to live the little moments to the fullest and just enjoy the ride.<\/p>\n<p>Our products are made upon order, in any color. Please contact us at info@larissajewellery.com or use the contact form to communicate any specialization you may want.<\/p>\n<p>14 K Gold<\/p>\n<p>Diamond: 0.09 ct (F-G\/ VS-SI)<\/p>","protected":false},"excerpt":{"rendered":"<p>14K Gold Ring<\/p>","protected":false},"featured_media":7942,"comment_status":"open","ping_status":"closed","template":"","meta":[],"product_brand":[],"product_cat":[98],"product_tag":[],"class_list":{"0":"post-7837","1":"product","2":"type-product","3":"status-publish","4":"has-post-thumbnail","6":"product_cat-yuzukler","8":"first","9":"instock","10":"shipping-taxable","11":"purchasable","12":"product-type-variable"},"yoast_head":"<!-- This site is optimized with the Yoast SEO plugin v27.2 - https:\/\/yoast.com\/product\/yoast-seo-wordpress\/ -->\n<title>Small Pleasures Yuzuk | Larissa Jewellery<\/title>\n<meta name=\"description\" content=\"\u0130lham\u0131n\u0131 mavi \u00e7atal kuyruk ku\u015fundan alan bu madalyonumuz, \u00e7o\u011fu k\u00fclt\u00fcrde huzuru ve ne\u015feyi sembolize etmesiyle bilinir.\" \/>\n<meta name=\"robots\" content=\"index, follow, max-snippet:-1, max-image-preview:large, max-video-preview:-1\" \/>\n<link rel=\"canonical\" href=\"https:\/\/larissajewellery.com\/en\/product\/small-pleasures-yuzuk\/\" \/>\n<meta property=\"og:locale\" content=\"en_US\" \/>\n<meta property=\"og:type\" content=\"article\" \/>\n<meta property=\"og:title\" content=\"Small Pleasures Yuzuk | Larissa Jewellery\" \/>\n<meta property=\"og:description\" content=\"\u0130lham\u0131n\u0131 mavi \u00e7atal kuyruk ku\u015fundan alan bu madalyonumuz, \u00e7o\u011fu k\u00fclt\u00fcrde huzuru ve ne\u015feyi sembolize etmesiyle bilinir.\" \/>\n<meta property=\"og:url\" content=\"https:\/\/larissajewellery.com\/en\/product\/small-pleasures-yuzuk\/\" \/>\n<meta property=\"og:site_name\" content=\"Larissa Jewellery\" \/>\n<meta property=\"article:modified_time\" content=\"2026-04-07T13:20:50+00:00\" \/>\n<meta property=\"og:image\" content=\"http:\/\/larissajewellery.com\/wp-content\/uploads\/2022\/01\/5B20F640-27D1-4427-AA0C-A2B28B6F4587-scaled.jpeg\" \/>\n\t<meta property=\"og:image:width\" content=\"2560\" \/>\n\t<meta property=\"og:image:height\" content=\"1703\" \/>\n\t<meta property=\"og:image:type\" content=\"image\/jpeg\" \/>\n<meta name=\"twitter:card\" content=\"summary_large_image\" \/>\n<meta name=\"twitter:label1\" content=\"Est. reading time\" \/>\n\t<meta name=\"twitter:data1\" content=\"1 minute\" \/>\n<script type=\"application\/ld+json\" class=\"yoast-schema-graph\">{\"@context\":\"https:\/\/schema.org\",\"@graph\":[{\"@type\":\"WebPage\",\"@id\":\"https:\/\/larissajewellery.com\/product\/small-pleasures-yuzuk\/\",\"url\":\"https:\/\/larissajewellery.com\/product\/small-pleasures-yuzuk\/\",\"name\":\"Small Pleasures Yuzuk | Larissa Jewellery\",\"isPartOf\":{\"@id\":\"https:\/\/larissajewellery.com\/#website\"},\"primaryImageOfPage\":{\"@id\":\"https:\/\/larissajewellery.com\/product\/small-pleasures-yuzuk\/#primaryimage\"},\"image\":{\"@id\":\"https:\/\/larissajewellery.com\/product\/small-pleasures-yuzuk\/#primaryimage\"},\"thumbnailUrl\":\"https:\/\/larissajewellery.com\/wp-content\/uploads\/2022\/01\/5B20F640-27D1-4427-AA0C-A2B28B6F4587-scaled.jpeg\",\"datePublished\":\"2023-03-31T06:50:56+00:00\",\"dateModified\":\"2026-04-07T13:20:50+00:00\",\"description\":\"\u0130lham\u0131n\u0131 mavi \u00e7atal kuyruk ku\u015fundan alan bu madalyonumuz, \u00e7o\u011fu k\u00fclt\u00fcrde huzuru ve ne\u015feyi sembolize etmesiyle bilinir.\",\"breadcrumb\":{\"@id\":\"https:\/\/larissajewellery.com\/product\/small-pleasures-yuzuk\/#breadcrumb\"},\"inLanguage\":\"en-US\",\"potentialAction\":[{\"@type\":\"ReadAction\",\"target\":[\"https:\/\/larissajewellery.com\/product\/small-pleasures-yuzuk\/\"]}]},{\"@type\":\"ImageObject\",\"inLanguage\":\"en-US\",\"@id\":\"https:\/\/larissajewellery.com\/product\/small-pleasures-yuzuk\/#primaryimage\",\"url\":\"https:\/\/larissajewellery.com\/wp-content\/uploads\/2022\/01\/5B20F640-27D1-4427-AA0C-A2B28B6F4587-scaled.jpeg\",\"contentUrl\":\"https:\/\/larissajewellery.com\/wp-content\/uploads\/2022\/01\/5B20F640-27D1-4427-AA0C-A2B28B6F4587-scaled.jpeg\",\"width\":2560,\"height\":1703},{\"@type\":\"BreadcrumbList\",\"@id\":\"https:\/\/larissajewellery.com\/product\/small-pleasures-yuzuk\/#breadcrumb\",\"itemListElement\":[{\"@type\":\"ListItem\",\"position\":1,\"name\":\"Home\",\"item\":\"https:\/\/larissajewellery.com\/\"},{\"@type\":\"ListItem\",\"position\":2,\"name\":\"Kategoriler\",\"item\":\"https:\/\/larissajewellery.com\/en\/magaza\/\"},{\"@type\":\"ListItem\",\"position\":3,\"name\":\"Small Pleasures Yuzuk\"}]},{\"@type\":\"WebSite\",\"@id\":\"https:\/\/larissajewellery.com\/#website\",\"url\":\"https:\/\/larissajewellery.com\/\",\"name\":\"Larissa Jewellery\",\"description\":\"Save Your Memories\",\"potentialAction\":[{\"@type\":\"SearchAction\",\"target\":{\"@type\":\"EntryPoint\",\"urlTemplate\":\"https:\/\/larissajewellery.com\/?s={search_term_string}\"},\"query-input\":{\"@type\":\"PropertyValueSpecification\",\"valueRequired\":true,\"valueName\":\"search_term_string\"}}],\"inLanguage\":\"en-US\"}]}<\/script>\n<!-- \/ Yoast SEO plugin. -->","yoast_head_json":{"title":"Small Pleasures Yuzuk | Larissa Jewellery","description":"\u0130lham\u0131n\u0131 mavi \u00e7atal kuyruk ku\u015fundan alan bu madalyonumuz, \u00e7o\u011fu k\u00fclt\u00fcrde huzuru ve ne\u015feyi sembolize etmesiyle bilinir.","robots":{"index":"index","follow":"follow","max-snippet":"max-snippet:-1","max-image-preview":"max-image-preview:large","max-video-preview":"max-video-preview:-1"},"canonical":"https:\/\/larissajewellery.com\/en\/product\/small-pleasures-yuzuk\/","og_locale":"en_US","og_type":"article","og_title":"Small Pleasures Yuzuk | Larissa Jewellery","og_description":"\u0130lham\u0131n\u0131 mavi \u00e7atal kuyruk ku\u015fundan alan bu madalyonumuz, \u00e7o\u011fu k\u00fclt\u00fcrde huzuru ve ne\u015feyi sembolize etmesiyle bilinir.","og_url":"https:\/\/larissajewellery.com\/en\/product\/small-pleasures-yuzuk\/","og_site_name":"Larissa Jewellery","article_modified_time":"2026-04-07T13:20:50+00:00","og_image":[{"width":2560,"height":1703,"url":"http:\/\/larissajewellery.com\/wp-content\/uploads\/2022\/01\/5B20F640-27D1-4427-AA0C-A2B28B6F4587-scaled.jpeg","type":"image\/jpeg"}],"twitter_card":"summary_large_image","twitter_misc":{"Est. reading time":"1 minute"},"schema":{"@context":"https:\/\/schema.org","@graph":[{"@type":"WebPage","@id":"https:\/\/larissajewellery.com\/product\/small-pleasures-yuzuk\/","url":"https:\/\/larissajewellery.com\/product\/small-pleasures-yuzuk\/","name":"Small Pleasures Yuzuk | Larissa Jewellery","isPartOf":{"@id":"https:\/\/larissajewellery.com\/#website"},"primaryImageOfPage":{"@id":"https:\/\/larissajewellery.com\/product\/small-pleasures-yuzuk\/#primaryimage"},"image":{"@id":"https:\/\/larissajewellery.com\/product\/small-pleasures-yuzuk\/#primaryimage"},"thumbnailUrl":"https:\/\/larissajewellery.com\/wp-content\/uploads\/2022\/01\/5B20F640-27D1-4427-AA0C-A2B28B6F4587-scaled.jpeg","datePublished":"2023-03-31T06:50:56+00:00","dateModified":"2026-04-07T13:20:50+00:00","description":"\u0130lham\u0131n\u0131 mavi \u00e7atal kuyruk ku\u015fundan alan bu madalyonumuz, \u00e7o\u011fu k\u00fclt\u00fcrde huzuru ve ne\u015feyi sembolize etmesiyle bilinir.","breadcrumb":{"@id":"https:\/\/larissajewellery.com\/product\/small-pleasures-yuzuk\/#breadcrumb"},"inLanguage":"en-US","potentialAction":[{"@type":"ReadAction","target":["https:\/\/larissajewellery.com\/product\/small-pleasures-yuzuk\/"]}]},{"@type":"ImageObject","inLanguage":"en-US","@id":"https:\/\/larissajewellery.com\/product\/small-pleasures-yuzuk\/#primaryimage","url":"https:\/\/larissajewellery.com\/wp-content\/uploads\/2022\/01\/5B20F640-27D1-4427-AA0C-A2B28B6F4587-scaled.jpeg","contentUrl":"https:\/\/larissajewellery.com\/wp-content\/uploads\/2022\/01\/5B20F640-27D1-4427-AA0C-A2B28B6F4587-scaled.jpeg","width":2560,"height":1703},{"@type":"BreadcrumbList","@id":"https:\/\/larissajewellery.com\/product\/small-pleasures-yuzuk\/#breadcrumb","itemListElement":[{"@type":"ListItem","position":1,"name":"Home","item":"https:\/\/larissajewellery.com\/"},{"@type":"ListItem","position":2,"name":"Kategoriler","item":"https:\/\/larissajewellery.com\/en\/magaza\/"},{"@type":"ListItem","position":3,"name":"Small Pleasures Yuzuk"}]},{"@type":"WebSite","@id":"https:\/\/larissajewellery.com\/#website","url":"https:\/\/larissajewellery.com\/","name":"Larissa Jewelery","description":"Save Your Memories","potentialAction":[{"@type":"SearchAction","target":{"@type":"EntryPoint","urlTemplate":"https:\/\/larissajewellery.com\/?s={search_term_string}"},"query-input":{"@type":"PropertyValueSpecification","valueRequired":true,"valueName":"search_term_string"}}],"inLanguage":"en-US"}]}},"_links":{"self":[{"href":"https:\/\/larissajewellery.com\/en\/wp-json\/wp\/v2\/product\/7837","targetHints":{"allow":["GET"]}}],"collection":[{"href":"https:\/\/larissajewellery.com\/en\/wp-json\/wp\/v2\/product"}],"about":[{"href":"https:\/\/larissajewellery.com\/en\/wp-json\/wp\/v2\/types\/product"}],"replies":[{"embeddable":true,"href":"https:\/\/larissajewellery.com\/en\/wp-json\/wp\/v2\/comments?post=7837"}],"wp:featuredmedia":[{"embeddable":true,"href":"https:\/\/larissajewellery.com\/en\/wp-json\/wp\/v2\/media\/7942"}],"wp:attachment":[{"href":"https:\/\/larissajewellery.com\/en\/wp-json\/wp\/v2\/media?parent=7837"}],"wp:term":[{"taxonomy":"product_brand","embeddable":true,"href":"https:\/\/larissajewellery.com\/en\/wp-json\/wp\/v2\/product_brand?post=7837"},{"taxonomy":"product_cat","embeddable":true,"href":"https:\/\/larissajewellery.com\/en\/wp-json\/wp\/v2\/product_cat?post=7837"},{"taxonomy":"product_tag","embeddable":true,"href":"https:\/\/larissajewellery.com\/en\/wp-json\/wp\/v2\/product_tag?post=7837"}],"curies":[{"name":"wp","href":"https:\/\/api.w.org\/{rel}","templated":true}]}}