{"id":7830,"date":"2022-01-18T13:05:44","date_gmt":"2022-01-18T10:05:44","guid":{"rendered":"http:\/\/larissajewellery.com\/?post_type=product&#038;p=7830"},"modified":"2026-04-07T14:54:40","modified_gmt":"2026-04-07T11:54:40","slug":"moon-and-sun-sahmeran","status":"publish","type":"product","link":"https:\/\/larissajewellery.com\/en\/product\/moon-and-sun-sahmeran\/","title":{"rendered":"Moon and Sun \u015eahmeran"},"content":{"rendered":"<p>The moon that lights up the sky in the night and the sun that warms us inside in the morning meets in this medallion. Designed to soothe your mind with the moon and warm your soul with the sun.<\/p>\n<p>Our products are made upon order, in any color. Please contact us at info@larissajewellery.com or use the contact form to communicate any specialization you may want.<\/p>\n<p>14 K Gold<\/p>\n<p>Diamond: 0.05 ct (F-G\/VS-SI)<\/p>","protected":false},"excerpt":{"rendered":"<p>14K Gold Hand Chain<\/p>","protected":false},"featured_media":7906,"comment_status":"open","ping_status":"closed","template":"","meta":[],"product_brand":[],"product_cat":[190],"product_tag":[],"class_list":{"0":"post-7830","1":"product","2":"type-product","3":"status-publish","4":"has-post-thumbnail","6":"product_cat-sahmeran","8":"first","9":"instock","10":"shipping-taxable","11":"purchasable","12":"product-type-simple"},"yoast_head":"<!-- This site is optimized with the Yoast SEO plugin v27.2 - https:\/\/yoast.com\/product\/yoast-seo-wordpress\/ -->\n<title>Moon and Sun \u015eahmeran | Larissa Jewellery<\/title>\n<meta name=\"description\" content=\"G\u00fcne\u015fin ruhunuzu \u0131s\u0131taca\u011f\u0131n\u0131, ay\u0131n ise zihninizi rahatlataca\u011f\u0131n\u0131 ama\u00e7layarak tasarlad\u0131k.\" \/>\n<meta name=\"robots\" content=\"index, follow, max-snippet:-1, max-image-preview:large, max-video-preview:-1\" \/>\n<link rel=\"canonical\" href=\"https:\/\/larissajewellery.com\/en\/product\/moon-and-sun-sahmeran\/\" \/>\n<meta property=\"og:locale\" content=\"en_US\" \/>\n<meta property=\"og:type\" content=\"article\" \/>\n<meta property=\"og:title\" content=\"Moon and Sun \u015eahmeran | Larissa Jewellery\" \/>\n<meta property=\"og:description\" content=\"G\u00fcne\u015fin ruhunuzu \u0131s\u0131taca\u011f\u0131n\u0131, ay\u0131n ise zihninizi rahatlataca\u011f\u0131n\u0131 ama\u00e7layarak tasarlad\u0131k.\" \/>\n<meta property=\"og:url\" content=\"https:\/\/larissajewellery.com\/en\/product\/moon-and-sun-sahmeran\/\" \/>\n<meta property=\"og:site_name\" content=\"Larissa Jewellery\" \/>\n<meta property=\"article:modified_time\" content=\"2026-04-07T11:54:40+00:00\" \/>\n<meta property=\"og:image\" content=\"http:\/\/larissajewellery.com\/wp-content\/uploads\/2022\/01\/0MA_0679-scaled.jpg\" \/>\n\t<meta property=\"og:image:width\" content=\"1703\" \/>\n\t<meta property=\"og:image:height\" content=\"2560\" \/>\n\t<meta property=\"og:image:type\" content=\"image\/jpeg\" \/>\n<meta name=\"twitter:card\" content=\"summary_large_image\" \/>\n<meta name=\"twitter:label1\" content=\"Est. reading time\" \/>\n\t<meta name=\"twitter:data1\" content=\"1 minute\" \/>\n<script type=\"application\/ld+json\" class=\"yoast-schema-graph\">{\"@context\":\"https:\/\/schema.org\",\"@graph\":[{\"@type\":\"WebPage\",\"@id\":\"https:\/\/larissajewellery.com\/product\/moon-and-sun-sahmeran\/\",\"url\":\"https:\/\/larissajewellery.com\/product\/moon-and-sun-sahmeran\/\",\"name\":\"Moon and Sun \u015eahmeran | Larissa Jewellery\",\"isPartOf\":{\"@id\":\"https:\/\/larissajewellery.com\/#website\"},\"primaryImageOfPage\":{\"@id\":\"https:\/\/larissajewellery.com\/product\/moon-and-sun-sahmeran\/#primaryimage\"},\"image\":{\"@id\":\"https:\/\/larissajewellery.com\/product\/moon-and-sun-sahmeran\/#primaryimage\"},\"thumbnailUrl\":\"https:\/\/larissajewellery.com\/wp-content\/uploads\/2022\/01\/0MA_0679-scaled.jpg\",\"datePublished\":\"2022-01-18T10:05:44+00:00\",\"dateModified\":\"2026-04-07T11:54:40+00:00\",\"description\":\"G\u00fcne\u015fin ruhunuzu \u0131s\u0131taca\u011f\u0131n\u0131, ay\u0131n ise zihninizi rahatlataca\u011f\u0131n\u0131 ama\u00e7layarak tasarlad\u0131k.\",\"breadcrumb\":{\"@id\":\"https:\/\/larissajewellery.com\/product\/moon-and-sun-sahmeran\/#breadcrumb\"},\"inLanguage\":\"en-US\",\"potentialAction\":[{\"@type\":\"ReadAction\",\"target\":[\"https:\/\/larissajewellery.com\/product\/moon-and-sun-sahmeran\/\"]}]},{\"@type\":\"ImageObject\",\"inLanguage\":\"en-US\",\"@id\":\"https:\/\/larissajewellery.com\/product\/moon-and-sun-sahmeran\/#primaryimage\",\"url\":\"https:\/\/larissajewellery.com\/wp-content\/uploads\/2022\/01\/0MA_0679-scaled.jpg\",\"contentUrl\":\"https:\/\/larissajewellery.com\/wp-content\/uploads\/2022\/01\/0MA_0679-scaled.jpg\",\"width\":1703,\"height\":2560},{\"@type\":\"BreadcrumbList\",\"@id\":\"https:\/\/larissajewellery.com\/product\/moon-and-sun-sahmeran\/#breadcrumb\",\"itemListElement\":[{\"@type\":\"ListItem\",\"position\":1,\"name\":\"Home\",\"item\":\"https:\/\/larissajewellery.com\/\"},{\"@type\":\"ListItem\",\"position\":2,\"name\":\"Kategoriler\",\"item\":\"https:\/\/larissajewellery.com\/en\/magaza\/\"},{\"@type\":\"ListItem\",\"position\":3,\"name\":\"Moon and Sun \u015eahmeran\"}]},{\"@type\":\"WebSite\",\"@id\":\"https:\/\/larissajewellery.com\/#website\",\"url\":\"https:\/\/larissajewellery.com\/\",\"name\":\"Larissa Jewellery\",\"description\":\"Save Your Memories\",\"potentialAction\":[{\"@type\":\"SearchAction\",\"target\":{\"@type\":\"EntryPoint\",\"urlTemplate\":\"https:\/\/larissajewellery.com\/?s={search_term_string}\"},\"query-input\":{\"@type\":\"PropertyValueSpecification\",\"valueRequired\":true,\"valueName\":\"search_term_string\"}}],\"inLanguage\":\"en-US\"}]}<\/script>\n<!-- \/ Yoast SEO plugin. -->","yoast_head_json":{"title":"Moon and Sun \u015eahmeran | Larissa Jewellery","description":"G\u00fcne\u015fin ruhunuzu \u0131s\u0131taca\u011f\u0131n\u0131, ay\u0131n ise zihninizi rahatlataca\u011f\u0131n\u0131 ama\u00e7layarak tasarlad\u0131k.","robots":{"index":"index","follow":"follow","max-snippet":"max-snippet:-1","max-image-preview":"max-image-preview:large","max-video-preview":"max-video-preview:-1"},"canonical":"https:\/\/larissajewellery.com\/en\/product\/moon-and-sun-sahmeran\/","og_locale":"en_US","og_type":"article","og_title":"Moon and Sun \u015eahmeran | Larissa Jewellery","og_description":"G\u00fcne\u015fin ruhunuzu \u0131s\u0131taca\u011f\u0131n\u0131, ay\u0131n ise zihninizi rahatlataca\u011f\u0131n\u0131 ama\u00e7layarak tasarlad\u0131k.","og_url":"https:\/\/larissajewellery.com\/en\/product\/moon-and-sun-sahmeran\/","og_site_name":"Larissa Jewellery","article_modified_time":"2026-04-07T11:54:40+00:00","og_image":[{"width":1703,"height":2560,"url":"http:\/\/larissajewellery.com\/wp-content\/uploads\/2022\/01\/0MA_0679-scaled.jpg","type":"image\/jpeg"}],"twitter_card":"summary_large_image","twitter_misc":{"Est. reading time":"1 minute"},"schema":{"@context":"https:\/\/schema.org","@graph":[{"@type":"WebPage","@id":"https:\/\/larissajewellery.com\/product\/moon-and-sun-sahmeran\/","url":"https:\/\/larissajewellery.com\/product\/moon-and-sun-sahmeran\/","name":"Moon and Sun \u015eahmeran | Larissa Jewellery","isPartOf":{"@id":"https:\/\/larissajewellery.com\/#website"},"primaryImageOfPage":{"@id":"https:\/\/larissajewellery.com\/product\/moon-and-sun-sahmeran\/#primaryimage"},"image":{"@id":"https:\/\/larissajewellery.com\/product\/moon-and-sun-sahmeran\/#primaryimage"},"thumbnailUrl":"https:\/\/larissajewellery.com\/wp-content\/uploads\/2022\/01\/0MA_0679-scaled.jpg","datePublished":"2022-01-18T10:05:44+00:00","dateModified":"2026-04-07T11:54:40+00:00","description":"G\u00fcne\u015fin ruhunuzu \u0131s\u0131taca\u011f\u0131n\u0131, ay\u0131n ise zihninizi rahatlataca\u011f\u0131n\u0131 ama\u00e7layarak tasarlad\u0131k.","breadcrumb":{"@id":"https:\/\/larissajewellery.com\/product\/moon-and-sun-sahmeran\/#breadcrumb"},"inLanguage":"en-US","potentialAction":[{"@type":"ReadAction","target":["https:\/\/larissajewellery.com\/product\/moon-and-sun-sahmeran\/"]}]},{"@type":"ImageObject","inLanguage":"en-US","@id":"https:\/\/larissajewellery.com\/product\/moon-and-sun-sahmeran\/#primaryimage","url":"https:\/\/larissajewellery.com\/wp-content\/uploads\/2022\/01\/0MA_0679-scaled.jpg","contentUrl":"https:\/\/larissajewellery.com\/wp-content\/uploads\/2022\/01\/0MA_0679-scaled.jpg","width":1703,"height":2560},{"@type":"BreadcrumbList","@id":"https:\/\/larissajewellery.com\/product\/moon-and-sun-sahmeran\/#breadcrumb","itemListElement":[{"@type":"ListItem","position":1,"name":"Home","item":"https:\/\/larissajewellery.com\/"},{"@type":"ListItem","position":2,"name":"Kategoriler","item":"https:\/\/larissajewellery.com\/en\/magaza\/"},{"@type":"ListItem","position":3,"name":"Moon and Sun \u015eahmeran"}]},{"@type":"WebSite","@id":"https:\/\/larissajewellery.com\/#website","url":"https:\/\/larissajewellery.com\/","name":"Larissa Jewelery","description":"Save Your Memories","potentialAction":[{"@type":"SearchAction","target":{"@type":"EntryPoint","urlTemplate":"https:\/\/larissajewellery.com\/?s={search_term_string}"},"query-input":{"@type":"PropertyValueSpecification","valueRequired":true,"valueName":"search_term_string"}}],"inLanguage":"en-US"}]}},"_links":{"self":[{"href":"https:\/\/larissajewellery.com\/en\/wp-json\/wp\/v2\/product\/7830","targetHints":{"allow":["GET"]}}],"collection":[{"href":"https:\/\/larissajewellery.com\/en\/wp-json\/wp\/v2\/product"}],"about":[{"href":"https:\/\/larissajewellery.com\/en\/wp-json\/wp\/v2\/types\/product"}],"replies":[{"embeddable":true,"href":"https:\/\/larissajewellery.com\/en\/wp-json\/wp\/v2\/comments?post=7830"}],"wp:featuredmedia":[{"embeddable":true,"href":"https:\/\/larissajewellery.com\/en\/wp-json\/wp\/v2\/media\/7906"}],"wp:attachment":[{"href":"https:\/\/larissajewellery.com\/en\/wp-json\/wp\/v2\/media?parent=7830"}],"wp:term":[{"taxonomy":"product_brand","embeddable":true,"href":"https:\/\/larissajewellery.com\/en\/wp-json\/wp\/v2\/product_brand?post=7830"},{"taxonomy":"product_cat","embeddable":true,"href":"https:\/\/larissajewellery.com\/en\/wp-json\/wp\/v2\/product_cat?post=7830"},{"taxonomy":"product_tag","embeddable":true,"href":"https:\/\/larissajewellery.com\/en\/wp-json\/wp\/v2\/product_tag?post=7830"}],"curies":[{"name":"wp","href":"https:\/\/api.w.org\/{rel}","templated":true}]}}