{"id":7818,"date":"2022-01-18T12:22:50","date_gmt":"2022-01-18T09:22:50","guid":{"rendered":"http:\/\/larissajewellery.com\/?post_type=product&#038;p=7818"},"modified":"2026-04-07T16:37:43","modified_gmt":"2026-04-07T13:37:43","slug":"more-than-a-letter-kolye","status":"publish","type":"product","link":"https:\/\/larissajewellery.com\/en\/product\/more-than-a-letter-kolye\/","title":{"rendered":"More Than A Letter Big Necklace"},"content":{"rendered":"<p>So you always carry the person's name that gets you excited when you hear it, the person you love or a letter that means a lot to you.<br \/>\nUp to 3 letters can fit on our big heart medallion.<\/p>\n<p>Our products are made upon order. Please contact us at info@larissajewellery.com or use the contact form to communicate any specialization you may want.<\/p>\n<p>14 K Gold<\/p>\n<p>Diamond: 0.11 ct (F-G\/ VS-SI) *The diamonds on the letters may be subject to change. The information provided is for the letters M,N and L.<\/p>","protected":false},"excerpt":{"rendered":"<p>14K Customizable Gold Necklace<\/p>","protected":false},"featured_media":8217,"comment_status":"open","ping_status":"closed","template":"","meta":[],"product_brand":[],"product_cat":[184,177],"product_tag":[],"class_list":{"0":"post-7818","1":"product","2":"type-product","3":"status-publish","4":"has-post-thumbnail","6":"product_cat-buyuk-boy-madalyonlar","7":"product_cat-madalyonlar","9":"first","10":"instock","11":"shipping-taxable","12":"purchasable","13":"product-type-simple"},"yoast_head":"<!-- This site is optimized with the Yoast SEO plugin v27.2 - https:\/\/yoast.com\/product\/yoast-seo-wordpress\/ -->\n<title>More Than A Letter Big Kolye | Larissa Jewellery<\/title>\n<meta name=\"description\" content=\"Ad\u0131n\u0131 duydu\u011funuzda size an\u0131lar\u0131n\u0131z\u0131 hat\u0131rlatan ki\u015finin harfini veya sizin i\u00e7in anlam\u0131 olan herhangi bir harfi boynunuzda ta\u015f\u0131y\u0131n.\" \/>\n<meta name=\"robots\" content=\"index, follow, max-snippet:-1, max-image-preview:large, max-video-preview:-1\" \/>\n<link rel=\"canonical\" href=\"https:\/\/larissajewellery.com\/en\/product\/more-than-a-letter-kolye\/\" \/>\n<meta property=\"og:locale\" content=\"en_US\" \/>\n<meta property=\"og:type\" content=\"article\" \/>\n<meta property=\"og:title\" content=\"More Than A Letter Big Kolye | Larissa Jewellery\" \/>\n<meta property=\"og:description\" content=\"Ad\u0131n\u0131 duydu\u011funuzda size an\u0131lar\u0131n\u0131z\u0131 hat\u0131rlatan ki\u015finin harfini veya sizin i\u00e7in anlam\u0131 olan herhangi bir harfi boynunuzda ta\u015f\u0131y\u0131n.\" \/>\n<meta property=\"og:url\" content=\"https:\/\/larissajewellery.com\/en\/product\/more-than-a-letter-kolye\/\" \/>\n<meta property=\"og:site_name\" content=\"Larissa Jewellery\" \/>\n<meta property=\"article:modified_time\" content=\"2026-04-07T13:37:43+00:00\" \/>\n<meta property=\"og:image\" content=\"http:\/\/larissajewellery.com\/wp-content\/uploads\/2022\/01\/C0988833-D3A3-466C-AC08-E52CF25198B4-scaled.jpeg\" \/>\n\t<meta property=\"og:image:width\" content=\"2560\" \/>\n\t<meta property=\"og:image:height\" content=\"1703\" \/>\n\t<meta property=\"og:image:type\" content=\"image\/jpeg\" \/>\n<meta name=\"twitter:card\" content=\"summary_large_image\" \/>\n<meta name=\"twitter:label1\" content=\"Est. reading time\" \/>\n\t<meta name=\"twitter:data1\" content=\"1 minute\" \/>\n<script type=\"application\/ld+json\" class=\"yoast-schema-graph\">{\"@context\":\"https:\/\/schema.org\",\"@graph\":[{\"@type\":\"WebPage\",\"@id\":\"https:\/\/larissajewellery.com\/product\/more-than-a-letter-kolye\/\",\"url\":\"https:\/\/larissajewellery.com\/product\/more-than-a-letter-kolye\/\",\"name\":\"More Than A Letter Big Kolye | Larissa Jewellery\",\"isPartOf\":{\"@id\":\"https:\/\/larissajewellery.com\/#website\"},\"primaryImageOfPage\":{\"@id\":\"https:\/\/larissajewellery.com\/product\/more-than-a-letter-kolye\/#primaryimage\"},\"image\":{\"@id\":\"https:\/\/larissajewellery.com\/product\/more-than-a-letter-kolye\/#primaryimage\"},\"thumbnailUrl\":\"https:\/\/larissajewellery.com\/wp-content\/uploads\/2022\/01\/C0988833-D3A3-466C-AC08-E52CF25198B4-scaled.jpeg\",\"datePublished\":\"2022-01-18T09:22:50+00:00\",\"dateModified\":\"2026-04-07T13:37:43+00:00\",\"description\":\"Ad\u0131n\u0131 duydu\u011funuzda size an\u0131lar\u0131n\u0131z\u0131 hat\u0131rlatan ki\u015finin harfini veya sizin i\u00e7in anlam\u0131 olan herhangi bir harfi boynunuzda ta\u015f\u0131y\u0131n.\",\"breadcrumb\":{\"@id\":\"https:\/\/larissajewellery.com\/product\/more-than-a-letter-kolye\/#breadcrumb\"},\"inLanguage\":\"en-US\",\"potentialAction\":[{\"@type\":\"ReadAction\",\"target\":[\"https:\/\/larissajewellery.com\/product\/more-than-a-letter-kolye\/\"]}]},{\"@type\":\"ImageObject\",\"inLanguage\":\"en-US\",\"@id\":\"https:\/\/larissajewellery.com\/product\/more-than-a-letter-kolye\/#primaryimage\",\"url\":\"https:\/\/larissajewellery.com\/wp-content\/uploads\/2022\/01\/C0988833-D3A3-466C-AC08-E52CF25198B4-scaled.jpeg\",\"contentUrl\":\"https:\/\/larissajewellery.com\/wp-content\/uploads\/2022\/01\/C0988833-D3A3-466C-AC08-E52CF25198B4-scaled.jpeg\",\"width\":2560,\"height\":1703},{\"@type\":\"BreadcrumbList\",\"@id\":\"https:\/\/larissajewellery.com\/product\/more-than-a-letter-kolye\/#breadcrumb\",\"itemListElement\":[{\"@type\":\"ListItem\",\"position\":1,\"name\":\"Home\",\"item\":\"https:\/\/larissajewellery.com\/\"},{\"@type\":\"ListItem\",\"position\":2,\"name\":\"Kategoriler\",\"item\":\"https:\/\/larissajewellery.com\/en\/magaza\/\"},{\"@type\":\"ListItem\",\"position\":3,\"name\":\"More Than A Letter Big Kolye\"}]},{\"@type\":\"WebSite\",\"@id\":\"https:\/\/larissajewellery.com\/#website\",\"url\":\"https:\/\/larissajewellery.com\/\",\"name\":\"Larissa Jewellery\",\"description\":\"Save Your Memories\",\"potentialAction\":[{\"@type\":\"SearchAction\",\"target\":{\"@type\":\"EntryPoint\",\"urlTemplate\":\"https:\/\/larissajewellery.com\/?s={search_term_string}\"},\"query-input\":{\"@type\":\"PropertyValueSpecification\",\"valueRequired\":true,\"valueName\":\"search_term_string\"}}],\"inLanguage\":\"en-US\"}]}<\/script>\n<!-- \/ Yoast SEO plugin. -->","yoast_head_json":{"title":"More Than A Letter Big Kolye | Larissa Jewellery","description":"Ad\u0131n\u0131 duydu\u011funuzda size an\u0131lar\u0131n\u0131z\u0131 hat\u0131rlatan ki\u015finin harfini veya sizin i\u00e7in anlam\u0131 olan herhangi bir harfi boynunuzda ta\u015f\u0131y\u0131n.","robots":{"index":"index","follow":"follow","max-snippet":"max-snippet:-1","max-image-preview":"max-image-preview:large","max-video-preview":"max-video-preview:-1"},"canonical":"https:\/\/larissajewellery.com\/en\/product\/more-than-a-letter-kolye\/","og_locale":"en_US","og_type":"article","og_title":"More Than A Letter Big Kolye | Larissa Jewellery","og_description":"Ad\u0131n\u0131 duydu\u011funuzda size an\u0131lar\u0131n\u0131z\u0131 hat\u0131rlatan ki\u015finin harfini veya sizin i\u00e7in anlam\u0131 olan herhangi bir harfi boynunuzda ta\u015f\u0131y\u0131n.","og_url":"https:\/\/larissajewellery.com\/en\/product\/more-than-a-letter-kolye\/","og_site_name":"Larissa Jewellery","article_modified_time":"2026-04-07T13:37:43+00:00","og_image":[{"width":2560,"height":1703,"url":"http:\/\/larissajewellery.com\/wp-content\/uploads\/2022\/01\/C0988833-D3A3-466C-AC08-E52CF25198B4-scaled.jpeg","type":"image\/jpeg"}],"twitter_card":"summary_large_image","twitter_misc":{"Est. reading time":"1 minute"},"schema":{"@context":"https:\/\/schema.org","@graph":[{"@type":"WebPage","@id":"https:\/\/larissajewellery.com\/product\/more-than-a-letter-kolye\/","url":"https:\/\/larissajewellery.com\/product\/more-than-a-letter-kolye\/","name":"More Than A Letter Big Kolye | Larissa Jewellery","isPartOf":{"@id":"https:\/\/larissajewellery.com\/#website"},"primaryImageOfPage":{"@id":"https:\/\/larissajewellery.com\/product\/more-than-a-letter-kolye\/#primaryimage"},"image":{"@id":"https:\/\/larissajewellery.com\/product\/more-than-a-letter-kolye\/#primaryimage"},"thumbnailUrl":"https:\/\/larissajewellery.com\/wp-content\/uploads\/2022\/01\/C0988833-D3A3-466C-AC08-E52CF25198B4-scaled.jpeg","datePublished":"2022-01-18T09:22:50+00:00","dateModified":"2026-04-07T13:37:43+00:00","description":"Ad\u0131n\u0131 duydu\u011funuzda size an\u0131lar\u0131n\u0131z\u0131 hat\u0131rlatan ki\u015finin harfini veya sizin i\u00e7in anlam\u0131 olan herhangi bir harfi boynunuzda ta\u015f\u0131y\u0131n.","breadcrumb":{"@id":"https:\/\/larissajewellery.com\/product\/more-than-a-letter-kolye\/#breadcrumb"},"inLanguage":"en-US","potentialAction":[{"@type":"ReadAction","target":["https:\/\/larissajewellery.com\/product\/more-than-a-letter-kolye\/"]}]},{"@type":"ImageObject","inLanguage":"en-US","@id":"https:\/\/larissajewellery.com\/product\/more-than-a-letter-kolye\/#primaryimage","url":"https:\/\/larissajewellery.com\/wp-content\/uploads\/2022\/01\/C0988833-D3A3-466C-AC08-E52CF25198B4-scaled.jpeg","contentUrl":"https:\/\/larissajewellery.com\/wp-content\/uploads\/2022\/01\/C0988833-D3A3-466C-AC08-E52CF25198B4-scaled.jpeg","width":2560,"height":1703},{"@type":"BreadcrumbList","@id":"https:\/\/larissajewellery.com\/product\/more-than-a-letter-kolye\/#breadcrumb","itemListElement":[{"@type":"ListItem","position":1,"name":"Home","item":"https:\/\/larissajewellery.com\/"},{"@type":"ListItem","position":2,"name":"Kategoriler","item":"https:\/\/larissajewellery.com\/en\/magaza\/"},{"@type":"ListItem","position":3,"name":"More Than A Letter Big Kolye"}]},{"@type":"WebSite","@id":"https:\/\/larissajewellery.com\/#website","url":"https:\/\/larissajewellery.com\/","name":"Larissa Jewelery","description":"Save Your Memories","potentialAction":[{"@type":"SearchAction","target":{"@type":"EntryPoint","urlTemplate":"https:\/\/larissajewellery.com\/?s={search_term_string}"},"query-input":{"@type":"PropertyValueSpecification","valueRequired":true,"valueName":"search_term_string"}}],"inLanguage":"en-US"}]}},"_links":{"self":[{"href":"https:\/\/larissajewellery.com\/en\/wp-json\/wp\/v2\/product\/7818","targetHints":{"allow":["GET"]}}],"collection":[{"href":"https:\/\/larissajewellery.com\/en\/wp-json\/wp\/v2\/product"}],"about":[{"href":"https:\/\/larissajewellery.com\/en\/wp-json\/wp\/v2\/types\/product"}],"replies":[{"embeddable":true,"href":"https:\/\/larissajewellery.com\/en\/wp-json\/wp\/v2\/comments?post=7818"}],"wp:featuredmedia":[{"embeddable":true,"href":"https:\/\/larissajewellery.com\/en\/wp-json\/wp\/v2\/media\/8217"}],"wp:attachment":[{"href":"https:\/\/larissajewellery.com\/en\/wp-json\/wp\/v2\/media?parent=7818"}],"wp:term":[{"taxonomy":"product_brand","embeddable":true,"href":"https:\/\/larissajewellery.com\/en\/wp-json\/wp\/v2\/product_brand?post=7818"},{"taxonomy":"product_cat","embeddable":true,"href":"https:\/\/larissajewellery.com\/en\/wp-json\/wp\/v2\/product_cat?post=7818"},{"taxonomy":"product_tag","embeddable":true,"href":"https:\/\/larissajewellery.com\/en\/wp-json\/wp\/v2\/product_tag?post=7818"}],"curies":[{"name":"wp","href":"https:\/\/api.w.org\/{rel}","templated":true}]}}