{"id":7801,"date":"2022-01-17T17:54:43","date_gmt":"2022-01-17T14:54:43","guid":{"rendered":"http:\/\/larissajewellery.com\/?post_type=product&#038;p=7801"},"modified":"2026-04-07T16:22:23","modified_gmt":"2026-04-07T13:22:23","slug":"love-all-the-way-kolye","status":"publish","type":"product","link":"https:\/\/larissajewellery.com\/en\/product\/love-all-the-way-kolye\/","title":{"rendered":"Love All The Way Mini Necklace"},"content":{"rendered":"<p>Our medallion that symbolizes love. To remind yourself and others that love is the solution and to leave a memory for a loved one.<br \/>\nOur products are made upon order, in any color. Please contact us at info@larissajewellery.com or use the contact form to communicate any specialization you may want.<br \/>\nL\u00fctfen &#8220;Love All The Way&#8221; kolye i\u00e7in ki\u015fiselle\u015ftirmek istedi\u011finiz t\u00fcm detaylar\u0131 ileti\u015fim k\u0131sm\u0131ndan veya<a href=\"\/en\/-\/\"> info@larissajewellery.com<\/a> adresinden bize iletiniz.<\/p>\n<p>14 K Gold<br \/>\nDiamond: 0.08 ct (F-G\/VS-SI)<\/p>","protected":false},"excerpt":{"rendered":"<p>14K Gold Necklace<\/p>","protected":false},"featured_media":8224,"comment_status":"open","ping_status":"closed","template":"","meta":[],"product_brand":[],"product_cat":[177,182],"product_tag":[],"class_list":{"0":"post-7801","1":"product","2":"type-product","3":"status-publish","4":"has-post-thumbnail","6":"product_cat-madalyonlar","7":"product_cat-mini-madalyonlar","9":"first","10":"instock","11":"shipping-taxable","12":"purchasable","13":"product-type-variable"},"yoast_head":"<!-- This site is optimized with the Yoast SEO plugin v27.2 - https:\/\/yoast.com\/product\/yoast-seo-wordpress\/ -->\n<title>Love All The Way Kolye | Larissa Jewellery<\/title>\n<meta name=\"description\" content=\"Sevgiyi sembolize eden madalyonumuzdur. Sevginin \u00e7\u00f6z\u00fcm oldu\u011funu hat\u0131rlamak isteyenlere, sevdi\u011fi ki\u015fiye manevi bir an\u0131 b\u0131rakmak isteyenlere.\" \/>\n<meta name=\"robots\" content=\"index, follow, max-snippet:-1, max-image-preview:large, max-video-preview:-1\" \/>\n<link rel=\"canonical\" href=\"https:\/\/larissajewellery.com\/en\/product\/love-all-the-way-kolye\/\" \/>\n<meta property=\"og:locale\" content=\"en_US\" \/>\n<meta property=\"og:type\" content=\"article\" \/>\n<meta property=\"og:title\" content=\"Love All The Way Kolye | Larissa Jewellery\" \/>\n<meta property=\"og:description\" content=\"Sevgiyi sembolize eden madalyonumuzdur. Sevginin \u00e7\u00f6z\u00fcm oldu\u011funu hat\u0131rlamak isteyenlere, sevdi\u011fi ki\u015fiye manevi bir an\u0131 b\u0131rakmak isteyenlere.\" \/>\n<meta property=\"og:url\" content=\"https:\/\/larissajewellery.com\/en\/product\/love-all-the-way-kolye\/\" \/>\n<meta property=\"og:site_name\" content=\"Larissa Jewellery\" \/>\n<meta property=\"article:modified_time\" content=\"2026-04-07T13:22:23+00:00\" \/>\n<meta property=\"og:image\" content=\"http:\/\/larissajewellery.com\/wp-content\/uploads\/2022\/01\/BFDC0FE7-757C-46E8-A5B1-074A85F9BC82-scaled.jpeg\" \/>\n\t<meta property=\"og:image:width\" content=\"2560\" \/>\n\t<meta property=\"og:image:height\" content=\"1703\" \/>\n\t<meta property=\"og:image:type\" content=\"image\/jpeg\" \/>\n<meta name=\"twitter:card\" content=\"summary_large_image\" \/>\n<meta name=\"twitter:label1\" content=\"Est. reading time\" \/>\n\t<meta name=\"twitter:data1\" content=\"1 minute\" \/>\n<script type=\"application\/ld+json\" class=\"yoast-schema-graph\">{\"@context\":\"https:\/\/schema.org\",\"@graph\":[{\"@type\":\"WebPage\",\"@id\":\"https:\/\/larissajewellery.com\/product\/love-all-the-way-kolye\/\",\"url\":\"https:\/\/larissajewellery.com\/product\/love-all-the-way-kolye\/\",\"name\":\"Love All The Way Kolye | Larissa Jewellery\",\"isPartOf\":{\"@id\":\"https:\/\/larissajewellery.com\/#website\"},\"primaryImageOfPage\":{\"@id\":\"https:\/\/larissajewellery.com\/product\/love-all-the-way-kolye\/#primaryimage\"},\"image\":{\"@id\":\"https:\/\/larissajewellery.com\/product\/love-all-the-way-kolye\/#primaryimage\"},\"thumbnailUrl\":\"https:\/\/larissajewellery.com\/wp-content\/uploads\/2022\/01\/BFDC0FE7-757C-46E8-A5B1-074A85F9BC82-scaled.jpeg\",\"datePublished\":\"2022-01-17T14:54:43+00:00\",\"dateModified\":\"2026-04-07T13:22:23+00:00\",\"description\":\"Sevgiyi sembolize eden madalyonumuzdur. Sevginin \u00e7\u00f6z\u00fcm oldu\u011funu hat\u0131rlamak isteyenlere, sevdi\u011fi ki\u015fiye manevi bir an\u0131 b\u0131rakmak isteyenlere.\",\"breadcrumb\":{\"@id\":\"https:\/\/larissajewellery.com\/product\/love-all-the-way-kolye\/#breadcrumb\"},\"inLanguage\":\"en-US\",\"potentialAction\":[{\"@type\":\"ReadAction\",\"target\":[\"https:\/\/larissajewellery.com\/product\/love-all-the-way-kolye\/\"]}]},{\"@type\":\"ImageObject\",\"inLanguage\":\"en-US\",\"@id\":\"https:\/\/larissajewellery.com\/product\/love-all-the-way-kolye\/#primaryimage\",\"url\":\"https:\/\/larissajewellery.com\/wp-content\/uploads\/2022\/01\/BFDC0FE7-757C-46E8-A5B1-074A85F9BC82-scaled.jpeg\",\"contentUrl\":\"https:\/\/larissajewellery.com\/wp-content\/uploads\/2022\/01\/BFDC0FE7-757C-46E8-A5B1-074A85F9BC82-scaled.jpeg\",\"width\":2560,\"height\":1703},{\"@type\":\"BreadcrumbList\",\"@id\":\"https:\/\/larissajewellery.com\/product\/love-all-the-way-kolye\/#breadcrumb\",\"itemListElement\":[{\"@type\":\"ListItem\",\"position\":1,\"name\":\"Home\",\"item\":\"https:\/\/larissajewellery.com\/\"},{\"@type\":\"ListItem\",\"position\":2,\"name\":\"Kategoriler\",\"item\":\"https:\/\/larissajewellery.com\/en\/magaza\/\"},{\"@type\":\"ListItem\",\"position\":3,\"name\":\"Love All The Way Kolye\"}]},{\"@type\":\"WebSite\",\"@id\":\"https:\/\/larissajewellery.com\/#website\",\"url\":\"https:\/\/larissajewellery.com\/\",\"name\":\"Larissa Jewellery\",\"description\":\"Save Your Memories\",\"potentialAction\":[{\"@type\":\"SearchAction\",\"target\":{\"@type\":\"EntryPoint\",\"urlTemplate\":\"https:\/\/larissajewellery.com\/?s={search_term_string}\"},\"query-input\":{\"@type\":\"PropertyValueSpecification\",\"valueRequired\":true,\"valueName\":\"search_term_string\"}}],\"inLanguage\":\"en-US\"}]}<\/script>\n<!-- \/ Yoast SEO plugin. -->","yoast_head_json":{"title":"Love All The Way Kolye | Larissa Jewellery","description":"Our medallion that symbolizes love. To remind yourself and others that love is the solution and to leave a memory for a loved one.","robots":{"index":"index","follow":"follow","max-snippet":"max-snippet:-1","max-image-preview":"max-image-preview:large","max-video-preview":"max-video-preview:-1"},"canonical":"https:\/\/larissajewellery.com\/en\/product\/love-all-the-way-kolye\/","og_locale":"en_US","og_type":"article","og_title":"Love All The Way Kolye | Larissa Jewellery","og_description":"Sevgiyi sembolize eden madalyonumuzdur. Sevginin \u00e7\u00f6z\u00fcm oldu\u011funu hat\u0131rlamak isteyenlere, sevdi\u011fi ki\u015fiye manevi bir an\u0131 b\u0131rakmak isteyenlere.","og_url":"https:\/\/larissajewellery.com\/en\/product\/love-all-the-way-kolye\/","og_site_name":"Larissa Jewellery","article_modified_time":"2026-04-07T13:22:23+00:00","og_image":[{"width":2560,"height":1703,"url":"http:\/\/larissajewellery.com\/wp-content\/uploads\/2022\/01\/BFDC0FE7-757C-46E8-A5B1-074A85F9BC82-scaled.jpeg","type":"image\/jpeg"}],"twitter_card":"summary_large_image","twitter_misc":{"Est. reading time":"1 minute"},"schema":{"@context":"https:\/\/schema.org","@graph":[{"@type":"WebPage","@id":"https:\/\/larissajewellery.com\/product\/love-all-the-way-kolye\/","url":"https:\/\/larissajewellery.com\/product\/love-all-the-way-kolye\/","name":"Love All The Way Kolye | Larissa Jewellery","isPartOf":{"@id":"https:\/\/larissajewellery.com\/#website"},"primaryImageOfPage":{"@id":"https:\/\/larissajewellery.com\/product\/love-all-the-way-kolye\/#primaryimage"},"image":{"@id":"https:\/\/larissajewellery.com\/product\/love-all-the-way-kolye\/#primaryimage"},"thumbnailUrl":"https:\/\/larissajewellery.com\/wp-content\/uploads\/2022\/01\/BFDC0FE7-757C-46E8-A5B1-074A85F9BC82-scaled.jpeg","datePublished":"2022-01-17T14:54:43+00:00","dateModified":"2026-04-07T13:22:23+00:00","description":"Our medallion that symbolizes love. To remind yourself and others that love is the solution and to leave a memory for a loved one.","breadcrumb":{"@id":"https:\/\/larissajewellery.com\/product\/love-all-the-way-kolye\/#breadcrumb"},"inLanguage":"en-US","potentialAction":[{"@type":"ReadAction","target":["https:\/\/larissajewellery.com\/product\/love-all-the-way-kolye\/"]}]},{"@type":"ImageObject","inLanguage":"en-US","@id":"https:\/\/larissajewellery.com\/product\/love-all-the-way-kolye\/#primaryimage","url":"https:\/\/larissajewellery.com\/wp-content\/uploads\/2022\/01\/BFDC0FE7-757C-46E8-A5B1-074A85F9BC82-scaled.jpeg","contentUrl":"https:\/\/larissajewellery.com\/wp-content\/uploads\/2022\/01\/BFDC0FE7-757C-46E8-A5B1-074A85F9BC82-scaled.jpeg","width":2560,"height":1703},{"@type":"BreadcrumbList","@id":"https:\/\/larissajewellery.com\/product\/love-all-the-way-kolye\/#breadcrumb","itemListElement":[{"@type":"ListItem","position":1,"name":"Home","item":"https:\/\/larissajewellery.com\/"},{"@type":"ListItem","position":2,"name":"Kategoriler","item":"https:\/\/larissajewellery.com\/en\/magaza\/"},{"@type":"ListItem","position":3,"name":"Love All The Way Kolye"}]},{"@type":"WebSite","@id":"https:\/\/larissajewellery.com\/#website","url":"https:\/\/larissajewellery.com\/","name":"Larissa Jewelery","description":"Save Your Memories","potentialAction":[{"@type":"SearchAction","target":{"@type":"EntryPoint","urlTemplate":"https:\/\/larissajewellery.com\/?s={search_term_string}"},"query-input":{"@type":"PropertyValueSpecification","valueRequired":true,"valueName":"search_term_string"}}],"inLanguage":"en-US"}]}},"_links":{"self":[{"href":"https:\/\/larissajewellery.com\/en\/wp-json\/wp\/v2\/product\/7801","targetHints":{"allow":["GET"]}}],"collection":[{"href":"https:\/\/larissajewellery.com\/en\/wp-json\/wp\/v2\/product"}],"about":[{"href":"https:\/\/larissajewellery.com\/en\/wp-json\/wp\/v2\/types\/product"}],"replies":[{"embeddable":true,"href":"https:\/\/larissajewellery.com\/en\/wp-json\/wp\/v2\/comments?post=7801"}],"wp:featuredmedia":[{"embeddable":true,"href":"https:\/\/larissajewellery.com\/en\/wp-json\/wp\/v2\/media\/8224"}],"wp:attachment":[{"href":"https:\/\/larissajewellery.com\/en\/wp-json\/wp\/v2\/media?parent=7801"}],"wp:term":[{"taxonomy":"product_brand","embeddable":true,"href":"https:\/\/larissajewellery.com\/en\/wp-json\/wp\/v2\/product_brand?post=7801"},{"taxonomy":"product_cat","embeddable":true,"href":"https:\/\/larissajewellery.com\/en\/wp-json\/wp\/v2\/product_cat?post=7801"},{"taxonomy":"product_tag","embeddable":true,"href":"https:\/\/larissajewellery.com\/en\/wp-json\/wp\/v2\/product_tag?post=7801"}],"curies":[{"name":"wp","href":"https:\/\/api.w.org\/{rel}","templated":true}]}}