{"id":7784,"date":"2022-01-17T13:55:09","date_gmt":"2022-01-17T10:55:09","guid":{"rendered":"http:\/\/larissajewellery.com\/?post_type=product&#038;p=7784"},"modified":"2026-04-07T16:29:43","modified_gmt":"2026-04-07T13:29:43","slug":"feeling-powerful-kolye","status":"publish","type":"product","link":"https:\/\/larissajewellery.com\/en\/product\/feeling-powerful-kolye\/","title":{"rendered":"Feeling Powerful Necklace"},"content":{"rendered":"<p>The mountain figure has always been a symbol of power. The hardships we face trying to reach our goals make us stronger. We designed our medallion in hopes that it will make you feel even more powerful on the way to your goals.<\/p>\n<p>Please contact us at info@larissajewellery.com for any specializations you may want.<\/p>\n<p>14 K Gold<\/p>\n<p>Diamond: 0.02 ct (F-G\/ VS-SI)<\/p>\n<p>Brown:0.06 ct (F-G\/ VS-SI)<\/p>","protected":false},"excerpt":{"rendered":"<p>14K Gold Necklace<\/p>","protected":false},"featured_media":8235,"comment_status":"open","ping_status":"closed","template":"","meta":[],"product_brand":[],"product_cat":[184,177],"product_tag":[],"class_list":{"0":"post-7784","1":"product","2":"type-product","3":"status-publish","4":"has-post-thumbnail","6":"product_cat-buyuk-boy-madalyonlar","7":"product_cat-madalyonlar","9":"first","10":"instock","11":"shipping-taxable","12":"purchasable","13":"product-type-simple"},"yoast_head":"<!-- This site is optimized with the Yoast SEO plugin v27.2 - https:\/\/yoast.com\/product\/yoast-seo-wordpress\/ -->\n<title>Feeling Powerful Kolye | Larissa Jewellery<\/title>\n<meta name=\"description\" content=\"Bu madalyonumuz, hedeflerimize ula\u015fmakta zorlansak bile, bunu ba\u015fard\u0131\u011f\u0131m\u0131zda y\u0131ld\u0131zlar gibi parlak bir gelece\u011fe ula\u015faca\u011f\u0131m\u0131z\u0131 sembolize eder.\" \/>\n<meta name=\"robots\" content=\"index, follow, max-snippet:-1, max-image-preview:large, max-video-preview:-1\" \/>\n<link rel=\"canonical\" href=\"https:\/\/larissajewellery.com\/en\/product\/feeling-powerful-kolye\/\" \/>\n<meta property=\"og:locale\" content=\"en_US\" \/>\n<meta property=\"og:type\" content=\"article\" \/>\n<meta property=\"og:title\" content=\"Feeling Powerful Kolye | Larissa Jewellery\" \/>\n<meta property=\"og:description\" content=\"Bu madalyonumuz, hedeflerimize ula\u015fmakta zorlansak bile, bunu ba\u015fard\u0131\u011f\u0131m\u0131zda y\u0131ld\u0131zlar gibi parlak bir gelece\u011fe ula\u015faca\u011f\u0131m\u0131z\u0131 sembolize eder.\" \/>\n<meta property=\"og:url\" content=\"https:\/\/larissajewellery.com\/en\/product\/feeling-powerful-kolye\/\" \/>\n<meta property=\"og:site_name\" content=\"Larissa Jewellery\" \/>\n<meta property=\"article:modified_time\" content=\"2026-04-07T13:29:43+00:00\" \/>\n<meta property=\"og:image\" content=\"http:\/\/larissajewellery.com\/wp-content\/uploads\/2022\/01\/9A24CCBC-ADB9-42BE-97EF-EC844B7852C2-scaled.jpeg\" \/>\n\t<meta property=\"og:image:width\" content=\"2560\" \/>\n\t<meta property=\"og:image:height\" content=\"1703\" \/>\n\t<meta property=\"og:image:type\" content=\"image\/jpeg\" \/>\n<meta name=\"twitter:card\" content=\"summary_large_image\" \/>\n<meta name=\"twitter:label1\" content=\"Est. reading time\" \/>\n\t<meta name=\"twitter:data1\" content=\"1 minute\" \/>\n<script type=\"application\/ld+json\" class=\"yoast-schema-graph\">{\"@context\":\"https:\/\/schema.org\",\"@graph\":[{\"@type\":\"WebPage\",\"@id\":\"https:\/\/larissajewellery.com\/product\/feeling-powerful-kolye\/\",\"url\":\"https:\/\/larissajewellery.com\/product\/feeling-powerful-kolye\/\",\"name\":\"Feeling Powerful Kolye | Larissa Jewellery\",\"isPartOf\":{\"@id\":\"https:\/\/larissajewellery.com\/#website\"},\"primaryImageOfPage\":{\"@id\":\"https:\/\/larissajewellery.com\/product\/feeling-powerful-kolye\/#primaryimage\"},\"image\":{\"@id\":\"https:\/\/larissajewellery.com\/product\/feeling-powerful-kolye\/#primaryimage\"},\"thumbnailUrl\":\"https:\/\/larissajewellery.com\/wp-content\/uploads\/2022\/01\/9A24CCBC-ADB9-42BE-97EF-EC844B7852C2-scaled.jpeg\",\"datePublished\":\"2022-01-17T10:55:09+00:00\",\"dateModified\":\"2026-04-07T13:29:43+00:00\",\"description\":\"Bu madalyonumuz, hedeflerimize ula\u015fmakta zorlansak bile, bunu ba\u015fard\u0131\u011f\u0131m\u0131zda y\u0131ld\u0131zlar gibi parlak bir gelece\u011fe ula\u015faca\u011f\u0131m\u0131z\u0131 sembolize eder.\",\"breadcrumb\":{\"@id\":\"https:\/\/larissajewellery.com\/product\/feeling-powerful-kolye\/#breadcrumb\"},\"inLanguage\":\"en-US\",\"potentialAction\":[{\"@type\":\"ReadAction\",\"target\":[\"https:\/\/larissajewellery.com\/product\/feeling-powerful-kolye\/\"]}]},{\"@type\":\"ImageObject\",\"inLanguage\":\"en-US\",\"@id\":\"https:\/\/larissajewellery.com\/product\/feeling-powerful-kolye\/#primaryimage\",\"url\":\"https:\/\/larissajewellery.com\/wp-content\/uploads\/2022\/01\/9A24CCBC-ADB9-42BE-97EF-EC844B7852C2-scaled.jpeg\",\"contentUrl\":\"https:\/\/larissajewellery.com\/wp-content\/uploads\/2022\/01\/9A24CCBC-ADB9-42BE-97EF-EC844B7852C2-scaled.jpeg\",\"width\":2560,\"height\":1703},{\"@type\":\"BreadcrumbList\",\"@id\":\"https:\/\/larissajewellery.com\/product\/feeling-powerful-kolye\/#breadcrumb\",\"itemListElement\":[{\"@type\":\"ListItem\",\"position\":1,\"name\":\"Home\",\"item\":\"https:\/\/larissajewellery.com\/\"},{\"@type\":\"ListItem\",\"position\":2,\"name\":\"Kategoriler\",\"item\":\"https:\/\/larissajewellery.com\/en\/magaza\/\"},{\"@type\":\"ListItem\",\"position\":3,\"name\":\"Feeling Powerful Kolye\"}]},{\"@type\":\"WebSite\",\"@id\":\"https:\/\/larissajewellery.com\/#website\",\"url\":\"https:\/\/larissajewellery.com\/\",\"name\":\"Larissa Jewellery\",\"description\":\"Save Your Memories\",\"potentialAction\":[{\"@type\":\"SearchAction\",\"target\":{\"@type\":\"EntryPoint\",\"urlTemplate\":\"https:\/\/larissajewellery.com\/?s={search_term_string}\"},\"query-input\":{\"@type\":\"PropertyValueSpecification\",\"valueRequired\":true,\"valueName\":\"search_term_string\"}}],\"inLanguage\":\"en-US\"}]}<\/script>\n<!-- \/ Yoast SEO plugin. -->","yoast_head_json":{"title":"Feeling Powerful Kolye | Larissa Jewellery","description":"Bu madalyonumuz, hedeflerimize ula\u015fmakta zorlansak bile, bunu ba\u015fard\u0131\u011f\u0131m\u0131zda y\u0131ld\u0131zlar gibi parlak bir gelece\u011fe ula\u015faca\u011f\u0131m\u0131z\u0131 sembolize eder.","robots":{"index":"index","follow":"follow","max-snippet":"max-snippet:-1","max-image-preview":"max-image-preview:large","max-video-preview":"max-video-preview:-1"},"canonical":"https:\/\/larissajewellery.com\/en\/product\/feeling-powerful-kolye\/","og_locale":"en_US","og_type":"article","og_title":"Feeling Powerful Kolye | Larissa Jewellery","og_description":"Bu madalyonumuz, hedeflerimize ula\u015fmakta zorlansak bile, bunu ba\u015fard\u0131\u011f\u0131m\u0131zda y\u0131ld\u0131zlar gibi parlak bir gelece\u011fe ula\u015faca\u011f\u0131m\u0131z\u0131 sembolize eder.","og_url":"https:\/\/larissajewellery.com\/en\/product\/feeling-powerful-kolye\/","og_site_name":"Larissa Jewellery","article_modified_time":"2026-04-07T13:29:43+00:00","og_image":[{"width":2560,"height":1703,"url":"http:\/\/larissajewellery.com\/wp-content\/uploads\/2022\/01\/9A24CCBC-ADB9-42BE-97EF-EC844B7852C2-scaled.jpeg","type":"image\/jpeg"}],"twitter_card":"summary_large_image","twitter_misc":{"Est. reading time":"1 minute"},"schema":{"@context":"https:\/\/schema.org","@graph":[{"@type":"WebPage","@id":"https:\/\/larissajewellery.com\/product\/feeling-powerful-kolye\/","url":"https:\/\/larissajewellery.com\/product\/feeling-powerful-kolye\/","name":"Feeling Powerful Kolye | Larissa Jewellery","isPartOf":{"@id":"https:\/\/larissajewellery.com\/#website"},"primaryImageOfPage":{"@id":"https:\/\/larissajewellery.com\/product\/feeling-powerful-kolye\/#primaryimage"},"image":{"@id":"https:\/\/larissajewellery.com\/product\/feeling-powerful-kolye\/#primaryimage"},"thumbnailUrl":"https:\/\/larissajewellery.com\/wp-content\/uploads\/2022\/01\/9A24CCBC-ADB9-42BE-97EF-EC844B7852C2-scaled.jpeg","datePublished":"2022-01-17T10:55:09+00:00","dateModified":"2026-04-07T13:29:43+00:00","description":"Bu madalyonumuz, hedeflerimize ula\u015fmakta zorlansak bile, bunu ba\u015fard\u0131\u011f\u0131m\u0131zda y\u0131ld\u0131zlar gibi parlak bir gelece\u011fe ula\u015faca\u011f\u0131m\u0131z\u0131 sembolize eder.","breadcrumb":{"@id":"https:\/\/larissajewellery.com\/product\/feeling-powerful-kolye\/#breadcrumb"},"inLanguage":"en-US","potentialAction":[{"@type":"ReadAction","target":["https:\/\/larissajewellery.com\/product\/feeling-powerful-kolye\/"]}]},{"@type":"ImageObject","inLanguage":"en-US","@id":"https:\/\/larissajewellery.com\/product\/feeling-powerful-kolye\/#primaryimage","url":"https:\/\/larissajewellery.com\/wp-content\/uploads\/2022\/01\/9A24CCBC-ADB9-42BE-97EF-EC844B7852C2-scaled.jpeg","contentUrl":"https:\/\/larissajewellery.com\/wp-content\/uploads\/2022\/01\/9A24CCBC-ADB9-42BE-97EF-EC844B7852C2-scaled.jpeg","width":2560,"height":1703},{"@type":"BreadcrumbList","@id":"https:\/\/larissajewellery.com\/product\/feeling-powerful-kolye\/#breadcrumb","itemListElement":[{"@type":"ListItem","position":1,"name":"Home","item":"https:\/\/larissajewellery.com\/"},{"@type":"ListItem","position":2,"name":"Kategoriler","item":"https:\/\/larissajewellery.com\/en\/magaza\/"},{"@type":"ListItem","position":3,"name":"Feeling Powerful Kolye"}]},{"@type":"WebSite","@id":"https:\/\/larissajewellery.com\/#website","url":"https:\/\/larissajewellery.com\/","name":"Larissa Jewelery","description":"Save Your Memories","potentialAction":[{"@type":"SearchAction","target":{"@type":"EntryPoint","urlTemplate":"https:\/\/larissajewellery.com\/?s={search_term_string}"},"query-input":{"@type":"PropertyValueSpecification","valueRequired":true,"valueName":"search_term_string"}}],"inLanguage":"en-US"}]}},"_links":{"self":[{"href":"https:\/\/larissajewellery.com\/en\/wp-json\/wp\/v2\/product\/7784","targetHints":{"allow":["GET"]}}],"collection":[{"href":"https:\/\/larissajewellery.com\/en\/wp-json\/wp\/v2\/product"}],"about":[{"href":"https:\/\/larissajewellery.com\/en\/wp-json\/wp\/v2\/types\/product"}],"replies":[{"embeddable":true,"href":"https:\/\/larissajewellery.com\/en\/wp-json\/wp\/v2\/comments?post=7784"}],"wp:featuredmedia":[{"embeddable":true,"href":"https:\/\/larissajewellery.com\/en\/wp-json\/wp\/v2\/media\/8235"}],"wp:attachment":[{"href":"https:\/\/larissajewellery.com\/en\/wp-json\/wp\/v2\/media?parent=7784"}],"wp:term":[{"taxonomy":"product_brand","embeddable":true,"href":"https:\/\/larissajewellery.com\/en\/wp-json\/wp\/v2\/product_brand?post=7784"},{"taxonomy":"product_cat","embeddable":true,"href":"https:\/\/larissajewellery.com\/en\/wp-json\/wp\/v2\/product_cat?post=7784"},{"taxonomy":"product_tag","embeddable":true,"href":"https:\/\/larissajewellery.com\/en\/wp-json\/wp\/v2\/product_tag?post=7784"}],"curies":[{"name":"wp","href":"https:\/\/api.w.org\/{rel}","templated":true}]}}