{"id":7783,"date":"2022-01-17T13:46:37","date_gmt":"2022-01-17T10:46:37","guid":{"rendered":"http:\/\/larissajewellery.com\/?post_type=product&#038;p=7783"},"modified":"2026-04-07T16:29:27","modified_gmt":"2026-04-07T13:29:27","slug":"forget-me-not-big-kolye","status":"publish","type":"product","link":"https:\/\/larissajewellery.com\/en\/product\/forget-me-not-big-kolye\/","title":{"rendered":"Forget Me Not Big Necklace"},"content":{"rendered":"<p>Flowers have always been symbols of happiness in our lives, anniversaries, celebrations, weddings. We wanted to design a flower that would never wither, so your best memories will always be with you. You can decide on whatever color you want your flower to be.<\/p>\n<p>Please contact us at info@larissajewellery.com for any specializations you may want.<\/p>\n<p>14K Gold &amp; Diamonds<\/p>\n<p>Diamond: 0.14 ct (F-G \/ VS-SI)<\/p>","protected":false},"excerpt":{"rendered":"<p>14K Gold Necklace<\/p>","protected":false},"featured_media":8238,"comment_status":"open","ping_status":"closed","template":"","meta":[],"product_brand":[],"product_cat":[184,177],"product_tag":[],"class_list":{"0":"post-7783","1":"product","2":"type-product","3":"status-publish","4":"has-post-thumbnail","6":"product_cat-buyuk-boy-madalyonlar","7":"product_cat-madalyonlar","9":"first","10":"instock","11":"shipping-taxable","12":"purchasable","13":"product-type-simple"},"yoast_head":"<!-- This site is optimized with the Yoast SEO plugin v27.2 - https:\/\/yoast.com\/product\/yoast-seo-wordpress\/ -->\n<title>Forget Me Not Big Kolye | Larissa Jewellery<\/title>\n<meta name=\"description\" content=\"\u00c7i\u00e7ekler hayat\u0131m\u0131z\u0131n anlar\u0131n\u0131 g\u00fczelle\u015ftiren sembollerdir. Y\u0131ld\u00f6n\u00fcmleri, kutlamalar. Hi\u00e7bir zaman solmayacak bir \u00e7i\u00e7ek tasarlamak istedik.\" \/>\n<meta name=\"robots\" content=\"index, follow, max-snippet:-1, max-image-preview:large, max-video-preview:-1\" \/>\n<link rel=\"canonical\" href=\"https:\/\/larissajewellery.com\/en\/product\/forget-me-not-big-kolye\/\" \/>\n<meta property=\"og:locale\" content=\"en_US\" \/>\n<meta property=\"og:type\" content=\"article\" \/>\n<meta property=\"og:title\" content=\"Forget Me Not Big Kolye | Larissa Jewellery\" \/>\n<meta property=\"og:description\" content=\"\u00c7i\u00e7ekler hayat\u0131m\u0131z\u0131n anlar\u0131n\u0131 g\u00fczelle\u015ftiren sembollerdir. Y\u0131ld\u00f6n\u00fcmleri, kutlamalar. Hi\u00e7bir zaman solmayacak bir \u00e7i\u00e7ek tasarlamak istedik.\" \/>\n<meta property=\"og:url\" content=\"https:\/\/larissajewellery.com\/en\/product\/forget-me-not-big-kolye\/\" \/>\n<meta property=\"og:site_name\" content=\"Larissa Jewellery\" \/>\n<meta property=\"article:modified_time\" content=\"2026-04-07T13:29:27+00:00\" \/>\n<meta property=\"og:image\" content=\"http:\/\/larissajewellery.com\/wp-content\/uploads\/2022\/01\/16E0DC71-2EFB-49ED-A965-77035FAB3B63-scaled.jpeg\" \/>\n\t<meta property=\"og:image:width\" content=\"2560\" \/>\n\t<meta property=\"og:image:height\" content=\"1703\" \/>\n\t<meta property=\"og:image:type\" content=\"image\/jpeg\" \/>\n<meta name=\"twitter:card\" content=\"summary_large_image\" \/>\n<meta name=\"twitter:label1\" content=\"Est. reading time\" \/>\n\t<meta name=\"twitter:data1\" content=\"1 minute\" \/>\n<script type=\"application\/ld+json\" class=\"yoast-schema-graph\">{\"@context\":\"https:\/\/schema.org\",\"@graph\":[{\"@type\":\"WebPage\",\"@id\":\"https:\/\/larissajewellery.com\/product\/forget-me-not-big-kolye\/\",\"url\":\"https:\/\/larissajewellery.com\/product\/forget-me-not-big-kolye\/\",\"name\":\"Forget Me Not Big Kolye | Larissa Jewellery\",\"isPartOf\":{\"@id\":\"https:\/\/larissajewellery.com\/#website\"},\"primaryImageOfPage\":{\"@id\":\"https:\/\/larissajewellery.com\/product\/forget-me-not-big-kolye\/#primaryimage\"},\"image\":{\"@id\":\"https:\/\/larissajewellery.com\/product\/forget-me-not-big-kolye\/#primaryimage\"},\"thumbnailUrl\":\"https:\/\/larissajewellery.com\/wp-content\/uploads\/2022\/01\/16E0DC71-2EFB-49ED-A965-77035FAB3B63-scaled.jpeg\",\"datePublished\":\"2022-01-17T10:46:37+00:00\",\"dateModified\":\"2026-04-07T13:29:27+00:00\",\"description\":\"\u00c7i\u00e7ekler hayat\u0131m\u0131z\u0131n anlar\u0131n\u0131 g\u00fczelle\u015ftiren sembollerdir. Y\u0131ld\u00f6n\u00fcmleri, kutlamalar. Hi\u00e7bir zaman solmayacak bir \u00e7i\u00e7ek tasarlamak istedik.\",\"breadcrumb\":{\"@id\":\"https:\/\/larissajewellery.com\/product\/forget-me-not-big-kolye\/#breadcrumb\"},\"inLanguage\":\"en-US\",\"potentialAction\":[{\"@type\":\"ReadAction\",\"target\":[\"https:\/\/larissajewellery.com\/product\/forget-me-not-big-kolye\/\"]}]},{\"@type\":\"ImageObject\",\"inLanguage\":\"en-US\",\"@id\":\"https:\/\/larissajewellery.com\/product\/forget-me-not-big-kolye\/#primaryimage\",\"url\":\"https:\/\/larissajewellery.com\/wp-content\/uploads\/2022\/01\/16E0DC71-2EFB-49ED-A965-77035FAB3B63-scaled.jpeg\",\"contentUrl\":\"https:\/\/larissajewellery.com\/wp-content\/uploads\/2022\/01\/16E0DC71-2EFB-49ED-A965-77035FAB3B63-scaled.jpeg\",\"width\":2560,\"height\":1703},{\"@type\":\"BreadcrumbList\",\"@id\":\"https:\/\/larissajewellery.com\/product\/forget-me-not-big-kolye\/#breadcrumb\",\"itemListElement\":[{\"@type\":\"ListItem\",\"position\":1,\"name\":\"Home\",\"item\":\"https:\/\/larissajewellery.com\/\"},{\"@type\":\"ListItem\",\"position\":2,\"name\":\"Kategoriler\",\"item\":\"https:\/\/larissajewellery.com\/en\/magaza\/\"},{\"@type\":\"ListItem\",\"position\":3,\"name\":\"Forget Me Not Big Kolye\"}]},{\"@type\":\"WebSite\",\"@id\":\"https:\/\/larissajewellery.com\/#website\",\"url\":\"https:\/\/larissajewellery.com\/\",\"name\":\"Larissa Jewellery\",\"description\":\"Save Your Memories\",\"potentialAction\":[{\"@type\":\"SearchAction\",\"target\":{\"@type\":\"EntryPoint\",\"urlTemplate\":\"https:\/\/larissajewellery.com\/?s={search_term_string}\"},\"query-input\":{\"@type\":\"PropertyValueSpecification\",\"valueRequired\":true,\"valueName\":\"search_term_string\"}}],\"inLanguage\":\"en-US\"}]}<\/script>\n<!-- \/ Yoast SEO plugin. -->","yoast_head_json":{"title":"Forget Me Not Big Kolye | Larissa Jewellery","description":"\u00c7i\u00e7ekler hayat\u0131m\u0131z\u0131n anlar\u0131n\u0131 g\u00fczelle\u015ftiren sembollerdir. Y\u0131ld\u00f6n\u00fcmleri, kutlamalar. Hi\u00e7bir zaman solmayacak bir \u00e7i\u00e7ek tasarlamak istedik.","robots":{"index":"index","follow":"follow","max-snippet":"max-snippet:-1","max-image-preview":"max-image-preview:large","max-video-preview":"max-video-preview:-1"},"canonical":"https:\/\/larissajewellery.com\/en\/product\/forget-me-not-big-kolye\/","og_locale":"en_US","og_type":"article","og_title":"Forget Me Not Big Kolye | Larissa Jewellery","og_description":"\u00c7i\u00e7ekler hayat\u0131m\u0131z\u0131n anlar\u0131n\u0131 g\u00fczelle\u015ftiren sembollerdir. Y\u0131ld\u00f6n\u00fcmleri, kutlamalar. Hi\u00e7bir zaman solmayacak bir \u00e7i\u00e7ek tasarlamak istedik.","og_url":"https:\/\/larissajewellery.com\/en\/product\/forget-me-not-big-kolye\/","og_site_name":"Larissa Jewellery","article_modified_time":"2026-04-07T13:29:27+00:00","og_image":[{"width":2560,"height":1703,"url":"http:\/\/larissajewellery.com\/wp-content\/uploads\/2022\/01\/16E0DC71-2EFB-49ED-A965-77035FAB3B63-scaled.jpeg","type":"image\/jpeg"}],"twitter_card":"summary_large_image","twitter_misc":{"Est. reading time":"1 minute"},"schema":{"@context":"https:\/\/schema.org","@graph":[{"@type":"WebPage","@id":"https:\/\/larissajewellery.com\/product\/forget-me-not-big-kolye\/","url":"https:\/\/larissajewellery.com\/product\/forget-me-not-big-kolye\/","name":"Forget Me Not Big Kolye | Larissa Jewellery","isPartOf":{"@id":"https:\/\/larissajewellery.com\/#website"},"primaryImageOfPage":{"@id":"https:\/\/larissajewellery.com\/product\/forget-me-not-big-kolye\/#primaryimage"},"image":{"@id":"https:\/\/larissajewellery.com\/product\/forget-me-not-big-kolye\/#primaryimage"},"thumbnailUrl":"https:\/\/larissajewellery.com\/wp-content\/uploads\/2022\/01\/16E0DC71-2EFB-49ED-A965-77035FAB3B63-scaled.jpeg","datePublished":"2022-01-17T10:46:37+00:00","dateModified":"2026-04-07T13:29:27+00:00","description":"\u00c7i\u00e7ekler hayat\u0131m\u0131z\u0131n anlar\u0131n\u0131 g\u00fczelle\u015ftiren sembollerdir. Y\u0131ld\u00f6n\u00fcmleri, kutlamalar. Hi\u00e7bir zaman solmayacak bir \u00e7i\u00e7ek tasarlamak istedik.","breadcrumb":{"@id":"https:\/\/larissajewellery.com\/product\/forget-me-not-big-kolye\/#breadcrumb"},"inLanguage":"en-US","potentialAction":[{"@type":"ReadAction","target":["https:\/\/larissajewellery.com\/product\/forget-me-not-big-kolye\/"]}]},{"@type":"ImageObject","inLanguage":"en-US","@id":"https:\/\/larissajewellery.com\/product\/forget-me-not-big-kolye\/#primaryimage","url":"https:\/\/larissajewellery.com\/wp-content\/uploads\/2022\/01\/16E0DC71-2EFB-49ED-A965-77035FAB3B63-scaled.jpeg","contentUrl":"https:\/\/larissajewellery.com\/wp-content\/uploads\/2022\/01\/16E0DC71-2EFB-49ED-A965-77035FAB3B63-scaled.jpeg","width":2560,"height":1703},{"@type":"BreadcrumbList","@id":"https:\/\/larissajewellery.com\/product\/forget-me-not-big-kolye\/#breadcrumb","itemListElement":[{"@type":"ListItem","position":1,"name":"Home","item":"https:\/\/larissajewellery.com\/"},{"@type":"ListItem","position":2,"name":"Kategoriler","item":"https:\/\/larissajewellery.com\/en\/magaza\/"},{"@type":"ListItem","position":3,"name":"Forget Me Not Big Kolye"}]},{"@type":"WebSite","@id":"https:\/\/larissajewellery.com\/#website","url":"https:\/\/larissajewellery.com\/","name":"Larissa Jewelery","description":"Save Your Memories","potentialAction":[{"@type":"SearchAction","target":{"@type":"EntryPoint","urlTemplate":"https:\/\/larissajewellery.com\/?s={search_term_string}"},"query-input":{"@type":"PropertyValueSpecification","valueRequired":true,"valueName":"search_term_string"}}],"inLanguage":"en-US"}]}},"_links":{"self":[{"href":"https:\/\/larissajewellery.com\/en\/wp-json\/wp\/v2\/product\/7783","targetHints":{"allow":["GET"]}}],"collection":[{"href":"https:\/\/larissajewellery.com\/en\/wp-json\/wp\/v2\/product"}],"about":[{"href":"https:\/\/larissajewellery.com\/en\/wp-json\/wp\/v2\/types\/product"}],"replies":[{"embeddable":true,"href":"https:\/\/larissajewellery.com\/en\/wp-json\/wp\/v2\/comments?post=7783"}],"wp:featuredmedia":[{"embeddable":true,"href":"https:\/\/larissajewellery.com\/en\/wp-json\/wp\/v2\/media\/8238"}],"wp:attachment":[{"href":"https:\/\/larissajewellery.com\/en\/wp-json\/wp\/v2\/media?parent=7783"}],"wp:term":[{"taxonomy":"product_brand","embeddable":true,"href":"https:\/\/larissajewellery.com\/en\/wp-json\/wp\/v2\/product_brand?post=7783"},{"taxonomy":"product_cat","embeddable":true,"href":"https:\/\/larissajewellery.com\/en\/wp-json\/wp\/v2\/product_cat?post=7783"},{"taxonomy":"product_tag","embeddable":true,"href":"https:\/\/larissajewellery.com\/en\/wp-json\/wp\/v2\/product_tag?post=7783"}],"curies":[{"name":"wp","href":"https:\/\/api.w.org\/{rel}","templated":true}]}}