{"id":7781,"date":"2022-01-17T13:35:25","date_gmt":"2022-01-17T10:35:25","guid":{"rendered":"http:\/\/larissajewellery.com\/?post_type=product&#038;p=7781"},"modified":"2026-04-07T16:29:03","modified_gmt":"2026-04-07T13:29:03","slug":"find-your-way-small","status":"publish","type":"product","link":"https:\/\/larissajewellery.com\/en\/product\/find-your-way-small\/","title":{"rendered":"Find Your Way Mini Necklace"},"content":{"rendered":"<p>Since old times, the stars have been used as a guidance. We designed this medallion in hopes that it will guide you and remind you of your favorite memories.<br \/>\nPlease contact us at info@larissajewellery.com for any specializations you may want.<\/p>\n<p>14 K Gold<\/p>\n<p>Diamond: 0.12 ct (F-G \/ VS-SI)<\/p>","protected":false},"excerpt":{"rendered":"<p>14K Gold Necklace<\/p>","protected":false},"featured_media":8239,"comment_status":"open","ping_status":"closed","template":"","meta":[],"product_brand":[],"product_cat":[177,182],"product_tag":[],"class_list":{"0":"post-7781","1":"product","2":"type-product","3":"status-publish","4":"has-post-thumbnail","6":"product_cat-madalyonlar","7":"product_cat-mini-madalyonlar","9":"first","10":"instock","11":"shipping-taxable","12":"purchasable","13":"product-type-simple"},"yoast_head":"<!-- This site is optimized with the Yoast SEO plugin v27.2 - https:\/\/yoast.com\/product\/yoast-seo-wordpress\/ -->\n<title>Find Your Way Small Kolye | Larissa Jewellery<\/title>\n<meta name=\"description\" content=\"Eski zamanlarda bile y\u0131ld\u0131zlar her zaman yol g\u00f6sterici olmu\u015ftur. Herkese hayat\u0131n\u0131n bir d\u00f6neminde romantik bir an ya\u015fatan sembold\u00fcr.\" \/>\n<meta name=\"robots\" content=\"index, follow, max-snippet:-1, max-image-preview:large, max-video-preview:-1\" \/>\n<link rel=\"canonical\" href=\"https:\/\/larissajewellery.com\/en\/product\/find-your-way-small\/\" \/>\n<meta property=\"og:locale\" content=\"en_US\" \/>\n<meta property=\"og:type\" content=\"article\" \/>\n<meta property=\"og:title\" content=\"Find Your Way Small Kolye | Larissa Jewellery\" \/>\n<meta property=\"og:description\" content=\"Eski zamanlarda bile y\u0131ld\u0131zlar her zaman yol g\u00f6sterici olmu\u015ftur. Herkese hayat\u0131n\u0131n bir d\u00f6neminde romantik bir an ya\u015fatan sembold\u00fcr.\" \/>\n<meta property=\"og:url\" content=\"https:\/\/larissajewellery.com\/en\/product\/find-your-way-small\/\" \/>\n<meta property=\"og:site_name\" content=\"Larissa Jewellery\" \/>\n<meta property=\"article:modified_time\" content=\"2026-04-07T13:29:03+00:00\" \/>\n<meta property=\"og:image\" content=\"http:\/\/larissajewellery.com\/wp-content\/uploads\/2022\/01\/AD381579-E4FA-431C-B7D6-502971D89D90-scaled.jpeg\" \/>\n\t<meta property=\"og:image:width\" content=\"2560\" \/>\n\t<meta property=\"og:image:height\" content=\"1703\" \/>\n\t<meta property=\"og:image:type\" content=\"image\/jpeg\" \/>\n<meta name=\"twitter:card\" content=\"summary_large_image\" \/>\n<meta name=\"twitter:label1\" content=\"Est. reading time\" \/>\n\t<meta name=\"twitter:data1\" content=\"1 minute\" \/>\n<script type=\"application\/ld+json\" class=\"yoast-schema-graph\">{\"@context\":\"https:\/\/schema.org\",\"@graph\":[{\"@type\":\"WebPage\",\"@id\":\"https:\/\/larissajewellery.com\/product\/find-your-way-small\/\",\"url\":\"https:\/\/larissajewellery.com\/product\/find-your-way-small\/\",\"name\":\"Find Your Way Small Kolye | Larissa Jewellery\",\"isPartOf\":{\"@id\":\"https:\/\/larissajewellery.com\/#website\"},\"primaryImageOfPage\":{\"@id\":\"https:\/\/larissajewellery.com\/product\/find-your-way-small\/#primaryimage\"},\"image\":{\"@id\":\"https:\/\/larissajewellery.com\/product\/find-your-way-small\/#primaryimage\"},\"thumbnailUrl\":\"https:\/\/larissajewellery.com\/wp-content\/uploads\/2022\/01\/AD381579-E4FA-431C-B7D6-502971D89D90-scaled.jpeg\",\"datePublished\":\"2022-01-17T10:35:25+00:00\",\"dateModified\":\"2026-04-07T13:29:03+00:00\",\"description\":\"Eski zamanlarda bile y\u0131ld\u0131zlar her zaman yol g\u00f6sterici olmu\u015ftur. Herkese hayat\u0131n\u0131n bir d\u00f6neminde romantik bir an ya\u015fatan sembold\u00fcr.\",\"breadcrumb\":{\"@id\":\"https:\/\/larissajewellery.com\/product\/find-your-way-small\/#breadcrumb\"},\"inLanguage\":\"en-US\",\"potentialAction\":[{\"@type\":\"ReadAction\",\"target\":[\"https:\/\/larissajewellery.com\/product\/find-your-way-small\/\"]}]},{\"@type\":\"ImageObject\",\"inLanguage\":\"en-US\",\"@id\":\"https:\/\/larissajewellery.com\/product\/find-your-way-small\/#primaryimage\",\"url\":\"https:\/\/larissajewellery.com\/wp-content\/uploads\/2022\/01\/AD381579-E4FA-431C-B7D6-502971D89D90-scaled.jpeg\",\"contentUrl\":\"https:\/\/larissajewellery.com\/wp-content\/uploads\/2022\/01\/AD381579-E4FA-431C-B7D6-502971D89D90-scaled.jpeg\",\"width\":2560,\"height\":1703},{\"@type\":\"BreadcrumbList\",\"@id\":\"https:\/\/larissajewellery.com\/product\/find-your-way-small\/#breadcrumb\",\"itemListElement\":[{\"@type\":\"ListItem\",\"position\":1,\"name\":\"Home\",\"item\":\"https:\/\/larissajewellery.com\/\"},{\"@type\":\"ListItem\",\"position\":2,\"name\":\"Kategoriler\",\"item\":\"https:\/\/larissajewellery.com\/en\/magaza\/\"},{\"@type\":\"ListItem\",\"position\":3,\"name\":\"Find Your Way Small Kolye\"}]},{\"@type\":\"WebSite\",\"@id\":\"https:\/\/larissajewellery.com\/#website\",\"url\":\"https:\/\/larissajewellery.com\/\",\"name\":\"Larissa Jewellery\",\"description\":\"Save Your Memories\",\"potentialAction\":[{\"@type\":\"SearchAction\",\"target\":{\"@type\":\"EntryPoint\",\"urlTemplate\":\"https:\/\/larissajewellery.com\/?s={search_term_string}\"},\"query-input\":{\"@type\":\"PropertyValueSpecification\",\"valueRequired\":true,\"valueName\":\"search_term_string\"}}],\"inLanguage\":\"en-US\"}]}<\/script>\n<!-- \/ Yoast SEO plugin. -->","yoast_head_json":{"title":"Find Your Way Small Kolye | Larissa Jewellery","description":"Eski zamanlarda bile y\u0131ld\u0131zlar her zaman yol g\u00f6sterici olmu\u015ftur. Herkese hayat\u0131n\u0131n bir d\u00f6neminde romantik bir an ya\u015fatan sembold\u00fcr.","robots":{"index":"index","follow":"follow","max-snippet":"max-snippet:-1","max-image-preview":"max-image-preview:large","max-video-preview":"max-video-preview:-1"},"canonical":"https:\/\/larissajewellery.com\/en\/product\/find-your-way-small\/","og_locale":"en_US","og_type":"article","og_title":"Find Your Way Small Kolye | Larissa Jewellery","og_description":"Eski zamanlarda bile y\u0131ld\u0131zlar her zaman yol g\u00f6sterici olmu\u015ftur. Herkese hayat\u0131n\u0131n bir d\u00f6neminde romantik bir an ya\u015fatan sembold\u00fcr.","og_url":"https:\/\/larissajewellery.com\/en\/product\/find-your-way-small\/","og_site_name":"Larissa Jewellery","article_modified_time":"2026-04-07T13:29:03+00:00","og_image":[{"width":2560,"height":1703,"url":"http:\/\/larissajewellery.com\/wp-content\/uploads\/2022\/01\/AD381579-E4FA-431C-B7D6-502971D89D90-scaled.jpeg","type":"image\/jpeg"}],"twitter_card":"summary_large_image","twitter_misc":{"Est. reading time":"1 minute"},"schema":{"@context":"https:\/\/schema.org","@graph":[{"@type":"WebPage","@id":"https:\/\/larissajewellery.com\/product\/find-your-way-small\/","url":"https:\/\/larissajewellery.com\/product\/find-your-way-small\/","name":"Find Your Way Small Kolye | Larissa Jewellery","isPartOf":{"@id":"https:\/\/larissajewellery.com\/#website"},"primaryImageOfPage":{"@id":"https:\/\/larissajewellery.com\/product\/find-your-way-small\/#primaryimage"},"image":{"@id":"https:\/\/larissajewellery.com\/product\/find-your-way-small\/#primaryimage"},"thumbnailUrl":"https:\/\/larissajewellery.com\/wp-content\/uploads\/2022\/01\/AD381579-E4FA-431C-B7D6-502971D89D90-scaled.jpeg","datePublished":"2022-01-17T10:35:25+00:00","dateModified":"2026-04-07T13:29:03+00:00","description":"Eski zamanlarda bile y\u0131ld\u0131zlar her zaman yol g\u00f6sterici olmu\u015ftur. Herkese hayat\u0131n\u0131n bir d\u00f6neminde romantik bir an ya\u015fatan sembold\u00fcr.","breadcrumb":{"@id":"https:\/\/larissajewellery.com\/product\/find-your-way-small\/#breadcrumb"},"inLanguage":"en-US","potentialAction":[{"@type":"ReadAction","target":["https:\/\/larissajewellery.com\/product\/find-your-way-small\/"]}]},{"@type":"ImageObject","inLanguage":"en-US","@id":"https:\/\/larissajewellery.com\/product\/find-your-way-small\/#primaryimage","url":"https:\/\/larissajewellery.com\/wp-content\/uploads\/2022\/01\/AD381579-E4FA-431C-B7D6-502971D89D90-scaled.jpeg","contentUrl":"https:\/\/larissajewellery.com\/wp-content\/uploads\/2022\/01\/AD381579-E4FA-431C-B7D6-502971D89D90-scaled.jpeg","width":2560,"height":1703},{"@type":"BreadcrumbList","@id":"https:\/\/larissajewellery.com\/product\/find-your-way-small\/#breadcrumb","itemListElement":[{"@type":"ListItem","position":1,"name":"Home","item":"https:\/\/larissajewellery.com\/"},{"@type":"ListItem","position":2,"name":"Kategoriler","item":"https:\/\/larissajewellery.com\/en\/magaza\/"},{"@type":"ListItem","position":3,"name":"Find Your Way Small Kolye"}]},{"@type":"WebSite","@id":"https:\/\/larissajewellery.com\/#website","url":"https:\/\/larissajewellery.com\/","name":"Larissa Jewelery","description":"Save Your Memories","potentialAction":[{"@type":"SearchAction","target":{"@type":"EntryPoint","urlTemplate":"https:\/\/larissajewellery.com\/?s={search_term_string}"},"query-input":{"@type":"PropertyValueSpecification","valueRequired":true,"valueName":"search_term_string"}}],"inLanguage":"en-US"}]}},"_links":{"self":[{"href":"https:\/\/larissajewellery.com\/en\/wp-json\/wp\/v2\/product\/7781","targetHints":{"allow":["GET"]}}],"collection":[{"href":"https:\/\/larissajewellery.com\/en\/wp-json\/wp\/v2\/product"}],"about":[{"href":"https:\/\/larissajewellery.com\/en\/wp-json\/wp\/v2\/types\/product"}],"replies":[{"embeddable":true,"href":"https:\/\/larissajewellery.com\/en\/wp-json\/wp\/v2\/comments?post=7781"}],"wp:featuredmedia":[{"embeddable":true,"href":"https:\/\/larissajewellery.com\/en\/wp-json\/wp\/v2\/media\/8239"}],"wp:attachment":[{"href":"https:\/\/larissajewellery.com\/en\/wp-json\/wp\/v2\/media?parent=7781"}],"wp:term":[{"taxonomy":"product_brand","embeddable":true,"href":"https:\/\/larissajewellery.com\/en\/wp-json\/wp\/v2\/product_brand?post=7781"},{"taxonomy":"product_cat","embeddable":true,"href":"https:\/\/larissajewellery.com\/en\/wp-json\/wp\/v2\/product_cat?post=7781"},{"taxonomy":"product_tag","embeddable":true,"href":"https:\/\/larissajewellery.com\/en\/wp-json\/wp\/v2\/product_tag?post=7781"}],"curies":[{"name":"wp","href":"https:\/\/api.w.org\/{rel}","templated":true}]}}