{"id":7761,"date":"2022-01-16T20:36:05","date_gmt":"2022-01-16T17:36:05","guid":{"rendered":"http:\/\/larissajewellery.com\/?post_type=product&#038;p=7761"},"modified":"2026-03-28T17:15:22","modified_gmt":"2026-03-28T14:15:22","slug":"altin-cicek-bileklik","status":"publish","type":"product","link":"https:\/\/larissajewellery.com\/en\/product\/altin-cicek-bileklik\/","title":{"rendered":"Forget Me Not Bracelet"},"content":{"rendered":"<p>Flowers have always been symbols of happiness in our lives, anniversaries, celebrations, weddings. We wanted to design a flower that would never wither, so your best memories will always be with you. You can decide on whatever color you want your flower to be.<\/p>\n<p>Our bracelet is 17 cm and it can be made longer or shorter according to your preference. Please reach us at info@larissajewellery.com to tell us the preferred length and any color specializations you may want.<\/p>\n<p>14K Gold &amp; Diamonds<\/p>\n<p>Diamond: 0.09 ct (F-G\/ VS-SI)<\/p>","protected":false},"excerpt":{"rendered":"<p>14K Gold Necklace<\/p>","protected":false},"featured_media":7897,"comment_status":"open","ping_status":"closed","template":"","meta":[],"product_brand":[],"product_cat":[178],"product_tag":[],"class_list":{"0":"post-7761","1":"product","2":"type-product","3":"status-publish","4":"has-post-thumbnail","6":"product_cat-bileklikler","8":"first","9":"instock","10":"shipping-taxable","11":"purchasable","12":"product-type-simple"},"yoast_head":"<!-- This site is optimized with the Yoast SEO plugin v27.2 - https:\/\/yoast.com\/product\/yoast-seo-wordpress\/ -->\n<title>Forget Me Not Bileklik | Larissa Jewellery<\/title>\n<meta name=\"description\" content=\"\u00c7i\u00e7ekler her zaman hayat\u0131m\u0131z\u0131n anlar\u0131n\u0131 g\u00fczelle\u015ftiren semboller olmu\u015flard\u0131r. Hi\u00e7bir zaman solmayacak bir \u00e7i\u00e7ek tasarlamak istedik.\" \/>\n<meta name=\"robots\" content=\"index, follow, max-snippet:-1, max-image-preview:large, max-video-preview:-1\" \/>\n<link rel=\"canonical\" href=\"https:\/\/larissajewellery.com\/en\/product\/altin-cicek-bileklik\/\" \/>\n<meta property=\"og:locale\" content=\"en_US\" \/>\n<meta property=\"og:type\" content=\"article\" \/>\n<meta property=\"og:title\" content=\"Forget Me Not Bileklik | Larissa Jewellery\" \/>\n<meta property=\"og:description\" content=\"\u00c7i\u00e7ekler her zaman hayat\u0131m\u0131z\u0131n anlar\u0131n\u0131 g\u00fczelle\u015ftiren semboller olmu\u015flard\u0131r. Hi\u00e7bir zaman solmayacak bir \u00e7i\u00e7ek tasarlamak istedik.\" \/>\n<meta property=\"og:url\" content=\"https:\/\/larissajewellery.com\/en\/product\/altin-cicek-bileklik\/\" \/>\n<meta property=\"og:site_name\" content=\"Larissa Jewellery\" \/>\n<meta property=\"article:modified_time\" content=\"2026-03-28T14:15:22+00:00\" \/>\n<meta property=\"og:image\" content=\"http:\/\/larissajewellery.com\/wp-content\/uploads\/2022\/01\/0MA_0669-scaled.jpg\" \/>\n\t<meta property=\"og:image:width\" content=\"2560\" \/>\n\t<meta property=\"og:image:height\" content=\"1703\" \/>\n\t<meta property=\"og:image:type\" content=\"image\/jpeg\" \/>\n<meta name=\"twitter:card\" content=\"summary_large_image\" \/>\n<meta name=\"twitter:label1\" content=\"Est. reading time\" \/>\n\t<meta name=\"twitter:data1\" content=\"1 minute\" \/>\n<script type=\"application\/ld+json\" class=\"yoast-schema-graph\">{\"@context\":\"https:\/\/schema.org\",\"@graph\":[{\"@type\":\"WebPage\",\"@id\":\"https:\/\/larissajewellery.com\/product\/altin-cicek-bileklik\/\",\"url\":\"https:\/\/larissajewellery.com\/product\/altin-cicek-bileklik\/\",\"name\":\"Forget Me Not Bileklik | Larissa Jewellery\",\"isPartOf\":{\"@id\":\"https:\/\/larissajewellery.com\/#website\"},\"primaryImageOfPage\":{\"@id\":\"https:\/\/larissajewellery.com\/product\/altin-cicek-bileklik\/#primaryimage\"},\"image\":{\"@id\":\"https:\/\/larissajewellery.com\/product\/altin-cicek-bileklik\/#primaryimage\"},\"thumbnailUrl\":\"https:\/\/larissajewellery.com\/wp-content\/uploads\/2022\/01\/0MA_0669-scaled.jpg\",\"datePublished\":\"2022-01-16T17:36:05+00:00\",\"dateModified\":\"2026-03-28T14:15:22+00:00\",\"description\":\"\u00c7i\u00e7ekler her zaman hayat\u0131m\u0131z\u0131n anlar\u0131n\u0131 g\u00fczelle\u015ftiren semboller olmu\u015flard\u0131r. Hi\u00e7bir zaman solmayacak bir \u00e7i\u00e7ek tasarlamak istedik.\",\"breadcrumb\":{\"@id\":\"https:\/\/larissajewellery.com\/product\/altin-cicek-bileklik\/#breadcrumb\"},\"inLanguage\":\"en-US\",\"potentialAction\":[{\"@type\":\"ReadAction\",\"target\":[\"https:\/\/larissajewellery.com\/product\/altin-cicek-bileklik\/\"]}]},{\"@type\":\"ImageObject\",\"inLanguage\":\"en-US\",\"@id\":\"https:\/\/larissajewellery.com\/product\/altin-cicek-bileklik\/#primaryimage\",\"url\":\"https:\/\/larissajewellery.com\/wp-content\/uploads\/2022\/01\/0MA_0669-scaled.jpg\",\"contentUrl\":\"https:\/\/larissajewellery.com\/wp-content\/uploads\/2022\/01\/0MA_0669-scaled.jpg\",\"width\":2560,\"height\":1703},{\"@type\":\"BreadcrumbList\",\"@id\":\"https:\/\/larissajewellery.com\/product\/altin-cicek-bileklik\/#breadcrumb\",\"itemListElement\":[{\"@type\":\"ListItem\",\"position\":1,\"name\":\"Home\",\"item\":\"https:\/\/larissajewellery.com\/\"},{\"@type\":\"ListItem\",\"position\":2,\"name\":\"Kategoriler\",\"item\":\"https:\/\/larissajewellery.com\/en\/magaza\/\"},{\"@type\":\"ListItem\",\"position\":3,\"name\":\"Forget Me Not Bileklik\"}]},{\"@type\":\"WebSite\",\"@id\":\"https:\/\/larissajewellery.com\/#website\",\"url\":\"https:\/\/larissajewellery.com\/\",\"name\":\"Larissa Jewellery\",\"description\":\"Save Your Memories\",\"potentialAction\":[{\"@type\":\"SearchAction\",\"target\":{\"@type\":\"EntryPoint\",\"urlTemplate\":\"https:\/\/larissajewellery.com\/?s={search_term_string}\"},\"query-input\":{\"@type\":\"PropertyValueSpecification\",\"valueRequired\":true,\"valueName\":\"search_term_string\"}}],\"inLanguage\":\"en-US\"}]}<\/script>\n<!-- \/ Yoast SEO plugin. -->","yoast_head_json":{"title":"Forget Me Not Bileklik | Larissa Jewellery","description":"\u00c7i\u00e7ekler her zaman hayat\u0131m\u0131z\u0131n anlar\u0131n\u0131 g\u00fczelle\u015ftiren semboller olmu\u015flard\u0131r. Hi\u00e7bir zaman solmayacak bir \u00e7i\u00e7ek tasarlamak istedik.","robots":{"index":"index","follow":"follow","max-snippet":"max-snippet:-1","max-image-preview":"max-image-preview:large","max-video-preview":"max-video-preview:-1"},"canonical":"https:\/\/larissajewellery.com\/en\/product\/altin-cicek-bileklik\/","og_locale":"en_US","og_type":"article","og_title":"Forget Me Not Bileklik | Larissa Jewellery","og_description":"\u00c7i\u00e7ekler her zaman hayat\u0131m\u0131z\u0131n anlar\u0131n\u0131 g\u00fczelle\u015ftiren semboller olmu\u015flard\u0131r. Hi\u00e7bir zaman solmayacak bir \u00e7i\u00e7ek tasarlamak istedik.","og_url":"https:\/\/larissajewellery.com\/en\/product\/altin-cicek-bileklik\/","og_site_name":"Larissa Jewellery","article_modified_time":"2026-03-28T14:15:22+00:00","og_image":[{"width":2560,"height":1703,"url":"http:\/\/larissajewellery.com\/wp-content\/uploads\/2022\/01\/0MA_0669-scaled.jpg","type":"image\/jpeg"}],"twitter_card":"summary_large_image","twitter_misc":{"Est. reading time":"1 minute"},"schema":{"@context":"https:\/\/schema.org","@graph":[{"@type":"WebPage","@id":"https:\/\/larissajewellery.com\/product\/altin-cicek-bileklik\/","url":"https:\/\/larissajewellery.com\/product\/altin-cicek-bileklik\/","name":"Forget Me Not Bileklik | Larissa Jewellery","isPartOf":{"@id":"https:\/\/larissajewellery.com\/#website"},"primaryImageOfPage":{"@id":"https:\/\/larissajewellery.com\/product\/altin-cicek-bileklik\/#primaryimage"},"image":{"@id":"https:\/\/larissajewellery.com\/product\/altin-cicek-bileklik\/#primaryimage"},"thumbnailUrl":"https:\/\/larissajewellery.com\/wp-content\/uploads\/2022\/01\/0MA_0669-scaled.jpg","datePublished":"2022-01-16T17:36:05+00:00","dateModified":"2026-03-28T14:15:22+00:00","description":"\u00c7i\u00e7ekler her zaman hayat\u0131m\u0131z\u0131n anlar\u0131n\u0131 g\u00fczelle\u015ftiren semboller olmu\u015flard\u0131r. Hi\u00e7bir zaman solmayacak bir \u00e7i\u00e7ek tasarlamak istedik.","breadcrumb":{"@id":"https:\/\/larissajewellery.com\/product\/altin-cicek-bileklik\/#breadcrumb"},"inLanguage":"en-US","potentialAction":[{"@type":"ReadAction","target":["https:\/\/larissajewellery.com\/product\/altin-cicek-bileklik\/"]}]},{"@type":"ImageObject","inLanguage":"en-US","@id":"https:\/\/larissajewellery.com\/product\/altin-cicek-bileklik\/#primaryimage","url":"https:\/\/larissajewellery.com\/wp-content\/uploads\/2022\/01\/0MA_0669-scaled.jpg","contentUrl":"https:\/\/larissajewellery.com\/wp-content\/uploads\/2022\/01\/0MA_0669-scaled.jpg","width":2560,"height":1703},{"@type":"BreadcrumbList","@id":"https:\/\/larissajewellery.com\/product\/altin-cicek-bileklik\/#breadcrumb","itemListElement":[{"@type":"ListItem","position":1,"name":"Home","item":"https:\/\/larissajewellery.com\/"},{"@type":"ListItem","position":2,"name":"Kategoriler","item":"https:\/\/larissajewellery.com\/en\/magaza\/"},{"@type":"ListItem","position":3,"name":"Forget Me Not Bileklik"}]},{"@type":"WebSite","@id":"https:\/\/larissajewellery.com\/#website","url":"https:\/\/larissajewellery.com\/","name":"Larissa Jewelery","description":"Save Your Memories","potentialAction":[{"@type":"SearchAction","target":{"@type":"EntryPoint","urlTemplate":"https:\/\/larissajewellery.com\/?s={search_term_string}"},"query-input":{"@type":"PropertyValueSpecification","valueRequired":true,"valueName":"search_term_string"}}],"inLanguage":"en-US"}]}},"_links":{"self":[{"href":"https:\/\/larissajewellery.com\/en\/wp-json\/wp\/v2\/product\/7761","targetHints":{"allow":["GET"]}}],"collection":[{"href":"https:\/\/larissajewellery.com\/en\/wp-json\/wp\/v2\/product"}],"about":[{"href":"https:\/\/larissajewellery.com\/en\/wp-json\/wp\/v2\/types\/product"}],"replies":[{"embeddable":true,"href":"https:\/\/larissajewellery.com\/en\/wp-json\/wp\/v2\/comments?post=7761"}],"wp:featuredmedia":[{"embeddable":true,"href":"https:\/\/larissajewellery.com\/en\/wp-json\/wp\/v2\/media\/7897"}],"wp:attachment":[{"href":"https:\/\/larissajewellery.com\/en\/wp-json\/wp\/v2\/media?parent=7761"}],"wp:term":[{"taxonomy":"product_brand","embeddable":true,"href":"https:\/\/larissajewellery.com\/en\/wp-json\/wp\/v2\/product_brand?post=7761"},{"taxonomy":"product_cat","embeddable":true,"href":"https:\/\/larissajewellery.com\/en\/wp-json\/wp\/v2\/product_cat?post=7761"},{"taxonomy":"product_tag","embeddable":true,"href":"https:\/\/larissajewellery.com\/en\/wp-json\/wp\/v2\/product_tag?post=7761"}],"curies":[{"name":"wp","href":"https:\/\/api.w.org\/{rel}","templated":true}]}}