{"id":7749,"date":"2022-01-11T18:35:52","date_gmt":"2022-01-11T15:35:52","guid":{"rendered":"http:\/\/larissajewellery.com\/?post_type=product&#038;p=7749"},"modified":"2026-03-28T17:15:49","modified_gmt":"2026-03-28T14:15:49","slug":"moon-stars-bileklik","status":"publish","type":"product","link":"https:\/\/larissajewellery.com\/en\/product\/moon-stars-bileklik\/","title":{"rendered":"Moon &amp; Stars Bracelet"},"content":{"rendered":"<p>The moon and stars symbolize serenity. We hope that each time you wear you wear this bracelet, it will bring serenity to you.<\/p>\n<p>Our bracelet is 17 cm and it can be made longer or shorter according to your preference. Please reach us at info@larissajewellery.com to tell us the preferred length and any color specializations you may want.<\/p>\n<p>14 K Gold<\/p>\n<p>Diamond: 0.05 ct (F-G\/VS-SI)<\/p>\n<p>&nbsp;<\/p>","protected":false},"excerpt":{"rendered":"<p>Moon &amp; Stars 14K Gold Bracelet<\/p>","protected":false},"featured_media":7903,"comment_status":"open","ping_status":"closed","template":"","meta":[],"product_brand":[],"product_cat":[178],"product_tag":[],"class_list":{"0":"post-7749","1":"product","2":"type-product","3":"status-publish","4":"has-post-thumbnail","6":"product_cat-bileklikler","8":"first","9":"instock","10":"shipping-taxable","11":"purchasable","12":"product-type-simple"},"yoast_head":"<!-- This site is optimized with the Yoast SEO plugin v27.2 - https:\/\/yoast.com\/product\/yoast-seo-wordpress\/ -->\n<title>Moon &amp; Stars Bileklik | Larissa Jewellery<\/title>\n<meta name=\"description\" content=\"Ay ve y\u0131ld\u0131zlar; sakinli\u011fin sembol\u00fcd\u00fcr. Parlakl\u0131\u011f\u0131yla ruhumuza katt\u0131\u011f\u0131 huzuru ile bilinir. Size huzur getirmesi dile\u011fiyle tasarlanm\u0131\u015ft\u0131r.\" \/>\n<meta name=\"robots\" content=\"index, follow, max-snippet:-1, max-image-preview:large, max-video-preview:-1\" \/>\n<link rel=\"canonical\" href=\"https:\/\/larissajewellery.com\/en\/product\/moon-stars-bileklik\/\" \/>\n<meta property=\"og:locale\" content=\"en_US\" \/>\n<meta property=\"og:type\" content=\"article\" \/>\n<meta property=\"og:title\" content=\"Moon &amp; Stars Bileklik | Larissa Jewellery\" \/>\n<meta property=\"og:description\" content=\"Ay ve y\u0131ld\u0131zlar; sakinli\u011fin sembol\u00fcd\u00fcr. Parlakl\u0131\u011f\u0131yla ruhumuza katt\u0131\u011f\u0131 huzuru ile bilinir. Size huzur getirmesi dile\u011fiyle tasarlanm\u0131\u015ft\u0131r.\" \/>\n<meta property=\"og:url\" content=\"https:\/\/larissajewellery.com\/en\/product\/moon-stars-bileklik\/\" \/>\n<meta property=\"og:site_name\" content=\"Larissa Jewellery\" \/>\n<meta property=\"article:modified_time\" content=\"2026-03-28T14:15:49+00:00\" \/>\n<meta property=\"og:image\" content=\"http:\/\/larissajewellery.com\/wp-content\/uploads\/2022\/01\/0MA_0676-scaled.jpg\" \/>\n\t<meta property=\"og:image:width\" content=\"2560\" \/>\n\t<meta property=\"og:image:height\" content=\"1703\" \/>\n\t<meta property=\"og:image:type\" content=\"image\/jpeg\" \/>\n<meta name=\"twitter:card\" content=\"summary_large_image\" \/>\n<meta name=\"twitter:label1\" content=\"Est. reading time\" \/>\n\t<meta name=\"twitter:data1\" content=\"1 minute\" \/>\n<script type=\"application\/ld+json\" class=\"yoast-schema-graph\">{\"@context\":\"https:\/\/schema.org\",\"@graph\":[{\"@type\":\"WebPage\",\"@id\":\"https:\/\/larissajewellery.com\/product\/moon-stars-bileklik\/\",\"url\":\"https:\/\/larissajewellery.com\/product\/moon-stars-bileklik\/\",\"name\":\"Moon & Stars Bileklik | Larissa Jewellery\",\"isPartOf\":{\"@id\":\"https:\/\/larissajewellery.com\/#website\"},\"primaryImageOfPage\":{\"@id\":\"https:\/\/larissajewellery.com\/product\/moon-stars-bileklik\/#primaryimage\"},\"image\":{\"@id\":\"https:\/\/larissajewellery.com\/product\/moon-stars-bileklik\/#primaryimage\"},\"thumbnailUrl\":\"https:\/\/larissajewellery.com\/wp-content\/uploads\/2022\/01\/0MA_0676-scaled.jpg\",\"datePublished\":\"2022-01-11T15:35:52+00:00\",\"dateModified\":\"2026-03-28T14:15:49+00:00\",\"description\":\"Ay ve y\u0131ld\u0131zlar; sakinli\u011fin sembol\u00fcd\u00fcr. Parlakl\u0131\u011f\u0131yla ruhumuza katt\u0131\u011f\u0131 huzuru ile bilinir. Size huzur getirmesi dile\u011fiyle tasarlanm\u0131\u015ft\u0131r.\",\"breadcrumb\":{\"@id\":\"https:\/\/larissajewellery.com\/product\/moon-stars-bileklik\/#breadcrumb\"},\"inLanguage\":\"en-US\",\"potentialAction\":[{\"@type\":\"ReadAction\",\"target\":[\"https:\/\/larissajewellery.com\/product\/moon-stars-bileklik\/\"]}]},{\"@type\":\"ImageObject\",\"inLanguage\":\"en-US\",\"@id\":\"https:\/\/larissajewellery.com\/product\/moon-stars-bileklik\/#primaryimage\",\"url\":\"https:\/\/larissajewellery.com\/wp-content\/uploads\/2022\/01\/0MA_0676-scaled.jpg\",\"contentUrl\":\"https:\/\/larissajewellery.com\/wp-content\/uploads\/2022\/01\/0MA_0676-scaled.jpg\",\"width\":2560,\"height\":1703},{\"@type\":\"BreadcrumbList\",\"@id\":\"https:\/\/larissajewellery.com\/product\/moon-stars-bileklik\/#breadcrumb\",\"itemListElement\":[{\"@type\":\"ListItem\",\"position\":1,\"name\":\"Home\",\"item\":\"https:\/\/larissajewellery.com\/\"},{\"@type\":\"ListItem\",\"position\":2,\"name\":\"Kategoriler\",\"item\":\"https:\/\/larissajewellery.com\/en\/magaza\/\"},{\"@type\":\"ListItem\",\"position\":3,\"name\":\"Moon &#038; Stars Bileklik\"}]},{\"@type\":\"WebSite\",\"@id\":\"https:\/\/larissajewellery.com\/#website\",\"url\":\"https:\/\/larissajewellery.com\/\",\"name\":\"Larissa Jewellery\",\"description\":\"Save Your Memories\",\"potentialAction\":[{\"@type\":\"SearchAction\",\"target\":{\"@type\":\"EntryPoint\",\"urlTemplate\":\"https:\/\/larissajewellery.com\/?s={search_term_string}\"},\"query-input\":{\"@type\":\"PropertyValueSpecification\",\"valueRequired\":true,\"valueName\":\"search_term_string\"}}],\"inLanguage\":\"en-US\"}]}<\/script>\n<!-- \/ Yoast SEO plugin. -->","yoast_head_json":{"title":"Moon & Stars Bileklik | Larissa Jewellery","description":"Ay ve y\u0131ld\u0131zlar; sakinli\u011fin sembol\u00fcd\u00fcr. Parlakl\u0131\u011f\u0131yla ruhumuza katt\u0131\u011f\u0131 huzuru ile bilinir. Size huzur getirmesi dile\u011fiyle tasarlanm\u0131\u015ft\u0131r.","robots":{"index":"index","follow":"follow","max-snippet":"max-snippet:-1","max-image-preview":"max-image-preview:large","max-video-preview":"max-video-preview:-1"},"canonical":"https:\/\/larissajewellery.com\/en\/product\/moon-stars-bileklik\/","og_locale":"en_US","og_type":"article","og_title":"Moon & Stars Bileklik | Larissa Jewellery","og_description":"Ay ve y\u0131ld\u0131zlar; sakinli\u011fin sembol\u00fcd\u00fcr. Parlakl\u0131\u011f\u0131yla ruhumuza katt\u0131\u011f\u0131 huzuru ile bilinir. Size huzur getirmesi dile\u011fiyle tasarlanm\u0131\u015ft\u0131r.","og_url":"https:\/\/larissajewellery.com\/en\/product\/moon-stars-bileklik\/","og_site_name":"Larissa Jewellery","article_modified_time":"2026-03-28T14:15:49+00:00","og_image":[{"width":2560,"height":1703,"url":"http:\/\/larissajewellery.com\/wp-content\/uploads\/2022\/01\/0MA_0676-scaled.jpg","type":"image\/jpeg"}],"twitter_card":"summary_large_image","twitter_misc":{"Est. reading time":"1 minute"},"schema":{"@context":"https:\/\/schema.org","@graph":[{"@type":"WebPage","@id":"https:\/\/larissajewellery.com\/product\/moon-stars-bileklik\/","url":"https:\/\/larissajewellery.com\/product\/moon-stars-bileklik\/","name":"Moon & Stars Bileklik | Larissa Jewellery","isPartOf":{"@id":"https:\/\/larissajewellery.com\/#website"},"primaryImageOfPage":{"@id":"https:\/\/larissajewellery.com\/product\/moon-stars-bileklik\/#primaryimage"},"image":{"@id":"https:\/\/larissajewellery.com\/product\/moon-stars-bileklik\/#primaryimage"},"thumbnailUrl":"https:\/\/larissajewellery.com\/wp-content\/uploads\/2022\/01\/0MA_0676-scaled.jpg","datePublished":"2022-01-11T15:35:52+00:00","dateModified":"2026-03-28T14:15:49+00:00","description":"Ay ve y\u0131ld\u0131zlar; sakinli\u011fin sembol\u00fcd\u00fcr. Parlakl\u0131\u011f\u0131yla ruhumuza katt\u0131\u011f\u0131 huzuru ile bilinir. Size huzur getirmesi dile\u011fiyle tasarlanm\u0131\u015ft\u0131r.","breadcrumb":{"@id":"https:\/\/larissajewellery.com\/product\/moon-stars-bileklik\/#breadcrumb"},"inLanguage":"en-US","potentialAction":[{"@type":"ReadAction","target":["https:\/\/larissajewellery.com\/product\/moon-stars-bileklik\/"]}]},{"@type":"ImageObject","inLanguage":"en-US","@id":"https:\/\/larissajewellery.com\/product\/moon-stars-bileklik\/#primaryimage","url":"https:\/\/larissajewellery.com\/wp-content\/uploads\/2022\/01\/0MA_0676-scaled.jpg","contentUrl":"https:\/\/larissajewellery.com\/wp-content\/uploads\/2022\/01\/0MA_0676-scaled.jpg","width":2560,"height":1703},{"@type":"BreadcrumbList","@id":"https:\/\/larissajewellery.com\/product\/moon-stars-bileklik\/#breadcrumb","itemListElement":[{"@type":"ListItem","position":1,"name":"Home","item":"https:\/\/larissajewellery.com\/"},{"@type":"ListItem","position":2,"name":"Kategoriler","item":"https:\/\/larissajewellery.com\/en\/magaza\/"},{"@type":"ListItem","position":3,"name":"Moon &#038; Stars Bileklik"}]},{"@type":"WebSite","@id":"https:\/\/larissajewellery.com\/#website","url":"https:\/\/larissajewellery.com\/","name":"Larissa Jewelery","description":"Save Your Memories","potentialAction":[{"@type":"SearchAction","target":{"@type":"EntryPoint","urlTemplate":"https:\/\/larissajewellery.com\/?s={search_term_string}"},"query-input":{"@type":"PropertyValueSpecification","valueRequired":true,"valueName":"search_term_string"}}],"inLanguage":"en-US"}]}},"_links":{"self":[{"href":"https:\/\/larissajewellery.com\/en\/wp-json\/wp\/v2\/product\/7749","targetHints":{"allow":["GET"]}}],"collection":[{"href":"https:\/\/larissajewellery.com\/en\/wp-json\/wp\/v2\/product"}],"about":[{"href":"https:\/\/larissajewellery.com\/en\/wp-json\/wp\/v2\/types\/product"}],"replies":[{"embeddable":true,"href":"https:\/\/larissajewellery.com\/en\/wp-json\/wp\/v2\/comments?post=7749"}],"wp:featuredmedia":[{"embeddable":true,"href":"https:\/\/larissajewellery.com\/en\/wp-json\/wp\/v2\/media\/7903"}],"wp:attachment":[{"href":"https:\/\/larissajewellery.com\/en\/wp-json\/wp\/v2\/media?parent=7749"}],"wp:term":[{"taxonomy":"product_brand","embeddable":true,"href":"https:\/\/larissajewellery.com\/en\/wp-json\/wp\/v2\/product_brand?post=7749"},{"taxonomy":"product_cat","embeddable":true,"href":"https:\/\/larissajewellery.com\/en\/wp-json\/wp\/v2\/product_cat?post=7749"},{"taxonomy":"product_tag","embeddable":true,"href":"https:\/\/larissajewellery.com\/en\/wp-json\/wp\/v2\/product_tag?post=7749"}],"curies":[{"name":"wp","href":"https:\/\/api.w.org\/{rel}","templated":true}]}}