{"id":7745,"date":"2022-01-11T18:23:15","date_gmt":"2022-01-11T15:23:15","guid":{"rendered":"http:\/\/larissajewellery.com\/?post_type=product&#038;p=7745"},"modified":"2026-03-28T17:16:08","modified_gmt":"2026-03-28T14:16:08","slug":"ok-altin-bileklik","status":"publish","type":"product","link":"https:\/\/larissajewellery.com\/en\/product\/ok-altin-bileklik\/","title":{"rendered":"Arrow Bracelet"},"content":{"rendered":"<p>The arrow symbolizes strength and resistance. With the stars around it, it is designed to lead us the way at times when we may feel lost. But we should remember that we are never truly lost, we only need a little guidance sometimes.<\/p>\n<p>Our bracelet is 17 cm and it can be made longer or shorter according to your preference. Please reach us at info@larissajewellery.com to tell us the preferred length  and any specializations you may want.<\/p>\n<p>14 K Gold<\/p>\n<p>Diamond: 0.04 ct (F-G\/ VS-SI)<\/p>","protected":false},"excerpt":{"rendered":"<p>Arrow Gold Bracelet<\/p>","protected":false},"featured_media":7902,"comment_status":"open","ping_status":"closed","template":"","meta":[],"product_brand":[],"product_cat":[178],"product_tag":[],"class_list":{"0":"post-7745","1":"product","2":"type-product","3":"status-publish","4":"has-post-thumbnail","6":"product_cat-bileklikler","8":"first","9":"instock","10":"shipping-taxable","11":"purchasable","12":"product-type-simple"},"yoast_head":"<!-- This site is optimized with the Yoast SEO plugin v27.2 - https:\/\/yoast.com\/product\/yoast-seo-wordpress\/ -->\n<title>Arrow Bileklik | Larissa Jewellery<\/title>\n<meta name=\"description\" content=\"Ok,her zaman daha iyiye gitmeyi i\u015faret eder.Etraf\u0131ndaki y\u0131ld\u0131zlar ise bazen yolumuzu kaybetti\u011fimizde bize yol g\u00f6stermesi i\u00e7in tasarlanm\u0131\u015ft\u0131r.\" \/>\n<meta name=\"robots\" content=\"index, follow, max-snippet:-1, max-image-preview:large, max-video-preview:-1\" \/>\n<link rel=\"canonical\" href=\"https:\/\/larissajewellery.com\/en\/product\/ok-altin-bileklik\/\" \/>\n<meta property=\"og:locale\" content=\"en_US\" \/>\n<meta property=\"og:type\" content=\"article\" \/>\n<meta property=\"og:title\" content=\"Arrow Bileklik | Larissa Jewellery\" \/>\n<meta property=\"og:description\" content=\"Ok,her zaman daha iyiye gitmeyi i\u015faret eder.Etraf\u0131ndaki y\u0131ld\u0131zlar ise bazen yolumuzu kaybetti\u011fimizde bize yol g\u00f6stermesi i\u00e7in tasarlanm\u0131\u015ft\u0131r.\" \/>\n<meta property=\"og:url\" content=\"https:\/\/larissajewellery.com\/en\/product\/ok-altin-bileklik\/\" \/>\n<meta property=\"og:site_name\" content=\"Larissa Jewellery\" \/>\n<meta property=\"article:modified_time\" content=\"2026-03-28T14:16:08+00:00\" \/>\n<meta property=\"og:image\" content=\"http:\/\/larissajewellery.com\/wp-content\/uploads\/2022\/01\/0MA_0675-scaled.jpg\" \/>\n\t<meta property=\"og:image:width\" content=\"2560\" \/>\n\t<meta property=\"og:image:height\" content=\"1703\" \/>\n\t<meta property=\"og:image:type\" content=\"image\/jpeg\" \/>\n<meta name=\"twitter:card\" content=\"summary_large_image\" \/>\n<meta name=\"twitter:label1\" content=\"Est. reading time\" \/>\n\t<meta name=\"twitter:data1\" content=\"1 minute\" \/>\n<script type=\"application\/ld+json\" class=\"yoast-schema-graph\">{\"@context\":\"https:\/\/schema.org\",\"@graph\":[{\"@type\":\"WebPage\",\"@id\":\"https:\/\/larissajewellery.com\/product\/ok-altin-bileklik\/\",\"url\":\"https:\/\/larissajewellery.com\/product\/ok-altin-bileklik\/\",\"name\":\"Arrow Bileklik | Larissa Jewellery\",\"isPartOf\":{\"@id\":\"https:\/\/larissajewellery.com\/#website\"},\"primaryImageOfPage\":{\"@id\":\"https:\/\/larissajewellery.com\/product\/ok-altin-bileklik\/#primaryimage\"},\"image\":{\"@id\":\"https:\/\/larissajewellery.com\/product\/ok-altin-bileklik\/#primaryimage\"},\"thumbnailUrl\":\"https:\/\/larissajewellery.com\/wp-content\/uploads\/2022\/01\/0MA_0675-scaled.jpg\",\"datePublished\":\"2022-01-11T15:23:15+00:00\",\"dateModified\":\"2026-03-28T14:16:08+00:00\",\"description\":\"Ok,her zaman daha iyiye gitmeyi i\u015faret eder.Etraf\u0131ndaki y\u0131ld\u0131zlar ise bazen yolumuzu kaybetti\u011fimizde bize yol g\u00f6stermesi i\u00e7in tasarlanm\u0131\u015ft\u0131r.\",\"breadcrumb\":{\"@id\":\"https:\/\/larissajewellery.com\/product\/ok-altin-bileklik\/#breadcrumb\"},\"inLanguage\":\"en-US\",\"potentialAction\":[{\"@type\":\"ReadAction\",\"target\":[\"https:\/\/larissajewellery.com\/product\/ok-altin-bileklik\/\"]}]},{\"@type\":\"ImageObject\",\"inLanguage\":\"en-US\",\"@id\":\"https:\/\/larissajewellery.com\/product\/ok-altin-bileklik\/#primaryimage\",\"url\":\"https:\/\/larissajewellery.com\/wp-content\/uploads\/2022\/01\/0MA_0675-scaled.jpg\",\"contentUrl\":\"https:\/\/larissajewellery.com\/wp-content\/uploads\/2022\/01\/0MA_0675-scaled.jpg\",\"width\":2560,\"height\":1703},{\"@type\":\"BreadcrumbList\",\"@id\":\"https:\/\/larissajewellery.com\/product\/ok-altin-bileklik\/#breadcrumb\",\"itemListElement\":[{\"@type\":\"ListItem\",\"position\":1,\"name\":\"Home\",\"item\":\"https:\/\/larissajewellery.com\/\"},{\"@type\":\"ListItem\",\"position\":2,\"name\":\"Kategoriler\",\"item\":\"https:\/\/larissajewellery.com\/en\/magaza\/\"},{\"@type\":\"ListItem\",\"position\":3,\"name\":\"Arrow Bileklik\"}]},{\"@type\":\"WebSite\",\"@id\":\"https:\/\/larissajewellery.com\/#website\",\"url\":\"https:\/\/larissajewellery.com\/\",\"name\":\"Larissa Jewellery\",\"description\":\"Save Your Memories\",\"potentialAction\":[{\"@type\":\"SearchAction\",\"target\":{\"@type\":\"EntryPoint\",\"urlTemplate\":\"https:\/\/larissajewellery.com\/?s={search_term_string}\"},\"query-input\":{\"@type\":\"PropertyValueSpecification\",\"valueRequired\":true,\"valueName\":\"search_term_string\"}}],\"inLanguage\":\"en-US\"}]}<\/script>\n<!-- \/ Yoast SEO plugin. -->","yoast_head_json":{"title":"Arrow Bileklik | Larissa Jewellery","description":"Ok,her zaman daha iyiye gitmeyi i\u015faret eder.Etraf\u0131ndaki y\u0131ld\u0131zlar ise bazen yolumuzu kaybetti\u011fimizde bize yol g\u00f6stermesi i\u00e7in tasarlanm\u0131\u015ft\u0131r.","robots":{"index":"index","follow":"follow","max-snippet":"max-snippet:-1","max-image-preview":"max-image-preview:large","max-video-preview":"max-video-preview:-1"},"canonical":"https:\/\/larissajewellery.com\/en\/product\/ok-altin-bileklik\/","og_locale":"en_US","og_type":"article","og_title":"Arrow Bileklik | Larissa Jewellery","og_description":"Ok,her zaman daha iyiye gitmeyi i\u015faret eder.Etraf\u0131ndaki y\u0131ld\u0131zlar ise bazen yolumuzu kaybetti\u011fimizde bize yol g\u00f6stermesi i\u00e7in tasarlanm\u0131\u015ft\u0131r.","og_url":"https:\/\/larissajewellery.com\/en\/product\/ok-altin-bileklik\/","og_site_name":"Larissa Jewellery","article_modified_time":"2026-03-28T14:16:08+00:00","og_image":[{"width":2560,"height":1703,"url":"http:\/\/larissajewellery.com\/wp-content\/uploads\/2022\/01\/0MA_0675-scaled.jpg","type":"image\/jpeg"}],"twitter_card":"summary_large_image","twitter_misc":{"Est. reading time":"1 minute"},"schema":{"@context":"https:\/\/schema.org","@graph":[{"@type":"WebPage","@id":"https:\/\/larissajewellery.com\/product\/ok-altin-bileklik\/","url":"https:\/\/larissajewellery.com\/product\/ok-altin-bileklik\/","name":"Arrow Bileklik | Larissa Jewellery","isPartOf":{"@id":"https:\/\/larissajewellery.com\/#website"},"primaryImageOfPage":{"@id":"https:\/\/larissajewellery.com\/product\/ok-altin-bileklik\/#primaryimage"},"image":{"@id":"https:\/\/larissajewellery.com\/product\/ok-altin-bileklik\/#primaryimage"},"thumbnailUrl":"https:\/\/larissajewellery.com\/wp-content\/uploads\/2022\/01\/0MA_0675-scaled.jpg","datePublished":"2022-01-11T15:23:15+00:00","dateModified":"2026-03-28T14:16:08+00:00","description":"Ok,her zaman daha iyiye gitmeyi i\u015faret eder.Etraf\u0131ndaki y\u0131ld\u0131zlar ise bazen yolumuzu kaybetti\u011fimizde bize yol g\u00f6stermesi i\u00e7in tasarlanm\u0131\u015ft\u0131r.","breadcrumb":{"@id":"https:\/\/larissajewellery.com\/product\/ok-altin-bileklik\/#breadcrumb"},"inLanguage":"en-US","potentialAction":[{"@type":"ReadAction","target":["https:\/\/larissajewellery.com\/product\/ok-altin-bileklik\/"]}]},{"@type":"ImageObject","inLanguage":"en-US","@id":"https:\/\/larissajewellery.com\/product\/ok-altin-bileklik\/#primaryimage","url":"https:\/\/larissajewellery.com\/wp-content\/uploads\/2022\/01\/0MA_0675-scaled.jpg","contentUrl":"https:\/\/larissajewellery.com\/wp-content\/uploads\/2022\/01\/0MA_0675-scaled.jpg","width":2560,"height":1703},{"@type":"BreadcrumbList","@id":"https:\/\/larissajewellery.com\/product\/ok-altin-bileklik\/#breadcrumb","itemListElement":[{"@type":"ListItem","position":1,"name":"Home","item":"https:\/\/larissajewellery.com\/"},{"@type":"ListItem","position":2,"name":"Kategoriler","item":"https:\/\/larissajewellery.com\/en\/magaza\/"},{"@type":"ListItem","position":3,"name":"Arrow Bileklik"}]},{"@type":"WebSite","@id":"https:\/\/larissajewellery.com\/#website","url":"https:\/\/larissajewellery.com\/","name":"Larissa Jewelery","description":"Save Your Memories","potentialAction":[{"@type":"SearchAction","target":{"@type":"EntryPoint","urlTemplate":"https:\/\/larissajewellery.com\/?s={search_term_string}"},"query-input":{"@type":"PropertyValueSpecification","valueRequired":true,"valueName":"search_term_string"}}],"inLanguage":"en-US"}]}},"_links":{"self":[{"href":"https:\/\/larissajewellery.com\/en\/wp-json\/wp\/v2\/product\/7745","targetHints":{"allow":["GET"]}}],"collection":[{"href":"https:\/\/larissajewellery.com\/en\/wp-json\/wp\/v2\/product"}],"about":[{"href":"https:\/\/larissajewellery.com\/en\/wp-json\/wp\/v2\/types\/product"}],"replies":[{"embeddable":true,"href":"https:\/\/larissajewellery.com\/en\/wp-json\/wp\/v2\/comments?post=7745"}],"wp:featuredmedia":[{"embeddable":true,"href":"https:\/\/larissajewellery.com\/en\/wp-json\/wp\/v2\/media\/7902"}],"wp:attachment":[{"href":"https:\/\/larissajewellery.com\/en\/wp-json\/wp\/v2\/media?parent=7745"}],"wp:term":[{"taxonomy":"product_brand","embeddable":true,"href":"https:\/\/larissajewellery.com\/en\/wp-json\/wp\/v2\/product_brand?post=7745"},{"taxonomy":"product_cat","embeddable":true,"href":"https:\/\/larissajewellery.com\/en\/wp-json\/wp\/v2\/product_cat?post=7745"},{"taxonomy":"product_tag","embeddable":true,"href":"https:\/\/larissajewellery.com\/en\/wp-json\/wp\/v2\/product_tag?post=7745"}],"curies":[{"name":"wp","href":"https:\/\/api.w.org\/{rel}","templated":true}]}}