{"id":673,"date":"2020-04-23T11:15:06","date_gmt":"2020-04-23T11:15:06","guid":{"rendered":"https:\/\/makao.qodeinteractive.com\/?page_id=673"},"modified":"2021-02-11T16:57:15","modified_gmt":"2021-02-11T13:57:15","slug":"sikca-sorulan-sorular","status":"publish","type":"page","link":"https:\/\/larissajewellery.com\/en\/sikca-sorulan-sorular\/","title":{"rendered":"Frequently Asked Questions"},"content":{"rendered":"<div data-elementor-type=\"wp-page\" data-elementor-id=\"673\" class=\"elementor elementor-673\">\n\t\t\t\t\t\t<section class=\"elementor-section elementor-top-section elementor-element elementor-element-f07a567 elementor-section-full_width elementor-section-content-top qodef-elementor-content-grid elementor-section-height-default elementor-section-height-default\" data-id=\"f07a567\" data-element_type=\"section\" data-e-type=\"section\">\n\t\t\t\t\t\t<div class=\"elementor-container elementor-column-gap-default\">\n\t\t\t\t\t<div class=\"elementor-column elementor-col-50 elementor-top-column elementor-element elementor-element-d2c08c9\" data-id=\"d2c08c9\" data-element_type=\"column\" data-e-type=\"column\">\n\t\t\t<div class=\"elementor-widget-wrap elementor-element-populated\">\n\t\t\t\t\t\t<div class=\"elementor-element elementor-element-840e848 elementor-widget elementor-widget-makao_core_section_title\" data-id=\"840e848\" data-element_type=\"widget\" data-e-type=\"widget\" data-widget_type=\"makao_core_section_title.default\">\n\t\t\t\t<div class=\"elementor-widget-container\">\n\t\t\t\t\t<div class=\"qodef-shortcode qodef-m  qodef-section-title qodef-alignment--left\">\n    \t\t<h3 class=\"qodef-m-title\" >\n\t\t\t\t\tCustomer service\t\t\t<\/h3>\n    \t<p class=\"qodef-m-text\" style=\"margin-top: 12px\">You can click the button below to send us an e-mail. We will answer your questions in 24 hours.<\/p>\n    <\/div>\t\t\t\t<\/div>\n\t\t\t\t<\/div>\n\t\t\t\t<div class=\"elementor-element elementor-element-4150344 elementor-widget elementor-widget-spacer\" data-id=\"4150344\" data-element_type=\"widget\" data-e-type=\"widget\" data-widget_type=\"spacer.default\">\n\t\t\t\t<div class=\"elementor-widget-container\">\n\t\t\t\t\t\t\t<div class=\"elementor-spacer\">\n\t\t\t<div class=\"elementor-spacer-inner\"><\/div>\n\t\t<\/div>\n\t\t\t\t\t\t<\/div>\n\t\t\t\t<\/div>\n\t\t\t\t<div class=\"elementor-element elementor-element-5e0e936 elementor-widget elementor-widget-makao_core_button\" data-id=\"5e0e936\" data-element_type=\"widget\" data-e-type=\"widget\" data-widget_type=\"makao_core_button.default\">\n\t\t\t\t<div class=\"elementor-widget-container\">\n\t\t\t\t\t<a class=\"qodef-shortcode qodef-m  qodef-button qodef-layout--filled qodef-size--small qodef-html--link\" href=\"\/en\/-\/\" target=\"_self\"  style=\"text-transform: none;padding: 13px 28px\">\n\t<span class=\"qodef-m-text\">info@larissajewellery.com<\/span>\n<\/a>\t\t\t\t<\/div>\n\t\t\t\t<\/div>\n\t\t\t\t<div class=\"elementor-element elementor-element-b5e0d36 elementor-widget elementor-widget-spacer\" data-id=\"b5e0d36\" data-element_type=\"widget\" data-e-type=\"widget\" data-widget_type=\"spacer.default\">\n\t\t\t\t<div class=\"elementor-widget-container\">\n\t\t\t\t\t\t\t<div class=\"elementor-spacer\">\n\t\t\t<div class=\"elementor-spacer-inner\"><\/div>\n\t\t<\/div>\n\t\t\t\t\t\t<\/div>\n\t\t\t\t<\/div>\n\t\t\t\t<div class=\"elementor-element elementor-element-43dda45 elementor-widget elementor-widget-spacer\" data-id=\"43dda45\" data-element_type=\"widget\" data-e-type=\"widget\" data-widget_type=\"spacer.default\">\n\t\t\t\t<div class=\"elementor-widget-container\">\n\t\t\t\t\t\t\t<div class=\"elementor-spacer\">\n\t\t\t<div class=\"elementor-spacer-inner\"><\/div>\n\t\t<\/div>\n\t\t\t\t\t\t<\/div>\n\t\t\t\t<\/div>\n\t\t\t\t\t<\/div>\n\t\t<\/div>\n\t\t\t\t<div class=\"elementor-column elementor-col-50 elementor-top-column elementor-element elementor-element-14bb181\" data-id=\"14bb181\" data-element_type=\"column\" data-e-type=\"column\">\n\t\t\t<div class=\"elementor-widget-wrap elementor-element-populated\">\n\t\t\t\t\t\t<div class=\"elementor-element elementor-element-1aff215 elementor-widget elementor-widget-makao_core_accordion\" data-id=\"1aff215\" data-element_type=\"widget\" data-e-type=\"widget\" data-widget_type=\"makao_core_accordion.default\">\n\t\t\t\t<div class=\"elementor-widget-container\">\n\t\t\t\t\t<div class=\"qodef-shortcode qodef-m  qodef-accordion clear qodef-behavior--accordion qodef-layout--simple\">\n\t<h6 class=\"qodef-accordion-title\">\n\t<span class=\"qodef-tab-title\">\n\t\tDo you have wholesale?\t<\/span>\n\t<span class=\"qodef-accordion-mark\">\n\t\t<span class=\"qodef-icon--plus\">+<\/span>\n\t\t<span class=\"qodef-icon--minus\">-<\/span>\n\t<\/span>\n<\/h6>\n<div class=\"qodef-accordion-content\">\n\t<div class=\"qodef-accordion-content-inner\">\n\t\t<p class=\"p1\">For your wholesale inquiries you can contact us via <a href=\"\/en\/-\/\">info@larissajewellery.com<\/a> .<\/p>\t<\/div>\n<\/div><h6 class=\"qodef-accordion-title\">\n\t<span class=\"qodef-tab-title\">\n\t\tIs there anything I should pay attention to when placing an order?\t<\/span>\n\t<span class=\"qodef-accordion-mark\">\n\t\t<span class=\"qodef-icon--plus\">+<\/span>\n\t\t<span class=\"qodef-icon--minus\">-<\/span>\n\t<\/span>\n<\/h6>\n<div class=\"qodef-accordion-content\">\n\t<div class=\"qodef-accordion-content-inner\">\n\t\t<p class=\"p1\"><a href=\"http:\/\/larissajewellery.com\/en\/\">Shipping:<\/a> You need to pay attention to the billing address and delivery address for all orders. After the information is entered<span class=\"Apple-converted-space\">\u00a0 <\/span>we can not change the information.<\/p>\t<\/div>\n<\/div><h6 class=\"qodef-accordion-title\">\n\t<span class=\"qodef-tab-title\">\n\t\tWhich payment system is used on the website?\t<\/span>\n\t<span class=\"qodef-accordion-mark\">\n\t\t<span class=\"qodef-icon--plus\">+<\/span>\n\t\t<span class=\"qodef-icon--minus\">-<\/span>\n\t<\/span>\n<\/h6>\n<div class=\"qodef-accordion-content\">\n\t<div class=\"qodef-accordion-content-inner\">\n\t\t<p class=\"p1\">Iyzico Secure Payment System is used as a credit card\/debit card payment system on our website.<\/p>\t<\/div>\n<\/div><h6 class=\"qodef-accordion-title\">\n\t<span class=\"qodef-tab-title\">\n\t\tWhen will I recieve my order?\t<\/span>\n\t<span class=\"qodef-accordion-mark\">\n\t\t<span class=\"qodef-icon--plus\">+<\/span>\n\t\t<span class=\"qodef-icon--minus\">-<\/span>\n\t<\/span>\n<\/h6>\n<div class=\"qodef-accordion-content\">\n\t<div class=\"qodef-accordion-content-inner\">\n\t\t<p>If your order is in stock and placed before 5 pm will be shipped within the day, and the orders placed after 5 pm will be shipped the next day. Products that are not in stock or made to order and require personalization are shipped within 2-3 business days.<\/p><p>International shipping arrival dates vary by region. Orders placed from Europe are delivered within 2-3 business days, and orders placed from United States shipped within 3-4 business days. Worldwide shipping is free for orders over $250. Shipping costs vary by region for orders $250 and below. Before placing your order, in checkout you can see the shipping fee.\n\nInternational orders, may be subject to customs or import duties and tax charges once they reach their destination country outside of Turkey. These charges are payable by the customer and we do not currently cover this cost.\n\nAs customs vary from country to country, unfortunately we can\u2019t advise on these charges, and would recommend you contact your local customs office for more information before placing your order.<\/p><p>T\u00fcrkiye d\u0131\u015f\u0131ndan verilen sipari\u015fler var\u0131\u015f \u00fclkelerine ula\u015ft\u0131klar\u0131nda g\u00fcmr\u00fck veya ithalat vergilerine ve vergi \u00fccretlerine tabi olabilir. Bu masraflar m\u00fc\u015fterilerimiz taraf\u0131ndan kar\u015f\u0131lanmaktad\u0131r. G\u00fcmr\u00fckler \u00fclkeden \u00fclkeye farkl\u0131l\u0131k g\u00f6sterdi\u011finden, maalesef bu \u00fccretler konusunda bir bilgi veremiyoruz, bu y\u00fczden sipari\u015finizi vermeden \u00f6nce daha fazla bilgi i\u00e7in yerel g\u00fcmr\u00fck idarenizle ileti\u015fime ge\u00e7menizi tavsiye ederiz.<\/p>\t<\/div>\n<\/div><\/div>\t\t\t\t<\/div>\n\t\t\t\t<\/div>\n\t\t\t\t\t<\/div>\n\t\t<\/div>\n\t\t\t\t\t<\/div>\n\t\t<\/section>\n\t\t\t\t<\/div>","protected":false},"excerpt":{"rendered":"<p>M\u00fc\u015fteri Hizmetleri E\u011fer bize sormak istedi\u011finiz soru bu sayfada yoksa a\u015fa\u011f\u0131daki butona t\u0131klayarak bize e-posta g\u00f6nderebilirsiniz. Sorular\u0131n\u0131z\u0131 en k\u0131sa s\u00fcrede yan\u0131tlayaca\u011f\u0131z. info@larissajewellery.com Toptan sat\u0131\u015f\u0131n\u0131z var m\u0131? + &#8211; Toptan sat\u0131\u015f talepleriniz i\u00e7in bizimle info@larissajewellery.com e-posta adresimizden ileti\u015fime ge\u00e7ebilirsiniz. Sipari\u015f verirken dikkat etmem gereken bir konu var m\u0131? + &#8211; www.larissajewellery.com adresinden verdi\u011finiz t\u00fcm sipari\u015fleriniz i\u00e7in [&hellip;]<\/p>\n","protected":false},"author":1,"featured_media":0,"parent":0,"menu_order":0,"comment_status":"closed","ping_status":"closed","template":"page-full-width.php","meta":{"footnotes":""},"class_list":["post-673","page","type-page","status-publish","hentry"],"yoast_head":"<!-- This site is optimized with the Yoast SEO plugin v27.2 - https:\/\/yoast.com\/product\/yoast-seo-wordpress\/ -->\n<title>S\u0131k\u00e7a Sorulan Sorular | Larissa Jewellery<\/title>\n<meta name=\"robots\" content=\"index, follow, max-snippet:-1, max-image-preview:large, max-video-preview:-1\" \/>\n<link rel=\"canonical\" href=\"https:\/\/larissajewellery.com\/en\/sikca-sorulan-sorular\/\" \/>\n<meta property=\"og:locale\" content=\"en_US\" \/>\n<meta property=\"og:type\" content=\"article\" \/>\n<meta property=\"og:title\" content=\"S\u0131k\u00e7a Sorulan Sorular | Larissa Jewellery\" \/>\n<meta property=\"og:description\" content=\"M\u00fc\u015fteri Hizmetleri E\u011fer bize sormak istedi\u011finiz soru bu sayfada yoksa a\u015fa\u011f\u0131daki butona t\u0131klayarak bize e-posta g\u00f6nderebilirsiniz. Sorular\u0131n\u0131z\u0131 en k\u0131sa s\u00fcrede yan\u0131tlayaca\u011f\u0131z. info@larissajewellery.com Toptan sat\u0131\u015f\u0131n\u0131z var m\u0131? + &#8211; Toptan sat\u0131\u015f talepleriniz i\u00e7in bizimle info@larissajewellery.com e-posta adresimizden ileti\u015fime ge\u00e7ebilirsiniz. Sipari\u015f verirken dikkat etmem gereken bir konu var m\u0131? + &#8211; www.larissajewellery.com adresinden verdi\u011finiz t\u00fcm sipari\u015fleriniz i\u00e7in [&hellip;]\" \/>\n<meta property=\"og:url\" content=\"https:\/\/larissajewellery.com\/en\/sikca-sorulan-sorular\/\" \/>\n<meta property=\"og:site_name\" content=\"Larissa Jewellery\" \/>\n<meta property=\"article:modified_time\" content=\"2021-02-11T13:57:15+00:00\" \/>\n<meta name=\"twitter:card\" content=\"summary_large_image\" \/>\n<meta name=\"twitter:label1\" content=\"Est. reading time\" \/>\n\t<meta name=\"twitter:data1\" content=\"1 minute\" \/>\n<script type=\"application\/ld+json\" class=\"yoast-schema-graph\">{\"@context\":\"https:\/\/schema.org\",\"@graph\":[{\"@type\":\"WebPage\",\"@id\":\"https:\/\/larissajewellery.com\/sikca-sorulan-sorular\/\",\"url\":\"https:\/\/larissajewellery.com\/sikca-sorulan-sorular\/\",\"name\":\"S\u0131k\u00e7a Sorulan Sorular | Larissa Jewellery\",\"isPartOf\":{\"@id\":\"https:\/\/larissajewellery.com\/#website\"},\"datePublished\":\"2020-04-23T11:15:06+00:00\",\"dateModified\":\"2021-02-11T13:57:15+00:00\",\"breadcrumb\":{\"@id\":\"https:\/\/larissajewellery.com\/sikca-sorulan-sorular\/#breadcrumb\"},\"inLanguage\":\"en-US\",\"potentialAction\":[{\"@type\":\"ReadAction\",\"target\":[\"https:\/\/larissajewellery.com\/sikca-sorulan-sorular\/\"]}]},{\"@type\":\"BreadcrumbList\",\"@id\":\"https:\/\/larissajewellery.com\/sikca-sorulan-sorular\/#breadcrumb\",\"itemListElement\":[{\"@type\":\"ListItem\",\"position\":1,\"name\":\"Home\",\"item\":\"https:\/\/larissajewellery.com\/\"},{\"@type\":\"ListItem\",\"position\":2,\"name\":\"S\u0131k\u00e7a Sorulan Sorular\"}]},{\"@type\":\"WebSite\",\"@id\":\"https:\/\/larissajewellery.com\/#website\",\"url\":\"https:\/\/larissajewellery.com\/\",\"name\":\"Larissa Jewellery\",\"description\":\"Save Your Memories\",\"potentialAction\":[{\"@type\":\"SearchAction\",\"target\":{\"@type\":\"EntryPoint\",\"urlTemplate\":\"https:\/\/larissajewellery.com\/?s={search_term_string}\"},\"query-input\":{\"@type\":\"PropertyValueSpecification\",\"valueRequired\":true,\"valueName\":\"search_term_string\"}}],\"inLanguage\":\"en-US\"}]}<\/script>\n<!-- \/ Yoast SEO plugin. -->","yoast_head_json":{"title":"S\u0131k\u00e7a Sorulan Sorular | Larissa Jewellery","robots":{"index":"index","follow":"follow","max-snippet":"max-snippet:-1","max-image-preview":"max-image-preview:large","max-video-preview":"max-video-preview:-1"},"canonical":"https:\/\/larissajewellery.com\/en\/sikca-sorulan-sorular\/","og_locale":"en_US","og_type":"article","og_title":"S\u0131k\u00e7a Sorulan Sorular | Larissa Jewellery","og_description":"M\u00fc\u015fteri Hizmetleri E\u011fer bize sormak istedi\u011finiz soru bu sayfada yoksa a\u015fa\u011f\u0131daki butona t\u0131klayarak bize e-posta g\u00f6nderebilirsiniz. Sorular\u0131n\u0131z\u0131 en k\u0131sa s\u00fcrede yan\u0131tlayaca\u011f\u0131z. info@larissajewellery.com Toptan sat\u0131\u015f\u0131n\u0131z var m\u0131? + &#8211; Toptan sat\u0131\u015f talepleriniz i\u00e7in bizimle info@larissajewellery.com e-posta adresimizden ileti\u015fime ge\u00e7ebilirsiniz. Sipari\u015f verirken dikkat etmem gereken bir konu var m\u0131? + &#8211; www.larissajewellery.com adresinden verdi\u011finiz t\u00fcm sipari\u015fleriniz i\u00e7in [&hellip;]","og_url":"https:\/\/larissajewellery.com\/en\/sikca-sorulan-sorular\/","og_site_name":"Larissa Jewellery","article_modified_time":"2021-02-11T13:57:15+00:00","twitter_card":"summary_large_image","twitter_misc":{"Est. reading time":"1 minute"},"schema":{"@context":"https:\/\/schema.org","@graph":[{"@type":"WebPage","@id":"https:\/\/larissajewellery.com\/sikca-sorulan-sorular\/","url":"https:\/\/larissajewellery.com\/sikca-sorulan-sorular\/","name":"S\u0131k\u00e7a Sorulan Sorular | Larissa Jewellery","isPartOf":{"@id":"https:\/\/larissajewellery.com\/#website"},"datePublished":"2020-04-23T11:15:06+00:00","dateModified":"2021-02-11T13:57:15+00:00","breadcrumb":{"@id":"https:\/\/larissajewellery.com\/sikca-sorulan-sorular\/#breadcrumb"},"inLanguage":"en-US","potentialAction":[{"@type":"ReadAction","target":["https:\/\/larissajewellery.com\/sikca-sorulan-sorular\/"]}]},{"@type":"BreadcrumbList","@id":"https:\/\/larissajewellery.com\/sikca-sorulan-sorular\/#breadcrumb","itemListElement":[{"@type":"ListItem","position":1,"name":"Home","item":"https:\/\/larissajewellery.com\/"},{"@type":"ListItem","position":2,"name":"S\u0131k\u00e7a Sorulan Sorular"}]},{"@type":"WebSite","@id":"https:\/\/larissajewellery.com\/#website","url":"https:\/\/larissajewellery.com\/","name":"Larissa Jewelery","description":"Save Your Memories","potentialAction":[{"@type":"SearchAction","target":{"@type":"EntryPoint","urlTemplate":"https:\/\/larissajewellery.com\/?s={search_term_string}"},"query-input":{"@type":"PropertyValueSpecification","valueRequired":true,"valueName":"search_term_string"}}],"inLanguage":"en-US"}]}},"_links":{"self":[{"href":"https:\/\/larissajewellery.com\/en\/wp-json\/wp\/v2\/pages\/673","targetHints":{"allow":["GET"]}}],"collection":[{"href":"https:\/\/larissajewellery.com\/en\/wp-json\/wp\/v2\/pages"}],"about":[{"href":"https:\/\/larissajewellery.com\/en\/wp-json\/wp\/v2\/types\/page"}],"author":[{"embeddable":true,"href":"https:\/\/larissajewellery.com\/en\/wp-json\/wp\/v2\/users\/1"}],"replies":[{"embeddable":true,"href":"https:\/\/larissajewellery.com\/en\/wp-json\/wp\/v2\/comments?post=673"}],"version-history":[{"count":19,"href":"https:\/\/larissajewellery.com\/en\/wp-json\/wp\/v2\/pages\/673\/revisions"}],"predecessor-version":[{"id":7956,"href":"https:\/\/larissajewellery.com\/en\/wp-json\/wp\/v2\/pages\/673\/revisions\/7956"}],"wp:attachment":[{"href":"https:\/\/larissajewellery.com\/en\/wp-json\/wp\/v2\/media?parent=673"}],"curies":[{"name":"wp","href":"https:\/\/api.w.org\/{rel}","templated":true}]}}