{"id":529,"date":"2020-04-22T14:16:10","date_gmt":"2020-04-22T11:16:10","guid":{"rendered":"https:\/\/makao.qodeinteractive.com\/?page_id=529"},"modified":"2026-03-27T12:36:23","modified_gmt":"2026-03-27T09:36:23","slug":"hakkimizda","status":"publish","type":"page","link":"https:\/\/larissajewellery.com\/en\/hakkimizda\/","title":{"rendered":"About us"},"content":{"rendered":"<div data-elementor-type=\"wp-page\" data-elementor-id=\"529\" class=\"elementor elementor-529\">\n\t\t\t\t\t\t<section class=\"elementor-section elementor-top-section elementor-element elementor-element-9378fdd elementor-section-full_width qodef-elementor-content-grid elementor-section-height-default elementor-section-height-default\" data-id=\"9378fdd\" data-element_type=\"section\" data-e-type=\"section\">\n\t\t\t\t\t\t<div class=\"elementor-container elementor-column-gap-default\">\n\t\t\t\t\t<div class=\"elementor-column elementor-col-50 elementor-top-column elementor-element elementor-element-72bf46d\" data-id=\"72bf46d\" data-element_type=\"column\" data-e-type=\"column\">\n\t\t\t<div class=\"elementor-widget-wrap elementor-element-populated\">\n\t\t\t\t\t\t<div class=\"elementor-element elementor-element-96b201e elementor-widget elementor-widget-makao_core_section_title\" data-id=\"96b201e\" data-element_type=\"widget\" data-e-type=\"widget\" data-widget_type=\"makao_core_section_title.default\">\n\t\t\t\t<div class=\"elementor-widget-container\">\n\t\t\t\t\t<div class=\"qodef-shortcode qodef-m  qodef-section-title qodef-alignment--left\">\n        <span class=\"qodef-m-caption\" >hikayemiz<\/span>\n\t\t<h2 class=\"qodef-m-title\" >\n\t\t\t\t\tLarissa Jewellery,\t\t\t<\/h2>\n    \t<p class=\"qodef-m-text\" style=\"line-height: 26px;font-size: 18px\">is a family business which was founded in 1987. The company is named after the youngest member of the family and today, it is ran by father and daughter, carried across generations. Our aim is to view jewelry not only as accessories, but a tool to remind ourselves of our memories and to reflect on the experiences that formed our character. Larissa Jewellery aims to bring high quality jewelry. Everyone deserves to feel luxurious and be aware of their own self-confidance and our jewelry should reflect that value.<\/p>\n    <\/div>\t\t\t\t<\/div>\n\t\t\t\t<\/div>\n\t\t\t\t\t<\/div>\n\t\t<\/div>\n\t\t\t\t<div class=\"elementor-column elementor-col-50 elementor-top-column elementor-element elementor-element-2e65089\" data-id=\"2e65089\" data-element_type=\"column\" data-e-type=\"column\">\n\t\t\t<div class=\"elementor-widget-wrap elementor-element-populated\">\n\t\t\t\t\t\t<div class=\"elementor-element elementor-element-789e688 elementor-widget elementor-widget-image\" data-id=\"789e688\" data-element_type=\"widget\" data-e-type=\"widget\" data-widget_type=\"image.default\">\n\t\t\t\t<div class=\"elementor-widget-container\">\n\t\t\t\t\t\t\t\t\t\t\t\t\t\t\t<img fetchpriority=\"high\" decoding=\"async\" width=\"1707\" height=\"2560\" src=\"https:\/\/larissajewellery.com\/wp-content\/uploads\/2022\/01\/1BB193A2-3D00-4E6D-AE54-80C37EC3258B-scaled.jpeg\" class=\"attachment-full size-full wp-image-7954\" alt=\"\" srcset=\"https:\/\/larissajewellery.com\/wp-content\/uploads\/2022\/01\/1BB193A2-3D00-4E6D-AE54-80C37EC3258B-scaled.jpeg 1707w, https:\/\/larissajewellery.com\/wp-content\/uploads\/2022\/01\/1BB193A2-3D00-4E6D-AE54-80C37EC3258B-scaled-600x900.jpeg 600w, https:\/\/larissajewellery.com\/wp-content\/uploads\/2022\/01\/1BB193A2-3D00-4E6D-AE54-80C37EC3258B-200x300.jpeg 200w, https:\/\/larissajewellery.com\/wp-content\/uploads\/2022\/01\/1BB193A2-3D00-4E6D-AE54-80C37EC3258B-683x1024.jpeg 683w, https:\/\/larissajewellery.com\/wp-content\/uploads\/2022\/01\/1BB193A2-3D00-4E6D-AE54-80C37EC3258B-768x1152.jpeg 768w, https:\/\/larissajewellery.com\/wp-content\/uploads\/2022\/01\/1BB193A2-3D00-4E6D-AE54-80C37EC3258B-1024x1536.jpeg 1024w, https:\/\/larissajewellery.com\/wp-content\/uploads\/2022\/01\/1BB193A2-3D00-4E6D-AE54-80C37EC3258B-1365x2048.jpeg 1365w, https:\/\/larissajewellery.com\/wp-content\/uploads\/2022\/01\/1BB193A2-3D00-4E6D-AE54-80C37EC3258B-8x12.jpeg 8w\" sizes=\"(max-width: 1707px) 100vw, 1707px\" \/>\t\t\t\t\t\t\t\t\t\t\t\t\t\t\t<\/div>\n\t\t\t\t<\/div>\n\t\t\t\t\t<\/div>\n\t\t<\/div>\n\t\t\t\t\t<\/div>\n\t\t<\/section>\n\t\t\t\t<section class=\"elementor-section elementor-top-section elementor-element elementor-element-67d1654 elementor-section-full_width elementor-section-height-default elementor-section-height-default qodef-elementor-content-no\" data-id=\"67d1654\" data-element_type=\"section\" data-e-type=\"section\" data-settings=\"{&quot;background_background&quot;:&quot;classic&quot;}\">\n\t\t\t\t\t\t<div class=\"elementor-container elementor-column-gap-default\">\n\t\t\t\t\t<div class=\"elementor-column elementor-col-100 elementor-top-column elementor-element elementor-element-82f9305\" data-id=\"82f9305\" data-element_type=\"column\" data-e-type=\"column\">\n\t\t\t<div class=\"elementor-widget-wrap elementor-element-populated\">\n\t\t\t\t\t\t<section class=\"elementor-section elementor-inner-section elementor-element elementor-element-b2b3e7c elementor-section-full_width qodef-elementor-content-grid elementor-section-height-default elementor-section-height-default\" data-id=\"b2b3e7c\" data-element_type=\"section\" data-e-type=\"section\">\n\t\t\t\t\t\t<div class=\"elementor-container elementor-column-gap-default\">\n\t\t\t\t\t<div class=\"elementor-column elementor-col-100 elementor-inner-column elementor-element elementor-element-9e268f1\" data-id=\"9e268f1\" data-element_type=\"column\" data-e-type=\"column\">\n\t\t\t<div class=\"elementor-widget-wrap elementor-element-populated\">\n\t\t\t\t\t\t<div class=\"elementor-element elementor-element-68d5579 elementor-widget__width-initial elementor-widget elementor-widget-makao_core_section_title\" data-id=\"68d5579\" data-element_type=\"widget\" data-e-type=\"widget\" data-widget_type=\"makao_core_section_title.default\">\n\t\t\t\t<div class=\"elementor-widget-container\">\n\t\t\t\t\t<div class=\"qodef-shortcode qodef-m  qodef-section-title qodef-alignment--center\">\n        <span class=\"qodef-m-caption\" >brand<\/span>\n\t\t<h2 class=\"qodef-m-title\" >\n\t\t\t\t\tOur Values\t\t\t<\/h2>\n    \t<p class=\"qodef-m-text\" style=\"line-height: 26px;font-size: 18px\">Larissa Jewellery aims to be a brand that reminds us of our memories and the experiences that played a role in the formation of our character. It is important for all of us to realize our self-confidence and our jewelry should reflect this value.<\/p>\n    <\/div>\t\t\t\t<\/div>\n\t\t\t\t<\/div>\n\t\t\t\t<div class=\"elementor-element elementor-element-ba6a340 elementor-widget elementor-widget-spacer\" data-id=\"ba6a340\" data-element_type=\"widget\" data-e-type=\"widget\" data-widget_type=\"spacer.default\">\n\t\t\t\t<div class=\"elementor-widget-container\">\n\t\t\t\t\t\t\t<div class=\"elementor-spacer\">\n\t\t\t<div class=\"elementor-spacer-inner\"><\/div>\n\t\t<\/div>\n\t\t\t\t\t\t<\/div>\n\t\t\t\t<\/div>\n\t\t\t\t\t<\/div>\n\t\t<\/div>\n\t\t\t\t\t<\/div>\n\t\t<\/section>\n\t\t\t\t<section class=\"elementor-section elementor-inner-section elementor-element elementor-element-b59d045 elementor-section-full_width qodef-elementor-content-grid elementor-section-height-default elementor-section-height-default\" data-id=\"b59d045\" data-element_type=\"section\" data-e-type=\"section\">\n\t\t\t\t\t\t<div class=\"elementor-container elementor-column-gap-default\">\n\t\t\t\t\t<div class=\"elementor-column elementor-col-33 elementor-inner-column elementor-element elementor-element-12fa92c\" data-id=\"12fa92c\" data-element_type=\"column\" data-e-type=\"column\">\n\t\t\t<div class=\"elementor-widget-wrap elementor-element-populated\">\n\t\t\t\t\t\t<div class=\"elementor-element elementor-element-440dc9f elementor-widget__width-initial elementor-widget elementor-widget-makao_core_icon_with_text\" data-id=\"440dc9f\" data-element_type=\"widget\" data-e-type=\"widget\" data-widget_type=\"makao_core_icon_with_text.default\">\n\t\t\t\t<div class=\"elementor-widget-container\">\n\t\t\t\t\t<div class=\"qodef-shortcode qodef-m  qodef-icon-with-text qodef-layout--top qodef--custom-icon qodef-alignment--center\">\n\t<div class=\"qodef-m-icon-wrapper\">\n\t\t\t\t\t<img decoding=\"async\" width=\"64\" height=\"64\" src=\"https:\/\/larissajewellery.com\/wp-content\/uploads\/2020\/09\/gold-1.png\" class=\"attachment-full size-full\" alt=\"\" \/>\t\t<\/div>\n\t<div class=\"qodef-m-content\">\n\t\t\t<h4 class=\"qodef-m-title\" style=\"color: #333333\">\n\t\t\t\t\t<span class=\"qodef-m-title-text\">14K Gold &amp; Diamonds<\/span>\n\t\t\t<\/h4>\n\t\t\t<p class=\"qodef-m-text\" style=\"color: #333333\">Our products are 14K gold with high quality diamonds. It is produced in yellow, white and rose gold upon  your preference.<\/p>\n\t<\/div>\n<\/div>\t\t\t\t<\/div>\n\t\t\t\t<\/div>\n\t\t\t\t\t<\/div>\n\t\t<\/div>\n\t\t\t\t<div class=\"elementor-column elementor-col-33 elementor-inner-column elementor-element elementor-element-676f339\" data-id=\"676f339\" data-element_type=\"column\" data-e-type=\"column\">\n\t\t\t<div class=\"elementor-widget-wrap elementor-element-populated\">\n\t\t\t\t\t\t<div class=\"elementor-element elementor-element-e8f0824 elementor-widget__width-initial elementor-widget elementor-widget-makao_core_icon_with_text\" data-id=\"e8f0824\" data-element_type=\"widget\" data-e-type=\"widget\" data-widget_type=\"makao_core_icon_with_text.default\">\n\t\t\t\t<div class=\"elementor-widget-container\">\n\t\t\t\t\t<div class=\"qodef-shortcode qodef-m  qodef-icon-with-text qodef-layout--top qodef--custom-icon qodef-alignment--center\">\n\t<div class=\"qodef-m-icon-wrapper\">\n\t\t\t\t\t<img decoding=\"async\" width=\"64\" height=\"64\" src=\"https:\/\/larissajewellery.com\/wp-content\/uploads\/2020\/09\/diamond.png\" class=\"attachment-full size-full\" alt=\"\" \/>\t\t<\/div>\n\t<div class=\"qodef-m-content\">\n\t\t\t<h4 class=\"qodef-m-title\" style=\"color: #333333\">\n\t\t\t\t\t<span class=\"qodef-m-title-text\">Feel Your Power<\/span>\n\t\t\t<\/h4>\n\t\t\t<p class=\"qodef-m-text\" style=\"color: #333333\">We hope that everyone, who knows their strength and believes that the pieces will reflect their value, will find a piece of themselves in our collections.<\/p>\n\t<\/div>\n<\/div>\t\t\t\t<\/div>\n\t\t\t\t<\/div>\n\t\t\t\t\t<\/div>\n\t\t<\/div>\n\t\t\t\t<div class=\"elementor-column elementor-col-33 elementor-inner-column elementor-element elementor-element-c64a69a\" data-id=\"c64a69a\" data-element_type=\"column\" data-e-type=\"column\">\n\t\t\t<div class=\"elementor-widget-wrap elementor-element-populated\">\n\t\t\t\t\t\t<div class=\"elementor-element elementor-element-8faac72 elementor-widget__width-initial elementor-widget elementor-widget-makao_core_icon_with_text\" data-id=\"8faac72\" data-element_type=\"widget\" data-e-type=\"widget\" data-widget_type=\"makao_core_icon_with_text.default\">\n\t\t\t\t<div class=\"elementor-widget-container\">\n\t\t\t\t\t<div class=\"qodef-shortcode qodef-m  qodef-icon-with-text qodef-layout--top qodef--custom-icon qodef-alignment--center\">\n\t<div class=\"qodef-m-icon-wrapper\">\n\t\t\t\t\t<img loading=\"lazy\" decoding=\"async\" width=\"64\" height=\"64\" src=\"https:\/\/larissajewellery.com\/wp-content\/uploads\/2020\/09\/necklace.png\" class=\"attachment-full size-full\" alt=\"\" \/>\t\t<\/div>\n\t<div class=\"qodef-m-content\">\n\t\t\t<h4 class=\"qodef-m-title\" style=\"color: #333333\">\n\t\t\t\t\t<span class=\"qodef-m-title-text\">Generations<\/span>\n\t\t\t<\/h4>\n\t\t\t<p class=\"qodef-m-text\" style=\"color: #333333\">Thanks to the quality and craftsmanship of our products, you can preserve them forever and pass them on through generations, with love.<\/p>\n\t<\/div>\n<\/div>\t\t\t\t<\/div>\n\t\t\t\t<\/div>\n\t\t\t\t\t<\/div>\n\t\t<\/div>\n\t\t\t\t\t<\/div>\n\t\t<\/section>\n\t\t\t\t\t<\/div>\n\t\t<\/div>\n\t\t\t\t\t<\/div>\n\t\t<\/section>\n\t\t\t\t<\/div>","protected":false},"excerpt":{"rendered":"<p>hikayemiz Larissa Jewellery, bir aile \u015firketi olup ilk temelini 1987 y\u0131l\u0131nda atm\u0131\u015ft\u0131r. G\u00fcn\u00fcm\u00fczde baba-k\u0131z taraf\u0131ndan y\u00f6netilmekte olan bu \u015firket, nesiller boyunca aktar\u0131lm\u0131\u015f ve ismini ailenin en k\u00fc\u00e7\u00fck bireyinden alm\u0131\u015ft\u0131r. Tak\u0131n\u0131n yaln\u0131zca bir aksesuar olarak kullan\u0131lmas\u0131n\u0131n yan\u0131 s\u0131ra, an\u0131lar\u0131m\u0131z\u0131 bize hat\u0131rlatan, karakterimizin olu\u015fmas\u0131nda rol oynayan ya\u015fanm\u0131\u015fl\u0131klar\u0131 bize yans\u0131tacak bir marka olmay\u0131 kendine hedef edinmi\u015ftir. Larissa Jewellery, [&hellip;]<\/p>\n","protected":false},"author":1,"featured_media":8068,"parent":0,"menu_order":0,"comment_status":"closed","ping_status":"closed","template":"page-full-width.php","meta":{"footnotes":""},"class_list":["post-529","page","type-page","status-publish","has-post-thumbnail","hentry"],"yoast_head":"<!-- This site is optimized with the Yoast SEO plugin v27.2 - https:\/\/yoast.com\/product\/yoast-seo-wordpress\/ -->\n<title>Biz | Larissa Jewellery<\/title>\n<meta name=\"description\" content=\"Larissa Jewellery, bir aile \u015firketi olup ilk temelini 1987 y\u0131l\u0131nda atm\u0131\u015ft\u0131r. G\u00fcn\u00fcm\u00fczde baba-k\u0131z taraf\u0131ndan y\u00f6netilmekte olan bu \u015firket, nesiller boyunca aktar\u0131lm\u0131\u015f ve ismini ailenin en k\u00fc\u00e7\u00fck bireyinden alm\u0131\u015ft\u0131r.\" \/>\n<meta name=\"robots\" content=\"index, follow, max-snippet:-1, max-image-preview:large, max-video-preview:-1\" \/>\n<link rel=\"canonical\" href=\"https:\/\/larissajewellery.com\/en\/hakkimizda\/\" \/>\n<meta property=\"og:locale\" content=\"en_US\" \/>\n<meta property=\"og:type\" content=\"article\" \/>\n<meta property=\"og:title\" content=\"Biz | Larissa Jewellery\" \/>\n<meta property=\"og:description\" content=\"Larissa Jewellery, bir aile \u015firketi olup ilk temelini 1987 y\u0131l\u0131nda atm\u0131\u015ft\u0131r. G\u00fcn\u00fcm\u00fczde baba-k\u0131z taraf\u0131ndan y\u00f6netilmekte olan bu \u015firket, nesiller boyunca aktar\u0131lm\u0131\u015f ve ismini ailenin en k\u00fc\u00e7\u00fck bireyinden alm\u0131\u015ft\u0131r.\" \/>\n<meta property=\"og:url\" content=\"https:\/\/larissajewellery.com\/en\/hakkimizda\/\" \/>\n<meta property=\"og:site_name\" content=\"Larissa Jewellery\" \/>\n<meta property=\"article:modified_time\" content=\"2026-03-27T09:36:23+00:00\" \/>\n<meta property=\"og:image\" content=\"http:\/\/larissajewellery.com\/wp-content\/uploads\/2022\/01\/E057D62C-B13C-4C8E-B0A5-59AD3D2A1D79-scaled.jpeg\" \/>\n\t<meta property=\"og:image:width\" content=\"1707\" \/>\n\t<meta property=\"og:image:height\" content=\"2560\" \/>\n\t<meta property=\"og:image:type\" content=\"image\/jpeg\" \/>\n<meta name=\"twitter:card\" content=\"summary_large_image\" \/>\n<meta name=\"twitter:label1\" content=\"Est. reading time\" \/>\n\t<meta name=\"twitter:data1\" content=\"2 minutes\" \/>\n<script type=\"application\/ld+json\" class=\"yoast-schema-graph\">{\"@context\":\"https:\/\/schema.org\",\"@graph\":[{\"@type\":\"WebPage\",\"@id\":\"https:\/\/larissajewellery.com\/hakkimizda\/\",\"url\":\"https:\/\/larissajewellery.com\/hakkimizda\/\",\"name\":\"Biz | Larissa Jewellery\",\"isPartOf\":{\"@id\":\"https:\/\/larissajewellery.com\/#website\"},\"primaryImageOfPage\":{\"@id\":\"https:\/\/larissajewellery.com\/hakkimizda\/#primaryimage\"},\"image\":{\"@id\":\"https:\/\/larissajewellery.com\/hakkimizda\/#primaryimage\"},\"thumbnailUrl\":\"https:\/\/larissajewellery.com\/wp-content\/uploads\/2022\/01\/E057D62C-B13C-4C8E-B0A5-59AD3D2A1D79-scaled.jpeg\",\"datePublished\":\"2020-04-22T11:16:10+00:00\",\"dateModified\":\"2026-03-27T09:36:23+00:00\",\"description\":\"Larissa Jewellery, bir aile \u015firketi olup ilk temelini 1987 y\u0131l\u0131nda atm\u0131\u015ft\u0131r. G\u00fcn\u00fcm\u00fczde baba-k\u0131z taraf\u0131ndan y\u00f6netilmekte olan bu \u015firket, nesiller boyunca aktar\u0131lm\u0131\u015f ve ismini ailenin en k\u00fc\u00e7\u00fck bireyinden alm\u0131\u015ft\u0131r.\",\"breadcrumb\":{\"@id\":\"https:\/\/larissajewellery.com\/hakkimizda\/#breadcrumb\"},\"inLanguage\":\"en-US\",\"potentialAction\":[{\"@type\":\"ReadAction\",\"target\":[\"https:\/\/larissajewellery.com\/hakkimizda\/\"]}]},{\"@type\":\"ImageObject\",\"inLanguage\":\"en-US\",\"@id\":\"https:\/\/larissajewellery.com\/hakkimizda\/#primaryimage\",\"url\":\"https:\/\/larissajewellery.com\/wp-content\/uploads\/2022\/01\/E057D62C-B13C-4C8E-B0A5-59AD3D2A1D79-scaled.jpeg\",\"contentUrl\":\"https:\/\/larissajewellery.com\/wp-content\/uploads\/2022\/01\/E057D62C-B13C-4C8E-B0A5-59AD3D2A1D79-scaled.jpeg\",\"width\":1707,\"height\":2560},{\"@type\":\"BreadcrumbList\",\"@id\":\"https:\/\/larissajewellery.com\/hakkimizda\/#breadcrumb\",\"itemListElement\":[{\"@type\":\"ListItem\",\"position\":1,\"name\":\"Home\",\"item\":\"https:\/\/larissajewellery.com\/\"},{\"@type\":\"ListItem\",\"position\":2,\"name\":\"Biz\"}]},{\"@type\":\"WebSite\",\"@id\":\"https:\/\/larissajewellery.com\/#website\",\"url\":\"https:\/\/larissajewellery.com\/\",\"name\":\"Larissa Jewellery\",\"description\":\"Save Your Memories\",\"potentialAction\":[{\"@type\":\"SearchAction\",\"target\":{\"@type\":\"EntryPoint\",\"urlTemplate\":\"https:\/\/larissajewellery.com\/?s={search_term_string}\"},\"query-input\":{\"@type\":\"PropertyValueSpecification\",\"valueRequired\":true,\"valueName\":\"search_term_string\"}}],\"inLanguage\":\"en-US\"}]}<\/script>\n<!-- \/ Yoast SEO plugin. -->","yoast_head_json":{"title":"Biz | Larissa Jewellery","description":"Larissa Jewellery, bir aile \u015firketi olup ilk temelini 1987 y\u0131l\u0131nda atm\u0131\u015ft\u0131r. G\u00fcn\u00fcm\u00fczde baba-k\u0131z taraf\u0131ndan y\u00f6netilmekte olan bu \u015firket, nesiller boyunca aktar\u0131lm\u0131\u015f ve ismini ailenin en k\u00fc\u00e7\u00fck bireyinden alm\u0131\u015ft\u0131r.","robots":{"index":"index","follow":"follow","max-snippet":"max-snippet:-1","max-image-preview":"max-image-preview:large","max-video-preview":"max-video-preview:-1"},"canonical":"https:\/\/larissajewellery.com\/en\/hakkimizda\/","og_locale":"en_US","og_type":"article","og_title":"Biz | Larissa Jewellery","og_description":"Larissa Jewellery, bir aile \u015firketi olup ilk temelini 1987 y\u0131l\u0131nda atm\u0131\u015ft\u0131r. G\u00fcn\u00fcm\u00fczde baba-k\u0131z taraf\u0131ndan y\u00f6netilmekte olan bu \u015firket, nesiller boyunca aktar\u0131lm\u0131\u015f ve ismini ailenin en k\u00fc\u00e7\u00fck bireyinden alm\u0131\u015ft\u0131r.","og_url":"https:\/\/larissajewellery.com\/en\/hakkimizda\/","og_site_name":"Larissa Jewellery","article_modified_time":"2026-03-27T09:36:23+00:00","og_image":[{"width":1707,"height":2560,"url":"http:\/\/larissajewellery.com\/wp-content\/uploads\/2022\/01\/E057D62C-B13C-4C8E-B0A5-59AD3D2A1D79-scaled.jpeg","type":"image\/jpeg"}],"twitter_card":"summary_large_image","twitter_misc":{"Est. reading time":"2 minutes"},"schema":{"@context":"https:\/\/schema.org","@graph":[{"@type":"WebPage","@id":"https:\/\/larissajewellery.com\/hakkimizda\/","url":"https:\/\/larissajewellery.com\/hakkimizda\/","name":"Biz | Larissa Jewellery","isPartOf":{"@id":"https:\/\/larissajewellery.com\/#website"},"primaryImageOfPage":{"@id":"https:\/\/larissajewellery.com\/hakkimizda\/#primaryimage"},"image":{"@id":"https:\/\/larissajewellery.com\/hakkimizda\/#primaryimage"},"thumbnailUrl":"https:\/\/larissajewellery.com\/wp-content\/uploads\/2022\/01\/E057D62C-B13C-4C8E-B0A5-59AD3D2A1D79-scaled.jpeg","datePublished":"2020-04-22T11:16:10+00:00","dateModified":"2026-03-27T09:36:23+00:00","description":"Larissa Jewellery, bir aile \u015firketi olup ilk temelini 1987 y\u0131l\u0131nda atm\u0131\u015ft\u0131r. G\u00fcn\u00fcm\u00fczde baba-k\u0131z taraf\u0131ndan y\u00f6netilmekte olan bu \u015firket, nesiller boyunca aktar\u0131lm\u0131\u015f ve ismini ailenin en k\u00fc\u00e7\u00fck bireyinden alm\u0131\u015ft\u0131r.","breadcrumb":{"@id":"https:\/\/larissajewellery.com\/hakkimizda\/#breadcrumb"},"inLanguage":"en-US","potentialAction":[{"@type":"ReadAction","target":["https:\/\/larissajewellery.com\/hakkimizda\/"]}]},{"@type":"ImageObject","inLanguage":"en-US","@id":"https:\/\/larissajewellery.com\/hakkimizda\/#primaryimage","url":"https:\/\/larissajewellery.com\/wp-content\/uploads\/2022\/01\/E057D62C-B13C-4C8E-B0A5-59AD3D2A1D79-scaled.jpeg","contentUrl":"https:\/\/larissajewellery.com\/wp-content\/uploads\/2022\/01\/E057D62C-B13C-4C8E-B0A5-59AD3D2A1D79-scaled.jpeg","width":1707,"height":2560},{"@type":"BreadcrumbList","@id":"https:\/\/larissajewellery.com\/hakkimizda\/#breadcrumb","itemListElement":[{"@type":"ListItem","position":1,"name":"Home","item":"https:\/\/larissajewellery.com\/"},{"@type":"ListItem","position":2,"name":"Biz"}]},{"@type":"WebSite","@id":"https:\/\/larissajewellery.com\/#website","url":"https:\/\/larissajewellery.com\/","name":"Larissa Jewelery","description":"Save Your Memories","potentialAction":[{"@type":"SearchAction","target":{"@type":"EntryPoint","urlTemplate":"https:\/\/larissajewellery.com\/?s={search_term_string}"},"query-input":{"@type":"PropertyValueSpecification","valueRequired":true,"valueName":"search_term_string"}}],"inLanguage":"en-US"}]}},"_links":{"self":[{"href":"https:\/\/larissajewellery.com\/en\/wp-json\/wp\/v2\/pages\/529","targetHints":{"allow":["GET"]}}],"collection":[{"href":"https:\/\/larissajewellery.com\/en\/wp-json\/wp\/v2\/pages"}],"about":[{"href":"https:\/\/larissajewellery.com\/en\/wp-json\/wp\/v2\/types\/page"}],"author":[{"embeddable":true,"href":"https:\/\/larissajewellery.com\/en\/wp-json\/wp\/v2\/users\/1"}],"replies":[{"embeddable":true,"href":"https:\/\/larissajewellery.com\/en\/wp-json\/wp\/v2\/comments?post=529"}],"version-history":[{"count":29,"href":"https:\/\/larissajewellery.com\/en\/wp-json\/wp\/v2\/pages\/529\/revisions"}],"predecessor-version":[{"id":9208,"href":"https:\/\/larissajewellery.com\/en\/wp-json\/wp\/v2\/pages\/529\/revisions\/9208"}],"wp:featuredmedia":[{"embeddable":true,"href":"https:\/\/larissajewellery.com\/en\/wp-json\/wp\/v2\/media\/8068"}],"wp:attachment":[{"href":"https:\/\/larissajewellery.com\/en\/wp-json\/wp\/v2\/media?parent=529"}],"curies":[{"name":"wp","href":"https:\/\/api.w.org\/{rel}","templated":true}]}}